{"id":1452,"date":"2026-04-17T10:53:18","date_gmt":"2026-04-17T08:53:18","guid":{"rendered":"https:\/\/www.upo.es\/investiga\/proyectofactibles\/?page_id=1452"},"modified":"2026-04-19T19:24:52","modified_gmt":"2026-04-19T17:24:52","slug":"fichas-de-caracterizacion-de-caso","status":"publish","type":"page","link":"https:\/\/www.upo.es\/investiga\/proyectofactibles\/fichas-de-caracterizacion-de-caso\/","title":{"rendered":"FICHAS DE CARACTERIZACI\u00d3N DE CASO"},"content":{"rendered":"\n<style>\n.hpt5 { max-width: 1100px; margin: 0 auto; }\n.hpt5 h2 { font-size: 22px; font-weight: 300; letter-spacing: 5px; text-transform: uppercase; color: #3a3a3a; margin-bottom: 12px; font-family: -apple-system, BlinkMacSystemFont, 'Segoe UI', sans-serif; text-align: center; }\n.hpt5 .hex-line { width: 60px; height: 3px; background: #F2B530; margin: 0 auto 24px; border-radius: 2px; }\n.hpt5 p { font-size: 15px; font-weight: 400; color: #555; line-height: 1.7; margin: 0 0 16px; font-family: -apple-system, BlinkMacSystemFont, 'Segoe UI', sans-serif; text-align: left; }\n.hpt5 ul { font-size: 15px; color: #555; line-height: 1.7; margin: 0 0 16px; font-family: -apple-system, BlinkMacSystemFont, 'Segoe UI', sans-serif; text-align: left; padding-left: 1.5rem; }\n.hpt5 ul li { margin-bottom: 4px; }\n.hpt5 a { color: #378ADD; text-decoration: none; }\n.hpt5 a:hover { text-decoration: underline; }\n@media (max-width: 600px) { .hpt5 h2 { font-size: 14px; letter-spacing: 3px; } .hpt5 p, .hpt5 ul { font-size: 13px; } .hpt5 { padding: 2rem 1rem 0; } }\n<\/style>\n<div class=\"hpt5\">\n    <h2>Fichas de caracterizaci\u00f3n de caso<\/h2>\n    <div class=\"hex-line\"><\/div>\n    <p>Compone este <em>dataset<\/em> un elenco de fichas en formato .pdf correspondientes a los distintos casos de estudio, seleccionados y desarrollados por su singularidad o significaci\u00f3n. Se presentan de forma individual: Ficha_Cinema Usera, Ficha_MAUS, etc.<\/p>\n    <p>Presenta las principales claves de la trazabilidad de cada intervenci\u00f3n, siguiendo la matriz FACTIBLES de categor\u00edas (<a href=\"https:\/\/www.upo.es\/investiga\/proyectofactibles\/matriz-metodologica\/\">MATRIZ<\/a>) y registros elaborada para tal fin, y con la siguiente estructura:<\/p>\n    <ul>\n        <li>Datos b\u00e1sicos, mapas de localizaci\u00f3n y emplazamiento, y muestra de im\u00e1genes.<\/li>\n        <li>Antecedentes.<\/li>\n        <li>Entrada \u00abpr\u00e1cticas art\u00edsticas\u00bb (formato y funciones del artista)<\/li>\n        <li>Entrada \u00abespacio p\u00fablico\u00bb (habitabilidad, din\u00e1mica de uso e Identidad)<\/li>\n        <li>Entrada \u00abcomunidad\u00bb (estructura demogr\u00e1fica, perfils sociocultural, renta y red social)<\/li>\n        <li>Entrada \u00abestrategias y procesos\u00bb (actores e iniciativas, y procesos de participaci\u00f3n)<\/li>\n        <li>Entrada \u00abconcreciones\u00bb (materialidad y espacializaci\u00f3n)<\/li>\n        <li>Entrada \u00abenclave\u00bb (contexto urbano y din\u00e1mica preponderante)<\/li>\n        <li>S\u00edntesis de objetivos y logros a priori.<\/li>\n    <\/ul>\n    <p>En cada entrada, adem\u00e1s de la s\u00edntesis seg\u00fan los registros establecidos para cada caso, se aporta una breve descripci\u00f3n explicativa.<\/p>\n    <p>La finalidad del dataset es la presentaci\u00f3n multidimensional, ordenada y comprensiva de cada intervenci\u00f3n, ofreciendo informaci\u00f3n de base que pueda complementar y desarrollar el tratamiento espec\u00edfico en diferentes l\u00edneas de estudio.<\/p>\n<\/div>\n<\/div>\n\n\n\n<div style=\"width: 100%; display: flex; justify-content: center; padding: 1rem 0;\">\n    <object data=\"https:\/\/www.upo.es\/investiga\/proyectofactibles\/wp-content\/uploads\/2026\/04\/00_DATASET_Fichas-de-caracterizacion-de-casos_Fc.pdf\" type=\"application\/pdf\" style=\"width: 95%; max-width: 1100px; height: 800px; border: none; display: block;\" aria-label=\"Fichas de caracterizaci\u00f3n de caso\">\n        <p style=\"text-align: center; font-family: -apple-system, BlinkMacSystemFont, 'Segoe UI', sans-serif; font-size: 14px; color: #888; padding: 2rem;\">\n            Tu navegador no puede mostrar el PDF. \n            <a href=\"https:\/\/www.upo.es\/investiga\/proyectofactibles\/wp-content\/uploads\/2026\/04\/00_DATASET_Fichas-de-caracterizacion-de-casos_Fc.pdf\" target=\"_blank\" style=\"color: #378ADD;\">Haz clic aqu\u00ed para verlo<\/a>.\n        <\/p>\n    <\/object>\n<\/div>\n\n\n\n<style>\n.hpt5b { font-family: -apple-system, BlinkMacSystemFont, 'Segoe UI', sans-serif; }\n.hpt5b .hex-footer { display: flex; justify-content: center; align-items: center; gap: 2rem; flex-wrap: wrap; }\n.hpt5b .hex-download { display: inline-flex; align-items: center; gap: 8px; padding: 10px 24px; background: #F2B530; color: #fff; text-decoration: none; border-radius: 6px; font-size: 13px; font-weight: 600; letter-spacing: 1px; text-transform: uppercase; transition: background 0.3s ease, transform 0.3s ease; }\n.hpt5b .hex-download:hover { background: #E8A020; transform: scale(1.05); }\n.hpt5b .hex-download svg { width: 16px; height: 16px; }\n.hpt5b .hex-doi a { font-size: 13px; color: #378ADD; text-decoration: none; letter-spacing: 0.5px; }\n.hpt5b .hex-doi a:hover { text-decoration: underline; }\n@media (max-width: 600px) { .hpt5b .hex-footer { flex-direction: column; gap: 1rem; } .hpt5b .hex-download { font-size: 11px; padding: 8px 20px; } }\n<\/style>\n<div class=\"hpt5b\" style=\"text-align: center; margin-top: 1.5rem; margin-bottom: 2.5rem;\">\n    <div class=\"hex-footer\">\n        <a href=\"https:\/\/www.upo.es\/investiga\/proyectofactibles\/wp-content\/uploads\/2026\/04\/00_DATASET_Fichas-de-caracterizacion-de-casos_Fc.pdf\" target=\"_blank\" class=\"hex-download\" download>\n            <svg viewBox=\"0 0 24 24\" fill=\"none\" stroke=\"currentColor\" stroke-width=\"2\" stroke-linecap=\"round\" stroke-linejoin=\"round\"><path d=\"M21 15v4a2 2 0 01-2 2H5a2 2 0 01-2-2v-4\"\/><polyline points=\"7 10 12 15 17 10\"\/><line x1=\"12\" y1=\"15\" x2=\"12\" y2=\"3\"\/><\/svg>\n            Descargar\n        <\/a>\n        <div class=\"hex-doi\">\n            <a href=\"https:\/\/doi.org\/10.5281\/zenodo.19455594\" target=\"_blank\">https:\/\/doi.org\/10.5281\/zenodo.19455594<\/a>\n        <\/div>\n    <\/div>\n<\/div>\n","protected":false},"excerpt":{"rendered":"<p>Fichas de caracterizaci\u00f3n de caso Compone este dataset un elenco de fichas en formato .pdf correspondientes a los distintos casos de estudio, seleccionados y desarrollados por su singularidad o significaci\u00f3n. Se presentan de forma individual: Ficha_Cinema Usera, Ficha_MAUS, etc. Presenta las principales claves de la trazabilidad de cada intervenci\u00f3n, siguiendo la matriz FACTIBLES de categor\u00edas [&hellip;]<\/p>\n","protected":false},"author":1,"featured_media":0,"parent":0,"menu_order":0,"comment_status":"closed","ping_status":"closed","template":"","meta":{"footnotes":""},"class_list":["post-1452","page","type-page","status-publish","hentry"],"blocksy_meta":[],"_links":{"self":[{"href":"https:\/\/www.upo.es\/investiga\/proyectofactibles\/wp-json\/wp\/v2\/pages\/1452","targetHints":{"allow":["GET"]}}],"collection":[{"href":"https:\/\/www.upo.es\/investiga\/proyectofactibles\/wp-json\/wp\/v2\/pages"}],"about":[{"href":"https:\/\/www.upo.es\/investiga\/proyectofactibles\/wp-json\/wp\/v2\/types\/page"}],"author":[{"embeddable":true,"href":"https:\/\/www.upo.es\/investiga\/proyectofactibles\/wp-json\/wp\/v2\/users\/1"}],"replies":[{"embeddable":true,"href":"https:\/\/www.upo.es\/investiga\/proyectofactibles\/wp-json\/wp\/v2\/comments?post=1452"}],"version-history":[{"count":6,"href":"https:\/\/www.upo.es\/investiga\/proyectofactibles\/wp-json\/wp\/v2\/pages\/1452\/revisions"}],"predecessor-version":[{"id":1576,"href":"https:\/\/www.upo.es\/investiga\/proyectofactibles\/wp-json\/wp\/v2\/pages\/1452\/revisions\/1576"}],"wp:attachment":[{"href":"https:\/\/www.upo.es\/investiga\/proyectofactibles\/wp-json\/wp\/v2\/media?parent=1452"}],"curies":[{"name":"wp","href":"https:\/\/api.w.org\/{rel}","templated":true}]}}