{"id":39,"date":"2024-01-16T16:50:12","date_gmt":"2024-01-16T15:50:12","guid":{"rendered":"https:\/\/www.upo.es\/investiga\/proyectofactibles\/?page_id=39"},"modified":"2026-04-20T00:01:33","modified_gmt":"2026-04-19T22:01:33","slug":"inicio","status":"publish","type":"page","link":"https:\/\/www.upo.es\/investiga\/proyectofactibles\/inicio\/","title":{"rendered":"PRESENTACI\u00d3N"},"content":{"rendered":"<div id=\"metaslider-id-276\" style=\"width: 100%; margin: 0 auto;\" class=\"ml-slider-3-60-1 metaslider metaslider-flex metaslider-276 ml-slider ms-theme-radix nav-hidden has-carousel-mode\" role=\"region\" aria-roledescription=\"Slideshow\" aria-label=\"Nueva presentaci\u00f3n de diapositivas\">\n    <div id=\"metaslider_container_276\">\n        <div id=\"metaslider_276\">\n            <ul aria-live=\"polite\" class=\"slides\">\n                <li style=\"display: none; width: 100%;\" class=\"slide-431 ms-image\" aria-roledescription=\"slide\" aria-label=\"slide-431\"><img loading=\"lazy\" decoding=\"async\" src=\"https:\/\/www.upo.es\/investiga\/proyectofactibles\/wp-content\/uploads\/2024\/05\/PORTADA_4-1920x900.jpg\" height=\"900\" width=\"1920\" alt=\"\" class=\"slider-276 slide-431\" title=\"PORTADA_4\" \/><\/li>\n                <li style=\"display: none; width: 100%;\" class=\"slide-433 ms-image\" aria-roledescription=\"slide\" aria-label=\"slide-433\"><img loading=\"lazy\" decoding=\"async\" src=\"https:\/\/www.upo.es\/investiga\/proyectofactibles\/wp-content\/uploads\/2024\/05\/PORTADA_2-1920x900.jpg\" height=\"900\" width=\"1920\" alt=\"\" class=\"slider-276 slide-433\" title=\"PORTADA_2\" \/><\/li>\n                <li style=\"display: none; width: 100%;\" class=\"slide-432 ms-image\" aria-roledescription=\"slide\" aria-label=\"slide-432\"><img loading=\"lazy\" decoding=\"async\" src=\"https:\/\/www.upo.es\/investiga\/proyectofactibles\/wp-content\/uploads\/2026\/04\/IMG_2092_recorte_2480x1290-1920x900.jpg\" height=\"900\" width=\"1920\" alt=\"\" class=\"slider-276 slide-432\" title=\"IMG_2092_recorte_2480x1290\" \/><\/li>\n                <li style=\"display: none; width: 100%;\" class=\"slide-427 ms-image\" aria-roledescription=\"slide\" aria-label=\"slide-427\"><img loading=\"lazy\" decoding=\"async\" src=\"https:\/\/www.upo.es\/investiga\/proyectofactibles\/wp-content\/uploads\/2024\/04\/portada_1-1-1920x900.jpg\" height=\"900\" width=\"1920\" alt=\"\" class=\"slider-276 slide-427\" title=\"portada_1\" \/><\/li>\n            <\/ul>\n        <\/div>\n        \n    <\/div>\n<\/div>\n\n\n\n<style>\n.hpt18 { max-width: 1100px; margin: 0 auto; font-family: -apple-system, BlinkMacSystemFont, 'Segoe UI', sans-serif; }\n.hpt18 h2 { font-size: 22px; font-weight: 300; letter-spacing: 5px; text-transform: uppercase; color: #3a3a3a; margin-bottom: 12px; text-align: center; }\n.hpt18 .hex-line { width: 60px; height: 3px; background: #F2B530; margin: 0 auto 2.5rem; border-radius: 2px; }\n.hpt18 h3 { font-size: 18px; font-weight: 500; color: #3a3a3a; margin-bottom: 16px; text-align: left; }\n.hpt18 .hex-cols { display: flex; gap: 40px; margin-bottom: 2.5rem; }\n.hpt18 .hex-cols p { font-size: 15px; font-weight: 400; color: #555; line-height: 1.7; margin: 0 0 16px; text-align: left; flex: 1; }\n.hpt18 .hex-obj-title { font-size: 18px; font-weight: 500; color: #3a3a3a; margin-bottom: 16px; text-align: left; }\n.hpt18 .hex-obj { background: #f5f5f5; border-radius: 6px; padding: 20px 24px; margin-bottom: 12px; }\n.hpt18 .hex-obj p { font-size: 15px; font-weight: 400; color: #555; line-height: 1.7; margin: 0; text-align: left; }\n.hpt18 .hex-obj strong { color: #3a3a3a; }\n@media (max-width: 600px) { .hpt18 h2 { font-size: 14px; letter-spacing: 3px; } .hpt18 h3, .hpt18 .hex-obj-title { font-size: 15px; } .hpt18 .hex-cols { flex-direction: column; gap: 0; } .hpt18 .hex-cols p, .hpt18 .hex-obj p { font-size: 13px; } .hpt18 { padding: 2rem 1rem 0; } .hpt18 .hex-obj { padding: 16px; } }\n<\/style>\n<div class=\"hpt18\">\n    <h2>Presentaci\u00f3n<\/h2>\n    <div class=\"hex-line\"><\/div>\n    <div class=\"hex-cols\">\n        <div>\n            <p>Pr\u00e1cticas art\u00edsticas participativas para la apropiaci\u00f3n del espacio p\u00fablico y el desarrollo de la calidad de vida urbana (FACTIBLES) es un proyecto de investigaci\u00f3n sobre la utilidad de las pr\u00e1cticas art\u00edsticas participativas como herramienta de intervenci\u00f3n y transformaci\u00f3n de la ciudad, en y desde sus espacios p\u00fablicos, planteado en el horizonte de la consecuci\u00f3n de la mejora de la calidad de vida urbana.<\/p>\n            <p>La complejidad de la ciudad y la diversidad de espacios p\u00fablicos y grupos humanos que la habitan hacen necesario que el an\u00e1lisis de estas pr\u00e1cticas se aborde desde la interdisciplinariedad por lo que este proyecto cuenta con especialistas de la Geograf\u00eda, el Arte, la Arquitectura y la Intervenci\u00f3n Social con el fin de generar productos que se sumen a la cadena de aprendizajes para la intervenci\u00f3n social en los h\u00e1bitats urbanos, as\u00ed como testarlos a trav\u00e9s de experiencias concretas.<\/p>\n            <p>A partir del muestreo y an\u00e1lisis de situaciones reales y sus especificidades, generaremos una matriz que permita categorizar las pr\u00e1cticas art\u00edsticas participativas en el espacio p\u00fablico en base a su g\u00e9nesis, motivaciones, objetivos, procesos o \u00e1mbitos de desarrollo, as\u00ed como, a las condiciones y casu\u00edsticas de los espacios p\u00fablicos donde intervienen y al mapa de actores en ellos implicados.<\/p>\n        <\/div>\n        <div>\n            <p>Aplicaremos una metodolog\u00eda interdisciplinar con el fin de reconocer y monitorizar experiencias concretas seleccionadas por su representatividad. De esta forma podremos generar una s\u00edntesis-manual que ofrezca indicadores claros para el reconocimiento de contextos y situaciones y los formatos y estrategias de pr\u00e1cticas art\u00edsticas m\u00e1s recomendables para la recuperaci\u00f3n, mejora y apropiaci\u00f3n inclusiva del espacio p\u00fablico.<\/p>\n            <p>Para testar los resultados obtenidos nos disponemos a aplicarlos en el desarrollo de un proceso art\u00edstico colaborativo e interdisciplinar en el espacio p\u00fablico, pionero en nuestro contexto pero con antecedentes internacionales de marcado inter\u00e9s. FACTIBLES desarrollar\u00e1 con la colaboraci\u00f3n de los investigadores de este proyecto, profesionales del \u00e1mbito universitario de las artes, las humanidades y las ciencias, con la comunidad en un proceso creativo y participativo para la mejora de la calidad de vida urbana a trav\u00e9s de la dinamizaci\u00f3n y apropiaci\u00f3n del espacio p\u00fablico.<\/p>\n        <\/div>\n    <\/div>\n    <h3 class=\"hex-obj-title\">Objetivos<\/h3>\n    <div class=\"hex-obj\">\n        <p><strong>1.<\/strong> Categorizar las pr\u00e1cticas art\u00edsticas participativas en el espacio p\u00fablico en base a su g\u00e9nesis, motivaciones, objetivos, procesos, \u00edndice de participaci\u00f3n por g\u00e9neros o \u00e1mbitos de desarrollo as\u00ed como, a las condiciones y casu\u00edsticas de los espacios p\u00fablicos donde intervienen y el mapa de actores en ellos implicados.<\/p>\n    <\/div>\n    <div class=\"hex-obj\">\n        <p><strong>2.<\/strong> Aplicar una metodolog\u00eda multidisciplinar para el reconocimiento de experiencias concretas seleccionadas por su representatividad, con objeto de monitorizar sus puntos de partida, las estrategias dise\u00f1adas y los resultados obtenidos.<\/p>\n    <\/div>\n    <div class=\"hex-obj\">\n        <p><strong>3.<\/strong> Generar propuestas sint\u00e9ticas de buenas pr\u00e1cticas para la replicabilidad de procesos art\u00edsticos participados que concluyan en la recuperaci\u00f3n, mejora y apropiaci\u00f3n inclusiva del espacio p\u00fablico en circunstancias diversas.<\/p>\n    <\/div>\n<\/div>\n\n\n\n<div class=\"wp-block-columns is-layout-flex wp-container-core-columns-is-layout-28f84493 wp-block-columns-is-layout-flex\">\n<div class=\"wp-block-column is-layout-flow wp-block-column-is-layout-flow\">\n<hr class=\"wp-block-separator has-alpha-channel-opacity\"\/>\n<\/div>\n<\/div>\n\n\n\n<p><\/p>\n","protected":false},"excerpt":{"rendered":"<p>Presentaci\u00f3n Pr\u00e1cticas art\u00edsticas participativas para la apropiaci\u00f3n del espacio p\u00fablico y el desarrollo de la calidad de vida urbana (FACTIBLES) es un proyecto de investigaci\u00f3n sobre la utilidad de las pr\u00e1cticas art\u00edsticas participativas como herramienta de intervenci\u00f3n y transformaci\u00f3n de la ciudad, en y desde sus espacios p\u00fablicos, planteado en el horizonte de la consecuci\u00f3n [&hellip;]<\/p>\n","protected":false},"author":1,"featured_media":0,"parent":0,"menu_order":0,"comment_status":"closed","ping_status":"closed","template":"","meta":{"footnotes":""},"class_list":["post-39","page","type-page","status-publish","hentry"],"blocksy_meta":[],"_links":{"self":[{"href":"https:\/\/www.upo.es\/investiga\/proyectofactibles\/wp-json\/wp\/v2\/pages\/39","targetHints":{"allow":["GET"]}}],"collection":[{"href":"https:\/\/www.upo.es\/investiga\/proyectofactibles\/wp-json\/wp\/v2\/pages"}],"about":[{"href":"https:\/\/www.upo.es\/investiga\/proyectofactibles\/wp-json\/wp\/v2\/types\/page"}],"author":[{"embeddable":true,"href":"https:\/\/www.upo.es\/investiga\/proyectofactibles\/wp-json\/wp\/v2\/users\/1"}],"replies":[{"embeddable":true,"href":"https:\/\/www.upo.es\/investiga\/proyectofactibles\/wp-json\/wp\/v2\/comments?post=39"}],"version-history":[{"count":32,"href":"https:\/\/www.upo.es\/investiga\/proyectofactibles\/wp-json\/wp\/v2\/pages\/39\/revisions"}],"predecessor-version":[{"id":1620,"href":"https:\/\/www.upo.es\/investiga\/proyectofactibles\/wp-json\/wp\/v2\/pages\/39\/revisions\/1620"}],"wp:attachment":[{"href":"https:\/\/www.upo.es\/investiga\/proyectofactibles\/wp-json\/wp\/v2\/media?parent=39"}],"curies":[{"name":"wp","href":"https:\/\/api.w.org\/{rel}","templated":true}]}}