{"id":739,"date":"2024-06-11T12:27:36","date_gmt":"2024-06-11T10:27:36","guid":{"rendered":"https:\/\/www.upo.es\/investiga\/proyectofactibles\/?page_id=739"},"modified":"2026-04-19T18:59:07","modified_gmt":"2026-04-19T16:59:07","slug":"datos-del-proyecto","status":"publish","type":"page","link":"https:\/\/www.upo.es\/investiga\/proyectofactibles\/datos-del-proyecto\/","title":{"rendered":"DATOS DEL PROYECTO"},"content":{"rendered":"\n<style>\n.hpt2 h2 { font-size: 22px; font-weight: 300; letter-spacing: 5px; text-transform: uppercase; color: #3a3a3a; margin-bottom: 12px; font-family: -apple-system, BlinkMacSystemFont, 'Segoe UI', sans-serif; }\n@media (max-width: 600px) { .hpt2 h2 { font-size: 14px; letter-spacing: 3px; } .hpt2 { padding-top: 2rem; } }\n<\/style>\n<div class=\"hpt2\" style=\"text-align: center; margin-bottom: 2.5rem;\">\n    <h2>Datos del proyecto<\/h2>\n    <div style=\"width: 60px; height: 3px; background: #F2B530; margin: 0 auto; border-radius: 2px;\"><\/div>\n<\/div>\n\n\n\n<p><strong>T\u00edtulo:&nbsp;<\/strong>Pr\u00e1cticas art\u00edsticas participativas para la apropiaci\u00f3n del espacio p\u00fablico y el desarrollo de la calidad de vida urbana. FACTIBLES.<\/p>\n\n\n\n<p><strong>Referencia:<\/strong>&nbsp;PID2020-118221RB-I00<\/p>\n\n\n\n<p><strong>Convocatoria:<\/strong>&nbsp;Proyectos de I+D+i. Modalidad \u201cretos investigaci\u00f3n\u201d 2020<\/p>\n\n\n\n<p><strong>Organismo financiador:&nbsp;<\/strong>Ministerio de Ciencia e Innovaci\u00f3n<\/p>\n\n\n\n<p><strong>Centro de ejecuci\u00f3n:&nbsp;<\/strong>&nbsp;Universidad Pablo de Olavide&nbsp;<\/p>\n\n\n\n<p><strong>Periodo&nbsp;de ejecuci\u00f3n:<\/strong>&nbsp;01 de septiembre de 2021- 31 de agosto de 2025<\/p>\n\n\n\n<div style=\"height:68px\" aria-hidden=\"true\" class=\"wp-block-spacer\"><\/div>\n\n\n\n<figure class=\"wp-block-image size-full is-resized\"><img loading=\"lazy\" decoding=\"async\" width=\"1525\" height=\"175\" src=\"https:\/\/www.upo.es\/investiga\/proyectofactibles\/wp-content\/uploads\/2024\/06\/logoss.jpg\" alt=\"\" class=\"wp-image-760\" style=\"width:715px;height:auto\" srcset=\"https:\/\/www.upo.es\/investiga\/proyectofactibles\/wp-content\/uploads\/2024\/06\/logoss.jpg 1525w, https:\/\/www.upo.es\/investiga\/proyectofactibles\/wp-content\/uploads\/2024\/06\/logoss-300x34.jpg 300w, https:\/\/www.upo.es\/investiga\/proyectofactibles\/wp-content\/uploads\/2024\/06\/logoss-1024x118.jpg 1024w, https:\/\/www.upo.es\/investiga\/proyectofactibles\/wp-content\/uploads\/2024\/06\/logoss-768x88.jpg 768w\" sizes=\"auto, (max-width: 1525px) 100vw, 1525px\" \/><\/figure>\n\n\n\n<div class=\"wp-block-columns is-layout-flex wp-container-core-columns-is-layout-28f84493 wp-block-columns-is-layout-flex\">\n<div class=\"wp-block-column is-layout-flow wp-block-column-is-layout-flow\"><\/div>\n<\/div>\n\n\n\n<div class=\"wp-block-columns is-layout-flex wp-container-core-columns-is-layout-28f84493 wp-block-columns-is-layout-flex\">\n<div class=\"wp-block-column is-layout-flow wp-block-column-is-layout-flow\"><\/div>\n<\/div>\n","protected":false},"excerpt":{"rendered":"<p>Datos del proyecto T\u00edtulo:&nbsp;Pr\u00e1cticas art\u00edsticas participativas para la apropiaci\u00f3n del espacio p\u00fablico y el desarrollo de la calidad de vida urbana. FACTIBLES. Referencia:&nbsp;PID2020-118221RB-I00 Convocatoria:&nbsp;Proyectos de I+D+i. Modalidad \u201cretos investigaci\u00f3n\u201d 2020 Organismo financiador:&nbsp;Ministerio de Ciencia e Innovaci\u00f3n Centro de ejecuci\u00f3n:&nbsp;&nbsp;Universidad Pablo de Olavide&nbsp; Periodo&nbsp;de ejecuci\u00f3n:&nbsp;01 de septiembre de 2021- 31 de agosto de 2025<\/p>\n","protected":false},"author":1,"featured_media":0,"parent":0,"menu_order":0,"comment_status":"closed","ping_status":"closed","template":"","meta":{"footnotes":""},"class_list":["post-739","page","type-page","status-publish","hentry"],"blocksy_meta":[],"_links":{"self":[{"href":"https:\/\/www.upo.es\/investiga\/proyectofactibles\/wp-json\/wp\/v2\/pages\/739","targetHints":{"allow":["GET"]}}],"collection":[{"href":"https:\/\/www.upo.es\/investiga\/proyectofactibles\/wp-json\/wp\/v2\/pages"}],"about":[{"href":"https:\/\/www.upo.es\/investiga\/proyectofactibles\/wp-json\/wp\/v2\/types\/page"}],"author":[{"embeddable":true,"href":"https:\/\/www.upo.es\/investiga\/proyectofactibles\/wp-json\/wp\/v2\/users\/1"}],"replies":[{"embeddable":true,"href":"https:\/\/www.upo.es\/investiga\/proyectofactibles\/wp-json\/wp\/v2\/comments?post=739"}],"version-history":[{"count":11,"href":"https:\/\/www.upo.es\/investiga\/proyectofactibles\/wp-json\/wp\/v2\/pages\/739\/revisions"}],"predecessor-version":[{"id":1561,"href":"https:\/\/www.upo.es\/investiga\/proyectofactibles\/wp-json\/wp\/v2\/pages\/739\/revisions\/1561"}],"wp:attachment":[{"href":"https:\/\/www.upo.es\/investiga\/proyectofactibles\/wp-json\/wp\/v2\/media?parent=739"}],"curies":[{"name":"wp","href":"https:\/\/api.w.org\/{rel}","templated":true}]}}