{"id":762,"date":"2024-06-11T19:35:29","date_gmt":"2024-06-11T17:35:29","guid":{"rendered":"https:\/\/www.upo.es\/investiga\/proyectofactibles\/?page_id=762"},"modified":"2026-04-19T19:07:13","modified_gmt":"2026-04-19T17:07:13","slug":"matriz-metodologica","status":"publish","type":"page","link":"https:\/\/www.upo.es\/investiga\/proyectofactibles\/matriz-metodologica\/","title":{"rendered":"MATRIZ METODOL\u00d3GICA"},"content":{"rendered":"\n<style>\n.hpt3 h2 { font-size: 22px; font-weight: 300; letter-spacing: 5px; text-transform: uppercase; color: #3a3a3a; margin-bottom: 12px; font-family: -apple-system, BlinkMacSystemFont, 'Segoe UI', sans-serif; }\n@media (max-width: 600px) { .hpt3 h2 { font-size: 14px; letter-spacing: 3px; } .hpt3 { padding-top: 2rem; } }\n<\/style>\n<div class=\"hpt3\" style=\"text-align: center; margin-bottom: 2.5rem;\">\n    <h2>Matriz de categor\u00edas y registros para la trazabilidad de una pr\u00e1ctica art\u00edstica participativa orientada al espacio p\u00fablico<\/h2>\n    <div style=\"width: 60px; height: 3px; background: #F2B530; margin: 0 auto; border-radius: 2px;\"><\/div>\n<\/div>\n\n\n\n<div style=\"width: 100%; display: flex; flex-direction: column; align-items: center; padding: 1rem 0;\">\n    <figure style=\"margin: 0; max-width: 1200px; width: 95%; text-align: center;\">\n        <img decoding=\"async\" src=\"https:\/\/www.upo.es\/investiga\/proyectofactibles\/wp-content\/uploads\/2025\/01\/DIAGRAMA-FACTIBLES-4-diciembre.drawio.png\" alt=\"Diagrama FACTibles\" style=\"width: 100%; height: auto; display: block; margin: 0 auto;\">\n    <\/figure>\n    <div style=\"text-align: center; margin-top: 1.2rem; font-family: -apple-system, BlinkMacSystemFont, 'Segoe UI', sans-serif;\">\n        <p style=\"font-size: 13px; color: #888; letter-spacing: 1px; margin-bottom: 0.3rem;\">FUENTE: Equipo Factibles<\/p>\n        <a href=\"https:\/\/doi.org\/10.5281\/zenodo.11202926\" target=\"_blank\" style=\"font-size: 13px; color: #378ADD; text-decoration: none; letter-spacing: 0.5px;\">https:\/\/doi.org\/10.5281\/zenodo.11202926<\/a>\n    <\/div>\n<\/div>\n","protected":false},"excerpt":{"rendered":"<p>Matriz de categor\u00edas y registros para la trazabilidad de una pr\u00e1ctica art\u00edstica participativa orientada al espacio p\u00fablico FUENTE: Equipo Factibles https:\/\/doi.org\/10.5281\/zenodo.11202926<\/p>\n","protected":false},"author":1,"featured_media":0,"parent":0,"menu_order":0,"comment_status":"closed","ping_status":"closed","template":"","meta":{"footnotes":""},"class_list":["post-762","page","type-page","status-publish","hentry"],"blocksy_meta":[],"_links":{"self":[{"href":"https:\/\/www.upo.es\/investiga\/proyectofactibles\/wp-json\/wp\/v2\/pages\/762","targetHints":{"allow":["GET"]}}],"collection":[{"href":"https:\/\/www.upo.es\/investiga\/proyectofactibles\/wp-json\/wp\/v2\/pages"}],"about":[{"href":"https:\/\/www.upo.es\/investiga\/proyectofactibles\/wp-json\/wp\/v2\/types\/page"}],"author":[{"embeddable":true,"href":"https:\/\/www.upo.es\/investiga\/proyectofactibles\/wp-json\/wp\/v2\/users\/1"}],"replies":[{"embeddable":true,"href":"https:\/\/www.upo.es\/investiga\/proyectofactibles\/wp-json\/wp\/v2\/comments?post=762"}],"version-history":[{"count":26,"href":"https:\/\/www.upo.es\/investiga\/proyectofactibles\/wp-json\/wp\/v2\/pages\/762\/revisions"}],"predecessor-version":[{"id":1566,"href":"https:\/\/www.upo.es\/investiga\/proyectofactibles\/wp-json\/wp\/v2\/pages\/762\/revisions\/1566"}],"wp:attachment":[{"href":"https:\/\/www.upo.es\/investiga\/proyectofactibles\/wp-json\/wp\/v2\/media?parent=762"}],"curies":[{"name":"wp","href":"https:\/\/api.w.org\/{rel}","templated":true}]}}