{"id":764,"date":"2024-06-11T19:36:02","date_gmt":"2024-06-11T17:36:02","guid":{"rendered":"https:\/\/www.upo.es\/investiga\/proyectofactibles\/?page_id=764"},"modified":"2026-04-19T19:19:01","modified_gmt":"2026-04-19T17:19:01","slug":"glosario","status":"publish","type":"page","link":"https:\/\/www.upo.es\/investiga\/proyectofactibles\/glosario\/","title":{"rendered":"GLOSARIO"},"content":{"rendered":"\n<style>\n.hpt4a h2 { font-size: 22px; font-weight: 300; letter-spacing: 5px; text-transform: uppercase; color: #3a3a3a; margin-bottom: 12px; font-family: -apple-system, BlinkMacSystemFont, 'Segoe UI', sans-serif; max-width: 1100px; margin-left: auto; margin-right: auto; }\n.hpt4a .hex-desc { font-size: 14px; font-weight: 400; color: #888; line-height: 1.6; max-width: 1100px; margin: 0 auto 12px; font-family: -apple-system, BlinkMacSystemFont, 'Segoe UI', sans-serif; }\n@media (max-width: 600px) { .hpt4a h2 { font-size: 14px; letter-spacing: 3px; } .hpt4a .hex-desc { font-size: 12px; padding: 0 1rem; } .hpt4a { padding-top: 2rem; } }\n<\/style>\n<div class=\"hpt4a\" style=\"text-align: center; margin-bottom: 2.5rem;\">\n    <h2>Glosario para la categorizaci\u00f3n de las pr\u00e1cticas art\u00edsticas participativas orientadas al espacio p\u00fablico<\/h2>\n    <p class=\"hex-desc\">Listado taxon\u00f3mico utilizado en el Proyecto de Investigaci\u00f3n FACTIBLES para la categorizaci\u00f3n de las pr\u00e1cticas art\u00edsticas participativas orientadas al espacio p\u00fablico<\/p>\n    <div style=\"width: 60px; height: 3px; background: #F2B530; margin: 0 auto; border-radius: 2px;\"><\/div>\n<\/div>\n\n\n\n<div style=\"width: 100%; display: flex; justify-content: center; padding: 1rem 0;\">\n    <object data=\"https:\/\/www.upo.es\/investiga\/proyectofactibles\/wp-content\/uploads\/2025\/01\/Glosario_enero25.pdf\" type=\"application\/pdf\" style=\"width: 95%; max-width: 1100px; height: 800px; border: none; display: block;\" aria-label=\"Glosario FACTibles\">\n        <p style=\"text-align: center; font-family: -apple-system, BlinkMacSystemFont, 'Segoe UI', sans-serif; font-size: 14px; color: #888; padding: 2rem;\">\n            Tu navegador no puede mostrar el PDF. \n            <a href=\"https:\/\/www.upo.es\/investiga\/proyectofactibles\/wp-content\/uploads\/2025\/01\/Glosario_enero25.pdf\" target=\"_blank\" style=\"color: #378ADD;\">Haz clic aqu\u00ed para verlo<\/a>.\n        <\/p>\n    <\/object>\n<\/div>\n\n\n\n<style>\n.hpt4b { font-family: -apple-system, BlinkMacSystemFont, 'Segoe UI', sans-serif; }\n.hpt4b .hex-footer { display: flex; justify-content: center; align-items: center; gap: 2rem; flex-wrap: wrap; }\n.hpt4b .hex-download { display: inline-flex; align-items: center; gap: 8px; padding: 10px 24px; background: #F2B530; color: #fff; text-decoration: none; border-radius: 6px; font-size: 13px; font-weight: 600; letter-spacing: 1px; text-transform: uppercase; transition: background 0.3s ease, transform 0.3s ease; }\n.hpt4b .hex-download:hover { background: #E8A020; transform: scale(1.05); }\n.hpt4b .hex-download svg { width: 16px; height: 16px; }\n.hpt4b .hex-doi a { font-size: 13px; color: #378ADD; text-decoration: none; letter-spacing: 0.5px; }\n.hpt4b .hex-doi a:hover { text-decoration: underline; }\n@media (max-width: 600px) { .hpt4b .hex-footer { flex-direction: column; gap: 1rem; } .hpt4b .hex-download { font-size: 11px; padding: 8px 20px; } }\n<\/style>\n<div class=\"hpt4b\" style=\"text-align: center; margin-top: 1.5rem; margin-bottom: 2.5rem;\">\n    <div class=\"hex-footer\">\n        <a href=\"https:\/\/doi.org\/10.5281\/zenodo.14652840\" target=\"_blank\" class=\"hex-download\">\n            <svg viewBox=\"0 0 24 24\" fill=\"none\" stroke=\"currentColor\" stroke-width=\"2\" stroke-linecap=\"round\" stroke-linejoin=\"round\"><path d=\"M21 15v4a2 2 0 01-2 2H5a2 2 0 01-2-2v-4\"\/><polyline points=\"7 10 12 15 17 10\"\/><line x1=\"12\" y1=\"15\" x2=\"12\" y2=\"3\"\/><\/svg>\n            Descargar\n        <\/a>\n        <div class=\"hex-doi\">\n            <a href=\"https:\/\/doi.org\/10.5281\/zenodo.14652840\" target=\"_blank\">https:\/\/doi.org\/10.5281\/zenodo.14652840<\/a>\n        <\/div>\n    <\/div>\n<\/div>\n","protected":false},"excerpt":{"rendered":"<p>Glosario para la categorizaci\u00f3n de las pr\u00e1cticas art\u00edsticas participativas orientadas al espacio p\u00fablico Listado taxon\u00f3mico utilizado en el Proyecto de Investigaci\u00f3n FACTIBLES para la categorizaci\u00f3n de las pr\u00e1cticas art\u00edsticas participativas orientadas al espacio p\u00fablico Tu navegador no puede mostrar el PDF. Haz clic aqu\u00ed para verlo. Descargar https:\/\/doi.org\/10.5281\/zenodo.14652840<\/p>\n","protected":false},"author":1,"featured_media":0,"parent":0,"menu_order":0,"comment_status":"closed","ping_status":"closed","template":"","meta":{"footnotes":""},"class_list":["post-764","page","type-page","status-publish","hentry"],"blocksy_meta":[],"_links":{"self":[{"href":"https:\/\/www.upo.es\/investiga\/proyectofactibles\/wp-json\/wp\/v2\/pages\/764","targetHints":{"allow":["GET"]}}],"collection":[{"href":"https:\/\/www.upo.es\/investiga\/proyectofactibles\/wp-json\/wp\/v2\/pages"}],"about":[{"href":"https:\/\/www.upo.es\/investiga\/proyectofactibles\/wp-json\/wp\/v2\/types\/page"}],"author":[{"embeddable":true,"href":"https:\/\/www.upo.es\/investiga\/proyectofactibles\/wp-json\/wp\/v2\/users\/1"}],"replies":[{"embeddable":true,"href":"https:\/\/www.upo.es\/investiga\/proyectofactibles\/wp-json\/wp\/v2\/comments?post=764"}],"version-history":[{"count":39,"href":"https:\/\/www.upo.es\/investiga\/proyectofactibles\/wp-json\/wp\/v2\/pages\/764\/revisions"}],"predecessor-version":[{"id":1573,"href":"https:\/\/www.upo.es\/investiga\/proyectofactibles\/wp-json\/wp\/v2\/pages\/764\/revisions\/1573"}],"wp:attachment":[{"href":"https:\/\/www.upo.es\/investiga\/proyectofactibles\/wp-json\/wp\/v2\/media?parent=764"}],"curies":[{"name":"wp","href":"https:\/\/api.w.org\/{rel}","templated":true}]}}