{"id":927,"date":"2024-07-02T17:52:59","date_gmt":"2024-07-02T15:52:59","guid":{"rendered":"https:\/\/www.upo.es\/investiga\/proyectofactibles\/?page_id=927"},"modified":"2025-01-09T21:15:48","modified_gmt":"2025-01-09T20:15:48","slug":"resena-m2","status":"publish","type":"page","link":"https:\/\/www.upo.es\/investiga\/proyectofactibles\/resena-m2\/","title":{"rendered":"RESE\u00d1A M2"},"content":{"rendered":"\n<p class=\"has-medium-font-size\"><strong>SEMINARIO ARTE, PARTICIPACI\u00d3N Y ESPACIO P\u00daBLICO<\/strong><\/p>\n\n\n\n<p><strong>RESE\u00d1A MESA 2: ESTRATEGIAS Y PROCESOS PARTICIPATIVOS<\/strong><\/p>\n\n\n\n<p><\/p>\n\n\n\n<div data-wp-interactive=\"core\/file\" class=\"wp-block-file\"><object data-wp-bind--hidden=\"!state.hasPdfPreview\" hidden class=\"wp-block-file__embed\" data=\"https:\/\/www.upo.es\/investiga\/proyectofactibles\/wp-content\/uploads\/2024\/07\/Rep_resena-mesa-2-seminario-factibles.pdf\" type=\"application\/pdf\" style=\"width:100%;height:600px\" aria-label=\"Incrustado de Rep_resena-mesa-2-seminario-factibles.\"><\/object><a id=\"wp-block-file--media-94782112-6012-4e43-a637-d4da4f3bc8bb\" href=\"https:\/\/www.upo.es\/investiga\/proyectofactibles\/wp-content\/uploads\/2024\/07\/Rep_resena-mesa-2-seminario-factibles.pdf\">Rep_resena-mesa-2-seminario-factibles<\/a><a href=\"https:\/\/www.upo.es\/investiga\/proyectofactibles\/wp-content\/uploads\/2024\/07\/Rep_resena-mesa-2-seminario-factibles.pdf\" class=\"wp-block-file__button wp-element-button\" download aria-describedby=\"wp-block-file--media-94782112-6012-4e43-a637-d4da4f3bc8bb\">Descarga<\/a><\/div>\n\n\n\n<p><a href=\"https:\/\/doi.org\/10.5281\/zenodo.12547913\">https:\/\/doi.org\/10.5281\/zenodo.12547913<\/a><\/p>\n","protected":false},"excerpt":{"rendered":"<p>SEMINARIO ARTE, PARTICIPACI\u00d3N Y ESPACIO P\u00daBLICO RESE\u00d1A MESA 2: ESTRATEGIAS Y PROCESOS PARTICIPATIVOS https:\/\/doi.org\/10.5281\/zenodo.12547913<\/p>\n","protected":false},"author":1,"featured_media":0,"parent":0,"menu_order":0,"comment_status":"closed","ping_status":"closed","template":"","meta":{"footnotes":""},"class_list":["post-927","page","type-page","status-publish","hentry"],"blocksy_meta":[],"_links":{"self":[{"href":"https:\/\/www.upo.es\/investiga\/proyectofactibles\/wp-json\/wp\/v2\/pages\/927","targetHints":{"allow":["GET"]}}],"collection":[{"href":"https:\/\/www.upo.es\/investiga\/proyectofactibles\/wp-json\/wp\/v2\/pages"}],"about":[{"href":"https:\/\/www.upo.es\/investiga\/proyectofactibles\/wp-json\/wp\/v2\/types\/page"}],"author":[{"embeddable":true,"href":"https:\/\/www.upo.es\/investiga\/proyectofactibles\/wp-json\/wp\/v2\/users\/1"}],"replies":[{"embeddable":true,"href":"https:\/\/www.upo.es\/investiga\/proyectofactibles\/wp-json\/wp\/v2\/comments?post=927"}],"version-history":[{"count":8,"href":"https:\/\/www.upo.es\/investiga\/proyectofactibles\/wp-json\/wp\/v2\/pages\/927\/revisions"}],"predecessor-version":[{"id":1371,"href":"https:\/\/www.upo.es\/investiga\/proyectofactibles\/wp-json\/wp\/v2\/pages\/927\/revisions\/1371"}],"wp:attachment":[{"href":"https:\/\/www.upo.es\/investiga\/proyectofactibles\/wp-json\/wp\/v2\/media?parent=927"}],"curies":[{"name":"wp","href":"https:\/\/api.w.org\/{rel}","templated":true}]}}