{"id":929,"date":"2024-07-02T17:53:22","date_gmt":"2024-07-02T15:53:22","guid":{"rendered":"https:\/\/www.upo.es\/investiga\/proyectofactibles\/?page_id=929"},"modified":"2024-07-02T18:16:57","modified_gmt":"2024-07-02T16:16:57","slug":"resena-m3","status":"publish","type":"page","link":"https:\/\/www.upo.es\/investiga\/proyectofactibles\/resena-m3\/","title":{"rendered":"RESE\u00d1A M3"},"content":{"rendered":"\n<p class=\"has-medium-font-size\"><strong>SEMINARIO ARTE, PARTICIPACI\u00d3N Y ESPACIO P\u00daBLICO<\/strong><\/p>\n\n\n\n<p><strong>RESE\u00d1A MESA 3: ESCENARIOS DE EVALUACI\u00d3N Y APRENDIZAJE<\/strong><\/p>\n\n\n\n<div data-wp-interactive=\"core\/file\" class=\"wp-block-file\"><object data-wp-bind--hidden=\"!state.hasPdfPreview\" hidden class=\"wp-block-file__embed\" data=\"https:\/\/www.upo.es\/investiga\/proyectofactibles\/wp-content\/uploads\/2024\/07\/Rep_resena-mesa-3-seminario-factibles.pdf\" type=\"application\/pdf\" style=\"width:100%;height:600px\" aria-label=\"Incrustado de Rep_resena-mesa-3-seminario-factibles.\"><\/object><a id=\"wp-block-file--media-d419efe8-27a7-4abf-8837-2752713214f3\" href=\"https:\/\/www.upo.es\/investiga\/proyectofactibles\/wp-content\/uploads\/2024\/07\/Rep_resena-mesa-3-seminario-factibles.pdf\">Rep_resena-mesa-3-seminario-factibles<\/a><a href=\"https:\/\/www.upo.es\/investiga\/proyectofactibles\/wp-content\/uploads\/2024\/07\/Rep_resena-mesa-3-seminario-factibles.pdf\" class=\"wp-block-file__button wp-element-button\" download aria-describedby=\"wp-block-file--media-d419efe8-27a7-4abf-8837-2752713214f3\">Descarga<\/a><\/div>\n\n\n\n<p><a href=\"https:\/\/doi.org\/10.5281\/zenodo.12547985\">https:\/\/doi.org\/10.5281\/zenodo.12547985<\/a><\/p>\n","protected":false},"excerpt":{"rendered":"<p>SEMINARIO ARTE, PARTICIPACI\u00d3N Y ESPACIO P\u00daBLICO RESE\u00d1A MESA 3: ESCENARIOS DE EVALUACI\u00d3N Y APRENDIZAJE https:\/\/doi.org\/10.5281\/zenodo.12547985<\/p>\n","protected":false},"author":1,"featured_media":0,"parent":0,"menu_order":0,"comment_status":"closed","ping_status":"closed","template":"","meta":{"footnotes":""},"class_list":["post-929","page","type-page","status-publish","hentry"],"blocksy_meta":[],"_links":{"self":[{"href":"https:\/\/www.upo.es\/investiga\/proyectofactibles\/wp-json\/wp\/v2\/pages\/929","targetHints":{"allow":["GET"]}}],"collection":[{"href":"https:\/\/www.upo.es\/investiga\/proyectofactibles\/wp-json\/wp\/v2\/pages"}],"about":[{"href":"https:\/\/www.upo.es\/investiga\/proyectofactibles\/wp-json\/wp\/v2\/types\/page"}],"author":[{"embeddable":true,"href":"https:\/\/www.upo.es\/investiga\/proyectofactibles\/wp-json\/wp\/v2\/users\/1"}],"replies":[{"embeddable":true,"href":"https:\/\/www.upo.es\/investiga\/proyectofactibles\/wp-json\/wp\/v2\/comments?post=929"}],"version-history":[{"count":2,"href":"https:\/\/www.upo.es\/investiga\/proyectofactibles\/wp-json\/wp\/v2\/pages\/929\/revisions"}],"predecessor-version":[{"id":962,"href":"https:\/\/www.upo.es\/investiga\/proyectofactibles\/wp-json\/wp\/v2\/pages\/929\/revisions\/962"}],"wp:attachment":[{"href":"https:\/\/www.upo.es\/investiga\/proyectofactibles\/wp-json\/wp\/v2\/media?parent=929"}],"curies":[{"name":"wp","href":"https:\/\/api.w.org\/{rel}","templated":true}]}}