{"id":160,"date":"2022-12-01T14:24:37","date_gmt":"2022-12-01T13:24:37","guid":{"rendered":"https:\/\/www.upo.es\/investiga\/ptyp\/upometropoli\/?page_id=160"},"modified":"2026-01-20T11:59:24","modified_gmt":"2026-01-20T10:59:24","slug":"investigacion","status":"publish","type":"page","link":"https:\/\/www.upo.es\/investiga\/ptyp\/upometropoli\/investigacion\/","title":{"rendered":"Investigaci\u00f3n"},"content":{"rendered":"\t\t<div data-elementor-type=\"wp-page\" data-elementor-id=\"160\" class=\"elementor elementor-160\" data-elementor-post-type=\"page\">\n\t\t\t\t<div class=\"elementor-element elementor-element-8f3ea12 e-con-full e-flex e-con e-parent\" data-id=\"8f3ea12\" data-element_type=\"container\" data-settings=\"{&quot;background_background&quot;:&quot;classic&quot;}\">\n\t\t<div class=\"elementor-element elementor-element-464b126 e-con-full e-flex e-con e-child\" data-id=\"464b126\" data-element_type=\"container\" data-settings=\"{&quot;background_background&quot;:&quot;gradient&quot;}\">\n\t\t\t\t<div class=\"elementor-element elementor-element-df8c142 elementor-widget elementor-widget-heading\" data-id=\"df8c142\" data-element_type=\"widget\" data-widget_type=\"heading.default\">\n\t\t\t\t<div class=\"elementor-widget-container\">\n\t\t\t<h4 class=\"elementor-heading-title elementor-size-default\">INVESTIGACI\u00d3N<\/h4>\t\t<\/div>\n\t\t\t\t<\/div>\n\t\t\t\t<div class=\"elementor-element elementor-element-54c3b39 elementor-widget elementor-widget-text-editor\" data-id=\"54c3b39\" data-element_type=\"widget\" data-widget_type=\"text-editor.default\">\n\t\t\t\t<div class=\"elementor-widget-container\">\n\t\t\t\t\t\t\t<p><span style=\"color: #ffffff; font-size: 12pt;\">Nuestras \u00faltimas investigaciones y proyectos de investigaci\u00f3n en curso.<\/span><\/p>\t\t\t\t\t\t<\/div>\n\t\t\t\t<\/div>\n\t\t\t\t<\/div>\n\t\t\t\t<\/div>\n\t\t<div class=\"elementor-element elementor-element-b91689c e-flex e-con-boxed e-con e-parent\" data-id=\"b91689c\" data-element_type=\"container\">\n\t\t\t\t\t<div class=\"e-con-inner\">\n\t\t<div class=\"elementor-element elementor-element-e2db7d1 e-con-full e-flex e-con e-child\" data-id=\"e2db7d1\" data-element_type=\"container\" data-settings=\"{&quot;background_background&quot;:&quot;classic&quot;}\">\n\t\t\t\t<div class=\"elementor-element elementor-element-e7a7997 elementor-position-top elementor-widget elementor-widget-image-box\" data-id=\"e7a7997\" data-element_type=\"widget\" data-widget_type=\"image-box.default\">\n\t\t\t\t<div class=\"elementor-widget-container\">\n\t\t\t<div class=\"elementor-image-box-wrapper\"><figure class=\"elementor-image-box-img\"><a href=\"https:\/\/www.upo.es\/investiga\/ptyp\/upometropoli\/sup4sud\/\" tabindex=\"-1\"><img decoding=\"async\" src=\"https:\/\/www.upo.es\/investiga\/ptyp\/upometropoli\/wp-content\/uploads\/elementor\/thumbs\/Imagen-1-rhqdeafz6wtsirdtq6f0mc65tm5p3cvfw3qxkm2khc.png\" title=\"Imagen 1\" alt=\"Strategic Urban Planning for Sustainable Development\" loading=\"lazy\" \/><\/a><\/figure><div class=\"elementor-image-box-content\"><span class=\"elementor-image-box-title\"><a href=\"https:\/\/www.upo.es\/investiga\/ptyp\/upometropoli\/sup4sud\/\">SUP4SUD\u200b<\/a><\/span><p class=\"elementor-image-box-description\">Strategic Urban Planning for Sustainable Development<\/p><\/div><\/div>\t\t<\/div>\n\t\t\t\t<\/div>\n\t\t\t\t<\/div>\n\t\t<div class=\"elementor-element elementor-element-6cf00ed e-con-full e-flex e-con e-child\" data-id=\"6cf00ed\" data-element_type=\"container\" data-settings=\"{&quot;background_background&quot;:&quot;classic&quot;}\">\n\t\t\t\t<div class=\"elementor-element elementor-element-01b0f7b elementor-position-top elementor-widget elementor-widget-image-box\" data-id=\"01b0f7b\" data-element_type=\"widget\" data-widget_type=\"image-box.default\">\n\t\t\t\t<div class=\"elementor-widget-container\">\n\t\t\t<div class=\"elementor-image-box-wrapper\"><figure class=\"elementor-image-box-img\"><a href=\"https:\/\/www.upo.es\/observatoriourbanodesevilla\/\" tabindex=\"-1\"><img decoding=\"async\" src=\"https:\/\/www.upo.es\/investiga\/ptyp\/upometropoli\/wp-content\/uploads\/elementor\/thumbs\/joan-oger-ZK_v7Uc7sqQ-unsplash-q7powgv088j4vgnvemepewfbsgvgpy5dijx6l23sq8.jpg\" title=\"joan-oger-ZK_v7Uc7sqQ-unsplash\" alt=\"joan-oger-ZK_v7Uc7sqQ-unsplash\" loading=\"lazy\" \/><\/a><\/figure><div class=\"elementor-image-box-content\"><span class=\"elementor-image-box-title\"><a href=\"https:\/\/www.upo.es\/observatoriourbanodesevilla\/\">Observatorio Urbano de Sevilla<\/a><\/span><p class=\"elementor-image-box-description\">Generaci\u00f3n y transferencia de conocimiento sobre el proceso de transformaci\u00f3n de la ciudad.<\/p><\/div><\/div>\t\t<\/div>\n\t\t\t\t<\/div>\n\t\t\t\t<\/div>\n\t\t<div class=\"elementor-element elementor-element-758a8ee e-con-full e-flex e-con e-child\" data-id=\"758a8ee\" data-element_type=\"container\" data-settings=\"{&quot;background_background&quot;:&quot;classic&quot;}\">\n\t\t\t\t<div class=\"elementor-element elementor-element-564b438 elementor-position-top elementor-widget elementor-widget-image-box\" data-id=\"564b438\" data-element_type=\"widget\" data-widget_type=\"image-box.default\">\n\t\t\t\t<div class=\"elementor-widget-container\">\n\t\t\t<div class=\"elementor-image-box-wrapper\"><figure class=\"elementor-image-box-img\"><a href=\"https:\/\/www.upo.es\/observatoriourbanodoshermanas\/\" tabindex=\"-1\"><img decoding=\"async\" src=\"https:\/\/www.upo.es\/investiga\/ptyp\/upometropoli\/wp-content\/uploads\/elementor\/thumbs\/WhatsApp-Image-2024-03-01-at-12.57.02-qlclilrll7pyt64sp6l9tz9fx8dk7f63u5qy2v2asw.jpeg\" title=\"WhatsApp Image 2024-03-01 at 12.57.02\" alt=\"WhatsApp Image 2024-03-01 at 12.57.02\" loading=\"lazy\" \/><\/a><\/figure><div class=\"elementor-image-box-content\"><span class=\"elementor-image-box-title\"><a href=\"https:\/\/www.upo.es\/observatoriourbanodoshermanas\/\">Observatorio Urbano de Dos Hermanas<\/a><\/span><p class=\"elementor-image-box-description\">Generaci\u00f3n y transferencia de conocimiento sobre el proceso de transformaci\u00f3n de la ciudad.<\/p><\/div><\/div>\t\t<\/div>\n\t\t\t\t<\/div>\n\t\t\t\t<\/div>\n\t\t\t\t\t<\/div>\n\t\t\t\t<\/div>\n\t\t<div class=\"elementor-element elementor-element-66bd9d2 e-flex e-con-boxed e-con e-parent\" data-id=\"66bd9d2\" data-element_type=\"container\">\n\t\t\t\t\t<div class=\"e-con-inner\">\n\t\t<div class=\"elementor-element elementor-element-521ba6e e-con-full e-flex e-con e-child\" data-id=\"521ba6e\" data-element_type=\"container\" data-settings=\"{&quot;background_background&quot;:&quot;classic&quot;}\">\n\t\t\t\t<div class=\"elementor-element elementor-element-82f4610 elementor-position-top elementor-widget elementor-widget-image-box\" data-id=\"82f4610\" data-element_type=\"widget\" data-widget_type=\"image-box.default\">\n\t\t\t\t<div class=\"elementor-widget-container\">\n\t\t\t<div class=\"elementor-image-box-wrapper\"><figure class=\"elementor-image-box-img\"><a href=\"https:\/\/www.upo.es\/observatoriourbanolarinconada\/\" tabindex=\"-1\"><img decoding=\"async\" src=\"https:\/\/www.upo.es\/investiga\/ptyp\/upometropoli\/wp-content\/uploads\/elementor\/thumbs\/DJI_0989-scaled-r7fp40o849aagyv6v40h25q9n0dia0wyh80pmjg27k.jpg\" title=\"DJI_0989\" alt=\"DJI_0989\" loading=\"lazy\" \/><\/a><\/figure><div class=\"elementor-image-box-content\"><span class=\"elementor-image-box-title\"><a href=\"https:\/\/www.upo.es\/observatoriourbanolarinconada\/\">Observatorio Urbano de La Rinconada<\/a><\/span><p class=\"elementor-image-box-description\">Generaci\u00f3n y transferencia de conocimiento sobre el proceso de transformaci\u00f3n de la ciudad.<\/p><\/div><\/div>\t\t<\/div>\n\t\t\t\t<\/div>\n\t\t\t\t<\/div>\n\t\t<div class=\"elementor-element elementor-element-f16a126 e-con-full e-flex e-con e-child\" data-id=\"f16a126\" data-element_type=\"container\" data-settings=\"{&quot;background_background&quot;:&quot;classic&quot;}\">\n\t\t\t\t<div class=\"elementor-element elementor-element-d918ec9 elementor-position-top elementor-widget elementor-widget-image-box\" data-id=\"d918ec9\" data-element_type=\"widget\" data-widget_type=\"image-box.default\">\n\t\t\t\t<div class=\"elementor-widget-container\">\n\t\t\t<div class=\"elementor-image-box-wrapper\"><figure class=\"elementor-image-box-img\"><a href=\"https:\/\/www.upo.es\/observatoriourbanolucena\/\" tabindex=\"-1\"><img decoding=\"async\" src=\"https:\/\/www.upo.es\/investiga\/ptyp\/upometropoli\/wp-content\/uploads\/elementor\/thumbs\/09.NR_.Me_.Aut_.Miguel-Cantero-Saban.-Lucena-vista-primavera-scaled-qe3qg6wn2pv03xw26fg7ee0mdvua16b01dm6z5ao8g.jpg\" title=\"09.NR.Me.Aut.Miguel Cantero Saban. Lucena vista primavera\" alt=\"09.NR.Me.Aut.Miguel Cantero Saban. Lucena vista primavera\" loading=\"lazy\" \/><\/a><\/figure><div class=\"elementor-image-box-content\"><span class=\"elementor-image-box-title\"><a href=\"https:\/\/www.upo.es\/observatoriourbanolucena\/\">Observatorio Urbano de Lucena<\/a><\/span><p class=\"elementor-image-box-description\">Generaci\u00f3n y transferencia de conocimiento sobre el proceso de transformaci\u00f3n de la ciudad.<\/p><\/div><\/div>\t\t<\/div>\n\t\t\t\t<\/div>\n\t\t\t\t<\/div>\n\t\t<div class=\"elementor-element elementor-element-0ee0168 e-con-full e-flex e-con e-child\" data-id=\"0ee0168\" data-element_type=\"container\">\n\t\t\t\t<div class=\"elementor-element elementor-element-d5aa4a8 elementor-position-top elementor-widget elementor-widget-image-box\" data-id=\"d5aa4a8\" data-element_type=\"widget\" data-widget_type=\"image-box.default\">\n\t\t\t\t<div class=\"elementor-widget-container\">\n\t\t\t<div class=\"elementor-image-box-wrapper\"><figure class=\"elementor-image-box-img\"><a href=\"https:\/\/www.upo.es\/investiga\/ptyp\/upometropoli\/agendaruralprovinciasevilla\/\" tabindex=\"-1\"><img fetchpriority=\"high\" decoding=\"async\" width=\"2400\" height=\"1152\" src=\"https:\/\/www.upo.es\/investiga\/ptyp\/upometropoli\/wp-content\/uploads\/2024\/02\/taisia-karaseva-gT7X3QFeL3U-unsplash-e1707862331602.jpg\" class=\"attachment-full size-full wp-image-1901\" alt=\"\" srcset=\"https:\/\/www.upo.es\/investiga\/ptyp\/upometropoli\/wp-content\/uploads\/2024\/02\/taisia-karaseva-gT7X3QFeL3U-unsplash-e1707862331602.jpg 2400w, https:\/\/www.upo.es\/investiga\/ptyp\/upometropoli\/wp-content\/uploads\/2024\/02\/taisia-karaseva-gT7X3QFeL3U-unsplash-e1707862331602-300x144.jpg 300w, https:\/\/www.upo.es\/investiga\/ptyp\/upometropoli\/wp-content\/uploads\/2024\/02\/taisia-karaseva-gT7X3QFeL3U-unsplash-e1707862331602-1024x492.jpg 1024w, https:\/\/www.upo.es\/investiga\/ptyp\/upometropoli\/wp-content\/uploads\/2024\/02\/taisia-karaseva-gT7X3QFeL3U-unsplash-e1707862331602-768x369.jpg 768w, https:\/\/www.upo.es\/investiga\/ptyp\/upometropoli\/wp-content\/uploads\/2024\/02\/taisia-karaseva-gT7X3QFeL3U-unsplash-e1707862331602-1536x737.jpg 1536w, https:\/\/www.upo.es\/investiga\/ptyp\/upometropoli\/wp-content\/uploads\/2024\/02\/taisia-karaseva-gT7X3QFeL3U-unsplash-e1707862331602-2048x983.jpg 2048w\" sizes=\"(max-width: 2400px) 100vw, 2400px\" \/><\/a><\/figure><div class=\"elementor-image-box-content\"><span class=\"elementor-image-box-title\"><a href=\"https:\/\/www.upo.es\/investiga\/ptyp\/upometropoli\/agendaruralprovinciasevilla\/\">Estudios Previos para la elaboraci\u00f3n de la Agenda Rural-Urbana de la Provincia de Sevilla<\/a><\/span><p class=\"elementor-image-box-description\">PRODETUR - Diputaci\u00f3n de Sevilla<\/p><\/div><\/div>\t\t<\/div>\n\t\t\t\t<\/div>\n\t\t\t\t<\/div>\n\t\t\t\t\t<\/div>\n\t\t\t\t<\/div>\n\t\t<div class=\"elementor-element elementor-element-014d94c e-flex e-con-boxed e-con e-parent\" data-id=\"014d94c\" data-element_type=\"container\">\n\t\t\t\t\t<div class=\"e-con-inner\">\n\t\t<div class=\"elementor-element elementor-element-8dc388a e-con-full e-flex e-con e-child\" data-id=\"8dc388a\" data-element_type=\"container\" data-settings=\"{&quot;background_background&quot;:&quot;classic&quot;}\">\n\t\t\t\t<div class=\"elementor-element elementor-element-d576611 elementor-position-top elementor-widget elementor-widget-image-box\" data-id=\"d576611\" data-element_type=\"widget\" data-widget_type=\"image-box.default\">\n\t\t\t\t<div class=\"elementor-widget-container\">\n\t\t\t<div class=\"elementor-image-box-wrapper\"><figure class=\"elementor-image-box-img\"><a href=\"https:\/\/www.upo.es\/investiga\/ptyp\/upometropoli\/las-agendas-urbanas-y-el-area-metropolitana-de-sevilla\/\" tabindex=\"-1\"><img decoding=\"async\" src=\"https:\/\/www.upo.es\/investiga\/ptyp\/upometropoli\/wp-content\/uploads\/elementor\/thumbs\/paul-pastourmatzis-UyNoJ7T6Qsw-unsplash-1-scaled-qjro1hotiaxtj1bekw2okdwtty3c6p9ijjywfv20j4.jpg\" title=\"paul-pastourmatzis-UyNoJ7T6Qsw-unsplash (1)\" alt=\"paul-pastourmatzis-UyNoJ7T6Qsw-unsplash (1)\" loading=\"lazy\" \/><\/a><\/figure><div class=\"elementor-image-box-content\"><span class=\"elementor-image-box-title\"><a href=\"https:\/\/www.upo.es\/investiga\/ptyp\/upometropoli\/las-agendas-urbanas-y-el-area-metropolitana-de-sevilla\/\">Las Agendas Urbanas y el \u00c1rea Metropolitana de Sevilla<\/a><\/span><p class=\"elementor-image-box-description\">PRODETUR - Diputaci\u00f3n de Sevilla<\/p><\/div><\/div>\t\t<\/div>\n\t\t\t\t<\/div>\n\t\t\t\t<\/div>\n\t\t<div class=\"elementor-element elementor-element-845f5f6 e-con-full e-flex e-con e-child\" data-id=\"845f5f6\" data-element_type=\"container\" data-settings=\"{&quot;background_background&quot;:&quot;classic&quot;}\">\n\t\t\t\t<div class=\"elementor-element elementor-element-ed97d4d elementor-position-top elementor-widget elementor-widget-image-box\" data-id=\"ed97d4d\" data-element_type=\"widget\" data-widget_type=\"image-box.default\">\n\t\t\t\t<div class=\"elementor-widget-container\">\n\t\t\t<div class=\"elementor-image-box-wrapper\"><figure class=\"elementor-image-box-img\"><a href=\"https:\/\/www.upo.es\/investiga\/ptyp\/upometropoli\/agendaurbanavascabultzatu2050\/\" tabindex=\"-1\"><img decoding=\"async\" src=\"https:\/\/www.upo.es\/investiga\/ptyp\/upometropoli\/wp-content\/uploads\/elementor\/thumbs\/premium_photo-1697730534054-c85b83b29d2b-qjro953j4reu0s7cwp4dcyevvudvu0mv9f461xpnw0.jpg\" title=\"premium_photo-1697730534054-c85b83b29d2b\" alt=\"premium_photo-1697730534054-c85b83b29d2b\" loading=\"lazy\" \/><\/a><\/figure><div class=\"elementor-image-box-content\"><span class=\"elementor-image-box-title\"><a href=\"https:\/\/www.upo.es\/investiga\/ptyp\/upometropoli\/agendaurbanavascabultzatu2050\/\">Metodolog\u00eda de Elaboraci\u00f3n de la Agenda Urbana del Pa\u00eds Vasco<\/a><\/span><p class=\"elementor-image-box-description\">Direcci\u00f3n General de Planificaci\u00f3n Territorial y Agenda Urbana. Consejer\u00eda de Planificaci\u00f3n Territorial, Vivienda y Transportes del Gobierno Vasco.<\/p><\/div><\/div>\t\t<\/div>\n\t\t\t\t<\/div>\n\t\t\t\t<\/div>\n\t\t<div class=\"elementor-element elementor-element-aac9718 e-con-full e-flex e-con e-child\" data-id=\"aac9718\" data-element_type=\"container\" data-settings=\"{&quot;background_background&quot;:&quot;classic&quot;}\">\n\t\t\t\t<div class=\"elementor-element elementor-element-f5fa0f6 elementor-position-top elementor-widget elementor-widget-image-box\" data-id=\"f5fa0f6\" data-element_type=\"widget\" data-widget_type=\"image-box.default\">\n\t\t\t\t<div class=\"elementor-widget-container\">\n\t\t\t<div class=\"elementor-image-box-wrapper\"><figure class=\"elementor-image-box-img\"><a href=\"https:\/\/www.upo.es\/investiga\/ptyp\/upometropoli\/dinamet\/\" tabindex=\"-1\"><img decoding=\"async\" src=\"https:\/\/www.upo.es\/investiga\/ptyp\/upometropoli\/wp-content\/uploads\/elementor\/thumbs\/berto-santome-lN5VdamJH5Q-unsplash-scaled-qjro2n1pv0ifpvnbvdy9m3h3ywfhldtpd8o9k1coxc.jpg\" title=\"berto-santome-lN5VdamJH5Q-unsplash\" alt=\"berto-santome-lN5VdamJH5Q-unsplash\" loading=\"lazy\" \/><\/a><\/figure><div class=\"elementor-image-box-content\"><span class=\"elementor-image-box-title\"><a href=\"https:\/\/www.upo.es\/investiga\/ptyp\/upometropoli\/dinamet\/\">Din\u00e1micas socioterritoriales en las \u00e1reas metropolitanas espa\u00f1olas: procesos estructurales y cambio c\u00edclico (DINAMET)<\/a><\/span><p class=\"elementor-image-box-description\">Ministerio de Ciencia, Innovaci\u00f3n y Universidades del Gobierno de Espa\u00f1a. Proyectos de I+D de Generaci\u00f3n de Conocimiento.<\/p><\/div><\/div>\t\t<\/div>\n\t\t\t\t<\/div>\n\t\t\t\t<\/div>\n\t\t\t\t\t<\/div>\n\t\t\t\t<\/div>\n\t\t<div class=\"elementor-element elementor-element-47f6306 e-flex e-con-boxed e-con e-parent\" data-id=\"47f6306\" data-element_type=\"container\">\n\t\t\t\t\t<div class=\"e-con-inner\">\n\t\t<div class=\"elementor-element elementor-element-51f9461 e-con-full e-flex e-con e-child\" data-id=\"51f9461\" data-element_type=\"container\">\n\t\t\t\t<div class=\"elementor-element elementor-element-d588950 elementor-position-top elementor-widget elementor-widget-image-box\" data-id=\"d588950\" data-element_type=\"widget\" data-widget_type=\"image-box.default\">\n\t\t\t\t<div class=\"elementor-widget-container\">\n\t\t\t<div class=\"elementor-image-box-wrapper\"><figure class=\"elementor-image-box-img\"><a href=\"https:\/\/www.upo.es\/investiga\/ptyp\/upometropoli\/dinametii\/\" tabindex=\"-1\"><img decoding=\"async\" src=\"https:\/\/www.upo.es\/investiga\/ptyp\/upometropoli\/wp-content\/uploads\/elementor\/thumbs\/max-bottinger-Gup8MCvSsf0-unsplash-qqbbvp1g8vfpaqc1s38o3nzq48n0kzd3zb8xhefui8.jpg\" title=\"max-bottinger-Gup8MCvSsf0-unsplash\" alt=\"max-bottinger-Gup8MCvSsf0-unsplash\" loading=\"lazy\" \/><\/a><\/figure><div class=\"elementor-image-box-content\"><span class=\"elementor-image-box-title\"><a href=\"https:\/\/www.upo.es\/investiga\/ptyp\/upometropoli\/dinametii\/\">Din\u00e1micas socioterritoriales metropolitanas y pol\u00edticas p\u00fablicas en un entorno de incertidumbre (DINAMET II)<\/a><\/span><p class=\"elementor-image-box-description\">Ministerio de Ciencia, Innovaci\u00f3n y Universidades del Gobierno de Espa\u00f1a. Proyectos de I+D de Generaci\u00f3n de Conocimiento.<\/p><\/div><\/div>\t\t<\/div>\n\t\t\t\t<\/div>\n\t\t\t\t<\/div>\n\t\t<div class=\"elementor-element elementor-element-5f735ea e-con-full e-flex e-con e-child\" data-id=\"5f735ea\" data-element_type=\"container\">\n\t\t\t\t<div class=\"elementor-element elementor-element-a04ab60 elementor-position-top elementor-widget elementor-widget-image-box\" data-id=\"a04ab60\" data-element_type=\"widget\" data-widget_type=\"image-box.default\">\n\t\t\t\t<div class=\"elementor-widget-container\">\n\t\t\t<div class=\"elementor-image-box-wrapper\"><figure class=\"elementor-image-box-img\"><a href=\"https:\/\/www.upo.es\/investiga\/ptyp\/upometropoli\/metrogov\/\" tabindex=\"-1\"><img decoding=\"async\" src=\"https:\/\/www.upo.es\/investiga\/ptyp\/upometropoli\/wp-content\/uploads\/elementor\/thumbs\/erwan-hesry-pm3O5KxWKtw-unsplash-qjro37q61daqtataimw24y991dlkaq3ss30y44i14g.jpg\" title=\"erwan-hesry-pm3O5KxWKtw-unsplash\" alt=\"erwan-hesry-pm3O5KxWKtw-unsplash\" loading=\"lazy\" \/><\/a><\/figure><div class=\"elementor-image-box-content\"><span class=\"elementor-image-box-title\"><a href=\"https:\/\/www.upo.es\/investiga\/ptyp\/upometropoli\/metrogov\/\">Gobernanza metropolitana en Espa\u00f1a: institucionalizaci\u00f3n y modelos (METROGOV)<\/a><\/span><p class=\"elementor-image-box-description\">Ministerio de Ciencia, Innovaci\u00f3n y Universidades del Gobierno de Espa\u00f1a. Proyectos de I+D de Generaci\u00f3n de Conocimiento.<\/p><\/div><\/div>\t\t<\/div>\n\t\t\t\t<\/div>\n\t\t\t\t<\/div>\n\t\t<div class=\"elementor-element elementor-element-4c8fc13 e-con-full e-flex e-con e-child\" data-id=\"4c8fc13\" data-element_type=\"container\">\n\t\t\t\t<div class=\"elementor-element elementor-element-8a7bff2 elementor-position-top elementor-widget elementor-widget-image-box\" data-id=\"8a7bff2\" data-element_type=\"widget\" data-widget_type=\"image-box.default\">\n\t\t\t\t<div class=\"elementor-widget-container\">\n\t\t\t<div class=\"elementor-image-box-wrapper\"><figure class=\"elementor-image-box-img\"><a href=\"https:\/\/www.upo.es\/metropoliand\/\" tabindex=\"-1\"><img decoding=\"async\" src=\"https:\/\/www.upo.es\/investiga\/ptyp\/upometropoli\/wp-content\/uploads\/elementor\/thumbs\/FOTO-18-scaled-q7yi7andzxirgcda47aege1fmr7m0pzdcassr1d5io.jpeg\" title=\"FOTO 18\" alt=\"FOTO 18\" loading=\"lazy\" \/><\/a><\/figure><div class=\"elementor-image-box-content\"><span class=\"elementor-image-box-title\"><a href=\"https:\/\/www.upo.es\/metropoliand\/\">Metropoliand_<\/a><\/span><p class=\"elementor-image-box-description\">La gobernanza de las \u00e1reas metropolitanas en Andaluc\u00eda: retos para el desarrollo del modelo estrat\u00e9gico.<\/p><\/div><\/div>\t\t<\/div>\n\t\t\t\t<\/div>\n\t\t\t\t<\/div>\n\t\t\t\t\t<\/div>\n\t\t\t\t<\/div>\n\t\t<div class=\"elementor-element elementor-element-3daec55 e-flex e-con-boxed e-con e-parent\" data-id=\"3daec55\" data-element_type=\"container\">\n\t\t\t\t\t<div class=\"e-con-inner\">\n\t\t<div class=\"elementor-element elementor-element-790bfce e-con-full e-flex e-con e-child\" data-id=\"790bfce\" data-element_type=\"container\" data-settings=\"{&quot;background_background&quot;:&quot;classic&quot;}\">\n\t\t\t\t<div class=\"elementor-element elementor-element-469b2d0 elementor-position-top elementor-widget elementor-widget-image-box\" data-id=\"469b2d0\" data-element_type=\"widget\" data-widget_type=\"image-box.default\">\n\t\t\t\t<div class=\"elementor-widget-container\">\n\t\t\t<div class=\"elementor-image-box-wrapper\"><figure class=\"elementor-image-box-img\"><a href=\"https:\/\/www.upo.es\/investiga\/ptyp\/upometropoli\/agendaurbanadeandalucia\/\" tabindex=\"-1\"><img decoding=\"async\" src=\"https:\/\/www.upo.es\/investiga\/ptyp\/upometropoli\/wp-content\/uploads\/elementor\/thumbs\/jorge-fernandez-salas-VafTh-LBdFo-unsplash-qjro3sem7q31wpz95vtunt1e3urn02dw6xdmo7ndbk.jpg\" title=\"jorge-fernandez-salas-VafTh-LBdFo-unsplash\" alt=\"jorge-fernandez-salas-VafTh-LBdFo-unsplash\" loading=\"lazy\" \/><\/a><\/figure><div class=\"elementor-image-box-content\"><span class=\"elementor-image-box-title\"><a href=\"https:\/\/www.upo.es\/investiga\/ptyp\/upometropoli\/agendaurbanadeandalucia\/\">Plan de Acci\u00f3n y Sistema de Seguimiento y Evaluaci\u00f3n de la Agenda Urbana de Andaluc\u00eda<\/a><\/span><p class=\"elementor-image-box-description\">Direcci\u00f3n General de Ordenaci\u00f3n de Territorio, Urbanismo y Agenda Urbana. Consejer\u00eda de Fomento, Articulaci\u00f3n del Territorio y Vivienda de la Junta de Andaluc\u00eda.<\/p><\/div><\/div>\t\t<\/div>\n\t\t\t\t<\/div>\n\t\t\t\t<\/div>\n\t\t<div class=\"elementor-element elementor-element-978c96e e-con-full e-flex e-con e-child\" data-id=\"978c96e\" data-element_type=\"container\">\n\t\t\t\t<div class=\"elementor-element elementor-element-29ba182 elementor-position-top elementor-widget elementor-widget-image-box\" data-id=\"29ba182\" data-element_type=\"widget\" data-widget_type=\"image-box.default\">\n\t\t\t\t<div class=\"elementor-widget-container\">\n\t\t\t<div class=\"elementor-image-box-wrapper\"><figure class=\"elementor-image-box-img\"><a href=\"https:\/\/www.upo.es\/investiga\/ptyp\/upometropoli\/iaph\/\" tabindex=\"-1\"><img decoding=\"async\" src=\"https:\/\/www.upo.es\/investiga\/ptyp\/upometropoli\/wp-content\/uploads\/elementor\/thumbs\/henrique-ferreira-62QRdDoe44M-unsplash-qjro46i728mcqvervjx977hb0mu57ixv8v5wvd2gq8.jpg\" title=\"henrique-ferreira-62QRdDoe44M-unsplash\" alt=\"henrique-ferreira-62QRdDoe44M-unsplash\" loading=\"lazy\" \/><\/a><\/figure><div class=\"elementor-image-box-content\"><span class=\"elementor-image-box-title\"><a href=\"https:\/\/www.upo.es\/investiga\/ptyp\/upometropoli\/iaph\/\">Sistema de Seguimiento y Evaluaci\u00f3n del Plan Estrat\u00e9gico 2021-2025 del Instituto Andaluz del Patrimonio Hist\u00f3rico<\/a><\/span><p class=\"elementor-image-box-description\">IAPH Consejer\u00eda de Turismo, Cultura y Deporte de la Junta de Andaluc\u00eda.<\/p><\/div><\/div>\t\t<\/div>\n\t\t\t\t<\/div>\n\t\t\t\t<\/div>\n\t\t<div class=\"elementor-element elementor-element-af0cc00 e-con-full e-flex e-con e-child\" data-id=\"af0cc00\" data-element_type=\"container\">\n\t\t\t\t<\/div>\n\t\t\t\t\t<\/div>\n\t\t\t\t<\/div>\n\t\t\t\t<\/div>\n\t\t","protected":false},"excerpt":{"rendered":"<p>INVESTIGACI\u00d3N Nuestras \u00faltimas investigaciones y proyectos de investigaci\u00f3n en curso. SUP4SUD\u200b Strategic Urban Planning for Sustainable Development Observatorio Urbano de Sevilla Generaci\u00f3n y transferencia de conocimiento sobre el proceso de transformaci\u00f3n de la ciudad. Observatorio Urbano de Dos Hermanas Generaci\u00f3n y transferencia de conocimiento sobre el proceso de transformaci\u00f3n de la ciudad. Observatorio Urbano de [&hellip;]<\/p>\n","protected":false},"author":2,"featured_media":0,"parent":0,"menu_order":0,"comment_status":"closed","ping_status":"closed","template":"cabecera-ancho-completo","meta":{"inline_featured_image":false,"footnotes":""},"class_list":["post-160","page","type-page","status-publish","hentry"],"_links":{"self":[{"href":"https:\/\/www.upo.es\/investiga\/ptyp\/upometropoli\/wp-json\/wp\/v2\/pages\/160","targetHints":{"allow":["GET"]}}],"collection":[{"href":"https:\/\/www.upo.es\/investiga\/ptyp\/upometropoli\/wp-json\/wp\/v2\/pages"}],"about":[{"href":"https:\/\/www.upo.es\/investiga\/ptyp\/upometropoli\/wp-json\/wp\/v2\/types\/page"}],"author":[{"embeddable":true,"href":"https:\/\/www.upo.es\/investiga\/ptyp\/upometropoli\/wp-json\/wp\/v2\/users\/2"}],"replies":[{"embeddable":true,"href":"https:\/\/www.upo.es\/investiga\/ptyp\/upometropoli\/wp-json\/wp\/v2\/comments?post=160"}],"version-history":[{"count":285,"href":"https:\/\/www.upo.es\/investiga\/ptyp\/upometropoli\/wp-json\/wp\/v2\/pages\/160\/revisions"}],"predecessor-version":[{"id":2490,"href":"https:\/\/www.upo.es\/investiga\/ptyp\/upometropoli\/wp-json\/wp\/v2\/pages\/160\/revisions\/2490"}],"wp:attachment":[{"href":"https:\/\/www.upo.es\/investiga\/ptyp\/upometropoli\/wp-json\/wp\/v2\/media?parent=160"}],"curies":[{"name":"wp","href":"https:\/\/api.w.org\/{rel}","templated":true}]}}