{"id":2086,"date":"2024-05-13T18:23:35","date_gmt":"2024-05-13T16:23:35","guid":{"rendered":"https:\/\/www.upo.es\/investiga\/ptyp\/upometropoli\/?page_id=2086"},"modified":"2024-05-13T18:38:55","modified_gmt":"2024-05-13T16:38:55","slug":"titulos-propios","status":"publish","type":"page","link":"https:\/\/www.upo.es\/investiga\/ptyp\/upometropoli\/titulos-propios\/","title":{"rendered":"T\u00edtulos propios"},"content":{"rendered":"\t\t<div data-elementor-type=\"wp-page\" data-elementor-id=\"2086\" class=\"elementor elementor-2086\" data-elementor-post-type=\"page\">\n\t\t\t\t<div class=\"elementor-element elementor-element-32ac79cb e-flex e-con-boxed e-con e-parent\" data-id=\"32ac79cb\" data-element_type=\"container\">\n\t\t\t\t\t<div class=\"e-con-inner\">\n\t\t\t\t<div class=\"elementor-element elementor-element-37e564bd elementor-widget-divider--view-line elementor-widget elementor-widget-divider\" data-id=\"37e564bd\" data-element_type=\"widget\" data-widget_type=\"divider.default\">\n\t\t\t\t<div class=\"elementor-widget-container\">\n\t\t\t\t\t<div class=\"elementor-divider\">\n\t\t\t<span class=\"elementor-divider-separator\">\n\t\t\t\t\t\t<\/span>\n\t\t<\/div>\n\t\t\t\t<\/div>\n\t\t\t\t<\/div>\n\t\t\t\t\t<\/div>\n\t\t\t\t<\/div>\n\t\t<div class=\"elementor-element elementor-element-54298ad5 e-flex e-con-boxed e-con e-parent\" data-id=\"54298ad5\" data-element_type=\"container\">\n\t\t\t\t\t<div class=\"e-con-inner\">\n\t\t\t\t<div class=\"elementor-element elementor-element-66e3798e elementor-widget elementor-widget-heading\" data-id=\"66e3798e\" data-element_type=\"widget\" data-widget_type=\"heading.default\">\n\t\t\t\t<div class=\"elementor-widget-container\">\n\t\t\t<h2 class=\"elementor-heading-title elementor-size-default\"><span style=\"font-weight:normal\"><\/span>T\u00edtulos propios<\/h2>\t\t<\/div>\n\t\t\t\t<\/div>\n\t\t\t\t\t<\/div>\n\t\t\t\t<\/div>\n\t\t<div class=\"elementor-element elementor-element-1e1b2ac5 e-flex e-con-boxed e-con e-parent\" data-id=\"1e1b2ac5\" data-element_type=\"container\">\n\t\t\t\t\t<div class=\"e-con-inner\">\n\t\t\t\t<div class=\"elementor-element elementor-element-3bec2cb5 elementor-widget-divider--view-line elementor-widget elementor-widget-divider\" data-id=\"3bec2cb5\" data-element_type=\"widget\" data-widget_type=\"divider.default\">\n\t\t\t\t<div class=\"elementor-widget-container\">\n\t\t\t\t\t<div class=\"elementor-divider\">\n\t\t\t<span class=\"elementor-divider-separator\">\n\t\t\t\t\t\t<\/span>\n\t\t<\/div>\n\t\t\t\t<\/div>\n\t\t\t\t<\/div>\n\t\t\t\t\t<\/div>\n\t\t\t\t<\/div>\n\t\t<div class=\"elementor-element elementor-element-ff4409c e-flex e-con-boxed e-con e-parent\" data-id=\"ff4409c\" data-element_type=\"container\">\n\t\t\t\t\t<div class=\"e-con-inner\">\n\t\t\t\t<div class=\"elementor-element elementor-element-90397ea elementor-widget elementor-widget-n-accordion\" data-id=\"90397ea\" data-element_type=\"widget\" data-settings=\"{&quot;default_state&quot;:&quot;expanded&quot;,&quot;max_items_expended&quot;:&quot;one&quot;,&quot;n_accordion_animation_duration&quot;:{&quot;unit&quot;:&quot;ms&quot;,&quot;size&quot;:400,&quot;sizes&quot;:[]}}\" data-widget_type=\"nested-accordion.default\">\n\t\t\t\t<div class=\"elementor-widget-container\">\n\t\t\t\t\t<div class=\"e-n-accordion\" aria-label=\"Accordion. Open links with Enter or Space, close with Escape, and navigate with Arrow Keys\">\n\t\t\t\t\t\t<details id=\"e-n-accordion-item-1510\" class=\"e-n-accordion-item\" open>\n\t\t\t\t<summary class=\"e-n-accordion-item-title\" data-accordion-index=\"1\" tabindex=\"0\" aria-expanded=\"true\" aria-controls=\"e-n-accordion-item-1510\" >\n\t\t\t\t\t<span class='e-n-accordion-item-title-header'><div class=\"e-n-accordion-item-title-text\"> Diploma de Experto en Agenda Urbana <\/div><\/span>\n\t\t\t\t\t\t\t<span class='e-n-accordion-item-title-icon'>\n\t\t\t<span class='e-opened' ><svg aria-hidden=\"true\" class=\"e-font-icon-svg e-fas-minus\" viewBox=\"0 0 448 512\" xmlns=\"http:\/\/www.w3.org\/2000\/svg\"><path d=\"M416 208H32c-17.67 0-32 14.33-32 32v32c0 17.67 14.33 32 32 32h384c17.67 0 32-14.33 32-32v-32c0-17.67-14.33-32-32-32z\"><\/path><\/svg><\/span>\n\t\t\t<span class='e-closed'><svg aria-hidden=\"true\" class=\"e-font-icon-svg e-fas-plus\" viewBox=\"0 0 448 512\" xmlns=\"http:\/\/www.w3.org\/2000\/svg\"><path d=\"M416 208H272V64c0-17.67-14.33-32-32-32h-32c-17.67 0-32 14.33-32 32v144H32c-17.67 0-32 14.33-32 32v32c0 17.67 14.33 32 32 32h144v144c0 17.67 14.33 32 32 32h32c17.67 0 32-14.33 32-32V304h144c17.67 0 32-14.33 32-32v-32c0-17.67-14.33-32-32-32z\"><\/path><\/svg><\/span>\n\t\t<\/span>\n\n\t\t\t\t\t\t<\/summary>\n\t\t\t\t<div role=\"region\" aria-labelledby=\"e-n-accordion-item-1510\" class=\"elementor-element elementor-element-75d7b83 e-con-full e-flex e-con e-child\" data-id=\"75d7b83\" data-element_type=\"container\">\n\t\t<div role=\"region\" aria-labelledby=\"e-n-accordion-item-1510\" class=\"elementor-element elementor-element-390d98c e-flex e-con-boxed e-con e-child\" data-id=\"390d98c\" data-element_type=\"container\">\n\t\t\t\t\t<div class=\"e-con-inner\">\n\t\t\t\t<div class=\"elementor-element elementor-element-0a00004 elementor-widget elementor-widget-text-editor\" data-id=\"0a00004\" data-element_type=\"widget\" data-widget_type=\"text-editor.default\">\n\t\t\t\t<div class=\"elementor-widget-container\">\n\t\t\t\t\t\t\t<p style=\"text-align: justify;\">El <a href=\"https:\/\/www.upo.es\/formacionpermanente\/diploma-experto\/diseno-e-implementacion-de-agendas-urbanas\/#datos-generales\">\u201cDiploma de Experto Universitario en Agenda Urbana\u201d,<\/a> es un programa acad\u00e9mico dise\u00f1ado para proporcionar formaci\u00f3n en metodolog\u00edas y herramientas t\u00e9cnicas necesarias para dise\u00f1ar una Agenda Urbana, ya sea a nivel de ciudad o de territorio local, y estructurar los componentes esenciales para su implementaci\u00f3n. Este diploma busca dar a los participantes los conocimientos y habilidades necesarios para trabajar en proyectos de desarrollo urbano y territorial.<\/p>\n<p style=\"text-align: justify;\">El programa se imparte de forma online y asincr\u00f3nica, permitiendo a los estudiantes acceder a las lecciones y completar las tareas seg\u00fan su propio horario y ritmo. Esta modalidad brinda flexibilidad a aquellos que tienen otros compromisos y necesitan una opci\u00f3n de aprendizaje adaptable. El diploma se lleva a cabo a trav\u00e9s del Aula Virtual de la Universidad Pablo de Olavide, donde se organiza el contenido en m\u00f3dulos y asignaturas que cubren todo el programa.<\/p>\n<p style=\"text-align: justify;\">El cuerpo docente est\u00e1 formado por expertos nacionales e internacionales en planificaci\u00f3n urbana, con profesores de universidades como la Universidad Pablo de Olavide, la Universidad de Sevilla, la Universidad Polit\u00e9cnica de Madrid, la Universidad Aut\u00f3noma de Madrid y la Universidad de La Laguna. Adem\u00e1s, el programa cuenta con la participaci\u00f3n de profesionales y expertos de organizaciones p\u00fablicas como ONU-H\u00e1bitat, el Ministerio de Vivienda y Agenda Urbana del Gobierno de Espa\u00f1a, la Consejer\u00eda de Fomento de la Junta de Andaluc\u00eda y el Centro Iberoamericano de Desarrollo Estrat\u00e9gico Urbano (CIDEU), as\u00ed como especialistas de ayuntamientos como Dos Hermanas, La Rinconada, Lucena, Almer\u00eda, M\u00e1laga, Zaragoza y Barcelona.<\/p>\n<p style=\"text-align: justify;\">El diploma est\u00e1 dise\u00f1ado para personas interesadas en el desarrollo urbano y territorial. Por un lado, se enfoca en personal t\u00e9cnico y cargos pol\u00edticos de la administraci\u00f3n p\u00fablica que est\u00e9n involucrados en proyectos de desarrollo urbano y territorial y que cumplan con los requisitos de acceso. Tambi\u00e9n est\u00e1 orientado a profesionales que trabajan en empresas de consultor\u00eda y servicios t\u00e9cnicos que prestan apoyo en el \u00e1mbito del desarrollo territorial. Asimismo, el programa es ideal para titulados universitarios que desean especializarse en Agendas Urbanas. Adem\u00e1s, tambi\u00e9n va dirigido a estudiantes que est\u00e1n en la etapa final de sus estudios universitarios o que est\u00e9n cursando estudios de posgrado relacionados con el desarrollo urbano, ofreciendo una base s\u00f3lida para avanzar en sus carreras.<\/p>\t\t\t\t\t\t<\/div>\n\t\t\t\t<\/div>\n\t\t\t\t<div class=\"elementor-element elementor-element-4d41f1e elementor-align-center elementor-widget elementor-widget-button\" data-id=\"4d41f1e\" data-element_type=\"widget\" data-widget_type=\"button.default\">\n\t\t\t\t<div class=\"elementor-widget-container\">\n\t\t\t\t\t\t\t<div class=\"elementor-button-wrapper\">\n\t\t\t\t\t<a class=\"elementor-button elementor-button-link elementor-size-sm\" href=\"https:\/\/www.upo.es\/formacionpermanente\/diploma-experto\/diseno-e-implementacion-de-agendas-urbanas\/#datos-generales\">\n\t\t\t\t\t\t<span class=\"elementor-button-content-wrapper\">\n\t\t\t\t\t\t\t\t\t<span class=\"elementor-button-text\">M\u00e1s informaci\u00f3n<\/span>\n\t\t\t\t\t<\/span>\n\t\t\t\t\t<\/a>\n\t\t\t\t<\/div>\n\t\t\t\t\t\t<\/div>\n\t\t\t\t<\/div>\n\t\t\t\t\t<\/div>\n\t\t\t\t<\/div>\n\t\t\t\t<\/div>\n\t\t\t\t\t<\/details>\n\t\t\t\t\t\t<details id=\"e-n-accordion-item-1511\" class=\"e-n-accordion-item\" >\n\t\t\t\t<summary class=\"e-n-accordion-item-title\" data-accordion-index=\"2\" tabindex=\"-1\" aria-expanded=\"false\" aria-controls=\"e-n-accordion-item-1511\" >\n\t\t\t\t\t<span class='e-n-accordion-item-title-header'><div class=\"e-n-accordion-item-title-text\"> Certificado Universitario en Gesti\u00f3n Urban\u00edstica e Inmobiliaria <\/div><\/span>\n\t\t\t\t\t\t\t<span class='e-n-accordion-item-title-icon'>\n\t\t\t<span class='e-opened' ><svg aria-hidden=\"true\" class=\"e-font-icon-svg e-fas-minus\" viewBox=\"0 0 448 512\" xmlns=\"http:\/\/www.w3.org\/2000\/svg\"><path d=\"M416 208H32c-17.67 0-32 14.33-32 32v32c0 17.67 14.33 32 32 32h384c17.67 0 32-14.33 32-32v-32c0-17.67-14.33-32-32-32z\"><\/path><\/svg><\/span>\n\t\t\t<span class='e-closed'><svg aria-hidden=\"true\" class=\"e-font-icon-svg e-fas-plus\" viewBox=\"0 0 448 512\" xmlns=\"http:\/\/www.w3.org\/2000\/svg\"><path d=\"M416 208H272V64c0-17.67-14.33-32-32-32h-32c-17.67 0-32 14.33-32 32v144H32c-17.67 0-32 14.33-32 32v32c0 17.67 14.33 32 32 32h144v144c0 17.67 14.33 32 32 32h32c17.67 0 32-14.33 32-32V304h144c17.67 0 32-14.33 32-32v-32c0-17.67-14.33-32-32-32z\"><\/path><\/svg><\/span>\n\t\t<\/span>\n\n\t\t\t\t\t\t<\/summary>\n\t\t\t\t<div role=\"region\" aria-labelledby=\"e-n-accordion-item-1511\" class=\"elementor-element elementor-element-f86eb32 e-con-full e-flex e-con e-child\" data-id=\"f86eb32\" data-element_type=\"container\">\n\t\t<div role=\"region\" aria-labelledby=\"e-n-accordion-item-1511\" class=\"elementor-element elementor-element-276151b e-flex e-con-boxed e-con e-child\" data-id=\"276151b\" data-element_type=\"container\">\n\t\t\t\t\t<div class=\"e-con-inner\">\n\t\t\t\t<div class=\"elementor-element elementor-element-8f19e8a elementor-widget elementor-widget-text-editor\" data-id=\"8f19e8a\" data-element_type=\"widget\" data-widget_type=\"text-editor.default\">\n\t\t\t\t<div class=\"elementor-widget-container\">\n\t\t\t\t\t\t\t<p style=\"text-align: justify;\">El <a href=\"https:\/\/www.upo.es\/formacionpermanente\/certificado-universitario\/gestion-urbanistica-e-inmobiliaria\/\">\u00abCertificado Universitario en Gesti\u00f3n Urban\u00edstica e Inmobiliaria\u00bb<\/a>, ya en su III Edici\u00f3n, es un programa acad\u00e9mico que busca proporcionar una formaci\u00f3n pr\u00e1ctica y especializada para aquellos interesados en la gesti\u00f3n de terrenos urbanos y su desarrollo en proyectos inmobiliarios. A trav\u00e9s de este curso, los estudiantes aprender\u00e1n a analizar terrenos urbanos, evaluar su potencial de desarrollo y gestionar los tr\u00e1mites necesarios para la construcci\u00f3n y otros proyectos inmobiliarios. Tambi\u00e9n se les ense\u00f1ar\u00e1 a trabajar con instituciones p\u00fablicas para avanzar en el proceso de urbanizaci\u00f3n.<\/p><p style=\"text-align: justify;\">El curso est\u00e1 dirigido a personas con formaci\u00f3n universitaria, ya sea de primer o segundo ciclo, en campos t\u00e9cnicos o human\u00edsticos relacionados con el urbanismo. Sin embargo, en casos excepcionales, se puede aceptar a personas que est\u00e9n en su \u00faltimo a\u00f1o de estudios o que tengan experiencia laboral significativa en el sector inmobiliario.<\/p><p style=\"text-align: justify;\">La ense\u00f1anza se llevar\u00e1 a cabo mediante clases en directo, que pueden ser presenciales o por streaming. La metodolog\u00eda del curso es activa y participativa, con un enfoque pr\u00e1ctico que combina teor\u00eda y ejercicios demostrativos. El profesor act\u00faa como facilitador, ayudando a los estudiantes a aprender los conceptos te\u00f3ricos y a ponerlos en pr\u00e1ctica a trav\u00e9s de ejercicios interactivos. Se fomenta la participaci\u00f3n activa y la comunicaci\u00f3n entre los estudiantes, creando un ambiente de aprendizaje colaborativo.<\/p><p style=\"text-align: justify;\">Desde el primer d\u00eda, los y las estudiantes recibir\u00e1n detalles completos sobre el curso, incluyendo el programa, los objetivos, la metodolog\u00eda de ense\u00f1anza y los criterios de evaluaci\u00f3n. Tambi\u00e9n se les proporcionar\u00e1n los materiales necesarios para el seguimiento del curso y la adquisici\u00f3n de conocimientos te\u00f3ricos y pr\u00e1cticos. Las sesiones presenciales est\u00e1n dise\u00f1adas para ser din\u00e1micas y fomentar el aprendizaje cooperativo, permitiendo a los estudiantes interactuar y compartir ideas. Adem\u00e1s, el curso incluye simulaciones y ejercicios de role-playing para dar a los estudiantes una experiencia pr\u00e1ctica y ayudarlos a aplicar lo aprendido en situaciones del mundo real.<\/p>\t\t\t\t\t\t<\/div>\n\t\t\t\t<\/div>\n\t\t\t\t<div class=\"elementor-element elementor-element-8c71f84 elementor-align-center elementor-widget elementor-widget-button\" data-id=\"8c71f84\" data-element_type=\"widget\" data-widget_type=\"button.default\">\n\t\t\t\t<div class=\"elementor-widget-container\">\n\t\t\t\t\t\t\t<div class=\"elementor-button-wrapper\">\n\t\t\t\t\t<a class=\"elementor-button elementor-button-link elementor-size-sm\" href=\"https:\/\/www.upo.es\/formacionpermanente\/certificado-universitario\/gestion-urbanistica-e-inmobiliaria\/\">\n\t\t\t\t\t\t<span class=\"elementor-button-content-wrapper\">\n\t\t\t\t\t\t\t\t\t<span class=\"elementor-button-text\">M\u00e1s informaci\u00f3n<\/span>\n\t\t\t\t\t<\/span>\n\t\t\t\t\t<\/a>\n\t\t\t\t<\/div>\n\t\t\t\t\t\t<\/div>\n\t\t\t\t<\/div>\n\t\t\t\t\t<\/div>\n\t\t\t\t<\/div>\n\t\t\t\t<\/div>\n\t\t\t\t\t<\/details>\n\t\t\t\t\t<\/div>\n\t\t\t\t<\/div>\n\t\t\t\t<\/div>\n\t\t\t\t\t<\/div>\n\t\t\t\t<\/div>\n\t\t\t\t<\/div>\n\t\t","protected":false},"excerpt":{"rendered":"<p>T\u00edtulos propios Diploma de Experto en Agenda Urbana El \u201cDiploma de Experto Universitario en Agenda Urbana\u201d, es un programa acad\u00e9mico dise\u00f1ado para proporcionar formaci\u00f3n en metodolog\u00edas y herramientas t\u00e9cnicas necesarias para dise\u00f1ar una Agenda Urbana, ya sea a nivel de ciudad o de territorio local, y estructurar los componentes esenciales para su implementaci\u00f3n. Este diploma [&hellip;]<\/p>\n","protected":false},"author":3,"featured_media":0,"parent":0,"menu_order":0,"comment_status":"closed","ping_status":"closed","template":"","meta":{"inline_featured_image":false,"footnotes":""},"class_list":["post-2086","page","type-page","status-publish","hentry"],"_links":{"self":[{"href":"https:\/\/www.upo.es\/investiga\/ptyp\/upometropoli\/wp-json\/wp\/v2\/pages\/2086","targetHints":{"allow":["GET"]}}],"collection":[{"href":"https:\/\/www.upo.es\/investiga\/ptyp\/upometropoli\/wp-json\/wp\/v2\/pages"}],"about":[{"href":"https:\/\/www.upo.es\/investiga\/ptyp\/upometropoli\/wp-json\/wp\/v2\/types\/page"}],"author":[{"embeddable":true,"href":"https:\/\/www.upo.es\/investiga\/ptyp\/upometropoli\/wp-json\/wp\/v2\/users\/3"}],"replies":[{"embeddable":true,"href":"https:\/\/www.upo.es\/investiga\/ptyp\/upometropoli\/wp-json\/wp\/v2\/comments?post=2086"}],"version-history":[{"count":13,"href":"https:\/\/www.upo.es\/investiga\/ptyp\/upometropoli\/wp-json\/wp\/v2\/pages\/2086\/revisions"}],"predecessor-version":[{"id":2100,"href":"https:\/\/www.upo.es\/investiga\/ptyp\/upometropoli\/wp-json\/wp\/v2\/pages\/2086\/revisions\/2100"}],"wp:attachment":[{"href":"https:\/\/www.upo.es\/investiga\/ptyp\/upometropoli\/wp-json\/wp\/v2\/media?parent=2086"}],"curies":[{"name":"wp","href":"https:\/\/api.w.org\/{rel}","templated":true}]}}