{"id":2150,"date":"2024-05-13T19:01:50","date_gmt":"2024-05-13T17:01:50","guid":{"rendered":"https:\/\/www.upo.es\/investiga\/ptyp\/upometropoli\/?page_id=2150"},"modified":"2025-04-07T19:04:26","modified_gmt":"2025-04-07T17:04:26","slug":"capitulos-de-libro","status":"publish","type":"page","link":"https:\/\/www.upo.es\/investiga\/ptyp\/upometropoli\/capitulos-de-libro\/","title":{"rendered":"Cap\u00edtulos de libro"},"content":{"rendered":"\t\t<div data-elementor-type=\"wp-page\" data-elementor-id=\"2150\" class=\"elementor elementor-2150\" data-elementor-post-type=\"page\">\n\t\t\t\t<div class=\"elementor-element elementor-element-20b9295 e-flex e-con-boxed e-con e-parent\" data-id=\"20b9295\" data-element_type=\"container\">\n\t\t\t\t\t<div class=\"e-con-inner\">\n\t\t\t\t<div class=\"elementor-element elementor-element-296c6048 elementor-widget-divider--view-line elementor-widget elementor-widget-divider\" data-id=\"296c6048\" data-element_type=\"widget\" data-widget_type=\"divider.default\">\n\t\t\t\t<div class=\"elementor-widget-container\">\n\t\t\t\t\t<div class=\"elementor-divider\">\n\t\t\t<span class=\"elementor-divider-separator\">\n\t\t\t\t\t\t<\/span>\n\t\t<\/div>\n\t\t\t\t<\/div>\n\t\t\t\t<\/div>\n\t\t\t\t\t<\/div>\n\t\t\t\t<\/div>\n\t\t<div class=\"elementor-element elementor-element-f0f4e8a e-flex e-con-boxed e-con e-parent\" data-id=\"f0f4e8a\" data-element_type=\"container\">\n\t\t\t\t\t<div class=\"e-con-inner\">\n\t\t\t\t<div class=\"elementor-element elementor-element-660f176 elementor-widget elementor-widget-n-accordion\" data-id=\"660f176\" data-element_type=\"widget\" data-settings=\"{&quot;max_items_expended&quot;:&quot;multiple&quot;,&quot;n_accordion_animation_duration&quot;:{&quot;unit&quot;:&quot;ms&quot;,&quot;size&quot;:&quot;&quot;,&quot;sizes&quot;:[]},&quot;default_state&quot;:&quot;expanded&quot;}\" data-widget_type=\"nested-accordion.default\">\n\t\t\t\t<div class=\"elementor-widget-container\">\n\t\t\t\t\t<div class=\"e-n-accordion\" aria-label=\"Accordion. Open links with Enter or Space, close with Escape, and navigate with Arrow Keys\">\n\t\t\t\t\t\t<details id=\"e-n-accordion-item-1070\" class=\"e-n-accordion-item\" open>\n\t\t\t\t<summary class=\"e-n-accordion-item-title\" data-accordion-index=\"1\" tabindex=\"0\" aria-expanded=\"true\" aria-controls=\"e-n-accordion-item-1070\" >\n\t\t\t\t\t<span class='e-n-accordion-item-title-header'><div class=\"e-n-accordion-item-title-text\"> CAP\u00cdTULOS DE LIBRO <\/div><\/span>\n\t\t\t\t\t\t\t<span class='e-n-accordion-item-title-icon'>\n\t\t\t<span class='e-opened' ><svg aria-hidden=\"true\" class=\"e-font-icon-svg e-fas-book-open\" viewBox=\"0 0 576 512\" xmlns=\"http:\/\/www.w3.org\/2000\/svg\"><path d=\"M542.22 32.05c-54.8 3.11-163.72 14.43-230.96 55.59-4.64 2.84-7.27 7.89-7.27 13.17v363.87c0 11.55 12.63 18.85 23.28 13.49 69.18-34.82 169.23-44.32 218.7-46.92 16.89-.89 30.02-14.43 30.02-30.66V62.75c.01-17.71-15.35-31.74-33.77-30.7zM264.73 87.64C197.5 46.48 88.58 35.17 33.78 32.05 15.36 31.01 0 45.04 0 62.75V400.6c0 16.24 13.13 29.78 30.02 30.66 49.49 2.6 149.59 12.11 218.77 46.95 10.62 5.35 23.21-1.94 23.21-13.46V100.63c0-5.29-2.62-10.14-7.27-12.99z\"><\/path><\/svg><\/span>\n\t\t\t<span class='e-closed'><svg aria-hidden=\"true\" class=\"e-font-icon-svg e-fas-book\" viewBox=\"0 0 448 512\" xmlns=\"http:\/\/www.w3.org\/2000\/svg\"><path d=\"M448 360V24c0-13.3-10.7-24-24-24H96C43 0 0 43 0 96v320c0 53 43 96 96 96h328c13.3 0 24-10.7 24-24v-16c0-7.5-3.5-14.3-8.9-18.7-4.2-15.4-4.2-59.3 0-74.7 5.4-4.3 8.9-11.1 8.9-18.6zM128 134c0-3.3 2.7-6 6-6h212c3.3 0 6 2.7 6 6v20c0 3.3-2.7 6-6 6H134c-3.3 0-6-2.7-6-6v-20zm0 64c0-3.3 2.7-6 6-6h212c3.3 0 6 2.7 6 6v20c0 3.3-2.7 6-6 6H134c-3.3 0-6-2.7-6-6v-20zm253.4 250H96c-17.7 0-32-14.3-32-32 0-17.6 14.4-32 32-32h285.4c-1.9 17.1-1.9 46.9 0 64z\"><\/path><\/svg><\/span>\n\t\t<\/span>\n\n\t\t\t\t\t\t<\/summary>\n\t\t\t\t<div role=\"region\" aria-labelledby=\"e-n-accordion-item-1070\" class=\"elementor-element elementor-element-81266f5 e-con-full e-flex e-con e-child\" data-id=\"81266f5\" data-element_type=\"container\">\n\t\t\t\t<div class=\"elementor-element elementor-element-e77a3b8 elementor-position-left elementor-vertical-align-middle elementor-widget elementor-widget-image-box\" data-id=\"e77a3b8\" data-element_type=\"widget\" data-widget_type=\"image-box.default\">\n\t\t\t\t<div class=\"elementor-widget-container\">\n\t\t\t<div class=\"elementor-image-box-wrapper\"><figure class=\"elementor-image-box-img\"><a href=\"https:\/\/www.taylorfrancis.com\/chapters\/edit\/10.4324\/9781003498216-4\/urban-sustainable-development-via-self-sufficiency-planning-approaches-theoretical-discussion-marco-antonio-s%C3%A1nchez-trujillo-mar%C3%ADa-%C3%A1ngeles-huete-garc%C3%ADa\" tabindex=\"-1\"><img decoding=\"async\" src=\"https:\/\/images.routledge.com\/common\/jackets\/amazon\/978103280\/9781032807102.jpg\" title=\"\" alt=\"\" loading=\"lazy\" \/><\/a><\/figure><div class=\"elementor-image-box-content\"><h3 class=\"elementor-image-box-title\"><a href=\"https:\/\/www.taylorfrancis.com\/chapters\/edit\/10.4324\/9781003498216-4\/urban-sustainable-development-via-self-sufficiency-planning-approaches-theoretical-discussion-marco-antonio-s%C3%A1nchez-trujillo-mar%C3%ADa-%C3%A1ngeles-huete-garc%C3%ADa\">Urban sustainable development via self-sufficiency planning approaches. A theoretical discussion<\/a><\/h3><p class=\"elementor-image-box-description\">Self-Sufficiency and Sustainable Cities and Regions.\n<br><span style=\"background-color: transparent; color: rgb(0, 0, 0); font-family: Roboto, sans-serif; font-size: 12pt; font-style: normal;\">Marco Antonio S\u00e1nchez Trujillo, Mar\u00eda \u00c1ngeles Huete Garc\u00eda (2024).<\/span><\/p><\/div><\/div>\t\t<\/div>\n\t\t\t\t<\/div>\n\t\t\t\t<div class=\"elementor-element elementor-element-ca0c128 elementor-position-left elementor-vertical-align-middle elementor-widget elementor-widget-image-box\" data-id=\"ca0c128\" data-element_type=\"widget\" data-widget_type=\"image-box.default\">\n\t\t\t\t<div class=\"elementor-widget-container\">\n\t\t\t<div class=\"elementor-image-box-wrapper\"><figure class=\"elementor-image-box-img\"><a href=\"https:\/\/www.taylorfrancis.com\/chapters\/edit\/10.4324\/9781003498216-4\/urban-sustainable-development-via-self-sufficiency-planning-approaches-theoretical-discussion-marco-antonio-s%C3%A1nchez-trujillo-mar%C3%ADa-%C3%A1ngeles-huete-garc%C3%ADa\" tabindex=\"-1\"><img decoding=\"async\" src=\"https:\/\/media.springernature.com\/full\/springer-static\/cover-hires\/book\/978-3-031-55436-0?as=webp\" title=\"\" alt=\"\" loading=\"lazy\" \/><\/a><\/figure><div class=\"elementor-image-box-content\"><h3 class=\"elementor-image-box-title\"><a href=\"https:\/\/www.taylorfrancis.com\/chapters\/edit\/10.4324\/9781003498216-4\/urban-sustainable-development-via-self-sufficiency-planning-approaches-theoretical-discussion-marco-antonio-s%C3%A1nchez-trujillo-mar%C3%ADa-%C3%A1ngeles-huete-garc%C3%ADa\">Ciudades y COVID-19. Reflexiones sobre una nueva agenda de investigaci\u00f3n para las ciudades del ma\u00f1ana.<\/a><\/h3><p class=\"elementor-image-box-description\">Din\u00e1mica socioespacial en la Europa mediterr\u00e1nea: exploraci\u00f3n de los procesos estructurales metropolitanos y el cambio a corto plazo.<br><span style=\"background-color: transparent; color: rgb(0, 0, 0); font-family: Roboto, sans-serif; font-size: 12pt; font-style: normal;\">Benito Doblado Jim\u00e9nez, Mar\u00eda \u00c1ngeles Huete Garc\u00eda, Andrea And\u00fajar Llosa (2024).<\/span><\/p><\/div><\/div>\t\t<\/div>\n\t\t\t\t<\/div>\n\t\t\t\t<div class=\"elementor-element elementor-element-b61cce3 elementor-position-left elementor-vertical-align-middle elementor-widget elementor-widget-image-box\" data-id=\"b61cce3\" data-element_type=\"widget\" data-widget_type=\"image-box.default\">\n\t\t\t\t<div class=\"elementor-widget-container\">\n\t\t\t<div class=\"elementor-image-box-wrapper\"><figure class=\"elementor-image-box-img\"><a href=\"https:\/\/editorial.tirant.com\/es\/libro\/metropolis-sin-gobierno-la-anomalia-espanola-en-europa-mariona-tomas-9788419632272?busqueda=Metr%3Fpolis+sin+gobierno.+La+anomal%3Fa+espa%3Fola+en+Europa&#038;\" tabindex=\"-1\"><img decoding=\"async\" src=\"https:\/\/media.springernature.com\/full\/springer-static\/cover-hires\/book\/978-3-031-55436-0?as=webp\" title=\"\" alt=\"\" loading=\"lazy\" \/><\/a><\/figure><div class=\"elementor-image-box-content\"><h3 class=\"elementor-image-box-title\"><a href=\"https:\/\/editorial.tirant.com\/es\/libro\/metropolis-sin-gobierno-la-anomalia-espanola-en-europa-mariona-tomas-9788419632272?busqueda=Metr%3Fpolis+sin+gobierno.+La+anomal%3Fa+espa%3Fola+en+Europa&#038;\">Un enfoque de planificaci\u00f3n estrat\u00e9gica: un nuevo marco para la gobernanza metropolitana<\/a><\/h3><p class=\"elementor-image-box-description\">Din\u00e1micas socioespaciales en la Europa mediterr\u00e1nea. Explorando los procesos estructurales metropolitanos y el cambio a corto plazo.<br><span style=\"background-color: transparent; color: rgb(0, 0, 0); font-family: Roboto, sans-serif; font-size: 12pt; font-style: normal;\">Ignacio Vegas Sandoval, Rafael Merinero Rodr\u00edguez, Mar\u00eda \u00c1ngeles Huete Garc\u00eda (2024).<\/span><\/p><\/div><\/div>\t\t<\/div>\n\t\t\t\t<\/div>\n\t\t\t\t<div class=\"elementor-element elementor-element-f87c8da elementor-position-left elementor-vertical-align-middle elementor-widget elementor-widget-image-box\" data-id=\"f87c8da\" data-element_type=\"widget\" data-widget_type=\"image-box.default\">\n\t\t\t\t<div class=\"elementor-widget-container\">\n\t\t\t<div class=\"elementor-image-box-wrapper\"><figure class=\"elementor-image-box-img\"><a href=\"https:\/\/editorial.tirant.com\/es\/libro\/metropolis-sin-gobierno-la-anomalia-espanola-en-europa-mariona-tomas-9788419632272?busqueda=Metr%3Fpolis+sin+gobierno.+La+anomal%3Fa+espa%3Fola+en+Europa&#038;\" tabindex=\"-1\"><img decoding=\"async\" src=\"https:\/\/media.springernature.com\/full\/springer-static\/cover-hires\/book\/978-3-031-38473-8?as=webp\" title=\"\" alt=\"\" loading=\"lazy\" \/><\/a><\/figure><div class=\"elementor-image-box-content\"><h3 class=\"elementor-image-box-title\"><a href=\"https:\/\/editorial.tirant.com\/es\/libro\/metropolis-sin-gobierno-la-anomalia-espanola-en-europa-mariona-tomas-9788419632272?busqueda=Metr%3Fpolis+sin+gobierno.+La+anomal%3Fa+espa%3Fola+en+Europa&#038;\">Urban Policies in the Framework of the 2030 Agenda: Balance and Perspectives in Spain. The Case of Seville.<\/a><\/h3><p class=\"elementor-image-box-description\">Urban Policy in the Framework of the 2030 Agenda. Balance and Perspectives from Latin America and Europe.<br><span style=\"background-color: transparent; color: rgb(0, 0, 0); font-family: Roboto, sans-serif; font-size: 12pt; font-style: normal;\">Elena Ga\u00f1\u00e1n S\u00e1nchez, Rafael Merinero Rodr\u00edguez, Mar\u00eda \u00c1ngeles Huete Garc\u00eda (2023).<\/span><\/p><\/div><\/div>\t\t<\/div>\n\t\t\t\t<\/div>\n\t\t\t\t<div class=\"elementor-element elementor-element-b408923 elementor-position-left elementor-vertical-align-middle elementor-widget elementor-widget-image-box\" data-id=\"b408923\" data-element_type=\"widget\" data-widget_type=\"image-box.default\">\n\t\t\t\t<div class=\"elementor-widget-container\">\n\t\t\t<div class=\"elementor-image-box-wrapper\"><figure class=\"elementor-image-box-img\"><a href=\"https:\/\/editorial.tirant.com\/es\/libro\/metropolis-sin-gobierno-la-anomalia-espanola-en-europa-mariona-tomas-9788419632272?busqueda=Metr%3Fpolis+sin+gobierno.+La+anomal%3Fa+espa%3Fola+en+Europa&#038;\" tabindex=\"-1\"><img decoding=\"async\" src=\"https:\/\/media.springernature.com\/full\/springer-static\/cover-hires\/book\/978-3-031-38473-8?as=webp\" title=\"\" alt=\"\" loading=\"lazy\" \/><\/a><\/figure><div class=\"elementor-image-box-content\"><h3 class=\"elementor-image-box-title\"><a href=\"https:\/\/editorial.tirant.com\/es\/libro\/metropolis-sin-gobierno-la-anomalia-espanola-en-europa-mariona-tomas-9788419632272?busqueda=Metr%3Fpolis+sin+gobierno.+La+anomal%3Fa+espa%3Fola+en+Europa&#038;\">Agenda 2030 and the Challenges of the Sustainable Urban Development Goals in France: The Case of Saint-\u00c9tienne.<\/a><\/h3><p class=\"elementor-image-box-description\">Urban Policy in the Framework of the 2030 Agenda. Balance and Perspectives from Latin America and Europe.<br><span style=\"background-color: transparent; color: rgb(0, 0, 0); font-family: Roboto, sans-serif; font-size: 12pt; font-style: normal;\">Marco Antonio S\u00e1nchez Trujillo, Benito Doblado Jim\u00e9nez, Jos\u00e9 Mar\u00eda Campos Fito (2023).<\/span><\/p><\/div><\/div>\t\t<\/div>\n\t\t\t\t<\/div>\n\t\t\t\t<div class=\"elementor-element elementor-element-3e11312 elementor-position-left elementor-vertical-align-middle elementor-widget elementor-widget-image-box\" data-id=\"3e11312\" data-element_type=\"widget\" data-widget_type=\"image-box.default\">\n\t\t\t\t<div class=\"elementor-widget-container\">\n\t\t\t<div class=\"elementor-image-box-wrapper\"><figure class=\"elementor-image-box-img\"><a href=\"https:\/\/editorial.tirant.com\/es\/libro\/metropolis-sin-gobierno-la-anomalia-espanola-en-europa-mariona-tomas-9788419632272?busqueda=Metr%3Fpolis+sin+gobierno.+La+anomal%3Fa+espa%3Fola+en+Europa&#038;\" tabindex=\"-1\"><img fetchpriority=\"high\" decoding=\"async\" width=\"681\" height=\"948\" src=\"https:\/\/www.upo.es\/investiga\/ptyp\/upometropoli\/wp-content\/uploads\/2024\/01\/METROPOLINSIN.png\" class=\"attachment-full size-full wp-image-1836\" alt=\"\" srcset=\"https:\/\/www.upo.es\/investiga\/ptyp\/upometropoli\/wp-content\/uploads\/2024\/01\/METROPOLINSIN.png 681w, https:\/\/www.upo.es\/investiga\/ptyp\/upometropoli\/wp-content\/uploads\/2024\/01\/METROPOLINSIN-216x300.png 216w\" sizes=\"(max-width: 681px) 100vw, 681px\" \/><\/a><\/figure><div class=\"elementor-image-box-content\"><h3 class=\"elementor-image-box-title\"><a href=\"https:\/\/editorial.tirant.com\/es\/libro\/metropolis-sin-gobierno-la-anomalia-espanola-en-europa-mariona-tomas-9788419632272?busqueda=Metr%3Fpolis+sin+gobierno.+La+anomal%3Fa+espa%3Fola+en+Europa&#038;\">La Gobernanza Metropolitana en Andaluc\u00eda: hacia el reconocimiento institucional y pol\u00edtico del hecho metropolitano.<\/a><\/h3><p class=\"elementor-image-box-description\">Metr\u00f3polis sin gobierno. La anomal\u00eda espa\u00f1ola en Europa.<br><span style=\"background-color: transparent; color: rgb(0, 0, 0); font-family: Roboto, sans-serif; font-size: 12pt; font-style: normal;\">Elena Ga\u00f1\u00e1n S\u00e1nchez, Rafael Merinero Rodr\u00edguez, Mar\u00eda \u00c1ngeles Huete Garc\u00eda (2023).<\/span><\/p><\/div><\/div>\t\t<\/div>\n\t\t\t\t<\/div>\n\t\t\t\t<div class=\"elementor-element elementor-element-89b211d elementor-position-left elementor-vertical-align-middle elementor-widget elementor-widget-image-box\" data-id=\"89b211d\" data-element_type=\"widget\" data-widget_type=\"image-box.default\">\n\t\t\t\t<div class=\"elementor-widget-container\">\n\t\t\t<div class=\"elementor-image-box-wrapper\"><figure class=\"elementor-image-box-img\"><a href=\"https:\/\/dialnet.unirioja.es\/servlet\/articulo?codigo=8416653\" tabindex=\"-1\"><img decoding=\"async\" width=\"665\" height=\"958\" src=\"https:\/\/www.upo.es\/investiga\/ptyp\/upometropoli\/wp-content\/uploads\/2024\/01\/libro.png\" class=\"attachment-full size-full wp-image-1837\" alt=\"\" srcset=\"https:\/\/www.upo.es\/investiga\/ptyp\/upometropoli\/wp-content\/uploads\/2024\/01\/libro.png 665w, https:\/\/www.upo.es\/investiga\/ptyp\/upometropoli\/wp-content\/uploads\/2024\/01\/libro-208x300.png 208w\" sizes=\"(max-width: 665px) 100vw, 665px\" \/><\/a><\/figure><div class=\"elementor-image-box-content\"><h3 class=\"elementor-image-box-title\"><a href=\"https:\/\/dialnet.unirioja.es\/servlet\/articulo?codigo=8416653\">Los objetivos de desarrollo sostenible y las herramientas para el dise\u00f1o y la evaluaci\u00f3n de pol\u00edticas urbanas en la UE. An\u00e1lisis de vinculaci\u00f3n del reference framework for sustainable cities (RFSC).<\/a><\/h3><p class=\"elementor-image-box-description\">Pol\u00edticas urbanas y localizaci\u00f3n de los objetivos de desarrollo sostenible.<br><span style=\"background-color: transparent; color: rgb(0, 0, 0); font-family: Roboto, sans-serif; font-size: 12pt; font-style: normal;\">Mar\u00eda \u00c1ngeles Huete Garc\u00eda, Rafael Merinero Rodr\u00edguez (2021) .<\/span><\/p><\/div><\/div>\t\t<\/div>\n\t\t\t\t<\/div>\n\t\t\t\t<div class=\"elementor-element elementor-element-b8cd69a elementor-position-left elementor-vertical-align-middle elementor-widget elementor-widget-image-box\" data-id=\"b8cd69a\" data-element_type=\"widget\" data-widget_type=\"image-box.default\">\n\t\t\t\t<div class=\"elementor-widget-container\">\n\t\t\t<div class=\"elementor-image-box-wrapper\"><figure class=\"elementor-image-box-img\"><a href=\"https:\/\/www.editorialreus.es\/libros\/las-agendas-urbanas-y-el-gobierno-de-las-ciudades\/9788429023589\/\" tabindex=\"-1\"><img decoding=\"async\" src=\"https:\/\/www.editorialreus.es\/media\/img\/portadas\/9788429023589.jpg\" title=\"\" alt=\"\" loading=\"lazy\" \/><\/a><\/figure><div class=\"elementor-image-box-content\"><h3 class=\"elementor-image-box-title\"><a href=\"https:\/\/www.editorialreus.es\/libros\/las-agendas-urbanas-y-el-gobierno-de-las-ciudades\/9788429023589\/\">El modelo de intervenci\u00f3n de las Agendas Urbanas. An\u00e1lisis desde una perspectiva multinivel.<\/a><\/h3><p class=\"elementor-image-box-description\">Las Agendas Urbanas y el Gobierno de las ciudades. Transformaciones, desaf\u00edos e instrumentos.<br><span style=\"background-color: transparent; color: rgb(0, 0, 0); font-family: Roboto, sans-serif; font-size: 12pt; font-style: normal;\">Rafael Merinero Rodr\u00edguez, Mar\u00eda \u00c1ngeles Huete Garc\u00eda (2021).<\/span><\/p><\/div><\/div>\t\t<\/div>\n\t\t\t\t<\/div>\n\t\t\t\t<div class=\"elementor-element elementor-element-c6a7f7e elementor-position-left elementor-vertical-align-middle elementor-widget elementor-widget-image-box\" data-id=\"c6a7f7e\" data-element_type=\"widget\" data-widget_type=\"image-box.default\">\n\t\t\t\t<div class=\"elementor-widget-container\">\n\t\t\t<div class=\"elementor-image-box-wrapper\"><figure class=\"elementor-image-box-img\"><a href=\"https:\/\/search.worldcat.org\/it\/title\/foregrounding-urban-agendas-the-new-urban-issue-in-european-experiences-of-policy-making\/oclc\/1224756268\" tabindex=\"-1\"><img decoding=\"async\" src=\"https:\/\/coverart.oclc.org\/ImageWebSvc\/oclc\/+-+3171029776_140.jpg?allowDefault=false&#038;client=WorldcatOrgUI\" title=\"\" alt=\"\" loading=\"lazy\" \/><\/a><\/figure><div class=\"elementor-image-box-content\"><h3 class=\"elementor-image-box-title\"><a href=\"https:\/\/search.worldcat.org\/it\/title\/foregrounding-urban-agendas-the-new-urban-issue-in-european-experiences-of-policy-making\/oclc\/1224756268\">The Role of Subnational Governments in the Cities of Tomorrow. The Urban Agenda for Andalusia.<\/a><\/h3><p class=\"elementor-image-box-description\">Foregrounding Urban Agendas: The New Urban Issue in European Experiences of Policy-Making.<br><span style=\"background-color: transparent; color: rgb(0, 0, 0); font-family: Roboto, sans-serif; font-size: 12pt; font-style: normal;\">Rafael Merinero Rodr\u00edguez, Mar\u00eda \u00c1ngeles Huete Garc\u00eda (2020).<\/span><\/p><\/div><\/div>\t\t<\/div>\n\t\t\t\t<\/div>\n\t\t\t\t<\/div>\n\t\t\t\t\t<\/details>\n\t\t\t\t\t<\/div>\n\t\t\t\t<\/div>\n\t\t\t\t<\/div>\n\t\t\t\t\t<\/div>\n\t\t\t\t<\/div>\n\t\t\t\t<\/div>\n\t\t","protected":false},"excerpt":{"rendered":"<p>CAP\u00cdTULOS DE LIBRO Urban sustainable development via self-sufficiency planning approaches. A theoretical discussion Self-Sufficiency and Sustainable Cities and Regions. Marco Antonio S\u00e1nchez Trujillo, Mar\u00eda \u00c1ngeles Huete Garc\u00eda (2024). Ciudades y COVID-19. Reflexiones sobre una nueva agenda de investigaci\u00f3n para las ciudades del ma\u00f1ana. Din\u00e1mica socioespacial en la Europa mediterr\u00e1nea: exploraci\u00f3n de los procesos estructurales metropolitanos [&hellip;]<\/p>\n","protected":false},"author":3,"featured_media":0,"parent":0,"menu_order":0,"comment_status":"closed","ping_status":"closed","template":"","meta":{"inline_featured_image":false,"footnotes":""},"class_list":["post-2150","page","type-page","status-publish","hentry"],"_links":{"self":[{"href":"https:\/\/www.upo.es\/investiga\/ptyp\/upometropoli\/wp-json\/wp\/v2\/pages\/2150","targetHints":{"allow":["GET"]}}],"collection":[{"href":"https:\/\/www.upo.es\/investiga\/ptyp\/upometropoli\/wp-json\/wp\/v2\/pages"}],"about":[{"href":"https:\/\/www.upo.es\/investiga\/ptyp\/upometropoli\/wp-json\/wp\/v2\/types\/page"}],"author":[{"embeddable":true,"href":"https:\/\/www.upo.es\/investiga\/ptyp\/upometropoli\/wp-json\/wp\/v2\/users\/3"}],"replies":[{"embeddable":true,"href":"https:\/\/www.upo.es\/investiga\/ptyp\/upometropoli\/wp-json\/wp\/v2\/comments?post=2150"}],"version-history":[{"count":19,"href":"https:\/\/www.upo.es\/investiga\/ptyp\/upometropoli\/wp-json\/wp\/v2\/pages\/2150\/revisions"}],"predecessor-version":[{"id":2404,"href":"https:\/\/www.upo.es\/investiga\/ptyp\/upometropoli\/wp-json\/wp\/v2\/pages\/2150\/revisions\/2404"}],"wp:attachment":[{"href":"https:\/\/www.upo.es\/investiga\/ptyp\/upometropoli\/wp-json\/wp\/v2\/media?parent=2150"}],"curies":[{"name":"wp","href":"https:\/\/api.w.org\/{rel}","templated":true}]}}