{"id":2196,"date":"2024-06-17T15:47:53","date_gmt":"2024-06-17T13:47:53","guid":{"rendered":"https:\/\/www.upo.es\/investiga\/ptyp\/upometropoli\/?page_id=2196"},"modified":"2024-06-28T09:24:24","modified_gmt":"2024-06-28T07:24:24","slug":"dinametii","status":"publish","type":"page","link":"https:\/\/www.upo.es\/investiga\/ptyp\/upometropoli\/dinametii\/","title":{"rendered":"Din\u00e1micas socioterritoriales metropolitanas y pol\u00edticas p\u00fablicas en un entorno de incertidumbre (DINAMET II)"},"content":{"rendered":"\t\t<div data-elementor-type=\"wp-page\" data-elementor-id=\"2196\" class=\"elementor elementor-2196\" data-elementor-post-type=\"page\">\n\t\t\t\t<div class=\"elementor-element elementor-element-2623879e e-flex e-con-boxed e-con e-parent\" data-id=\"2623879e\" data-element_type=\"container\">\n\t\t\t\t\t<div class=\"e-con-inner\">\n\t\t\t\t<div class=\"elementor-element elementor-element-4beb2497 elementor-widget-divider--view-line elementor-widget elementor-widget-divider\" data-id=\"4beb2497\" data-element_type=\"widget\" data-widget_type=\"divider.default\">\n\t\t\t\t<div class=\"elementor-widget-container\">\n\t\t\t\t\t<div class=\"elementor-divider\">\n\t\t\t<span class=\"elementor-divider-separator\">\n\t\t\t\t\t\t<\/span>\n\t\t<\/div>\n\t\t\t\t<\/div>\n\t\t\t\t<\/div>\n\t\t\t\t\t<\/div>\n\t\t\t\t<\/div>\n\t\t<div class=\"elementor-element elementor-element-10a4149b e-flex e-con-boxed e-con e-parent\" data-id=\"10a4149b\" data-element_type=\"container\">\n\t\t\t\t\t<div class=\"e-con-inner\">\n\t\t\t\t<div class=\"elementor-element elementor-element-62fe48a9 elementor-widget elementor-widget-heading\" data-id=\"62fe48a9\" data-element_type=\"widget\" data-widget_type=\"heading.default\">\n\t\t\t\t<div class=\"elementor-widget-container\">\n\t\t\t<h2 class=\"elementor-heading-title elementor-size-default\">DINAMET<\/h2>\t\t<\/div>\n\t\t\t\t<\/div>\n\t\t\t\t\t<\/div>\n\t\t\t\t<\/div>\n\t\t<div class=\"elementor-element elementor-element-4fbf145e e-flex e-con-boxed e-con e-parent\" data-id=\"4fbf145e\" data-element_type=\"container\">\n\t\t\t\t\t<div class=\"e-con-inner\">\n\t\t\t\t<div class=\"elementor-element elementor-element-381c7f03 elementor-widget elementor-widget-text-editor\" data-id=\"381c7f03\" data-element_type=\"widget\" data-widget_type=\"text-editor.default\">\n\t\t\t\t<div class=\"elementor-widget-container\">\n\t\t\t\t\t\t\t<p><span style=\"font-weight: 400;\">Din\u00e1micas socioterritoriales metropolitanas y pol\u00edticas p\u00fablicas en un entorno de incertidumbre (DINAMET II)<\/span><\/p>\t\t\t\t\t\t<\/div>\n\t\t\t\t<\/div>\n\t\t\t\t\t<\/div>\n\t\t\t\t<\/div>\n\t\t<div class=\"elementor-element elementor-element-c9d969 e-flex e-con-boxed e-con e-parent\" data-id=\"c9d969\" data-element_type=\"container\">\n\t\t\t\t\t<div class=\"e-con-inner\">\n\t\t\t\t<div class=\"elementor-element elementor-element-323274bc elementor-widget-divider--view-line elementor-widget elementor-widget-divider\" data-id=\"323274bc\" data-element_type=\"widget\" data-widget_type=\"divider.default\">\n\t\t\t\t<div class=\"elementor-widget-container\">\n\t\t\t\t\t<div class=\"elementor-divider\">\n\t\t\t<span class=\"elementor-divider-separator\">\n\t\t\t\t\t\t<\/span>\n\t\t<\/div>\n\t\t\t\t<\/div>\n\t\t\t\t<\/div>\n\t\t\t\t\t<\/div>\n\t\t\t\t<\/div>\n\t\t<div class=\"elementor-element elementor-element-4211a996 e-con-full e-flex e-con e-parent\" data-id=\"4211a996\" data-element_type=\"container\">\n\t\t<div class=\"elementor-element elementor-element-127892c1 e-con-full e-flex e-con e-child\" data-id=\"127892c1\" data-element_type=\"container\">\n\t\t\t\t<div class=\"elementor-element elementor-element-341dedcd elementor-widget elementor-widget-heading\" data-id=\"341dedcd\" data-element_type=\"widget\" data-widget_type=\"heading.default\">\n\t\t\t\t<div class=\"elementor-widget-container\">\n\t\t\t<h2 class=\"elementor-heading-title elementor-size-default\">Descripci\u00f3n y objetivos<\/h2>\t\t<\/div>\n\t\t\t\t<\/div>\n\t\t\t\t<div class=\"elementor-element elementor-element-472c772b elementor-widget elementor-widget-text-editor\" data-id=\"472c772b\" data-element_type=\"widget\" data-widget_type=\"text-editor.default\">\n\t\t\t\t<div class=\"elementor-widget-container\">\n\t\t\t\t\t\t\t<p><span style=\"font-size: 12pt; font-weight: var( --e-global-typography-text-font-weight ); background-color: var(--wp--preset--color--background);\">El Plan Estatal de Investigaci\u00f3n Cient\u00edfica, T\u00e9cnica y de Innovaci\u00f3n (PEICTI) 2021-2023 busca fortalecer el sistema de I+D+I en respuesta a la crisis econ\u00f3mica y social causada por la COVID-19. Este plan, junto con la Estrategia Espa\u00f1ola de Ciencia, Tecnolog\u00eda e Innovaci\u00f3n (EECTI) 2021-2027, se alinea con los cl\u00fasteres tem\u00e1ticos del programa Horizonte Europa de la UE. El proyecto DINAMET II es una continuaci\u00f3n del proyecto DINAMET, que estudi\u00f3 las din\u00e1micas socio-territoriales en \u00e1reas metropolitanas espa\u00f1olas. DINAMET II incorpora nuevos enfoques conceptuales y metodol\u00f3gicos, centrados en la infraestructura social y las Agendas Urbanas, para abordar los retos urbanos actuales y futuros.<\/span><br><\/p>\n<p>    <span style=\"font-weight: 400; font-family: 'Roboto', sans-serif; font-size: 12pt;\">El proyecto se basa en cuatro hip\u00f3tesis principales:<\/span><\/p>\n<p style=\"padding-left: 40px;\"><span style=\"font-weight: 400; font-family: 'Roboto', sans-serif; font-size: 12pt;\">\u25cf El sistema urbano espa\u00f1ol es predominantemente metropolitano.<\/span><\/p>\n<p style=\"padding-left: 40px;\"><span style=\"font-weight: 400; font-family: 'Roboto', sans-serif; font-size: 12pt;\">\u25cf La pandemia ha alterado aspectos esenciales de la vida urbana.<\/span><\/p>\n<p style=\"padding-left: 40px;\"><span style=\"font-weight: 400; font-family: 'Roboto', sans-serif; font-size: 12pt;\">\u25cf Conocer estos procesos puede ayudar a mejorar la sostenibilidad social y ambiental.<\/span><\/p>\n<p style=\"padding-left: 40px;\"><span style=\"font-weight: 400; font-family: 'Roboto', sans-serif; font-size: 12pt;\">\u25cf Las respuestas p\u00fablicas a estos retos configuran un nuevo modelo de intervenci\u00f3n urbana.<\/span><\/p>\n<p>    <span style=\"font-family: 'Roboto', sans-serif; font-size: 12pt;\">DINAMET II se vincula con varias prioridades tem\u00e1ticas del PEICTI y la EECTI, como la seguridad civil y la sostenibilidad urbana, y con los Objetivos de Desarrollo Sostenible de la Agenda 2030, especialmente el ODS 11. El proyecto pretende proporcionar un marco de conocimiento para dise\u00f1ar pol\u00edticas p\u00fablicas efectivas en cohesi\u00f3n social y sostenibilidad ambiental. Sus objetivos espec\u00edficos incluyen analizar din\u00e1micas metropolitanas, modelos de equidad socio-territorial, la sostenibilidad entre espacio urbanizado y entorno natural, y pol\u00edticas de intervenci\u00f3n urbana.<\/span><br>\n<\/p>\n<style>\n        @import url('https:\/\/fonts.googleapis.com\/css2?family=Roboto:wght@400;700&display=swap');<br \/>\n        body {<br \/>\n            font-family: 'Roboto', sans-serif;<br \/>\n        }<br \/>\n    <\/style>\t\t\t\t\t\t<\/div>\n\t\t\t\t<\/div>\n\t\t\t\t<div class=\"elementor-element elementor-element-53322d46 elementor-widget elementor-widget-n-accordion\" data-id=\"53322d46\" data-element_type=\"widget\" data-settings=\"{&quot;default_state&quot;:&quot;all_collapsed&quot;,&quot;max_items_expended&quot;:&quot;one&quot;,&quot;n_accordion_animation_duration&quot;:{&quot;unit&quot;:&quot;ms&quot;,&quot;size&quot;:400,&quot;sizes&quot;:[]}}\" data-widget_type=\"nested-accordion.default\">\n\t\t\t\t<div class=\"elementor-widget-container\">\n\t\t\t\t\t<div class=\"e-n-accordion\" aria-label=\"Accordion. Open links with Enter or Space, close with Escape, and navigate with Arrow Keys\">\n\t\t\t\t\t\t<details id=\"e-n-accordion-item-1390\" class=\"e-n-accordion-item\" >\n\t\t\t\t<summary class=\"e-n-accordion-item-title\" data-accordion-index=\"1\" tabindex=\"0\" aria-expanded=\"false\" aria-controls=\"e-n-accordion-item-1390\" >\n\t\t\t\t\t<span class='e-n-accordion-item-title-header'><div class=\"e-n-accordion-item-title-text\"> Metodolog\u00eda <\/div><\/span>\n\t\t\t\t\t\t\t<span class='e-n-accordion-item-title-icon'>\n\t\t\t<span class='e-opened' ><svg aria-hidden=\"true\" class=\"e-font-icon-svg e-fas-minus-circle\" viewBox=\"0 0 512 512\" xmlns=\"http:\/\/www.w3.org\/2000\/svg\"><path d=\"M256 8C119 8 8 119 8 256s111 248 248 248 248-111 248-248S393 8 256 8zM124 296c-6.6 0-12-5.4-12-12v-56c0-6.6 5.4-12 12-12h264c6.6 0 12 5.4 12 12v56c0 6.6-5.4 12-12 12H124z\"><\/path><\/svg><\/span>\n\t\t\t<span class='e-closed'><svg aria-hidden=\"true\" class=\"e-font-icon-svg e-fas-plus-circle\" viewBox=\"0 0 512 512\" xmlns=\"http:\/\/www.w3.org\/2000\/svg\"><path d=\"M256 8C119 8 8 119 8 256s111 248 248 248 248-111 248-248S393 8 256 8zm144 276c0 6.6-5.4 12-12 12h-92v92c0 6.6-5.4 12-12 12h-56c-6.6 0-12-5.4-12-12v-92h-92c-6.6 0-12-5.4-12-12v-56c0-6.6 5.4-12 12-12h92v-92c0-6.6 5.4-12 12-12h56c6.6 0 12 5.4 12 12v92h92c6.6 0 12 5.4 12 12v56z\"><\/path><\/svg><\/span>\n\t\t<\/span>\n\n\t\t\t\t\t\t<\/summary>\n\t\t\t\t<div role=\"region\" aria-labelledby=\"e-n-accordion-item-1390\" class=\"elementor-element elementor-element-611ef1fb e-con-full e-flex e-con e-child\" data-id=\"611ef1fb\" data-element_type=\"container\">\n\t\t\t\t<div class=\"elementor-element elementor-element-5469055 elementor-widget elementor-widget-text-editor\" data-id=\"5469055\" data-element_type=\"widget\" data-widget_type=\"text-editor.default\">\n\t\t\t\t<div class=\"elementor-widget-container\">\n\t\t\t\t\t\t\t<p><br \/><br \/><br \/><br \/><\/p><p><style>\n        @import url('https:\/\/fonts.googleapis.com\/css2?family=Roboto:wght@400;700&display=swap');<br \/>        body {<br \/>            font-family: 'Roboto', sans-serif;<br \/>        }<br \/>    <\/style><\/p><p><br \/><br \/><span style=\"font-weight: 400; font-size: 12pt;\">El proyecto se estructura en cuatro l\u00edneas de trabajo interrelacionadas, cada una dirigida por un investigador principal y enfocada en diferentes aspectos de los desaf\u00edos urbanos en Espa\u00f1a:<\/span><\/p><p style=\"padding-left: 40px;\"><span style=\"font-size: 12pt; font-family: 'Roboto', sans-serif;\"><strong>1. <span style=\"background-color: transparent; color: #000000; white-space-collapse: preserve;\">Din\u00e1micas estructurales e impacto de la pandemia en el sistema metropolitano espa\u00f1ol:<\/span><\/strong><\/span><\/p><p><span style=\"background-color: var(--wp--preset--color--background); color: #07282f; font-family: 'Roboto', sans-serif; font-size: 12pt;\">Dirigida por Jos\u00e9 M\u00aa Feria Toribio, esta l\u00ednea investiga las din\u00e1micas demogr\u00e1ficas, el impacto de la pandemia en la distribuci\u00f3n espacial y la suburbanizaci\u00f3n en \u00e1reas metropolitanas espa\u00f1olas. Utiliza datos censales y alternativos como la telefon\u00eda m\u00f3vil para analizar la movilidad durante la pandemia.<\/span><\/p><p style=\"padding-left: 40px;\"><span style=\"font-size: 12pt; font-family: 'Roboto', sans-serif;\"><b><span style=\"background-color: transparent;\">2. <\/span><span style=\"background-color: transparent; color: #000000; white-space-collapse: preserve;\">Infraestructura Social y equidad socioterritorial ante el modelo de Ciudad Dividida:<\/span><\/b><\/span><\/p><p><span style=\"font-weight: 400; font-size: 12pt;\">Liderada por Ricardo Iglesias Pascual, esta l\u00ednea aborda la desigualdad y segregaci\u00f3n urbana en Espa\u00f1a, examinando c\u00f3mo la infraestructura social puede promover la cohesi\u00f3n social. Utiliza datos catastrales y socioecon\u00f3micos para desarrollar indicadores y orientar pol\u00edticas p\u00fablicas de cohesi\u00f3n social.<\/span><\/p><p style=\"padding-left: 40px;\"><strong><span style=\"font-size: 12pt; font-family: 'Roboto', sans-serif;\">3. An\u00e1lisis de factores clave para la sostenibilidad del territorio metropolitano: infraestructura verde y cohesi\u00f3n social:<\/span><\/strong><\/p><p><span style=\"font-size: 12pt; font-family: 'Roboto', sans-serif;\">Bajo la direcci\u00f3n de Jes\u00fas Santiago Ramos, se enfoca en la sostenibilidad ambiental y social del territorio metropolitano, utilizando conceptos como Soluciones Basadas en la Naturaleza e infraestructura verde para mejorar la calidad ambiental y la calidad de vida urbana. Se centra en la evaluaci\u00f3n de servicios ecosist\u00e9micos y la accesibilidad de la poblaci\u00f3n a espacios naturales.<\/span><\/p><p style=\"padding-left: 40px;\"><strong><span style=\"font-size: 12pt; font-family: 'Roboto', sans-serif;\">4. Pol\u00edticas p\u00fablicas para la cohesi\u00f3n social y la sostenibilidad ambiental en los espacios metropolitanos:<\/span><\/strong><\/p><p><span style=\"font-size: 12pt; font-family: 'Roboto', sans-serif;\">Dirigida por Mar\u00eda \u00c1ngeles Huete Garc\u00eda, esta l\u00ednea analiza c\u00f3mo las pol\u00edticas urbanas abordan los desaf\u00edos contempor\u00e1neos en \u00e1reas metropolitanas espa\u00f1olas. Investigar\u00e1 la adaptaci\u00f3n de las estructuras de gobernanza locales y la cooperaci\u00f3n entre sectores p\u00fablico y privado para mejorar la implementaci\u00f3n de pol\u00edticas p\u00fablicas.<\/span><\/p>\t\t\t\t\t\t<\/div>\n\t\t\t\t<\/div>\n\t\t\t\t<\/div>\n\t\t\t\t\t<\/details>\n\t\t\t\t\t\t<details id=\"e-n-accordion-item-1391\" class=\"e-n-accordion-item\" >\n\t\t\t\t<summary class=\"e-n-accordion-item-title\" data-accordion-index=\"2\" tabindex=\"-1\" aria-expanded=\"false\" aria-controls=\"e-n-accordion-item-1391\" >\n\t\t\t\t\t<span class='e-n-accordion-item-title-header'><div class=\"e-n-accordion-item-title-text\"> Resultados del proyecto de investigaci\u00f3n <\/div><\/span>\n\t\t\t\t\t\t\t<span class='e-n-accordion-item-title-icon'>\n\t\t\t<span class='e-opened' ><svg aria-hidden=\"true\" class=\"e-font-icon-svg e-fas-minus-circle\" viewBox=\"0 0 512 512\" xmlns=\"http:\/\/www.w3.org\/2000\/svg\"><path d=\"M256 8C119 8 8 119 8 256s111 248 248 248 248-111 248-248S393 8 256 8zM124 296c-6.6 0-12-5.4-12-12v-56c0-6.6 5.4-12 12-12h264c6.6 0 12 5.4 12 12v56c0 6.6-5.4 12-12 12H124z\"><\/path><\/svg><\/span>\n\t\t\t<span class='e-closed'><svg aria-hidden=\"true\" class=\"e-font-icon-svg e-fas-plus-circle\" viewBox=\"0 0 512 512\" xmlns=\"http:\/\/www.w3.org\/2000\/svg\"><path d=\"M256 8C119 8 8 119 8 256s111 248 248 248 248-111 248-248S393 8 256 8zm144 276c0 6.6-5.4 12-12 12h-92v92c0 6.6-5.4 12-12 12h-56c-6.6 0-12-5.4-12-12v-92h-92c-6.6 0-12-5.4-12-12v-56c0-6.6 5.4-12 12-12h92v-92c0-6.6 5.4-12 12-12h56c6.6 0 12 5.4 12 12v92h92c6.6 0 12 5.4 12 12v56z\"><\/path><\/svg><\/span>\n\t\t<\/span>\n\n\t\t\t\t\t\t<\/summary>\n\t\t\t\t<div role=\"region\" aria-labelledby=\"e-n-accordion-item-1391\" class=\"elementor-element elementor-element-3713287d e-flex e-con-boxed e-con e-child\" data-id=\"3713287d\" data-element_type=\"container\">\n\t\t\t\t\t<div class=\"e-con-inner\">\n\t\t<div role=\"region\" aria-labelledby=\"e-n-accordion-item-1391\" class=\"elementor-element elementor-element-166c3970 e-flex e-con-boxed e-con e-child\" data-id=\"166c3970\" data-element_type=\"container\">\n\t\t\t\t\t<div class=\"e-con-inner\">\n\t\t\t\t<div class=\"elementor-element elementor-element-28d9da1a elementor-widget elementor-widget-text-editor\" data-id=\"28d9da1a\" data-element_type=\"widget\" data-widget_type=\"text-editor.default\">\n\t\t\t\t<div class=\"elementor-widget-container\">\n\t\t\t\t\t\t\t<p style=\"text-align: justify;\"><span style=\"background-color: transparent; color: #000000; font-size: 12pt; white-space-collapse: preserve; text-align: justify;\">El proyecto DINAMET II busca avanzar en el conocimiento cient\u00edfico sobre estudios metropolitanos en Espa\u00f1a, enfoc\u00e1ndose en temas como la configuraci\u00f3n urbana, desigualdades espaciales, migraciones y sostenibilidad urbana. Se espera que sus resultados contribuyan al debate acad\u00e9mico nacional e internacional, y proporcionen herramientas para mejorar la planificaci\u00f3n urbana y la gesti\u00f3n territorial. Social y econ\u00f3micamente, se anticipa que el proyecto mejorar\u00e1 la cohesi\u00f3n social y ambiental en \u00e1reas metropolitanas, fortaleciendo la econom\u00eda local. Para su difusi\u00f3n y aplicaci\u00f3n, se publicar\u00e1n en revistas cient\u00edficas, se participar\u00e1 en congresos y redes internacionales, y se desarrollar\u00e1n herramientas como un visor cartogr\u00e1fico y una p\u00e1gina web. El proyecto tambi\u00e9n incorpora una perspectiva de g\u00e9nero integral, asegurando la equidad en la participaci\u00f3n y considerando el impacto diferencial de g\u00e9nero en sus conclusiones.<\/span><\/p>\n<p style=\"text-align: justify;\">\n<style>\n        @import url('https:\/\/fonts.googleapis.com\/css2?family=Roboto:wght@400;700&display=swap');<br \/>        body {<br \/>            font-family: 'Roboto', sans-serif;<br \/>        }<br \/>    <\/style>\n<\/p>\t\t\t\t\t\t<\/div>\n\t\t\t\t<\/div>\n\t\t\t\t\t<\/div>\n\t\t\t\t<\/div>\n\t\t\t\t\t<\/div>\n\t\t\t\t<\/div>\n\t\t\t\t\t<\/details>\n\t\t\t\t\t<\/div>\n\t\t\t\t<\/div>\n\t\t\t\t<\/div>\n\t\t\t\t<\/div>\n\t\t<div class=\"elementor-element elementor-element-23414dfa e-con-full e-flex e-con e-child\" data-id=\"23414dfa\" data-element_type=\"container\">\n\t\t\t\t<div class=\"elementor-element elementor-element-3b5d41d7 elementor-widget elementor-widget-heading\" data-id=\"3b5d41d7\" data-element_type=\"widget\" data-widget_type=\"heading.default\">\n\t\t\t\t<div class=\"elementor-widget-container\">\n\t\t\t<h1 class=\"elementor-heading-title elementor-size-medium\">Investigadores principales<\/h1>\t\t<\/div>\n\t\t\t\t<\/div>\n\t\t\t\t<div class=\"elementor-element elementor-element-78ca3707 elementor-position-left elementor-widget__width-auto e-transform elementor-vertical-align-top elementor-widget elementor-widget-image-box\" data-id=\"78ca3707\" data-element_type=\"widget\" data-settings=\"{&quot;_transform_scaleX_effect&quot;:{&quot;unit&quot;:&quot;px&quot;,&quot;size&quot;:&quot;&quot;,&quot;sizes&quot;:[]},&quot;_transform_scaleX_effect_tablet&quot;:{&quot;unit&quot;:&quot;px&quot;,&quot;size&quot;:&quot;&quot;,&quot;sizes&quot;:[]},&quot;_transform_scaleX_effect_mobile&quot;:{&quot;unit&quot;:&quot;px&quot;,&quot;size&quot;:&quot;&quot;,&quot;sizes&quot;:[]},&quot;_transform_scaleY_effect&quot;:{&quot;unit&quot;:&quot;px&quot;,&quot;size&quot;:&quot;&quot;,&quot;sizes&quot;:[]},&quot;_transform_scaleY_effect_tablet&quot;:{&quot;unit&quot;:&quot;px&quot;,&quot;size&quot;:&quot;&quot;,&quot;sizes&quot;:[]},&quot;_transform_scaleY_effect_mobile&quot;:{&quot;unit&quot;:&quot;px&quot;,&quot;size&quot;:&quot;&quot;,&quot;sizes&quot;:[]}}\" data-widget_type=\"image-box.default\">\n\t\t\t\t<div class=\"elementor-widget-container\">\n\t\t\t<div class=\"elementor-image-box-wrapper\"><figure class=\"elementor-image-box-img\"><a href=\"https:\/\/orcid.org\/0000-0002-5331-3815\" tabindex=\"-1\"><img decoding=\"async\" width=\"150\" height=\"150\" src=\"https:\/\/www.upo.es\/investiga\/ptyp\/upometropoli\/wp-content\/uploads\/2023\/10\/bust-in-silhouette_1f464-150x150.png\" class=\"attachment-thumbnail size-thumbnail wp-image-1711\" alt=\"\" srcset=\"https:\/\/www.upo.es\/investiga\/ptyp\/upometropoli\/wp-content\/uploads\/2023\/10\/bust-in-silhouette_1f464-150x150.png 150w, https:\/\/www.upo.es\/investiga\/ptyp\/upometropoli\/wp-content\/uploads\/2023\/10\/bust-in-silhouette_1f464.png 160w\" sizes=\"(max-width: 150px) 100vw, 150px\" \/><\/a><\/figure><div class=\"elementor-image-box-content\"><h4 class=\"elementor-image-box-title\"><a href=\"https:\/\/orcid.org\/0000-0002-5331-3815\">Jos\u00e9 M\u00aa Feria Toribio<\/a><\/h4><\/div><\/div>\t\t<\/div>\n\t\t\t\t<\/div>\n\t\t\t\t<div class=\"elementor-element elementor-element-2d834ddc elementor-position-left elementor-widget__width-auto e-transform elementor-vertical-align-top elementor-widget elementor-widget-image-box\" data-id=\"2d834ddc\" data-element_type=\"widget\" data-settings=\"{&quot;_transform_scaleX_effect&quot;:{&quot;unit&quot;:&quot;px&quot;,&quot;size&quot;:&quot;&quot;,&quot;sizes&quot;:[]},&quot;_transform_scaleX_effect_tablet&quot;:{&quot;unit&quot;:&quot;px&quot;,&quot;size&quot;:&quot;&quot;,&quot;sizes&quot;:[]},&quot;_transform_scaleX_effect_mobile&quot;:{&quot;unit&quot;:&quot;px&quot;,&quot;size&quot;:&quot;&quot;,&quot;sizes&quot;:[]},&quot;_transform_scaleY_effect&quot;:{&quot;unit&quot;:&quot;px&quot;,&quot;size&quot;:&quot;&quot;,&quot;sizes&quot;:[]},&quot;_transform_scaleY_effect_tablet&quot;:{&quot;unit&quot;:&quot;px&quot;,&quot;size&quot;:&quot;&quot;,&quot;sizes&quot;:[]},&quot;_transform_scaleY_effect_mobile&quot;:{&quot;unit&quot;:&quot;px&quot;,&quot;size&quot;:&quot;&quot;,&quot;sizes&quot;:[]}}\" data-widget_type=\"image-box.default\">\n\t\t\t\t<div class=\"elementor-widget-container\">\n\t\t\t<div class=\"elementor-image-box-wrapper\"><figure class=\"elementor-image-box-img\"><a href=\"https:\/\/www.upo.es\/investiga\/ptyp\/es\/researcher\/ma-angeles-huete\/\" tabindex=\"-1\"><img fetchpriority=\"high\" decoding=\"async\" width=\"300\" height=\"300\" src=\"https:\/\/www.upo.es\/investiga\/ptyp\/upometropoli\/wp-content\/uploads\/2023\/01\/maria-angeles-huete-garcia-300x300.jpg\" class=\"attachment-medium size-medium wp-image-611\" alt=\"\" srcset=\"https:\/\/www.upo.es\/investiga\/ptyp\/upometropoli\/wp-content\/uploads\/2023\/01\/maria-angeles-huete-garcia-300x300.jpg 300w, https:\/\/www.upo.es\/investiga\/ptyp\/upometropoli\/wp-content\/uploads\/2023\/01\/maria-angeles-huete-garcia-150x150.jpg 150w, https:\/\/www.upo.es\/investiga\/ptyp\/upometropoli\/wp-content\/uploads\/2023\/01\/maria-angeles-huete-garcia.jpg 400w\" sizes=\"(max-width: 300px) 100vw, 300px\" \/><\/a><\/figure><div class=\"elementor-image-box-content\"><h4 class=\"elementor-image-box-title\"><a href=\"https:\/\/www.upo.es\/investiga\/ptyp\/es\/researcher\/ma-angeles-huete\/\">Mar\u00eda \u00c1ngeles Huete Garc\u00eda<\/a><\/h4><\/div><\/div>\t\t<\/div>\n\t\t\t\t<\/div>\n\t\t\t\t<div class=\"elementor-element elementor-element-b127185 elementor-widget elementor-widget-heading\" data-id=\"b127185\" data-element_type=\"widget\" data-widget_type=\"heading.default\">\n\t\t\t\t<div class=\"elementor-widget-container\">\n\t\t\t<h1 class=\"elementor-heading-title elementor-size-medium\">Entidades financiadoras<\/h1>\t\t<\/div>\n\t\t\t\t<\/div>\n\t\t\t\t<div class=\"elementor-element elementor-element-3548415b elementor-widget__width-auto elementor-position-top elementor-widget elementor-widget-image-box\" data-id=\"3548415b\" data-element_type=\"widget\" data-widget_type=\"image-box.default\">\n\t\t\t\t<div class=\"elementor-widget-container\">\n\t\t\t<div class=\"elementor-image-box-wrapper\"><figure class=\"elementor-image-box-img\"><img decoding=\"async\" width=\"303\" height=\"96\" src=\"https:\/\/www.upo.es\/investiga\/ptyp\/upometropoli\/wp-content\/uploads\/2024\/06\/MCIU_header.png\" class=\"attachment-full size-full wp-image-2198\" alt=\"\" srcset=\"https:\/\/www.upo.es\/investiga\/ptyp\/upometropoli\/wp-content\/uploads\/2024\/06\/MCIU_header.png 303w, https:\/\/www.upo.es\/investiga\/ptyp\/upometropoli\/wp-content\/uploads\/2024\/06\/MCIU_header-300x95.png 300w\" sizes=\"(max-width: 303px) 100vw, 303px\" \/><\/figure><\/div>\t\t<\/div>\n\t\t\t\t<\/div>\n\t\t\t\t<div class=\"elementor-element elementor-element-851aaf7 e-transform elementor-widget elementor-widget-heading\" data-id=\"851aaf7\" data-element_type=\"widget\" data-settings=\"{&quot;_transform_translateY_effect&quot;:{&quot;unit&quot;:&quot;px&quot;,&quot;size&quot;:-15,&quot;sizes&quot;:[]},&quot;_transform_translateX_effect&quot;:{&quot;unit&quot;:&quot;px&quot;,&quot;size&quot;:&quot;&quot;,&quot;sizes&quot;:[]},&quot;_transform_translateX_effect_tablet&quot;:{&quot;unit&quot;:&quot;px&quot;,&quot;size&quot;:&quot;&quot;,&quot;sizes&quot;:[]},&quot;_transform_translateX_effect_mobile&quot;:{&quot;unit&quot;:&quot;px&quot;,&quot;size&quot;:&quot;&quot;,&quot;sizes&quot;:[]},&quot;_transform_translateY_effect_tablet&quot;:{&quot;unit&quot;:&quot;px&quot;,&quot;size&quot;:&quot;&quot;,&quot;sizes&quot;:[]},&quot;_transform_translateY_effect_mobile&quot;:{&quot;unit&quot;:&quot;px&quot;,&quot;size&quot;:&quot;&quot;,&quot;sizes&quot;:[]}}\" data-widget_type=\"heading.default\">\n\t\t\t\t<div class=\"elementor-widget-container\">\n\t\t\t<h2 class=\"elementor-heading-title elementor-size-default\">Proyectos de I+D de Generaci\u00f3n de Conocimiento.<\/h2>\t\t<\/div>\n\t\t\t\t<\/div>\n\t\t\t\t<\/div>\n\t\t\t\t<\/div>\n\t\t\t\t<\/div>\n\t\t","protected":false},"excerpt":{"rendered":"<p>DINAMET Din\u00e1micas socioterritoriales metropolitanas y pol\u00edticas p\u00fablicas en un entorno de incertidumbre (DINAMET II) Descripci\u00f3n y objetivos El Plan Estatal de Investigaci\u00f3n Cient\u00edfica, T\u00e9cnica y de Innovaci\u00f3n (PEICTI) 2021-2023 busca fortalecer el sistema de I+D+I en respuesta a la crisis econ\u00f3mica y social causada por la COVID-19. Este plan, junto con la Estrategia Espa\u00f1ola de [&hellip;]<\/p>\n","protected":false},"author":3,"featured_media":0,"parent":0,"menu_order":0,"comment_status":"closed","ping_status":"closed","template":"","meta":{"inline_featured_image":false,"footnotes":""},"class_list":["post-2196","page","type-page","status-publish","hentry"],"_links":{"self":[{"href":"https:\/\/www.upo.es\/investiga\/ptyp\/upometropoli\/wp-json\/wp\/v2\/pages\/2196","targetHints":{"allow":["GET"]}}],"collection":[{"href":"https:\/\/www.upo.es\/investiga\/ptyp\/upometropoli\/wp-json\/wp\/v2\/pages"}],"about":[{"href":"https:\/\/www.upo.es\/investiga\/ptyp\/upometropoli\/wp-json\/wp\/v2\/types\/page"}],"author":[{"embeddable":true,"href":"https:\/\/www.upo.es\/investiga\/ptyp\/upometropoli\/wp-json\/wp\/v2\/users\/3"}],"replies":[{"embeddable":true,"href":"https:\/\/www.upo.es\/investiga\/ptyp\/upometropoli\/wp-json\/wp\/v2\/comments?post=2196"}],"version-history":[{"count":23,"href":"https:\/\/www.upo.es\/investiga\/ptyp\/upometropoli\/wp-json\/wp\/v2\/pages\/2196\/revisions"}],"predecessor-version":[{"id":2227,"href":"https:\/\/www.upo.es\/investiga\/ptyp\/upometropoli\/wp-json\/wp\/v2\/pages\/2196\/revisions\/2227"}],"wp:attachment":[{"href":"https:\/\/www.upo.es\/investiga\/ptyp\/upometropoli\/wp-json\/wp\/v2\/media?parent=2196"}],"curies":[{"name":"wp","href":"https:\/\/api.w.org\/{rel}","templated":true}]}}