{"id":2457,"date":"2026-01-20T10:34:50","date_gmt":"2026-01-20T09:34:50","guid":{"rendered":"https:\/\/www.upo.es\/investiga\/ptyp\/upometropoli\/?page_id=2457"},"modified":"2026-01-20T11:08:27","modified_gmt":"2026-01-20T10:08:27","slug":"sup4sud","status":"publish","type":"page","link":"https:\/\/www.upo.es\/investiga\/ptyp\/upometropoli\/sup4sud\/","title":{"rendered":"SUP4SUD"},"content":{"rendered":"\t\t<div data-elementor-type=\"wp-page\" data-elementor-id=\"2457\" class=\"elementor elementor-2457\" data-elementor-post-type=\"page\">\n\t\t\t\t<div class=\"elementor-element elementor-element-2cd97be8 e-flex e-con-boxed e-con e-parent\" data-id=\"2cd97be8\" data-element_type=\"container\">\n\t\t\t\t\t<div class=\"e-con-inner\">\n\t\t\t\t<div class=\"elementor-element elementor-element-2db6e7ff elementor-widget-divider--view-line elementor-widget elementor-widget-divider\" data-id=\"2db6e7ff\" data-element_type=\"widget\" data-widget_type=\"divider.default\">\n\t\t\t\t<div class=\"elementor-widget-container\">\n\t\t\t\t\t<div class=\"elementor-divider\">\n\t\t\t<span class=\"elementor-divider-separator\">\n\t\t\t\t\t\t<\/span>\n\t\t<\/div>\n\t\t\t\t<\/div>\n\t\t\t\t<\/div>\n\t\t\t\t\t<\/div>\n\t\t\t\t<\/div>\n\t\t<div class=\"elementor-element elementor-element-7345aa18 e-flex e-con-boxed e-con e-parent\" data-id=\"7345aa18\" data-element_type=\"container\">\n\t\t\t\t\t<div class=\"e-con-inner\">\n\t\t\t\t<div class=\"elementor-element elementor-element-53e6fba4 elementor-widget elementor-widget-heading\" data-id=\"53e6fba4\" data-element_type=\"widget\" data-widget_type=\"heading.default\">\n\t\t\t\t<div class=\"elementor-widget-container\">\n\t\t\t<h2 class=\"elementor-heading-title elementor-size-default\">SUP4SUD<\/h2>\t\t<\/div>\n\t\t\t\t<\/div>\n\t\t\t\t\t<\/div>\n\t\t\t\t<\/div>\n\t\t<div class=\"elementor-element elementor-element-b5ee574 e-flex e-con-boxed e-con e-parent\" data-id=\"b5ee574\" data-element_type=\"container\">\n\t\t\t\t\t<div class=\"e-con-inner\">\n\t\t\t\t<div class=\"elementor-element elementor-element-2c95bc03 elementor-widget elementor-widget-text-editor\" data-id=\"2c95bc03\" data-element_type=\"widget\" data-widget_type=\"text-editor.default\">\n\t\t\t\t<div class=\"elementor-widget-container\">\n\t\t\t\t\t\t\t<p>Strategic Urban Planning for Sustainable Development<\/p>\t\t\t\t\t\t<\/div>\n\t\t\t\t<\/div>\n\t\t\t\t\t<\/div>\n\t\t\t\t<\/div>\n\t\t<div class=\"elementor-element elementor-element-30cb34aa e-flex e-con-boxed e-con e-parent\" data-id=\"30cb34aa\" data-element_type=\"container\">\n\t\t\t\t\t<div class=\"e-con-inner\">\n\t\t\t\t<div class=\"elementor-element elementor-element-41983c3b elementor-widget-divider--view-line elementor-widget elementor-widget-divider\" data-id=\"41983c3b\" data-element_type=\"widget\" data-widget_type=\"divider.default\">\n\t\t\t\t<div class=\"elementor-widget-container\">\n\t\t\t\t\t<div class=\"elementor-divider\">\n\t\t\t<span class=\"elementor-divider-separator\">\n\t\t\t\t\t\t<\/span>\n\t\t<\/div>\n\t\t\t\t<\/div>\n\t\t\t\t<\/div>\n\t\t\t\t\t<\/div>\n\t\t\t\t<\/div>\n\t\t<div class=\"elementor-element elementor-element-4e26ca88 e-con-full e-flex e-con e-parent\" data-id=\"4e26ca88\" data-element_type=\"container\">\n\t\t<div class=\"elementor-element elementor-element-729685c1 e-con-full e-flex e-con e-child\" data-id=\"729685c1\" data-element_type=\"container\">\n\t\t\t\t<div class=\"elementor-element elementor-element-2c4c49d2 elementor-widget elementor-widget-heading\" data-id=\"2c4c49d2\" data-element_type=\"widget\" data-widget_type=\"heading.default\">\n\t\t\t\t<div class=\"elementor-widget-container\">\n\t\t\t<h2 class=\"elementor-heading-title elementor-size-default\">Descripci\u00f3n y objetivos<\/h2>\t\t<\/div>\n\t\t\t\t<\/div>\n\t\t\t\t<div class=\"elementor-element elementor-element-5eabf9eb elementor-widget elementor-widget-text-editor\" data-id=\"5eabf9eb\" data-element_type=\"widget\" data-widget_type=\"text-editor.default\">\n\t\t\t\t<div class=\"elementor-widget-container\">\n\t\t\t\t\t\t\t<p><span style=\"font-family: var(--wp--preset--font-family--roboto); font-size: 12pt; text-align: var(--text-align); background-color: var(--wp--preset--color--background);\">El proyecto SUP4SUD aborda la integraci\u00f3n del desarrollo sostenible dentro de la planificaci\u00f3n estrat\u00e9gica urbana en las ciudades europeas. La planificaci\u00f3n estrat\u00e9gica urbana europea se ha centrado hist\u00f3ricamente en el desarrollo econ\u00f3mico y la regeneraci\u00f3n urbana, con cambios recientes hacia la sostenibilidad, la participaci\u00f3n ciudadana y la gobernanza. Sin embargo, integrar el desarrollo sostenible en estos planes sigue siendo un desaf\u00edo, complicado por la diversidad de modelos locales de gesti\u00f3n p\u00fablica en toda Europa.<\/span><\/p>\n<p><span style=\"font-size: 12pt;\">El proyecto tiene como objetivo explorar c\u00f3mo la planificaci\u00f3n estrat\u00e9gica urbana puede incorporar de manera efectiva los principios del desarrollo sostenible, alinear las pol\u00edticas locales de sostenibilidad y contribuir a la Agenda 2030 y a la Nueva Bauhaus Europea.<\/span><\/p>\n<p><span style=\"font-size: 12pt;\">Al formar un consorcio diverso que incluye socios de todos los rincones de Europa y una amplia representaci\u00f3n de diferentes enfoques y modelos de gesti\u00f3n urbana, SUP4SUD pretende identificar y compartir buenas pr\u00e1cticas, formar a los ecosistemas locales, mejorar los instrumentos de pol\u00edtica y desarrollar directrices para apoyar la planificaci\u00f3n estrat\u00e9gica urbana sostenible, mejorando en \u00faltima instancia la eficacia de las pol\u00edticas de desarrollo urbano sostenible.<\/span><\/p>\n<p><span style=\"font-size: 12pt;\">La Universidad Pablo de Olavide, de Sevilla, \u00fanico socio acad\u00e9mico del proyecto, ejerce el rol de <i>Advisory Partner<\/i>, lo que le otorga un papel clave en el asesoramiento metodol\u00f3gico y la transferencia de conocimiento.<\/span><\/p>\n<p><span style=\"font-size: 12pt;\">El consorcio est\u00e1 integrado por 12 socios de 10 pa\u00edses europeos:<\/span><\/p>\n<p style=\"padding-left: 40px;\"><span style=\"font-size: 12pt;\">&#8211; Agencia Regional de Innovaci\u00f3n de la Transdanubia Central (KDRI\u00dc) (Hungr\u00eda) \u2013 <i>Lead Partner<\/i><\/span><\/p>\n<p style=\"padding-left: 40px;\"><span style=\"font-size: 12pt;\">&#8211; Asamblea Regional del Norte y el Oeste (Irlanda)<\/span><\/p>\n<p style=\"padding-left: 40px;\"><span style=\"font-size: 12pt;\">&#8211; Ciudad de Mannheim (Alemania)<\/span><\/p>\n<p style=\"padding-left: 40px;\"><span style=\"font-size: 12pt;\">&#8211; Municipio de Oslo (Noruega)<\/span><\/p>\n<p style=\"padding-left: 40px;\"><span style=\"font-size: 12pt;\">&#8211; Plan Estrat\u00e9gico Metropolitano de Barcelona (Espa\u00f1a)<\/span><\/p>\n<p style=\"padding-left: 40px;\"><span style=\"font-size: 12pt;\">&#8211; Ayuntamiento de Chisin\u00e1u (Moldavia)<\/span><\/p>\n<p style=\"padding-left: 40px;\"><span style=\"font-size: 12pt;\">&#8211; Asociaci\u00f3n de la Metr\u00f3poli de Cracovia (Polonia)<\/span><\/p>\n<p style=\"padding-left: 40px;\"><span style=\"font-size: 12pt;\">&#8211; Instituto de Planificaci\u00f3n y Desarrollo de Praga (IPR Prague) (Rep\u00fablica Checa)<\/span><\/p>\n<p style=\"padding-left: 40px;\"><span style=\"font-size: 12pt;\">&#8211; Universidad Pablo de Olavide, de Sevilla (Espa\u00f1a) \u2013 <i>Advisory Partner<\/i><\/span><\/p>\n<p style=\"padding-left: 40px;\"><span style=\"font-size: 12pt;\">&#8211; Ayuntamiento de Ialoveni (Moldavia) \u2013 Discovery Partner<\/span><\/p>\n<p style=\"padding-left: 40px;\"><span style=\"font-size: 12pt;\">&#8211; Ciudad de Tallin (Estonia)<\/span><\/p>\n<p style=\"padding-left: 40px;\"><span style=\"font-size: 12pt;\">&#8211; Consejo del asentamiento de Avanhard, distrito de Odesa (Ucrania) \u2013 <i>Discovery Partner<\/i><\/span><\/p>\n<p><span style=\"font-size: 12pt;\">Adem\u00e1s, el Ministerio de Vivienda y Agenda Urbana (Espa\u00f1a) integra el consorcio como Associated Policy Authority.<\/span><\/p>\n<p><span style=\"font-size: 12pt;\">M\u00e1s informaci\u00f3n: <a href=\"https:\/\/www.interregeurope.eu\/sup4sud\">https:\/\/www.interregeurope.eu\/sup4sud<\/a><\/span><\/p>\t\t\t\t\t\t<\/div>\n\t\t\t\t<\/div>\n\t\t\t\t<div class=\"elementor-element elementor-element-32d18424 elementor-widget elementor-widget-n-accordion\" data-id=\"32d18424\" data-element_type=\"widget\" data-settings=\"{&quot;default_state&quot;:&quot;all_collapsed&quot;,&quot;max_items_expended&quot;:&quot;one&quot;,&quot;n_accordion_animation_duration&quot;:{&quot;unit&quot;:&quot;ms&quot;,&quot;size&quot;:400,&quot;sizes&quot;:[]}}\" data-widget_type=\"nested-accordion.default\">\n\t\t\t\t<div class=\"elementor-widget-container\">\n\t\t\t\t\t<div class=\"e-n-accordion\" aria-label=\"Accordion. Open links with Enter or Space, close with Escape, and navigate with Arrow Keys\">\n\t\t\t\t\t\t<details id=\"e-n-accordion-item-8520\" class=\"e-n-accordion-item\" >\n\t\t\t\t<summary class=\"e-n-accordion-item-title\" data-accordion-index=\"1\" tabindex=\"0\" aria-expanded=\"false\" aria-controls=\"e-n-accordion-item-8520\" >\n\t\t\t\t\t<span class='e-n-accordion-item-title-header'><div class=\"e-n-accordion-item-title-text\"> Metodolog\u00eda <\/div><\/span>\n\t\t\t\t\t\t\t<span class='e-n-accordion-item-title-icon'>\n\t\t\t<span class='e-opened' ><svg aria-hidden=\"true\" class=\"e-font-icon-svg e-fas-minus-circle\" viewBox=\"0 0 512 512\" xmlns=\"http:\/\/www.w3.org\/2000\/svg\"><path d=\"M256 8C119 8 8 119 8 256s111 248 248 248 248-111 248-248S393 8 256 8zM124 296c-6.6 0-12-5.4-12-12v-56c0-6.6 5.4-12 12-12h264c6.6 0 12 5.4 12 12v56c0 6.6-5.4 12-12 12H124z\"><\/path><\/svg><\/span>\n\t\t\t<span class='e-closed'><svg aria-hidden=\"true\" class=\"e-font-icon-svg e-fas-plus-circle\" viewBox=\"0 0 512 512\" xmlns=\"http:\/\/www.w3.org\/2000\/svg\"><path d=\"M256 8C119 8 8 119 8 256s111 248 248 248 248-111 248-248S393 8 256 8zm144 276c0 6.6-5.4 12-12 12h-92v92c0 6.6-5.4 12-12 12h-56c-6.6 0-12-5.4-12-12v-92h-92c-6.6 0-12-5.4-12-12v-56c0-6.6 5.4-12 12-12h92v-92c0-6.6 5.4-12 12-12h56c6.6 0 12 5.4 12 12v92h92c6.6 0 12 5.4 12 12v56z\"><\/path><\/svg><\/span>\n\t\t<\/span>\n\n\t\t\t\t\t\t<\/summary>\n\t\t\t\t<div role=\"region\" aria-labelledby=\"e-n-accordion-item-8520\" class=\"elementor-element elementor-element-d4b6738 e-con-full e-flex e-con e-child\" data-id=\"d4b6738\" data-element_type=\"container\">\n\t\t\t\t<div class=\"elementor-element elementor-element-6c72c917 elementor-widget elementor-widget-text-editor\" data-id=\"6c72c917\" data-element_type=\"widget\" data-widget_type=\"text-editor.default\">\n\t\t\t\t<div class=\"elementor-widget-container\">\n\t\t\t\t\t\t\t<p><span style=\"font-size: 12pt; white-space-collapse: preserve; font-family: var(--wp--preset--font-family--roboto); text-align: justify;\">El proyecto SUP4SUD se desarrolla a lo largo de ocho semestres y se estructura en cinco fases que organizan su proceso de trabajo. Comienza con la fase de activaci\u00f3n, en la que se pone en marcha la gobernanza del proyecto y se realiza un diagn\u00f3stico com\u00fan. A continuaci\u00f3n, la fase de exploraci\u00f3n permite identificar y analizar buenas pr\u00e1cticas mediante seminarios tem\u00e1ticos y actividades de intercambio entre regiones, seguida por la fase de focalizaci\u00f3n, en la que los socios profundizan en estos aprendizajes a trav\u00e9s de visitas de estudio y procesos de revisi\u00f3n entre pares.<\/span><\/p>\n<p><span style=\"font-size: 12pt; white-space-collapse: preserve; font-family: var(--wp--preset--font-family--roboto); text-align: justify;\">En la fase de mejora de pol\u00edticas, cada regi\u00f3n desarrolla e implementa mejoras concretas en sus instrumentos de planificaci\u00f3n urbana, apoyada por actividades de capacitaci\u00f3n. Por \u00faltimo, la fase de seguimiento eval\u00faa el impacto de estas mejoras y sintetiza los resultados del proyecto en una publicaci\u00f3n final dirigida a responsables p\u00fablicos, culminando con un evento europeo de cierre.<\/span><\/p>\t\t\t\t\t\t<\/div>\n\t\t\t\t<\/div>\n\t\t\t\t<\/div>\n\t\t\t\t\t<\/details>\n\t\t\t\t\t\t<details id=\"e-n-accordion-item-8521\" class=\"e-n-accordion-item\" >\n\t\t\t\t<summary class=\"e-n-accordion-item-title\" data-accordion-index=\"2\" tabindex=\"-1\" aria-expanded=\"false\" aria-controls=\"e-n-accordion-item-8521\" >\n\t\t\t\t\t<span class='e-n-accordion-item-title-header'><div class=\"e-n-accordion-item-title-text\"> Resultados del proyecto de investigaci\u00f3n <\/div><\/span>\n\t\t\t\t\t\t\t<span class='e-n-accordion-item-title-icon'>\n\t\t\t<span class='e-opened' ><svg aria-hidden=\"true\" class=\"e-font-icon-svg e-fas-minus-circle\" viewBox=\"0 0 512 512\" xmlns=\"http:\/\/www.w3.org\/2000\/svg\"><path d=\"M256 8C119 8 8 119 8 256s111 248 248 248 248-111 248-248S393 8 256 8zM124 296c-6.6 0-12-5.4-12-12v-56c0-6.6 5.4-12 12-12h264c6.6 0 12 5.4 12 12v56c0 6.6-5.4 12-12 12H124z\"><\/path><\/svg><\/span>\n\t\t\t<span class='e-closed'><svg aria-hidden=\"true\" class=\"e-font-icon-svg e-fas-plus-circle\" viewBox=\"0 0 512 512\" xmlns=\"http:\/\/www.w3.org\/2000\/svg\"><path d=\"M256 8C119 8 8 119 8 256s111 248 248 248 248-111 248-248S393 8 256 8zm144 276c0 6.6-5.4 12-12 12h-92v92c0 6.6-5.4 12-12 12h-56c-6.6 0-12-5.4-12-12v-92h-92c-6.6 0-12-5.4-12-12v-56c0-6.6 5.4-12 12-12h92v-92c0-6.6 5.4-12 12-12h56c6.6 0 12 5.4 12 12v92h92c6.6 0 12 5.4 12 12v56z\"><\/path><\/svg><\/span>\n\t\t<\/span>\n\n\t\t\t\t\t\t<\/summary>\n\t\t\t\t<div role=\"region\" aria-labelledby=\"e-n-accordion-item-8521\" class=\"elementor-element elementor-element-28eb6be e-flex e-con-boxed e-con e-child\" data-id=\"28eb6be\" data-element_type=\"container\">\n\t\t\t\t\t<div class=\"e-con-inner\">\n\t\t<div role=\"region\" aria-labelledby=\"e-n-accordion-item-8521\" class=\"elementor-element elementor-element-d1b8245 e-flex e-con-boxed e-con e-child\" data-id=\"d1b8245\" data-element_type=\"container\">\n\t\t\t\t\t<div class=\"e-con-inner\">\n\t\t\t\t<div class=\"elementor-element elementor-element-0a38e3c elementor-widget elementor-widget-text-editor\" data-id=\"0a38e3c\" data-element_type=\"widget\" data-widget_type=\"text-editor.default\">\n\t\t\t\t<div class=\"elementor-widget-container\">\n\t\t\t\t\t\t\t<p><span style=\"font-size: 12pt; white-space-collapse: preserve; font-family: var(--wp--preset--font-family--roboto); text-align: justify;\">SUP4SUD aspira a mejorar la capacidad de gobiernos locales, metropolitanos y regionales para dise\u00f1ar e implementar pol\u00edticas urbanas sostenibles, alineadas con los ODS, el Pacto Verde Europeo y el New European Bauhaus. Se espera que sus resultados contribuyan a fortalecer la cohesi\u00f3n territorial, modernizar la gobernanza urbana y promover estrategias que integren participaci\u00f3n, sostenibilidad y calidad del entorno urbano. El proyecto producir\u00e1 estudios comparados, directrices para responsables p\u00fablicos, materiales de difusi\u00f3n y espacios de formaci\u00f3n interregional.<\/span><\/p>\n<p><span style=\"font-size: 12pt; white-space-collapse: preserve; font-family: var(--wp--preset--font-family--roboto); text-align: justify;\">A nivel europeo, SUP4SUD contribuir\u00e1 a una visi\u00f3n com\u00fan de desarrollo urbano sostenible, ampliando el alcance de buenas pr\u00e1cticas escalables y generando herramientas \u00fatiles para futuras estrategias urbanas.<\/span><\/p>\t\t\t\t\t\t<\/div>\n\t\t\t\t<\/div>\n\t\t\t\t\t<\/div>\n\t\t\t\t<\/div>\n\t\t\t\t\t<\/div>\n\t\t\t\t<\/div>\n\t\t\t\t\t<\/details>\n\t\t\t\t\t<\/div>\n\t\t\t\t<\/div>\n\t\t\t\t<\/div>\n\t\t\t\t<\/div>\n\t\t<div class=\"elementor-element elementor-element-71aaade7 e-con-full e-flex e-con e-child\" data-id=\"71aaade7\" data-element_type=\"container\">\n\t\t\t\t<div class=\"elementor-element elementor-element-6b34556f elementor-widget elementor-widget-heading\" data-id=\"6b34556f\" data-element_type=\"widget\" data-widget_type=\"heading.default\">\n\t\t\t\t<div class=\"elementor-widget-container\">\n\t\t\t<h1 class=\"elementor-heading-title elementor-size-medium\">Investigadores principales<\/h1>\t\t<\/div>\n\t\t\t\t<\/div>\n\t\t\t\t<div class=\"elementor-element elementor-element-b7ef617 elementor-position-left elementor-widget__width-auto e-transform elementor-vertical-align-top elementor-widget elementor-widget-image-box\" data-id=\"b7ef617\" data-element_type=\"widget\" data-settings=\"{&quot;_transform_scaleX_effect&quot;:{&quot;unit&quot;:&quot;px&quot;,&quot;size&quot;:&quot;&quot;,&quot;sizes&quot;:[]},&quot;_transform_scaleX_effect_tablet&quot;:{&quot;unit&quot;:&quot;px&quot;,&quot;size&quot;:&quot;&quot;,&quot;sizes&quot;:[]},&quot;_transform_scaleX_effect_mobile&quot;:{&quot;unit&quot;:&quot;px&quot;,&quot;size&quot;:&quot;&quot;,&quot;sizes&quot;:[]},&quot;_transform_scaleY_effect&quot;:{&quot;unit&quot;:&quot;px&quot;,&quot;size&quot;:&quot;&quot;,&quot;sizes&quot;:[]},&quot;_transform_scaleY_effect_tablet&quot;:{&quot;unit&quot;:&quot;px&quot;,&quot;size&quot;:&quot;&quot;,&quot;sizes&quot;:[]},&quot;_transform_scaleY_effect_mobile&quot;:{&quot;unit&quot;:&quot;px&quot;,&quot;size&quot;:&quot;&quot;,&quot;sizes&quot;:[]}}\" data-widget_type=\"image-box.default\">\n\t\t\t\t<div class=\"elementor-widget-container\">\n\t\t\t<div class=\"elementor-image-box-wrapper\"><figure class=\"elementor-image-box-img\"><a href=\"https:\/\/orcid.org\/0000-0002-8115-222X\" tabindex=\"-1\"><img decoding=\"async\" width=\"160\" height=\"160\" src=\"https:\/\/www.upo.es\/investiga\/ptyp\/upometropoli\/wp-content\/uploads\/2023\/10\/bust-in-silhouette_1f464.png\" class=\"attachment-medium size-medium wp-image-1711\" alt=\"\" srcset=\"https:\/\/www.upo.es\/investiga\/ptyp\/upometropoli\/wp-content\/uploads\/2023\/10\/bust-in-silhouette_1f464.png 160w, https:\/\/www.upo.es\/investiga\/ptyp\/upometropoli\/wp-content\/uploads\/2023\/10\/bust-in-silhouette_1f464-150x150.png 150w\" sizes=\"(max-width: 160px) 100vw, 160px\" \/><\/a><\/figure><div class=\"elementor-image-box-content\"><h4 class=\"elementor-image-box-title\"><a href=\"https:\/\/orcid.org\/0000-0002-8115-222X\">Ricardo Iglesias Pascual<\/a><\/h4><\/div><\/div>\t\t<\/div>\n\t\t\t\t<\/div>\n\t\t\t\t<div class=\"elementor-element elementor-element-3bd8e81f elementor-widget elementor-widget-heading\" data-id=\"3bd8e81f\" data-element_type=\"widget\" data-widget_type=\"heading.default\">\n\t\t\t\t<div class=\"elementor-widget-container\">\n\t\t\t<h1 class=\"elementor-heading-title elementor-size-medium\">Equipo<\/h1>\t\t<\/div>\n\t\t\t\t<\/div>\n\t\t\t\t<div class=\"elementor-element elementor-element-1fc7886a elementor-position-left elementor-widget__width-auto e-transform elementor-vertical-align-top elementor-widget elementor-widget-image-box\" data-id=\"1fc7886a\" data-element_type=\"widget\" data-settings=\"{&quot;_transform_scaleX_effect&quot;:{&quot;unit&quot;:&quot;px&quot;,&quot;size&quot;:&quot;&quot;,&quot;sizes&quot;:[]},&quot;_transform_scaleX_effect_tablet&quot;:{&quot;unit&quot;:&quot;px&quot;,&quot;size&quot;:&quot;&quot;,&quot;sizes&quot;:[]},&quot;_transform_scaleX_effect_mobile&quot;:{&quot;unit&quot;:&quot;px&quot;,&quot;size&quot;:&quot;&quot;,&quot;sizes&quot;:[]},&quot;_transform_scaleY_effect&quot;:{&quot;unit&quot;:&quot;px&quot;,&quot;size&quot;:&quot;&quot;,&quot;sizes&quot;:[]},&quot;_transform_scaleY_effect_tablet&quot;:{&quot;unit&quot;:&quot;px&quot;,&quot;size&quot;:&quot;&quot;,&quot;sizes&quot;:[]},&quot;_transform_scaleY_effect_mobile&quot;:{&quot;unit&quot;:&quot;px&quot;,&quot;size&quot;:&quot;&quot;,&quot;sizes&quot;:[]}}\" data-widget_type=\"image-box.default\">\n\t\t\t\t<div class=\"elementor-widget-container\">\n\t\t\t<div class=\"elementor-image-box-wrapper\"><figure class=\"elementor-image-box-img\"><a href=\"https:\/\/www.upo.es\/investiga\/ptyp\/es\/researcher\/ma-angeles-huete\/\" tabindex=\"-1\"><img fetchpriority=\"high\" decoding=\"async\" width=\"300\" height=\"300\" src=\"https:\/\/www.upo.es\/investiga\/ptyp\/upometropoli\/wp-content\/uploads\/2023\/01\/maria-angeles-huete-garcia-300x300.jpg\" class=\"attachment-medium size-medium wp-image-611\" alt=\"\" srcset=\"https:\/\/www.upo.es\/investiga\/ptyp\/upometropoli\/wp-content\/uploads\/2023\/01\/maria-angeles-huete-garcia-300x300.jpg 300w, https:\/\/www.upo.es\/investiga\/ptyp\/upometropoli\/wp-content\/uploads\/2023\/01\/maria-angeles-huete-garcia-150x150.jpg 150w, https:\/\/www.upo.es\/investiga\/ptyp\/upometropoli\/wp-content\/uploads\/2023\/01\/maria-angeles-huete-garcia.jpg 400w\" sizes=\"(max-width: 300px) 100vw, 300px\" \/><\/a><\/figure><div class=\"elementor-image-box-content\"><h4 class=\"elementor-image-box-title\"><a href=\"https:\/\/www.upo.es\/investiga\/ptyp\/es\/researcher\/ma-angeles-huete\/\">Mar\u00eda \u00c1ngeles Huete Garc\u00eda<\/a><\/h4><\/div><\/div>\t\t<\/div>\n\t\t\t\t<\/div>\n\t\t\t\t<div class=\"elementor-element elementor-element-439c3cf elementor-position-left elementor-widget__width-auto e-transform elementor-vertical-align-top elementor-widget elementor-widget-image-box\" data-id=\"439c3cf\" data-element_type=\"widget\" data-settings=\"{&quot;_transform_scaleX_effect&quot;:{&quot;unit&quot;:&quot;px&quot;,&quot;size&quot;:&quot;&quot;,&quot;sizes&quot;:[]},&quot;_transform_scaleX_effect_tablet&quot;:{&quot;unit&quot;:&quot;px&quot;,&quot;size&quot;:&quot;&quot;,&quot;sizes&quot;:[]},&quot;_transform_scaleX_effect_mobile&quot;:{&quot;unit&quot;:&quot;px&quot;,&quot;size&quot;:&quot;&quot;,&quot;sizes&quot;:[]},&quot;_transform_scaleY_effect&quot;:{&quot;unit&quot;:&quot;px&quot;,&quot;size&quot;:&quot;&quot;,&quot;sizes&quot;:[]},&quot;_transform_scaleY_effect_tablet&quot;:{&quot;unit&quot;:&quot;px&quot;,&quot;size&quot;:&quot;&quot;,&quot;sizes&quot;:[]},&quot;_transform_scaleY_effect_mobile&quot;:{&quot;unit&quot;:&quot;px&quot;,&quot;size&quot;:&quot;&quot;,&quot;sizes&quot;:[]}}\" data-widget_type=\"image-box.default\">\n\t\t\t\t<div class=\"elementor-widget-container\">\n\t\t\t<div class=\"elementor-image-box-wrapper\"><figure class=\"elementor-image-box-img\"><img decoding=\"async\" width=\"160\" height=\"160\" src=\"https:\/\/www.upo.es\/investiga\/ptyp\/upometropoli\/wp-content\/uploads\/2023\/10\/bust-in-silhouette_1f464.png\" class=\"attachment-medium size-medium wp-image-1711\" alt=\"\" srcset=\"https:\/\/www.upo.es\/investiga\/ptyp\/upometropoli\/wp-content\/uploads\/2023\/10\/bust-in-silhouette_1f464.png 160w, https:\/\/www.upo.es\/investiga\/ptyp\/upometropoli\/wp-content\/uploads\/2023\/10\/bust-in-silhouette_1f464-150x150.png 150w\" sizes=\"(max-width: 160px) 100vw, 160px\" \/><\/figure><div class=\"elementor-image-box-content\"><h4 class=\"elementor-image-box-title\">Alejo Gonz\u00e1lez-Orge<\/h4><\/div><\/div>\t\t<\/div>\n\t\t\t\t<\/div>\n\t\t\t\t<\/div>\n\t\t\t\t<\/div>\n\t\t\t\t<\/div>\n\t\t","protected":false},"excerpt":{"rendered":"<p>SUP4SUD Strategic Urban Planning for Sustainable Development Descripci\u00f3n y objetivos El proyecto SUP4SUD aborda la integraci\u00f3n del desarrollo sostenible dentro de la planificaci\u00f3n estrat\u00e9gica urbana en las ciudades europeas. La planificaci\u00f3n estrat\u00e9gica urbana europea se ha centrado hist\u00f3ricamente en el desarrollo econ\u00f3mico y la regeneraci\u00f3n urbana, con cambios recientes hacia la sostenibilidad, la participaci\u00f3n ciudadana [&hellip;]<\/p>\n","protected":false},"author":3,"featured_media":0,"parent":0,"menu_order":0,"comment_status":"closed","ping_status":"closed","template":"","meta":{"inline_featured_image":false,"footnotes":""},"class_list":["post-2457","page","type-page","status-publish","hentry"],"_links":{"self":[{"href":"https:\/\/www.upo.es\/investiga\/ptyp\/upometropoli\/wp-json\/wp\/v2\/pages\/2457","targetHints":{"allow":["GET"]}}],"collection":[{"href":"https:\/\/www.upo.es\/investiga\/ptyp\/upometropoli\/wp-json\/wp\/v2\/pages"}],"about":[{"href":"https:\/\/www.upo.es\/investiga\/ptyp\/upometropoli\/wp-json\/wp\/v2\/types\/page"}],"author":[{"embeddable":true,"href":"https:\/\/www.upo.es\/investiga\/ptyp\/upometropoli\/wp-json\/wp\/v2\/users\/3"}],"replies":[{"embeddable":true,"href":"https:\/\/www.upo.es\/investiga\/ptyp\/upometropoli\/wp-json\/wp\/v2\/comments?post=2457"}],"version-history":[{"count":26,"href":"https:\/\/www.upo.es\/investiga\/ptyp\/upometropoli\/wp-json\/wp\/v2\/pages\/2457\/revisions"}],"predecessor-version":[{"id":2491,"href":"https:\/\/www.upo.es\/investiga\/ptyp\/upometropoli\/wp-json\/wp\/v2\/pages\/2457\/revisions\/2491"}],"wp:attachment":[{"href":"https:\/\/www.upo.es\/investiga\/ptyp\/upometropoli\/wp-json\/wp\/v2\/media?parent=2457"}],"curies":[{"name":"wp","href":"https:\/\/api.w.org\/{rel}","templated":true}]}}