{"id":163,"date":"2018-04-11T19:24:36","date_gmt":"2018-04-11T17:24:36","guid":{"rendered":"https:\/\/www.upo.es\/investiga\/ptyp\/?page_id=163"},"modified":"2021-02-05T10:42:45","modified_gmt":"2021-02-05T09:42:45","slug":"inicio","status":"publish","type":"page","link":"https:\/\/www.upo.es\/investiga\/ptyp\/es\/inicio\/","title":{"rendered":"Inicio"},"content":{"rendered":"<h2>Grupo de investigaci\u00f3n Pol\u00edtica, Territorio y Participaci\u00f3n (SEJ-499)<\/h2>\n<hr \/>\n<p>Pol\u00edtica Territorio y Participaci\u00f3n (PTyP) es un grupo de investigaci\u00f3n sin \u00e1nimo de lucro reconocido por el Plan Andaluz de I+D+I. Agrupa a expertos de varias universidades andaluzas que trabajan en las l\u00edneas siguientes: federalismo, descentralizaci\u00f3n, nacionalismo, e identidades colectivas; movimientos sociales y protesta; estado del bienestar; pol\u00edticas p\u00fablicas; \u00e9lites pol\u00edticas y ciudadan\u00eda; din\u00e1micas culturales.<\/p>\n","protected":false},"excerpt":{"rendered":"<p>Grupo de investigaci\u00f3n Pol\u00edtica, Territorio y Participaci\u00f3n (SEJ-499) Pol\u00edtica Territorio y Participaci\u00f3n (PTyP) es un grupo de investigaci\u00f3n sin \u00e1nimo de lucro reconocido por el Plan Andaluz de I+D+I. Agrupa a expertos de varias universidades andaluzas que trabajan en las l\u00edneas siguientes: federalismo, descentralizaci\u00f3n, nacionalismo, e identidades colectivas; movimientos sociales y protesta; estado del bienestar; [&hellip;]<\/p>\n","protected":false},"author":1,"featured_media":739,"parent":0,"menu_order":0,"comment_status":"closed","ping_status":"closed","template":"template-home.php","meta":{"footnotes":""},"class_list":["post-163","page","type-page","status-publish","has-post-thumbnail","hentry"],"_links":{"self":[{"href":"https:\/\/www.upo.es\/investiga\/ptyp\/wp-json\/wp\/v2\/pages\/163","targetHints":{"allow":["GET"]}}],"collection":[{"href":"https:\/\/www.upo.es\/investiga\/ptyp\/wp-json\/wp\/v2\/pages"}],"about":[{"href":"https:\/\/www.upo.es\/investiga\/ptyp\/wp-json\/wp\/v2\/types\/page"}],"author":[{"embeddable":true,"href":"https:\/\/www.upo.es\/investiga\/ptyp\/wp-json\/wp\/v2\/users\/1"}],"replies":[{"embeddable":true,"href":"https:\/\/www.upo.es\/investiga\/ptyp\/wp-json\/wp\/v2\/comments?post=163"}],"version-history":[{"count":26,"href":"https:\/\/www.upo.es\/investiga\/ptyp\/wp-json\/wp\/v2\/pages\/163\/revisions"}],"predecessor-version":[{"id":2785,"href":"https:\/\/www.upo.es\/investiga\/ptyp\/wp-json\/wp\/v2\/pages\/163\/revisions\/2785"}],"wp:featuredmedia":[{"embeddable":true,"href":"https:\/\/www.upo.es\/investiga\/ptyp\/wp-json\/wp\/v2\/media\/739"}],"wp:attachment":[{"href":"https:\/\/www.upo.es\/investiga\/ptyp\/wp-json\/wp\/v2\/media?parent=163"}],"curies":[{"name":"wp","href":"https:\/\/api.w.org\/{rel}","templated":true}]}}