{"id":42,"date":"2018-04-07T18:43:52","date_gmt":"2018-04-07T16:43:52","guid":{"rendered":"https:\/\/dasp-ciuparcri.wwb.cc\/?page_id=42"},"modified":"2021-12-15T12:16:37","modified_gmt":"2021-12-15T11:16:37","slug":"sobre-nosotros","status":"publish","type":"page","link":"https:\/\/www.upo.es\/investiga\/ptyp\/es\/sobre-nosotros\/","title":{"rendered":"Sobre Nosotros"},"content":{"rendered":"\n<h3 class=\"wp-block-heading\">Pol\u00edtica, Territorio y Participaci\u00f3n<\/h3>\n\n\n\n<hr class=\"wp-block-separator is-style-wide\"\/>\n\n\n\n<p>El grupo PTyP est\u00e1 formado por una veintena de investigadores que trabajan en varias universidades espa\u00f1olas. PTyP no es un grupo de opini\u00f3n, es independiente de grupos de inter\u00e9s y sus actividades se basan en el estudio y la reflexi\u00f3n sobre datos emp\u00edricos tanto&nbsp; actuales como hist\u00f3ricos. La agenda de investigaci\u00f3n de PTyP se cimenta en diferentes disciplinas como la sociolog\u00eda, las ciencias pol\u00edticas y el trabajo social. Nuestro enfoque cient\u00edfico combina m\u00e9todos cualitativos y cuantitativos. Realizamos estudios de car\u00e1cter b\u00e1sico y aplicado para instituciones y organizaciones que deseen conocer mejor su entorno y abordar de manera rigurosa los problemas y preocupaciones que les afectan.&nbsp;<\/p>\n\n\n\n<div style=\"height:17px\" aria-hidden=\"true\" class=\"wp-block-spacer\"><\/div>\n\n\n\n<p>En la evaluaci\u00f3n cient\u00edfica m\u00e1s reciente realizada por la Agencia Andaluza del Conocimiento, PTyP obtuvo una puntuaci\u00f3n de 25 puntos sobre 32. Como grupo de investigaci\u00f3n consolidado, ha demostrado su capacidad para publicar en revistas acad\u00e9micas de primer nivel, captar recursos de convocatorias de proyectos competitivos y mejorar la gobernanza trabajando en estrecha colaboraci\u00f3n con las administraciones p\u00fablicas y los medios de comunicaci\u00f3n.&nbsp;<\/p>\n\n\n\n<div style=\"height:38px\" aria-hidden=\"true\" class=\"wp-block-spacer\"><\/div>\n\n\n<ul>\n<li><span style=\"color: #000080;\"><a style=\"color: #000080;\" href=\"https:\/\/www.upo.es\/investiga\/ptyp\/wp-content\/uploads\/2021\/12\/Memoria-PTyP-2020-21-1-1.pdf\" target=\"_blank\" rel=\"noopener\">Consulta aqu\u00ed la memoria de actividades durante el peri\u00f3do 2020-2021.<\/a><\/span><\/li>\n<\/ul>\n\n\n<div style=\"height:41px\" aria-hidden=\"true\" class=\"wp-block-spacer\"><\/div>\n\n\n\n<div class=\"wp-block-image\"><figure class=\"alignleft size-large is-resized\"><img loading=\"lazy\" decoding=\"async\" src=\"https:\/\/www.upo.es\/investiga\/ptyp\/wp-content\/uploads\/2021\/01\/cropped-PTyP-prueba-2-2-1024x402.jpg\" alt=\"\" class=\"wp-image-2723\" width=\"230\" height=\"79\"\/><\/figure><\/div>\n","protected":false},"excerpt":{"rendered":"<p>Pol\u00edtica, Territorio y Participaci\u00f3n El grupo PTyP est\u00e1 formado por una veintena de investigadores que trabajan en varias universidades espa\u00f1olas. PTyP no es un grupo de opini\u00f3n, es independiente de grupos de inter\u00e9s y sus actividades se basan en el estudio y la reflexi\u00f3n sobre datos emp\u00edricos tanto&nbsp; actuales como hist\u00f3ricos. La agenda de investigaci\u00f3n [&hellip;]<\/p>\n","protected":false},"author":1,"featured_media":0,"parent":0,"menu_order":0,"comment_status":"closed","ping_status":"closed","template":"template-about.php","meta":{"footnotes":""},"class_list":["post-42","page","type-page","status-publish","hentry"],"_links":{"self":[{"href":"https:\/\/www.upo.es\/investiga\/ptyp\/wp-json\/wp\/v2\/pages\/42","targetHints":{"allow":["GET"]}}],"collection":[{"href":"https:\/\/www.upo.es\/investiga\/ptyp\/wp-json\/wp\/v2\/pages"}],"about":[{"href":"https:\/\/www.upo.es\/investiga\/ptyp\/wp-json\/wp\/v2\/types\/page"}],"author":[{"embeddable":true,"href":"https:\/\/www.upo.es\/investiga\/ptyp\/wp-json\/wp\/v2\/users\/1"}],"replies":[{"embeddable":true,"href":"https:\/\/www.upo.es\/investiga\/ptyp\/wp-json\/wp\/v2\/comments?post=42"}],"version-history":[{"count":25,"href":"https:\/\/www.upo.es\/investiga\/ptyp\/wp-json\/wp\/v2\/pages\/42\/revisions"}],"predecessor-version":[{"id":3558,"href":"https:\/\/www.upo.es\/investiga\/ptyp\/wp-json\/wp\/v2\/pages\/42\/revisions\/3558"}],"wp:attachment":[{"href":"https:\/\/www.upo.es\/investiga\/ptyp\/wp-json\/wp\/v2\/media?parent=42"}],"curies":[{"name":"wp","href":"https:\/\/api.w.org\/{rel}","templated":true}]}}