{"id":2,"date":"2018-09-06T08:37:19","date_gmt":"2018-09-06T08:37:19","guid":{"rendered":"https:\/\/www.upo.es\/investiga\/red-libros\/?page_id=2"},"modified":"2018-10-08T12:35:59","modified_gmt":"2018-10-08T10:35:59","slug":"pagina-ejemplo","status":"publish","type":"page","link":"https:\/\/www.upo.es\/investiga\/red-libros\/pagina-ejemplo\/","title":{"rendered":"Actividades"},"content":{"rendered":"<p><span data-mce-type=\"bookmark\" style=\"display: inline-block; width: 0px; overflow: hidden; line-height: 0;\" class=\"mce_SELRES_start\">\ufeff<\/span><div class=\"archivist-outer-wrapper\">\t\t\t<div class=\"archivist_wrapper\">\n\n\t\t\t\t\t\t\t\t\t<style type=\"text\/css\" media=\"screen\">\n\t\t\t\t\t\t.archivist_wrapper .permalink {\r\n\tfont-weight: bold;\r\n}\r\n\r\n.archivist_wrapper td {\r\n\tvertical-align: top;\r\n}\r\n\r\n.archivist_wrapper img {\r\n\tpadding: 5px\r\n}\t\t\t\t\t<\/style>\n\t\t\t\t\n\t\t\t\t\n\t\t\t\t<table>\r\n\t<thead>\r\n\t\t<tr>\r\n\t\t\t<th>T\u00edtulo de la actividad<\/th>\r\n\t\t<\/tr>\r\n\t<\/thead>\r\n\t<tbody>\r\n\t\t\t\t\t\t\t\t\t\t\t\t\t\t<tr>\r\n\t<td>\r\n\t\t<a href=\"https:\/\/www.upo.es\/investiga\/red-libros\/2023\/06\/08\/call-for-papers-segundo-congreso-internacional-patrimonio-escrito-en-circulacion-produccion-local-conocimiento-global\/\" class=\"permalink\">Call for papers Segundo Congreso Internacional \u00abPatrimonio escrito en circulaci\u00f3n: producci\u00f3n local, conocimiento global\u00bb<\/a> <br\/>\r\n\t\t<em><\/em> by <em>red-libros<\/em> <br\/>\r\n\t<\/td>\r\n<\/tr>\t\t\t\t\t\t\t\t\t\t\t\t\t\t<tr>\r\n\t<td>\r\n\t\t<a href=\"https:\/\/www.upo.es\/investiga\/red-libros\/2019\/02\/05\/curso-el-analisis-de-redes-como-herramienta-para-la-investigacion-historica-iibi-unam\/\" class=\"permalink\">Curso \u00abEl an\u00e1lisis de redes como herramienta para la investigaci\u00f3n hist\u00f3rica\u00bb IIBI (UNAM)<\/a> <br\/>\r\n\t\t<em><\/em> by <em>red-libros<\/em> <br\/>\r\n\t<\/td>\r\n<\/tr>\t\t\t\t\t\t\t\t\t\t\t\t\t\t<tr>\r\n\t<td>\r\n\t\t<a href=\"https:\/\/www.upo.es\/investiga\/red-libros\/2018\/10\/04\/congreso-economic\/\" class=\"permalink\">Congreso Internacional The Economic History of the Book in the Early Modern Period<\/a> <br\/>\r\n\t\t<em><\/em> by <em>red-libros<\/em> <br\/>\r\n\t<\/td>\r\n<\/tr>\t\t\t\t\t\t\t\t\t<\/tbody>\r\n<\/table>\r\n\n\t\t\t\t\n\t\t\t<\/div>\n\t\t\t<script type=\"text\/javascript\">\n\t\t\tvar archivist_shortcode_attributes = {\"query\":\"\",\"category\":\"Actividades\",\"tag\":\"\",\"template\":\"default\",\"pagination\":false,\"controls\":\"both\"}\t\t\t<\/script>\n\t\t\t<\/div><span data-mce-type=\"bookmark\" style=\"display: inline-block; width: 0px; overflow: hidden; line-height: 0;\" class=\"mce_SELRES_end\">\ufeff<\/span><span data-mce-type=\"bookmark\" style=\"display: inline-block; width: 0px; overflow: hidden; line-height: 0;\" class=\"mce_SELRES_start\">\ufeff<\/span><\/p>\n","protected":false},"excerpt":{"rendered":"<p>\ufeff\ufeff\ufeff<\/p>\n","protected":false},"author":1,"featured_media":0,"parent":0,"menu_order":0,"comment_status":"closed","ping_status":"closed","template":"template-fullwidth.php","meta":[],"yoast_head":"<!-- This site is optimized with the Yoast SEO plugin v20.8 - https:\/\/yoast.com\/wordpress\/plugins\/seo\/ -->\n<title>Actividades ~ LibRed<\/title>\n<meta name=\"robots\" content=\"index, follow, max-snippet:-1, max-image-preview:large, max-video-preview:-1\" \/>\n<link rel=\"canonical\" href=\"https:\/\/www.upo.es\/investiga\/red-libros\/pagina-ejemplo\/\" \/>\n<meta property=\"og:locale\" content=\"es_ES\" \/>\n<meta property=\"og:type\" content=\"article\" \/>\n<meta property=\"og:title\" content=\"Actividades ~ LibRed\" \/>\n<meta property=\"og:description\" content=\"\ufeff\ufeff\ufeff\" \/>\n<meta property=\"og:url\" content=\"https:\/\/www.upo.es\/investiga\/red-libros\/pagina-ejemplo\/\" \/>\n<meta property=\"og:site_name\" content=\"LibRed\" \/>\n<meta property=\"article:modified_time\" content=\"2018-10-08T10:35:59+00:00\" \/>\n<meta name=\"twitter:card\" content=\"summary_large_image\" \/>\n<meta name=\"twitter:site\" content=\"@LibRed1\" \/>\n<script type=\"application\/ld+json\" class=\"yoast-schema-graph\">{\"@context\":\"https:\/\/schema.org\",\"@graph\":[{\"@type\":\"WebPage\",\"@id\":\"https:\/\/www.upo.es\/investiga\/red-libros\/pagina-ejemplo\/\",\"url\":\"https:\/\/www.upo.es\/investiga\/red-libros\/pagina-ejemplo\/\",\"name\":\"Actividades ~ LibRed\",\"isPartOf\":{\"@id\":\"https:\/\/www.upo.es\/investiga\/red-libros\/#website\"},\"datePublished\":\"2018-09-06T08:37:19+00:00\",\"dateModified\":\"2018-10-08T10:35:59+00:00\",\"breadcrumb\":{\"@id\":\"https:\/\/www.upo.es\/investiga\/red-libros\/pagina-ejemplo\/#breadcrumb\"},\"inLanguage\":\"es\",\"potentialAction\":[{\"@type\":\"ReadAction\",\"target\":[\"https:\/\/www.upo.es\/investiga\/red-libros\/pagina-ejemplo\/\"]}]},{\"@type\":\"BreadcrumbList\",\"@id\":\"https:\/\/www.upo.es\/investiga\/red-libros\/pagina-ejemplo\/#breadcrumb\",\"itemListElement\":[{\"@type\":\"ListItem\",\"position\":1,\"name\":\"Portada\",\"item\":\"https:\/\/www.upo.es\/investiga\/red-libros\/\"},{\"@type\":\"ListItem\",\"position\":2,\"name\":\"Actividades\"}]},{\"@type\":\"WebSite\",\"@id\":\"https:\/\/www.upo.es\/investiga\/red-libros\/#website\",\"url\":\"https:\/\/www.upo.es\/investiga\/red-libros\/\",\"name\":\"LAS REDES INTERNACIONALES DEL COMERCIO DE LIBROS EN LA MONARQUIA HISPANICA (1501-1648)\",\"description\":\"\",\"potentialAction\":[{\"@type\":\"SearchAction\",\"target\":{\"@type\":\"EntryPoint\",\"urlTemplate\":\"https:\/\/www.upo.es\/investiga\/red-libros\/?s={search_term_string}\"},\"query-input\":\"required name=search_term_string\"}],\"inLanguage\":\"es\"}]}<\/script>\n<!-- \/ Yoast SEO plugin. -->","yoast_head_json":{"title":"Actividades ~ LibRed","robots":{"index":"index","follow":"follow","max-snippet":"max-snippet:-1","max-image-preview":"max-image-preview:large","max-video-preview":"max-video-preview:-1"},"canonical":"https:\/\/www.upo.es\/investiga\/red-libros\/pagina-ejemplo\/","og_locale":"es_ES","og_type":"article","og_title":"Actividades ~ LibRed","og_description":"\ufeff\ufeff\ufeff","og_url":"https:\/\/www.upo.es\/investiga\/red-libros\/pagina-ejemplo\/","og_site_name":"LibRed","article_modified_time":"2018-10-08T10:35:59+00:00","twitter_card":"summary_large_image","twitter_site":"@LibRed1","schema":{"@context":"https:\/\/schema.org","@graph":[{"@type":"WebPage","@id":"https:\/\/www.upo.es\/investiga\/red-libros\/pagina-ejemplo\/","url":"https:\/\/www.upo.es\/investiga\/red-libros\/pagina-ejemplo\/","name":"Actividades ~ LibRed","isPartOf":{"@id":"https:\/\/www.upo.es\/investiga\/red-libros\/#website"},"datePublished":"2018-09-06T08:37:19+00:00","dateModified":"2018-10-08T10:35:59+00:00","breadcrumb":{"@id":"https:\/\/www.upo.es\/investiga\/red-libros\/pagina-ejemplo\/#breadcrumb"},"inLanguage":"es","potentialAction":[{"@type":"ReadAction","target":["https:\/\/www.upo.es\/investiga\/red-libros\/pagina-ejemplo\/"]}]},{"@type":"BreadcrumbList","@id":"https:\/\/www.upo.es\/investiga\/red-libros\/pagina-ejemplo\/#breadcrumb","itemListElement":[{"@type":"ListItem","position":1,"name":"Portada","item":"https:\/\/www.upo.es\/investiga\/red-libros\/"},{"@type":"ListItem","position":2,"name":"Actividades"}]},{"@type":"WebSite","@id":"https:\/\/www.upo.es\/investiga\/red-libros\/#website","url":"https:\/\/www.upo.es\/investiga\/red-libros\/","name":"LAS REDES INTERNACIONALES DEL COMERCIO DE LIBROS EN LA MONARQUIA HISPANICA (1501-1648)","description":"","potentialAction":[{"@type":"SearchAction","target":{"@type":"EntryPoint","urlTemplate":"https:\/\/www.upo.es\/investiga\/red-libros\/?s={search_term_string}"},"query-input":"required name=search_term_string"}],"inLanguage":"es"}]}},"_links":{"self":[{"href":"https:\/\/www.upo.es\/investiga\/red-libros\/wp-json\/wp\/v2\/pages\/2"}],"collection":[{"href":"https:\/\/www.upo.es\/investiga\/red-libros\/wp-json\/wp\/v2\/pages"}],"about":[{"href":"https:\/\/www.upo.es\/investiga\/red-libros\/wp-json\/wp\/v2\/types\/page"}],"author":[{"embeddable":true,"href":"https:\/\/www.upo.es\/investiga\/red-libros\/wp-json\/wp\/v2\/users\/1"}],"replies":[{"embeddable":true,"href":"https:\/\/www.upo.es\/investiga\/red-libros\/wp-json\/wp\/v2\/comments?post=2"}],"version-history":[{"count":5,"href":"https:\/\/www.upo.es\/investiga\/red-libros\/wp-json\/wp\/v2\/pages\/2\/revisions"}],"predecessor-version":[{"id":87,"href":"https:\/\/www.upo.es\/investiga\/red-libros\/wp-json\/wp\/v2\/pages\/2\/revisions\/87"}],"wp:attachment":[{"href":"https:\/\/www.upo.es\/investiga\/red-libros\/wp-json\/wp\/v2\/media?parent=2"}],"curies":[{"name":"wp","href":"https:\/\/api.w.org\/{rel}","templated":true}]}}