{"id":53,"date":"2018-10-05T14:20:46","date_gmt":"2018-10-05T14:20:46","guid":{"rendered":"https:\/\/www.upo.es\/investiga\/red-libros\/?page_id=53"},"modified":"2018-10-05T14:24:56","modified_gmt":"2018-10-05T14:24:56","slug":"presentacion-del-proyecto","status":"publish","type":"page","link":"https:\/\/www.upo.es\/investiga\/red-libros\/presentacion-del-proyecto\/","title":{"rendered":"Presentaci\u00f3n del proyecto"},"content":{"rendered":"<p style=\"text-align: justify;\">Este proyecto busca explorar c\u00f3mo se produjo la llegada y el asentamiento en Espa\u00f1a y, desde ah\u00ed, en Am\u00e9rica de las grandes casas editoriales que dominaron el mercado del libro europeo en los siglos XVI y XVII.<\/p>\n<p style=\"text-align: justify;\">Tras la aparici\u00f3n de la imprenta de caracteres m\u00f3viles, el mercado del libro impreso tom\u00f3 pronto una dimensi\u00f3n internacional y, tras la inclusi\u00f3n del mundo atl\u00e1ntico, global. Este fen\u00f3meno potenci\u00f3 la incorporaci\u00f3n de instrumentos mercantiles complejos (compa\u00f1\u00edas comerciales, instrumentos notariales, elementos contables novedosos, uso del sistema de ferias&#8230;), que permitieron vertebrar el mercado del libro en un periodo marcado por la fragmentaci\u00f3n pol\u00edtica.<\/p>\n<p style=\"text-align: justify;\">El negocio del libro estuvo en buena medida controlado por grandes firmas de impresores-editores, con frecuencia de origen familiar (Giunti, Portonariis, Boyer&#8230;), a las que una tupida red de agentes permit\u00eda operar en diversos mercados. Para estas compa\u00f1\u00edas, la Monarqu\u00eda Hisp\u00e1nica constitu\u00eda un espacio pol\u00edtico extraordinario que pod\u00eda facilitar el acceso a mercados lejanos donde posicionar agentes que actuar\u00edan de nexo entre producci\u00f3n y consumo.<\/p>\n<p style=\"text-align: justify;\">En este proyecto de investigaci\u00f3n se combinan las escalas local, regional e internacional integrando narrativas nacionales que, con demasiada frecuencia, se han estudiado de manera aislada, haciendo muy dif\u00edcil comprender c\u00f3mo funcionaba el mercado del libro moderno en su totalidad. De esta forma podremos situar la historia del libro hispano del Siglo de Oro en una perspectiva global, as\u00ed como reconsiderar las relaciones culturales y econ\u00f3micas entre las distintas regiones de Europa y Am\u00e9rica, y superar definitivamente la idea de que los agentes culturales no tuvieron influencia en el desarrollo de la literatura espa\u00f1ola aurisecular, desafiando las convenciones historiogr\u00e1ficas que han le\u00eddo la historia cultural hispana en clave negativa.<\/p>\n<hr \/>\n<p style=\"text-align: justify;\">This research project explores the settlement process of European publishing firms in Spain and Hispanic America during the 16th and 17th centuries.<\/p>\n<p style=\"text-align: justify;\">Soon after the appearance of the printing press in Europe, the printed book market acquired an extraordinary and international dimension, and with the discovery of America turned global. This required the incorporation of complex commercial instruments (trading companies, notary documents, new accounting tools, fair system\u2026). These elements altogether contributed to vertebrate book market in a period of political fragmentation.<\/p>\n<p style=\"text-align: justify;\">At the end of the 15th century book business was mostly controlled by a few publishing companies, usually family firms (Giunti, Portonariis, Boyer&#8230;) with a dense network of commercial agents operating in distant markets from Europe to America. For those companies the Hispanic Monarchy offered an extraordinary political space, which comprised a vast territory, and could facilitated access to distant markets in which locate agents and, this way, connect international production and consumption.<\/p>\n<p style=\"text-align: justify;\">From the methodological point of view the project combines local, regional and international scales, often disconnected, in order to understand globalization process in the book market. We aim to place Hispanic Book History during the Golden Age in a global perspective and reconsider cultural relations among different regions in Europe and America rejecting the hypothesis that economic agents had no influence in the development of the literature of the period. The project defeats conventional wisdom revisiting Early Modern Hispanic and European culture from a different perspective.<\/p>\n","protected":false},"excerpt":{"rendered":"<p>Este proyecto busca explorar c\u00f3mo se produjo la llegada y el asentamiento en Espa\u00f1a y, desde ah\u00ed, en Am\u00e9rica de las grandes casas editoriales que dominaron el mercado del libro europeo en los siglos XVI y XVII. Tras la aparici\u00f3n de la imprenta de caracteres m\u00f3viles, el mercado del libro impreso tom\u00f3 pronto una dimensi\u00f3n<a class=\"moretag\" href=\"https:\/\/www.upo.es\/investiga\/red-libros\/presentacion-del-proyecto\/\"><span class=\"screen-reader-text\">Leer m\u00e1s sobre Presentaci\u00f3n del proyecto<\/span>[&#8230;]<\/a><\/p>\n","protected":false},"author":1,"featured_media":0,"parent":0,"menu_order":1,"comment_status":"closed","ping_status":"closed","template":"template-fullwidth.php","meta":[],"yoast_head":"<!-- This site is optimized with the Yoast SEO plugin v20.8 - https:\/\/yoast.com\/wordpress\/plugins\/seo\/ -->\n<title>Presentaci\u00f3n del proyecto ~ LibRed<\/title>\n<meta name=\"robots\" content=\"index, follow, max-snippet:-1, max-image-preview:large, max-video-preview:-1\" \/>\n<link rel=\"canonical\" href=\"https:\/\/www.upo.es\/investiga\/red-libros\/presentacion-del-proyecto\/\" \/>\n<meta property=\"og:locale\" content=\"es_ES\" \/>\n<meta property=\"og:type\" content=\"article\" \/>\n<meta property=\"og:title\" content=\"Presentaci\u00f3n del proyecto ~ LibRed\" \/>\n<meta property=\"og:description\" content=\"Este proyecto busca explorar c\u00f3mo se produjo la llegada y el asentamiento en Espa\u00f1a y, desde ah\u00ed, en Am\u00e9rica de las grandes casas editoriales que dominaron el mercado del libro europeo en los siglos XVI y XVII. Tras la aparici\u00f3n de la imprenta de caracteres m\u00f3viles, el mercado del libro impreso tom\u00f3 pronto una dimensi\u00f3nLeer m\u00e1s sobre Presentaci\u00f3n del proyecto[...]\" \/>\n<meta property=\"og:url\" content=\"https:\/\/www.upo.es\/investiga\/red-libros\/presentacion-del-proyecto\/\" \/>\n<meta property=\"og:site_name\" content=\"LibRed\" \/>\n<meta property=\"article:modified_time\" content=\"2018-10-05T14:24:56+00:00\" \/>\n<meta name=\"twitter:card\" content=\"summary_large_image\" \/>\n<meta name=\"twitter:site\" content=\"@LibRed1\" \/>\n<meta name=\"twitter:label1\" content=\"Tiempo de lectura\" \/>\n\t<meta name=\"twitter:data1\" content=\"3 minutos\" \/>\n<script type=\"application\/ld+json\" class=\"yoast-schema-graph\">{\"@context\":\"https:\/\/schema.org\",\"@graph\":[{\"@type\":\"WebPage\",\"@id\":\"https:\/\/www.upo.es\/investiga\/red-libros\/presentacion-del-proyecto\/\",\"url\":\"https:\/\/www.upo.es\/investiga\/red-libros\/presentacion-del-proyecto\/\",\"name\":\"Presentaci\u00f3n del proyecto ~ LibRed\",\"isPartOf\":{\"@id\":\"https:\/\/www.upo.es\/investiga\/red-libros\/#website\"},\"datePublished\":\"2018-10-05T14:20:46+00:00\",\"dateModified\":\"2018-10-05T14:24:56+00:00\",\"breadcrumb\":{\"@id\":\"https:\/\/www.upo.es\/investiga\/red-libros\/presentacion-del-proyecto\/#breadcrumb\"},\"inLanguage\":\"es\",\"potentialAction\":[{\"@type\":\"ReadAction\",\"target\":[\"https:\/\/www.upo.es\/investiga\/red-libros\/presentacion-del-proyecto\/\"]}]},{\"@type\":\"BreadcrumbList\",\"@id\":\"https:\/\/www.upo.es\/investiga\/red-libros\/presentacion-del-proyecto\/#breadcrumb\",\"itemListElement\":[{\"@type\":\"ListItem\",\"position\":1,\"name\":\"Portada\",\"item\":\"https:\/\/www.upo.es\/investiga\/red-libros\/\"},{\"@type\":\"ListItem\",\"position\":2,\"name\":\"Presentaci\u00f3n del proyecto\"}]},{\"@type\":\"WebSite\",\"@id\":\"https:\/\/www.upo.es\/investiga\/red-libros\/#website\",\"url\":\"https:\/\/www.upo.es\/investiga\/red-libros\/\",\"name\":\"LAS REDES INTERNACIONALES DEL COMERCIO DE LIBROS EN LA MONARQUIA HISPANICA (1501-1648)\",\"description\":\"\",\"potentialAction\":[{\"@type\":\"SearchAction\",\"target\":{\"@type\":\"EntryPoint\",\"urlTemplate\":\"https:\/\/www.upo.es\/investiga\/red-libros\/?s={search_term_string}\"},\"query-input\":\"required name=search_term_string\"}],\"inLanguage\":\"es\"}]}<\/script>\n<!-- \/ Yoast SEO plugin. -->","yoast_head_json":{"title":"Presentaci\u00f3n del proyecto ~ LibRed","robots":{"index":"index","follow":"follow","max-snippet":"max-snippet:-1","max-image-preview":"max-image-preview:large","max-video-preview":"max-video-preview:-1"},"canonical":"https:\/\/www.upo.es\/investiga\/red-libros\/presentacion-del-proyecto\/","og_locale":"es_ES","og_type":"article","og_title":"Presentaci\u00f3n del proyecto ~ LibRed","og_description":"Este proyecto busca explorar c\u00f3mo se produjo la llegada y el asentamiento en Espa\u00f1a y, desde ah\u00ed, en Am\u00e9rica de las grandes casas editoriales que dominaron el mercado del libro europeo en los siglos XVI y XVII. Tras la aparici\u00f3n de la imprenta de caracteres m\u00f3viles, el mercado del libro impreso tom\u00f3 pronto una dimensi\u00f3nLeer m\u00e1s sobre Presentaci\u00f3n del proyecto[...]","og_url":"https:\/\/www.upo.es\/investiga\/red-libros\/presentacion-del-proyecto\/","og_site_name":"LibRed","article_modified_time":"2018-10-05T14:24:56+00:00","twitter_card":"summary_large_image","twitter_site":"@LibRed1","twitter_misc":{"Tiempo de lectura":"3 minutos"},"schema":{"@context":"https:\/\/schema.org","@graph":[{"@type":"WebPage","@id":"https:\/\/www.upo.es\/investiga\/red-libros\/presentacion-del-proyecto\/","url":"https:\/\/www.upo.es\/investiga\/red-libros\/presentacion-del-proyecto\/","name":"Presentaci\u00f3n del proyecto ~ LibRed","isPartOf":{"@id":"https:\/\/www.upo.es\/investiga\/red-libros\/#website"},"datePublished":"2018-10-05T14:20:46+00:00","dateModified":"2018-10-05T14:24:56+00:00","breadcrumb":{"@id":"https:\/\/www.upo.es\/investiga\/red-libros\/presentacion-del-proyecto\/#breadcrumb"},"inLanguage":"es","potentialAction":[{"@type":"ReadAction","target":["https:\/\/www.upo.es\/investiga\/red-libros\/presentacion-del-proyecto\/"]}]},{"@type":"BreadcrumbList","@id":"https:\/\/www.upo.es\/investiga\/red-libros\/presentacion-del-proyecto\/#breadcrumb","itemListElement":[{"@type":"ListItem","position":1,"name":"Portada","item":"https:\/\/www.upo.es\/investiga\/red-libros\/"},{"@type":"ListItem","position":2,"name":"Presentaci\u00f3n del proyecto"}]},{"@type":"WebSite","@id":"https:\/\/www.upo.es\/investiga\/red-libros\/#website","url":"https:\/\/www.upo.es\/investiga\/red-libros\/","name":"LAS REDES INTERNACIONALES DEL COMERCIO DE LIBROS EN LA MONARQUIA HISPANICA (1501-1648)","description":"","potentialAction":[{"@type":"SearchAction","target":{"@type":"EntryPoint","urlTemplate":"https:\/\/www.upo.es\/investiga\/red-libros\/?s={search_term_string}"},"query-input":"required name=search_term_string"}],"inLanguage":"es"}]}},"_links":{"self":[{"href":"https:\/\/www.upo.es\/investiga\/red-libros\/wp-json\/wp\/v2\/pages\/53"}],"collection":[{"href":"https:\/\/www.upo.es\/investiga\/red-libros\/wp-json\/wp\/v2\/pages"}],"about":[{"href":"https:\/\/www.upo.es\/investiga\/red-libros\/wp-json\/wp\/v2\/types\/page"}],"author":[{"embeddable":true,"href":"https:\/\/www.upo.es\/investiga\/red-libros\/wp-json\/wp\/v2\/users\/1"}],"replies":[{"embeddable":true,"href":"https:\/\/www.upo.es\/investiga\/red-libros\/wp-json\/wp\/v2\/comments?post=53"}],"version-history":[{"count":4,"href":"https:\/\/www.upo.es\/investiga\/red-libros\/wp-json\/wp\/v2\/pages\/53\/revisions"}],"predecessor-version":[{"id":57,"href":"https:\/\/www.upo.es\/investiga\/red-libros\/wp-json\/wp\/v2\/pages\/53\/revisions\/57"}],"wp:attachment":[{"href":"https:\/\/www.upo.es\/investiga\/red-libros\/wp-json\/wp\/v2\/media?parent=53"}],"curies":[{"name":"wp","href":"https:\/\/api.w.org\/{rel}","templated":true}]}}