{"id":117,"date":"2021-06-17T20:00:54","date_gmt":"2021-06-17T18:00:54","guid":{"rendered":"https:\/\/www.upo.es\/investiga\/tradupoling\/?page_id=117"},"modified":"2022-02-21T11:29:01","modified_gmt":"2022-02-21T09:29:01","slug":"investigadores","status":"publish","type":"page","link":"https:\/\/www.upo.es\/investiga\/tradupoling\/investigadores\/","title":{"rendered":"Equipo investigador"},"content":{"rendered":"\n<div class=\"wp-block-columns is-layout-flex wp-container-core-columns-is-layout-9d6595d7 wp-block-columns-is-layout-flex\">\n<div class=\"wp-block-column is-layout-flow wp-block-column-is-layout-flow\">\n<ul class=\"wp-block-list\" style=\"font-size:19px\"><li><a href=\"https:\/\/www.upo.es\/investiga\/tradupoling\/adrian-fuentes\/\" data-type=\"URL\" data-id=\"https:\/\/www.upo.es\/investiga\/tradupoling\/adrian-fuentes\/\" target=\"_blank\" rel=\"noreferrer noopener\">Adri\u00e1n Fuentes Luque.<\/a> Doctor en Traducci\u00f3n, traductor profesional y profesor de Traducci\u00f3n en la UPO. <\/li><\/ul>\n\n\n\n<ul class=\"wp-block-list\" style=\"font-size:19px\"><li><a href=\"https:\/\/www.upo.es\/investiga\/tradupoling\/alicia-lopez\/\" data-type=\"URL\" data-id=\"https:\/\/www.upo.es\/investiga\/tradupoling\/alicia-lopez\/\" target=\"_blank\" rel=\"noreferrer noopener\">Alicia L\u00f3pez M\u00e1rquez<\/a>. Licenciada y Doctora en Filolog\u00eda Italiana y profesora de Lengua y Cultura Italiana y Traducci\u00f3n en la UPO. <\/li><\/ul>\n\n\n\n<ul class=\"wp-block-list\" style=\"font-size:19px\"><li><a href=\"https:\/\/www.upo.es\/investiga\/tradupoling\/elisa-alonso\/\" data-type=\"URL\" data-id=\"https:\/\/www.upo.es\/investiga\/tradupoling\/elisa-alonso\/\" target=\"_blank\" rel=\"noreferrer noopener\">Elisa Alonso Jim\u00e9nez<\/a>. Licenciada en Traducci\u00f3n e Interpretaci\u00f3n, Doctora, profesora e investigadora del Departamento de Filolog\u00eda y Traducci\u00f3n de la UPO. <\/li><\/ul>\n\n\n\n<ul class=\"wp-block-list\" style=\"font-size:19px\"><li><a href=\"https:\/\/www.upo.es\/investiga\/tradupoling\/inmaculada-mendoza\/\" data-type=\"URL\" data-id=\"https:\/\/www.upo.es\/investiga\/tradupoling\/inmaculada-mendoza\/\" target=\"_blank\" rel=\"noreferrer noopener\">Inmaculada Mendoza Garc\u00eda<\/a>. Licenciada en Traducci\u00f3n e Interpretaci\u00f3n, Doctora en Filolog\u00eda Inglesa y profesora del Departamento de Filolog\u00eda y Traducci\u00f3n de la UPO.<\/li><\/ul>\n\n\n\n<ul class=\"wp-block-list\" style=\"font-size:19px\"><li><a href=\"https:\/\/www.upo.es\/investiga\/tradupoling\/juanantonio-prieto\/\" data-type=\"URL\" data-id=\"https:\/\/www.upo.es\/investiga\/tradupoling\/juanantonio-prieto\/\" target=\"_blank\" rel=\"noreferrer noopener\">Juan Antonio Prieto Velasco<\/a>. Licenciado en Traducci\u00f3n e Interpretaci\u00f3n, M\u00e1ster en Traducci\u00f3n m\u00e9dico-sanitaria, Doctor y profesor del Departamento de Filolog\u00eda y Traducci\u00f3n de la UPO. <\/li><\/ul>\n\n\n\n<ul class=\"wp-block-list\" style=\"font-size:19px\"><li><a href=\"https:\/\/www.upo.es\/investiga\/tradupoling\/julia-lobato\/\" data-type=\"URL\" data-id=\"https:\/\/www.upo.es\/investiga\/tradupoling\/julia-lobato\/\" target=\"_blank\" rel=\"noreferrer noopener\">Julia Lobato Patricio<\/a>. Licenciada y Doctora en Traducci\u00f3n e Interpretaci\u00f3n y profesora del Departamento de Filolog\u00eda y Traducci\u00f3n de la UPO. <\/li><\/ul>\n\n\n\n<ul class=\"wp-block-list\" style=\"font-size:19px\"><li><a href=\"https:\/\/www.upo.es\/investiga\/tradupoling\/mercedes-delatorre\/\" data-type=\"URL\" data-id=\"https:\/\/www.upo.es\/investiga\/tradupoling\/mercedes-delatorre\/\" target=\"_blank\" rel=\"noreferrer noopener\">Mercedes de la Torre Garc\u00eda<\/a>. Doctora y profesora de Lengua Espa\u00f1ola del Departamento de Filolog\u00eda y Traducci\u00f3n de la UPO.<\/li><\/ul>\n\n\n\n<ul class=\"wp-block-list\" style=\"font-size:19px\"><li><a href=\"https:\/\/www.upo.es\/investiga\/tradupoling\/nuria-ponce\/\" data-type=\"URL\" data-id=\"https:\/\/www.upo.es\/investiga\/tradupoling\/nuria-ponce\/\" target=\"_blank\" rel=\"noreferrer noopener\">Nuria Ponce M\u00e1rquez<\/a>. Licenciada en Filolog\u00eda Inglesa, Licenciada en Filolog\u00eda Alemana y Licenciada en Traducci\u00f3n e Interpretaci\u00f3n, Doctora y profesora del Departamento de Filolog\u00eda y Traducci\u00f3n de la UPO. <\/li><\/ul>\n\n\n\n<ul class=\"wp-block-list\" style=\"font-size:19px\"><li><a href=\"https:\/\/www.upo.es\/investiga\/tradupoling\/olga-cruz\/\" data-type=\"URL\" data-id=\"https:\/\/www.upo.es\/investiga\/tradupoling\/olga-cruz\/\" target=\"_blank\" rel=\"noreferrer noopener\">Olga Cruz Moya<\/a>. Licenciada en Filolog\u00eda Hisp\u00e1nica, Doctora y profesora de Lengua Espa\u00f1ola del Departamento de Filolog\u00eda y Traducci\u00f3n de la UPO. <\/li><\/ul>\n\n\n\n<ul class=\"wp-block-list\" style=\"font-size:19px\"><li><a href=\"https:\/\/www.upo.es\/investiga\/tradupoling\/virginia-dealba\/\" data-type=\"URL\" data-id=\"https:\/\/www.upo.es\/investiga\/tradupoling\/virginia-dealba\/\" target=\"_blank\" rel=\"noreferrer noopener\">Virginia de Alba Qui\u00f1ones<\/a>. Profesora del \u00c1rea de Lengua Espa\u00f1ola de la UPO. <\/li><\/ul>\n<\/div>\n<\/div>\n\n\n\n<p><\/p>\n","protected":false},"excerpt":{"rendered":"<p>Adri\u00e1n Fuentes Luque. Doctor en Traducci\u00f3n, traductor profesional y profesor de Traducci\u00f3n en la UPO. Alicia L\u00f3pez M\u00e1rquez. Licenciada y Doctora en Filolog\u00eda Italiana y profesora de Lengua y Cultura Italiana y Traducci\u00f3n en la UPO. Elisa Alonso Jim\u00e9nez. Licenciada en Traducci\u00f3n e Interpretaci\u00f3n, Doctora, profesora e investigadora del Departamento de Filolog\u00eda y Traducci\u00f3n de [&hellip;]<\/p>\n","protected":false},"author":1,"featured_media":0,"parent":0,"menu_order":0,"comment_status":"closed","ping_status":"closed","template":"","meta":{"footnotes":""},"class_list":["post-117","page","type-page","status-publish","hentry"],"_links":{"self":[{"href":"https:\/\/www.upo.es\/investiga\/tradupoling\/wp-json\/wp\/v2\/pages\/117","targetHints":{"allow":["GET"]}}],"collection":[{"href":"https:\/\/www.upo.es\/investiga\/tradupoling\/wp-json\/wp\/v2\/pages"}],"about":[{"href":"https:\/\/www.upo.es\/investiga\/tradupoling\/wp-json\/wp\/v2\/types\/page"}],"author":[{"embeddable":true,"href":"https:\/\/www.upo.es\/investiga\/tradupoling\/wp-json\/wp\/v2\/users\/1"}],"replies":[{"embeddable":true,"href":"https:\/\/www.upo.es\/investiga\/tradupoling\/wp-json\/wp\/v2\/comments?post=117"}],"version-history":[{"count":74,"href":"https:\/\/www.upo.es\/investiga\/tradupoling\/wp-json\/wp\/v2\/pages\/117\/revisions"}],"predecessor-version":[{"id":1498,"href":"https:\/\/www.upo.es\/investiga\/tradupoling\/wp-json\/wp\/v2\/pages\/117\/revisions\/1498"}],"wp:attachment":[{"href":"https:\/\/www.upo.es\/investiga\/tradupoling\/wp-json\/wp\/v2\/media?parent=117"}],"curies":[{"name":"wp","href":"https:\/\/api.w.org\/{rel}","templated":true}]}}