{"id":137,"date":"2021-06-17T20:40:39","date_gmt":"2021-06-17T18:40:39","guid":{"rendered":"https:\/\/www.upo.es\/investiga\/tradupoling\/?page_id=137"},"modified":"2022-02-21T11:09:14","modified_gmt":"2022-02-21T09:09:14","slug":"nuria-ponce","status":"publish","type":"page","link":"https:\/\/www.upo.es\/investiga\/tradupoling\/nuria-ponce\/","title":{"rendered":"Nuria Ponce M\u00e1rquez"},"content":{"rendered":"\n<div class=\"wp-block-columns is-layout-flex wp-container-core-columns-is-layout-9d6595d7 wp-block-columns-is-layout-flex\">\n<div class=\"wp-block-column is-layout-flow wp-block-column-is-layout-flow\">\n<div class=\"wp-block-columns is-layout-flex wp-container-core-columns-is-layout-9d6595d7 wp-block-columns-is-layout-flex\">\n<div class=\"wp-block-column is-layout-flow wp-block-column-is-layout-flow\">\n<div class=\"wp-block-image is-style-default\"><figure class=\"alignleft size-large is-resized\"><img loading=\"lazy\" decoding=\"async\" src=\"https:\/\/www.upo.es\/investiga\/tradupoling\/wp-content\/uploads\/2021\/06\/FOTO-NURIA-PONCE-MARQUEZ-1.jpg\" alt=\"\" class=\"wp-image-276\" width=\"222\" height=\"222\" srcset=\"https:\/\/www.upo.es\/investiga\/tradupoling\/wp-content\/uploads\/2021\/06\/FOTO-NURIA-PONCE-MARQUEZ-1.jpg 445w, https:\/\/www.upo.es\/investiga\/tradupoling\/wp-content\/uploads\/2021\/06\/FOTO-NURIA-PONCE-MARQUEZ-1-300x300.jpg 300w, https:\/\/www.upo.es\/investiga\/tradupoling\/wp-content\/uploads\/2021\/06\/FOTO-NURIA-PONCE-MARQUEZ-1-150x150.jpg 150w\" sizes=\"auto, (max-width: 222px) 100vw, 222px\" \/><\/figure><\/div>\n<\/div>\n\n\n\n<div class=\"wp-block-column is-layout-flow wp-block-column-is-layout-flow\">\n<p style=\"font-size:19px\">La doctora Nuria Ponce M\u00e1rquez es Profesora Titular del Departamento de Filolog\u00eda y Traducci\u00f3n de la Universidad Pablo de Olavide (UPO). Licenciada en Filolog\u00eda Inglesa, en Filolog\u00eda Alemana y en Traducci\u00f3n e Interpretaci\u00f3n. Traductora e int\u00e9rprete jurado. Realiz\u00f3 el <em>M\u00e1ster universitario en traducci\u00f3n de textos con fines espec\u00edficos, interpretaci\u00f3n y doblaje de las lenguas espa\u00f1ola y alemana<\/em> en la Universidad de Sevilla (US) y el <em>Experto en Traducci\u00f3n y Localizaci\u00f3n de Videojuegos<\/em> en el Instituto Superior de Estudios Ling\u00fc\u00edsticos y Traducci\u00f3n (ISTRAD). En 2009 defendi\u00f3 su Tesis Doctoral, por la que obtuvo el Premio Extraordinario de Doctorado.<\/p>\n<\/div>\n<\/div>\n<\/div>\n<\/div>\n\n\n\n<p style=\"font-size:19px\">Adem\u00e1s de su experiencia profesional como traductora e int\u00e9rprete, trabaja desde 2005 como docente e investigadora del \u00e1rea de Traducci\u00f3n e Interpretaci\u00f3n (TEI) de la UPO. Como docente, ha impartido clase en la Licenciatura en TEI, Grado en TEI y Doble Grado en Humanidades y TEI, por lo que obtuvo el M\u00e9rito a la Excelencia Docente dentro del programa Docentia-A-UPO. Asimismo, ha impartido docencia en programas de posgrado en los que ha dirigido m\u00e1s de veinte TFM. Ha colaborado en m\u00e1s de diez proyectos de innovaci\u00f3n docente, tanto en la UPO como de car\u00e1cter interuniversitario, adem\u00e1s de en varios proyectos competitivos de investigaci\u00f3n. <\/p>\n\n\n\n<p style=\"font-size:19px\">En lo que respecta a su labor investigadora, cabe destacar que actualmente pertenece al grupo de investigaci\u00f3n <em>Acceso y Evaluaci\u00f3n de la Informaci\u00f3n Cient\u00edfica<\/em> (HUM-466) de la UGR bajo la direcci\u00f3n de M.\u00aa Dolores Olvera Lobo. Sus principales l\u00edneas de investigaci\u00f3n son la traducci\u00f3n de marcas humor\u00edsticos-culturales; la localizaci\u00f3n de contenido web, aplicaciones m\u00f3viles y videojuegos; la interpretaci\u00f3n de conferencias; y la formaci\u00f3n de traductores e int\u00e9rpretes. En 2020 ha dise\u00f1ado e incluido en el Registro de la Propiedad Intelectual la aplicaci\u00f3n m\u00f3vil <em>CronoTrad,<\/em> con el objetivo de mejorar la eficiencia en la labor traductora tanto de los traductores en ciernes como de los profesionales.<\/p>\n\n\n\n<p style=\"font-size:19px\">Correo de contacto: nmponmar@upo.es <\/p>\n\n\n\n<hr class=\"wp-block-separator has-text-color has-background has-secondary-background-color has-secondary-color is-style-dots\"\/>\n","protected":false},"excerpt":{"rendered":"<p>La doctora Nuria Ponce M\u00e1rquez es Profesora Titular del Departamento de Filolog\u00eda y Traducci\u00f3n de la Universidad Pablo de Olavide (UPO). Licenciada en Filolog\u00eda Inglesa, en Filolog\u00eda Alemana y en Traducci\u00f3n e Interpretaci\u00f3n. Traductora e int\u00e9rprete jurado. Realiz\u00f3 el M\u00e1ster universitario en traducci\u00f3n de textos con fines espec\u00edficos, interpretaci\u00f3n y doblaje de las lenguas espa\u00f1ola [&hellip;]<\/p>\n","protected":false},"author":1,"featured_media":0,"parent":0,"menu_order":0,"comment_status":"closed","ping_status":"closed","template":"","meta":{"footnotes":""},"class_list":["post-137","page","type-page","status-publish","hentry"],"_links":{"self":[{"href":"https:\/\/www.upo.es\/investiga\/tradupoling\/wp-json\/wp\/v2\/pages\/137","targetHints":{"allow":["GET"]}}],"collection":[{"href":"https:\/\/www.upo.es\/investiga\/tradupoling\/wp-json\/wp\/v2\/pages"}],"about":[{"href":"https:\/\/www.upo.es\/investiga\/tradupoling\/wp-json\/wp\/v2\/types\/page"}],"author":[{"embeddable":true,"href":"https:\/\/www.upo.es\/investiga\/tradupoling\/wp-json\/wp\/v2\/users\/1"}],"replies":[{"embeddable":true,"href":"https:\/\/www.upo.es\/investiga\/tradupoling\/wp-json\/wp\/v2\/comments?post=137"}],"version-history":[{"count":16,"href":"https:\/\/www.upo.es\/investiga\/tradupoling\/wp-json\/wp\/v2\/pages\/137\/revisions"}],"predecessor-version":[{"id":1492,"href":"https:\/\/www.upo.es\/investiga\/tradupoling\/wp-json\/wp\/v2\/pages\/137\/revisions\/1492"}],"wp:attachment":[{"href":"https:\/\/www.upo.es\/investiga\/tradupoling\/wp-json\/wp\/v2\/media?parent=137"}],"curies":[{"name":"wp","href":"https:\/\/api.w.org\/{rel}","templated":true}]}}