{"id":139,"date":"2021-06-17T20:40:58","date_gmt":"2021-06-17T18:40:58","guid":{"rendered":"https:\/\/www.upo.es\/investiga\/tradupoling\/?page_id=139"},"modified":"2022-02-21T11:01:19","modified_gmt":"2022-02-21T09:01:19","slug":"adrian-fuentes","status":"publish","type":"page","link":"https:\/\/www.upo.es\/investiga\/tradupoling\/adrian-fuentes\/","title":{"rendered":"Adri\u00e1n Fuentes Luque"},"content":{"rendered":"\n<p style=\"font-size:19px\">El doctor Adri\u00e1n Fuentes Luque obtuvo su doctorado en Traducci\u00f3n por la Universidad de Granada (UGR) y es Profesor Titular de Traducci\u00f3n en la Universidad Pablo de Olavide (UPO) de Sevilla, donde tambi\u00e9n fue director del M\u00e1ster en Comunicaci\u00f3n Internacional, Traducci\u00f3n e Interpretaci\u00f3n. Ha sido profesor en las universidades de C\u00e1diz y Granada, en la University of Portsmouth, y profesor visitante en la Universidad de Puerto Rico y Colorado State University, entre otras.<\/p>\n\n\n\n<p style=\"font-size:19px\">Como traductor profesional, ha sido Traductor-Int\u00e9rprete Jefe en la Embajada de Australia en Espa\u00f1a, y ha trabajado para distintas instituciones y empresas (British Council, Cambridge University Press, SDI-Media, etc.). Es traductor externo de la Organizaci\u00f3n Mar\u00edtima Internacional y del Museo Nacional del Prado.<\/p>\n\n\n\n<p style=\"font-size:19px\">Sus principales \u00e1reas de trabajo e investigaci\u00f3n son la traducci\u00f3n audiovisual, la historia de la traducci\u00f3n, la traducci\u00f3n de textos tur\u00edsticos y publicitarios, la traducci\u00f3n del humor, y la traducci\u00f3n institucional, campos a los que ha contribuido con numerosas publicaciones, entre las que se cuenta la hasta ahora \u00fanica monograf\u00eda sobre la traducci\u00f3n en el sector tur\u00edstico.<\/p>\n\n\n\n<p style=\"font-size:19px\">Correo de contacto: afuentes@upo.es  <\/p>\n\n\n\n<hr class=\"wp-block-separator has-text-color has-background has-secondary-background-color has-secondary-color is-style-dots\"\/>\n","protected":false},"excerpt":{"rendered":"<p>El doctor Adri\u00e1n Fuentes Luque obtuvo su doctorado en Traducci\u00f3n por la Universidad de Granada (UGR) y es Profesor Titular de Traducci\u00f3n en la Universidad Pablo de Olavide (UPO) de Sevilla, donde tambi\u00e9n fue director del M\u00e1ster en Comunicaci\u00f3n Internacional, Traducci\u00f3n e Interpretaci\u00f3n. Ha sido profesor en las universidades de C\u00e1diz y Granada, en la [&hellip;]<\/p>\n","protected":false},"author":1,"featured_media":0,"parent":0,"menu_order":0,"comment_status":"closed","ping_status":"closed","template":"","meta":{"footnotes":""},"class_list":["post-139","page","type-page","status-publish","hentry"],"_links":{"self":[{"href":"https:\/\/www.upo.es\/investiga\/tradupoling\/wp-json\/wp\/v2\/pages\/139","targetHints":{"allow":["GET"]}}],"collection":[{"href":"https:\/\/www.upo.es\/investiga\/tradupoling\/wp-json\/wp\/v2\/pages"}],"about":[{"href":"https:\/\/www.upo.es\/investiga\/tradupoling\/wp-json\/wp\/v2\/types\/page"}],"author":[{"embeddable":true,"href":"https:\/\/www.upo.es\/investiga\/tradupoling\/wp-json\/wp\/v2\/users\/1"}],"replies":[{"embeddable":true,"href":"https:\/\/www.upo.es\/investiga\/tradupoling\/wp-json\/wp\/v2\/comments?post=139"}],"version-history":[{"count":34,"href":"https:\/\/www.upo.es\/investiga\/tradupoling\/wp-json\/wp\/v2\/pages\/139\/revisions"}],"predecessor-version":[{"id":1478,"href":"https:\/\/www.upo.es\/investiga\/tradupoling\/wp-json\/wp\/v2\/pages\/139\/revisions\/1478"}],"wp:attachment":[{"href":"https:\/\/www.upo.es\/investiga\/tradupoling\/wp-json\/wp\/v2\/media?parent=139"}],"curies":[{"name":"wp","href":"https:\/\/api.w.org\/{rel}","templated":true}]}}