{"id":141,"date":"2021-06-17T20:41:55","date_gmt":"2021-06-17T18:41:55","guid":{"rendered":"https:\/\/www.upo.es\/investiga\/tradupoling\/?page_id=141"},"modified":"2022-02-21T11:20:28","modified_gmt":"2022-02-21T09:20:28","slug":"virginia-dealba","status":"publish","type":"page","link":"https:\/\/www.upo.es\/investiga\/tradupoling\/virginia-dealba\/","title":{"rendered":"Virginia de Alba Qui\u00f1ones"},"content":{"rendered":"\n<p style=\"font-size:19px\">La doctora Virginia de Alba Qui\u00f1ones es profesora del \u00c1rea de Lengua Espa\u00f1ola de la Universidad Pablo de Olavide (UPO) de Sevilla. En esta universidad ha impartido docencia tanto de Grado como\u00a0de Postgrado; asimismo, ha sido profesora-investigadora invitada en la Universidad Heinrich Heine de D\u00fcsseldorf (Alemania), en la universidad Libre de Berl\u00edn (Alemania) o en la Universidad de East Anglia (Norwich, Inglaterra). Adem\u00e1s, ha impartido seminarios en el Instituto Cervantes de Berl\u00edn o en la Universidad de Potsdam y ha participado como ponente en diversos congresos internacionales.<\/p>\n\n\n\n<p style=\"font-size:19px\">Ha realizado tareas de investigaci\u00f3n en redes internacionales de Ling\u00fc\u00edstica subvencionadas por el Consejo de Europa (TNP3 o MOLAN) y en distintos proyectos de excelencia del Ministerio (\u00abNuevo diccionario de aprendizaje del espa\u00f1ol como lengua extranjera\u00bb o \u00abBIMAP \u2013 Mapa del lenguaje acad\u00e9mico biling\u00fce\u00bb).<\/p>\n\n\n\n<p style=\"font-size:19px\">Sus principales l\u00edneas de investigaci\u00f3n son la Lexicograf\u00eda did\u00e1ctica, la Metodolog\u00eda de la ense\u00f1anza de lenguas extranjeras y el desarrollo de la literacidad avanzada tanto en aprendices nativas\/os como en estudiantes de espa\u00f1ol como lengua extranjera. En relaci\u00f3n con estas \u00e1reas, ha dirigido dos tesis doctorales y ha publicado diversos trabajos tanto en editoriales como en revistas nacionales e internacionales.<\/p>\n\n\n\n<p style=\"font-size:19px\">Correo de contacto: valbqui@upo.es<\/p>\n\n\n\n<hr class=\"wp-block-separator has-text-color has-background has-secondary-background-color has-secondary-color is-style-dots\"\/>\n","protected":false},"excerpt":{"rendered":"<p>La doctora Virginia de Alba Qui\u00f1ones es profesora del \u00c1rea de Lengua Espa\u00f1ola de la Universidad Pablo de Olavide (UPO) de Sevilla. En esta universidad ha impartido docencia tanto de Grado como\u00a0de Postgrado; asimismo, ha sido profesora-investigadora invitada en la Universidad Heinrich Heine de D\u00fcsseldorf (Alemania), en la universidad Libre de Berl\u00edn (Alemania) o en [&hellip;]<\/p>\n","protected":false},"author":1,"featured_media":0,"parent":0,"menu_order":0,"comment_status":"closed","ping_status":"closed","template":"","meta":{"footnotes":""},"class_list":["post-141","page","type-page","status-publish","hentry"],"_links":{"self":[{"href":"https:\/\/www.upo.es\/investiga\/tradupoling\/wp-json\/wp\/v2\/pages\/141","targetHints":{"allow":["GET"]}}],"collection":[{"href":"https:\/\/www.upo.es\/investiga\/tradupoling\/wp-json\/wp\/v2\/pages"}],"about":[{"href":"https:\/\/www.upo.es\/investiga\/tradupoling\/wp-json\/wp\/v2\/types\/page"}],"author":[{"embeddable":true,"href":"https:\/\/www.upo.es\/investiga\/tradupoling\/wp-json\/wp\/v2\/users\/1"}],"replies":[{"embeddable":true,"href":"https:\/\/www.upo.es\/investiga\/tradupoling\/wp-json\/wp\/v2\/comments?post=141"}],"version-history":[{"count":14,"href":"https:\/\/www.upo.es\/investiga\/tradupoling\/wp-json\/wp\/v2\/pages\/141\/revisions"}],"predecessor-version":[{"id":1497,"href":"https:\/\/www.upo.es\/investiga\/tradupoling\/wp-json\/wp\/v2\/pages\/141\/revisions\/1497"}],"wp:attachment":[{"href":"https:\/\/www.upo.es\/investiga\/tradupoling\/wp-json\/wp\/v2\/media?parent=141"}],"curies":[{"name":"wp","href":"https:\/\/api.w.org\/{rel}","templated":true}]}}