{"id":309,"date":"2021-06-21T16:36:52","date_gmt":"2021-06-21T14:36:52","guid":{"rendered":"https:\/\/www.upo.es\/investiga\/tradupoling\/?page_id=309"},"modified":"2022-02-21T11:08:12","modified_gmt":"2022-02-21T09:08:12","slug":"mercedes-delatorre_en","status":"publish","type":"page","link":"https:\/\/www.upo.es\/investiga\/tradupoling\/en\/mercedes-delatorre_en\/","title":{"rendered":"Mercedes de la Torre Garc\u00eda"},"content":{"rendered":"\n<div class=\"wp-block-columns is-layout-flex wp-container-core-columns-is-layout-9d6595d7 wp-block-columns-is-layout-flex\">\n<div class=\"wp-block-column is-layout-flow wp-block-column-is-layout-flow\">\n<div class=\"wp-block-columns is-layout-flex wp-container-core-columns-is-layout-9d6595d7 wp-block-columns-is-layout-flex\">\n<div class=\"wp-block-column is-layout-flow wp-block-column-is-layout-flow\">\n<div class=\"wp-block-image is-style-default\"><figure class=\"alignleft size-large is-resized\"><img loading=\"lazy\" decoding=\"async\" src=\"https:\/\/www.upo.es\/investiga\/tradupoling\/wp-content\/uploads\/2021\/06\/FOTO-MERCEDES-DE-LA-TORRE-1-1024x1024.jpeg\" alt=\"\" class=\"wp-image-274\" width=\"222\" height=\"222\" srcset=\"https:\/\/www.upo.es\/investiga\/tradupoling\/wp-content\/uploads\/2021\/06\/FOTO-MERCEDES-DE-LA-TORRE-1-1024x1024.jpeg 1024w, https:\/\/www.upo.es\/investiga\/tradupoling\/wp-content\/uploads\/2021\/06\/FOTO-MERCEDES-DE-LA-TORRE-1-300x300.jpeg 300w, https:\/\/www.upo.es\/investiga\/tradupoling\/wp-content\/uploads\/2021\/06\/FOTO-MERCEDES-DE-LA-TORRE-1-150x150.jpeg 150w, https:\/\/www.upo.es\/investiga\/tradupoling\/wp-content\/uploads\/2021\/06\/FOTO-MERCEDES-DE-LA-TORRE-1-768x767.jpeg 768w, https:\/\/www.upo.es\/investiga\/tradupoling\/wp-content\/uploads\/2021\/06\/FOTO-MERCEDES-DE-LA-TORRE-1.jpeg 1176w\" sizes=\"auto, (max-width: 222px) 100vw, 222px\" \/><\/figure><\/div>\n<\/div>\n\n\n\n<div class=\"wp-block-column is-layout-flow wp-block-column-is-layout-flow\">\n<p style=\"font-size:19px\">Dr. Mercedes de la Torre Garc\u00eda has been a lecturer of Spanish language in the Department of Languages and Translation at Pablo de Olavide University (UPO) since 2007. Her connection with the University began in 1999, when she began her research work with a scholarship. She obtained her PhD degree in 2003 with her doctoral thesis <em>An\u00e1lisis de las variedades diat\u00f3picas en los manuales de espa\u00f1ol para extranjeros<\/em>, on the diatopic variation in the manuals of Spanish for foreigners, directed by Professor Stefan Ruhstaller.<\/p>\n<\/div>\n<\/div>\n<\/div>\n<\/div>\n\n\n\n<p style=\"font-size:19px\">Despite her close relation to the research on teaching methodology of Spanish as a foreign language, her work has mainly focused on her passion: ichthyonymy, the discipline that studies the names of fish species. In 1997, she presented her dissertation about the names of fish species in El Puerto de Santa Mar\u00eda (C\u00e1diz), which the local government published in 2004 with the title <em>Ictionimia portuense<\/em>. She has taken part as a lexicologist and dialectologist in the R&amp;D projects led by the biologist Alberto Manuel Arias: \u201cNombres vern\u00e1culos e identificaci\u00f3n de especies pesqueras de las costas de C\u00e1diz y Huelva\u201d and \u201cNombres vern\u00e1culos e identificaci\u00f3n de especies pesqueras de las costas de M\u00e1laga, Granada y Almer\u00eda\u201d, whose most important outcome is <a rel=\"noreferrer noopener\" href=\"http:\/\/www.ictioterm.es\" data-type=\"URL\" data-id=\"www.ictioterm.es\" target=\"_blank\">ICTIOTERM<\/a>, the biggest database of vernacular names of marine species from the Andalusian coasts. With the collaboration of Alberto Manuel Arias, she has also published the book <em>La ictionimia andaluza en el siglo XVIII: el caso de C\u00e1diz y Pehr L\u00f6fling (1753)<\/em>, on the Andalusian fish species from the 18th century, and recently in 2020 <em>Ictionimia andaluza. Nombres vern\u00e1culos de especies pesqueras del Mar de Andaluc\u00eda<\/em>, on the vernacular names of fish species in the Andalusian coasts. In this field, she has also contributed with numerous articles and her involvement in several seminars, colloquiums and national and international congresses.<\/p>\n\n\n\n<p style=\"font-size:19px\">Contact e-mail: mtorgar@upo.es<\/p>\n\n\n\n<hr class=\"wp-block-separator has-text-color has-background has-secondary-background-color has-secondary-color is-style-dots\"\/>\n","protected":false},"excerpt":{"rendered":"<p>Dr. Mercedes de la Torre Garc\u00eda has been a lecturer of Spanish language in the Department of Languages and Translation at Pablo de Olavide University (UPO) since 2007. Her connection with the University began in 1999, when she began her research work with a scholarship. She obtained her PhD degree in 2003 with her doctoral [&hellip;]<\/p>\n","protected":false},"author":1,"featured_media":0,"parent":0,"menu_order":0,"comment_status":"closed","ping_status":"closed","template":"","meta":{"footnotes":""},"class_list":["post-309","page","type-page","status-publish","hentry"],"_links":{"self":[{"href":"https:\/\/www.upo.es\/investiga\/tradupoling\/wp-json\/wp\/v2\/pages\/309","targetHints":{"allow":["GET"]}}],"collection":[{"href":"https:\/\/www.upo.es\/investiga\/tradupoling\/wp-json\/wp\/v2\/pages"}],"about":[{"href":"https:\/\/www.upo.es\/investiga\/tradupoling\/wp-json\/wp\/v2\/types\/page"}],"author":[{"embeddable":true,"href":"https:\/\/www.upo.es\/investiga\/tradupoling\/wp-json\/wp\/v2\/users\/1"}],"replies":[{"embeddable":true,"href":"https:\/\/www.upo.es\/investiga\/tradupoling\/wp-json\/wp\/v2\/comments?post=309"}],"version-history":[{"count":21,"href":"https:\/\/www.upo.es\/investiga\/tradupoling\/wp-json\/wp\/v2\/pages\/309\/revisions"}],"predecessor-version":[{"id":1489,"href":"https:\/\/www.upo.es\/investiga\/tradupoling\/wp-json\/wp\/v2\/pages\/309\/revisions\/1489"}],"wp:attachment":[{"href":"https:\/\/www.upo.es\/investiga\/tradupoling\/wp-json\/wp\/v2\/media?parent=309"}],"curies":[{"name":"wp","href":"https:\/\/api.w.org\/{rel}","templated":true}]}}