{"id":312,"date":"2021-06-21T16:38:57","date_gmt":"2021-06-21T14:38:57","guid":{"rendered":"https:\/\/www.upo.es\/investiga\/tradupoling\/?page_id=312"},"modified":"2022-02-21T11:09:28","modified_gmt":"2022-02-21T09:09:28","slug":"olga-cruz_en","status":"publish","type":"page","link":"https:\/\/www.upo.es\/investiga\/tradupoling\/en\/olga-cruz_en\/","title":{"rendered":"Olga Cruz Moya"},"content":{"rendered":"\n<div class=\"wp-block-columns is-layout-flex wp-container-core-columns-is-layout-9d6595d7 wp-block-columns-is-layout-flex\">\n<div class=\"wp-block-column is-layout-flow wp-block-column-is-layout-flow\">\n<div class=\"wp-block-columns is-layout-flex wp-container-core-columns-is-layout-9d6595d7 wp-block-columns-is-layout-flex\">\n<div class=\"wp-block-column is-layout-flow wp-block-column-is-layout-flow\">\n<div class=\"wp-block-image is-style-default\"><figure class=\"alignleft size-large is-resized\"><img loading=\"lazy\" decoding=\"async\" src=\"https:\/\/www.upo.es\/investiga\/tradupoling\/wp-content\/uploads\/2021\/06\/FOTO-OLGA-CRUZ-MOYA-2.jpg\" alt=\"\" class=\"wp-image-470\" width=\"222\" height=\"222\" srcset=\"https:\/\/www.upo.es\/investiga\/tradupoling\/wp-content\/uploads\/2021\/06\/FOTO-OLGA-CRUZ-MOYA-2.jpg 749w, https:\/\/www.upo.es\/investiga\/tradupoling\/wp-content\/uploads\/2021\/06\/FOTO-OLGA-CRUZ-MOYA-2-300x300.jpg 300w, https:\/\/www.upo.es\/investiga\/tradupoling\/wp-content\/uploads\/2021\/06\/FOTO-OLGA-CRUZ-MOYA-2-150x150.jpg 150w\" sizes=\"auto, (max-width: 222px) 100vw, 222px\" \/><\/figure><\/div>\n\n\n\n<p><\/p>\n<\/div>\n\n\n\n<div class=\"wp-block-column is-layout-flow wp-block-column-is-layout-flow\">\n<p style=\"font-size:19px\">Dr. Olga Cruz Moya is a Senior Lecturer in Spanish Language in the Department of Languages and Translation at Pablo de Olavide University (UPO). She received her Bachelor&#8217;s degree in Hispanic Philology at University of Almer\u00eda (UAL) in 1997 with honorific distinction for the best academic transcript in Humanities within the first ten years of the University.<\/p>\n<\/div>\n<\/div>\n<\/div>\n<\/div>\n\n\n\n<p style=\"font-size:19px\">In 2006, she obtained her PhD degree at UPO on her doctoral thesis <em>Las migraciones en el discurso period\u00edstico almeriense del siglo XX: An\u00e1lisis cr\u00edtico de tres corpus de noticias<\/em>, on the migrations in Almeria&#8217;s journalistic narrative of the 20th century. She is also a lecturer in the Master\u2019s degree in Teaching of Spanish as a foreign language, where she teaches the following subjects: \u2018Productive skills: conversation and writing in Spanish as a foreign language\u2019 (from 2003 to 2021), \u2018Application of new technologies in the teaching\/learning of Spanish as a foreign language\u2019 (from 2003 to 2016 and from 2018 to 2021) and \u2018Media and teaching\/learning of Spanish as a foreign language\u2019 (from 2003 to 2016 and in 2017-18 academic year).<\/p>\n\n\n\n<p style=\"font-size:19px\">Regarding her research work, she has published three journals\u2019 issues: two of them belong to the Bulletin of ASELE and a more generalist one on applied linguistics linked to AESLA. She has also written several reviews in journals and introductory chapters. She evaluates articles for six journals, and she is a member of the evaluation committee of UPO Postgraduate programmes. She is a researcher in three R&amp;D&amp;I projects, one of them is currently active: BIMAP &#8211; Cognitive Academic Language Map in Bilingual Learning (English\u2011Spanish): Charts &amp; Tools (FFI2016-74885-P). In terms of university management, she has been Coordinator of the Master&#8217;s degree in Teaching of Spanish as a foreign language (from 2004 to 2008 and from 2012 to 2020), Vice-Dean of Academic Management (from 2008 to 2012) and Vice-Dean of Quality and Communication (from 2018 until the present).<\/p>\n\n\n\n<p style=\"font-size:19px\">Contact email: ocrumoy@upo.es <\/p>\n\n\n\n<hr class=\"wp-block-separator has-text-color has-background has-secondary-background-color has-secondary-color is-style-dots\"\/>\n\n\n\n<p><\/p>\n","protected":false},"excerpt":{"rendered":"<p>Dr. Olga Cruz Moya is a Senior Lecturer in Spanish Language in the Department of Languages and Translation at Pablo de Olavide University (UPO). She received her Bachelor&#8217;s degree in Hispanic Philology at University of Almer\u00eda (UAL) in 1997 with honorific distinction for the best academic transcript in Humanities within the first ten years of [&hellip;]<\/p>\n","protected":false},"author":1,"featured_media":0,"parent":0,"menu_order":0,"comment_status":"closed","ping_status":"closed","template":"","meta":{"footnotes":""},"class_list":["post-312","page","type-page","status-publish","hentry"],"_links":{"self":[{"href":"https:\/\/www.upo.es\/investiga\/tradupoling\/wp-json\/wp\/v2\/pages\/312","targetHints":{"allow":["GET"]}}],"collection":[{"href":"https:\/\/www.upo.es\/investiga\/tradupoling\/wp-json\/wp\/v2\/pages"}],"about":[{"href":"https:\/\/www.upo.es\/investiga\/tradupoling\/wp-json\/wp\/v2\/types\/page"}],"author":[{"embeddable":true,"href":"https:\/\/www.upo.es\/investiga\/tradupoling\/wp-json\/wp\/v2\/users\/1"}],"replies":[{"embeddable":true,"href":"https:\/\/www.upo.es\/investiga\/tradupoling\/wp-json\/wp\/v2\/comments?post=312"}],"version-history":[{"count":16,"href":"https:\/\/www.upo.es\/investiga\/tradupoling\/wp-json\/wp\/v2\/pages\/312\/revisions"}],"predecessor-version":[{"id":1493,"href":"https:\/\/www.upo.es\/investiga\/tradupoling\/wp-json\/wp\/v2\/pages\/312\/revisions\/1493"}],"wp:attachment":[{"href":"https:\/\/www.upo.es\/investiga\/tradupoling\/wp-json\/wp\/v2\/media?parent=312"}],"curies":[{"name":"wp","href":"https:\/\/api.w.org\/{rel}","templated":true}]}}