{"id":318,"date":"2021-06-21T16:45:15","date_gmt":"2021-06-21T14:45:15","guid":{"rendered":"https:\/\/www.upo.es\/investiga\/tradupoling\/?page_id=318"},"modified":"2022-02-11T11:11:26","modified_gmt":"2022-02-11T09:11:26","slug":"tradupoling-researchers","status":"publish","type":"page","link":"https:\/\/www.upo.es\/investiga\/tradupoling\/en\/tradupoling-researchers\/","title":{"rendered":"TradUPOling researchers"},"content":{"rendered":"\n<div class=\"wp-block-columns is-layout-flex wp-container-core-columns-is-layout-9d6595d7 wp-block-columns-is-layout-flex\">\n<div class=\"wp-block-column is-layout-flow wp-block-column-is-layout-flow\" style=\"flex-basis:1000%\">\n<ul class=\"wp-block-list\" style=\"font-size:19px\"><li><a href=\"https:\/\/www.upo.es\/investiga\/tradupoling\/en\/adrian-fuentes_en\/\" data-type=\"URL\" data-id=\"https:\/\/www.upo.es\/investiga\/tradupoling\/en\/adrian-fuentes_en\/\" target=\"_blank\" rel=\"noreferrer noopener\">Adri\u00e1n Fuentes Luque<\/a>. PhD in Translation. Professional translator and Lecturer of Translation at UPO.<\/li><\/ul>\n\n\n\n<ul class=\"wp-block-list\" style=\"font-size:19px\"><li><a href=\"https:\/\/www.upo.es\/investiga\/tradupoling\/en\/alicia-lopez_en\/\" target=\"_blank\" rel=\"noreferrer noopener\">Alicia L\u00f3pez M\u00e1rquez<\/a>. Degree and PhD in Italian Philology. Lecturer of Italian Language and Culture and Translation at UPO.<\/li><\/ul>\n\n\n\n<ul class=\"wp-block-list\" style=\"font-size:19px\"><li><a href=\"https:\/\/www.upo.es\/investiga\/tradupoling\/en\/elisa-alonso_en\/\" target=\"_blank\" rel=\"noreferrer noopener\">Elisa Alonso Jim\u00e9nez<\/a>. Degree in Translation and Interpreting, PhD. Lecturer and researcher in the Departament of Languages and Translation at UPO.<\/li><\/ul>\n\n\n\n<ul class=\"wp-block-list\" style=\"font-size:19px\"><li><a href=\"https:\/\/www.upo.es\/investiga\/tradupoling\/en\/inmaculada-mendoza_en\/\" target=\"_blank\" rel=\"noreferrer noopener\">Inmaculada Mendoza Garc\u00eda<\/a>. Degree in Translation and Interpreting, PhD in English Philology. Lecturer in the Department of Languages and Translation at UPO.<\/li><\/ul>\n\n\n\n<ul class=\"wp-block-list\" style=\"font-size:19px\"><li><a href=\"https:\/\/www.upo.es\/investiga\/tradupoling\/en\/juanantonio-prieto_en\/\" target=\"_blank\" rel=\"noreferrer noopener\">Juan Antonio Prieto Velasco<\/a>. Degree in Translation and Interpreting, Master\u00b4s degree in Medical Translation, PhD. Lecturer in the Department of Languages and Translation at UPO.<\/li><\/ul>\n\n\n\n<ul class=\"wp-block-list\" style=\"font-size:19px\"><li><a href=\"https:\/\/www.upo.es\/investiga\/tradupoling\/en\/julia-lobato_en\/\" target=\"_blank\" rel=\"noreferrer noopener\">Julia Lobato Patricio<\/a>. Degree and PhD in Translation and Interpreting Lecturer in the Department of Languages and Translation at UPO.<\/li><\/ul>\n\n\n\n<ul class=\"wp-block-list\" style=\"font-size:19px\"><li><a href=\"https:\/\/www.upo.es\/investiga\/tradupoling\/en\/mercedes-delatorre_en\/\" target=\"_blank\" rel=\"noreferrer noopener\">Mercedes de la Torre Garc\u00eda<\/a>. PhD. Lecturer of Spanish Language in the Department of Languages and Translation at UPO.<\/li><\/ul>\n\n\n\n<ul class=\"wp-block-list\" style=\"font-size:19px\"><li><a href=\"https:\/\/www.upo.es\/investiga\/tradupoling\/en\/nuria-ponce_en\/\" target=\"_blank\" rel=\"noreferrer noopener\">Nuria Ponce M\u00e1rquez<\/a>. Degree in English Philology, Degree in German Philology, Degree in Translation and Interpreting, PhD. Senior Lecturer in the Department of Languages and Translation at UPO.<\/li><\/ul>\n\n\n\n<ul class=\"wp-block-list\" style=\"font-size:19px\"><li><a href=\"https:\/\/www.upo.es\/investiga\/tradupoling\/en\/olga-cruz_en\/\" target=\"_blank\" rel=\"noreferrer noopener\">Olga Cruz Moya<\/a>. Degree in Spanish Philology, PhD. Senior Lecturer in the Department of Languages and Translation at UPO. <\/li><\/ul>\n\n\n\n<ul class=\"wp-block-list\" style=\"font-size:19px\"><li><a href=\"https:\/\/www.upo.es\/investiga\/tradupoling\/en\/virginia-dealba_en\/\" target=\"_blank\" rel=\"noreferrer noopener\">Virginia de Alba Qui\u00f1ones<\/a>. Lecturer in the Area of Spanish Language at UPO.<\/li><\/ul>\n<\/div>\n<\/div>\n\n\n\n<p><\/p>\n","protected":false},"excerpt":{"rendered":"<p>Adri\u00e1n Fuentes Luque. PhD in Translation. Professional translator and Lecturer of Translation at UPO. Alicia L\u00f3pez M\u00e1rquez. Degree and PhD in Italian Philology. Lecturer of Italian Language and Culture and Translation at UPO. Elisa Alonso Jim\u00e9nez. Degree in Translation and Interpreting, PhD. Lecturer and researcher in the Departament of Languages and Translation at UPO. Inmaculada [&hellip;]<\/p>\n","protected":false},"author":1,"featured_media":0,"parent":0,"menu_order":0,"comment_status":"closed","ping_status":"closed","template":"","meta":{"footnotes":""},"class_list":["post-318","page","type-page","status-publish","hentry"],"_links":{"self":[{"href":"https:\/\/www.upo.es\/investiga\/tradupoling\/wp-json\/wp\/v2\/pages\/318","targetHints":{"allow":["GET"]}}],"collection":[{"href":"https:\/\/www.upo.es\/investiga\/tradupoling\/wp-json\/wp\/v2\/pages"}],"about":[{"href":"https:\/\/www.upo.es\/investiga\/tradupoling\/wp-json\/wp\/v2\/types\/page"}],"author":[{"embeddable":true,"href":"https:\/\/www.upo.es\/investiga\/tradupoling\/wp-json\/wp\/v2\/users\/1"}],"replies":[{"embeddable":true,"href":"https:\/\/www.upo.es\/investiga\/tradupoling\/wp-json\/wp\/v2\/comments?post=318"}],"version-history":[{"count":74,"href":"https:\/\/www.upo.es\/investiga\/tradupoling\/wp-json\/wp\/v2\/pages\/318\/revisions"}],"predecessor-version":[{"id":1304,"href":"https:\/\/www.upo.es\/investiga\/tradupoling\/wp-json\/wp\/v2\/pages\/318\/revisions\/1304"}],"wp:attachment":[{"href":"https:\/\/www.upo.es\/investiga\/tradupoling\/wp-json\/wp\/v2\/media?parent=318"}],"curies":[{"name":"wp","href":"https:\/\/api.w.org\/{rel}","templated":true}]}}