{"id":11,"date":"2023-06-22T14:34:41","date_gmt":"2023-06-22T14:34:41","guid":{"rendered":"https:\/\/www.upo.es\/investiga\/visualect\/?page_id=11"},"modified":"2023-06-27T12:13:50","modified_gmt":"2023-06-27T12:13:50","slug":"inicio","status":"publish","type":"page","link":"https:\/\/www.upo.es\/investiga\/visualect\/","title":{"rendered":"INICIO"},"content":{"rendered":"<p>[et_pb_section fb_built=\u00bb1&#8243; admin_label=\u00bbHeader\u00bb _builder_version=\u00bb4.21.0&#8243; _module_preset=\u00bbdefault\u00bb custom_margin=\u00bb56px||56px||true|false\u00bb custom_padding=\u00bb0px||0px||true|false\u00bb hover_enabled=\u00bb0&#8243; collapsed=\u00bbon\u00bb global_colors_info=\u00bb{}\u00bb sticky_enabled=\u00bb0&#8243;][et_pb_row _builder_version=\u00bb4.20.0&#8243; _module_preset=\u00bbdefault\u00bb global_colors_info=\u00bb{}\u00bb][et_pb_column type=\u00bb4_4&#8243; _builder_version=\u00bb4.20.0&#8243; _module_preset=\u00bbdefault\u00bb global_colors_info=\u00bb{}\u00bb][et_pb_text _builder_version=\u00bb4.21.0&#8243; _module_preset=\u00bba3690e2c-6cfe-45e0-a3a1-0fb94a13ed7f\u00bb header_font=\u00bbABeeZee|500|||||||\u00bb header_font_size=\u00bb61px\u00bb header_font_size_phone=\u00bb32px\u00bb locked=\u00bboff\u00bb global_colors_info=\u00bb{}\u00bb]<\/p>\n<h1>VISUALECT. Sistemas pictogr\u00e1ficos y elementos visuales para comprender el patrimonio. Traducci\u00f3n intersemi\u00f3tica a lectura f\u00e1cil.<\/h1>\n<p>[\/et_pb_text][\/et_pb_column][\/et_pb_row][et_pb_row column_structure=\u00bb1_2,1_2&#8243; use_custom_gutter=\u00bbon\u00bb make_equal=\u00bbon\u00bb _builder_version=\u00bb4.21.0&#8243; _module_preset=\u00bbdefault\u00bb z_index=\u00bb10&#8243; custom_margin=\u00bb0px||-130px||false|false\u00bb custom_margin_tablet=\u00bb||-120px||false|false\u00bb custom_margin_phone=\u00bb-29px|auto|0px|auto|false|false\u00bb custom_margin_last_edited=\u00bbon|phone\u00bb custom_padding=\u00bb0px||0px||true|false\u00bb hover_enabled=\u00bb0&#8243; global_colors_info=\u00bb{}\u00bb sticky_enabled=\u00bb0&#8243;][et_pb_column type=\u00bb1_2&#8243; _builder_version=\u00bb4.20.0&#8243; _module_preset=\u00bbdefault\u00bb global_colors_info=\u00bb{}\u00bb][\/et_pb_column][et_pb_column type=\u00bb1_2&#8243; _builder_version=\u00bb4.20.0&#8243; _module_preset=\u00bbdefault\u00bb background_color=\u00bbgcid-ee37f9db-558a-4c1e-93ad-2fb984fae1ac\u00bb custom_padding=\u00bb|30px|30px|30px|false|true\u00bb custom_padding_tablet=\u00bb|30px|30px|30px|false|true\u00bb custom_padding_phone=\u00bb|20px|20px|20px|false|true\u00bb custom_padding_last_edited=\u00bbon|desktop\u00bb border_radii=\u00bboff|60px|||\u00bb global_colors_info=\u00bb{%22gcid-ee37f9db-558a-4c1e-93ad-2fb984fae1ac%22:%91%22background_color%22%93}\u00bb][et_pb_text _builder_version=\u00bb4.21.0&#8243; _module_preset=\u00bbdefault\u00bb header_3_font=\u00bbABeeZee||||||||\u00bb header_3_font_size=\u00bb19px\u00bb header_3_line_height=\u00bb1.4em\u00bb custom_margin=\u00bb32px||0px|18px|false|false\u00bb custom_padding=\u00bb2px||||false|false\u00bb global_colors_info=\u00bb{}\u00bb]<\/p>\n<h3><strong>VISUALECT<\/strong> forma parte del proyecto coordinado LECPAT sobre lenguaje simplificado para el acceso multimodal al patrimonio arqueol\u00f3gico, junto con el subproyecto TALENTO de la UGR.<\/h3>\n<p>[\/et_pb_text][\/et_pb_column][\/et_pb_row][et_pb_row _builder_version=\u00bb4.20.0&#8243; _module_preset=\u00bbdefault\u00bb global_colors_info=\u00bb{}\u00bb][et_pb_column type=\u00bb4_4&#8243; _builder_version=\u00bb4.20.0&#8243; _module_preset=\u00bbdefault\u00bb global_colors_info=\u00bb{}\u00bb][et_pb_image src=\u00bbhttps:\/\/www.upo.es\/investiga\/visualect\/wp-content\/uploads\/2023\/06\/co-working-11b.png\u00bb title_text=\u00bbco-working-18&#8243; disabled_on=\u00bboff|off|off\u00bb _builder_version=\u00bb4.21.0&#8243; _module_preset=\u00bbdefault\u00bb background_image=\u00bbhttps:\/\/www.upo.es\/investiga\/visualect\/wp-content\/uploads\/2023\/06\/real-alczar-in-sevilla-400-big-scaled.jpg\u00bb custom_margin=\u00bb-3px||-67px||false|false\u00bb custom_padding=\u00bb0px||0px||true|false\u00bb hover_enabled=\u00bb0&#8243; global_colors_info=\u00bb{}\u00bb sticky_enabled=\u00bb0&#8243; width=\u00bb83%\u00bb module_alignment=\u00bbcenter\u00bb][\/et_pb_image][\/et_pb_column][\/et_pb_row][\/et_pb_section][et_pb_section fb_built=\u00bb1&#8243; _builder_version=\u00bb4.21.0&#8243; _module_preset=\u00bbdefault\u00bb custom_margin=\u00bb0px||0px||true|false\u00bb custom_padding=\u00bb0px||0px||true|false\u00bb global_colors_info=\u00bb{}\u00bb][et_pb_row _builder_version=\u00bb4.21.0&#8243; _module_preset=\u00bbdefault\u00bb custom_margin=\u00bb0px||5px||false|false\u00bb custom_padding=\u00bb70px||16px||false|false\u00bb hover_enabled=\u00bb0&#8243; global_colors_info=\u00bb{}\u00bb sticky_enabled=\u00bb0&#8243;][et_pb_column type=\u00bb4_4&#8243; _builder_version=\u00bb4.21.0&#8243; _module_preset=\u00bbdefault\u00bb global_colors_info=\u00bb{}\u00bb][et_pb_text _builder_version=\u00bb4.21.0&#8243; _module_preset=\u00bbdefault\u00bb header_font=\u00bbABeeZee||||||||\u00bb header_3_font=\u00bbABeeZee||||||||\u00bb header_3_text_align=\u00bbcenter\u00bb header_3_font_size=\u00bb20px\u00bb header_3_line_height=\u00bb1.5em\u00bb custom_margin=\u00bb-44px||-44px||true|false\u00bb custom_padding=\u00bb0px||0px||true|false\u00bb global_colors_info=\u00bb{}\u00bb]<\/p>\n<h3>Proyecto de investigaci\u00f3n (PID2020-118775RB-C22) de la Universidad Pablo de Olavide de Sevilla liderado por los investigadores Ana Medina Reguera y Juan Antonio Prieto Velasco y en el que participan numerosos investigadores de esta universidad.<\/h3>\n<h3><\/h3>\n<h3>Proyecto I+D+i financiado por el Ministerio de Ciencia e Innovaci\u00f3n\/ Agencia Estatal de Investigaci\u00f3n\/10.13039\/501100011033 en el programa estatal de I+D+i orientada a los retos de la sociedad (convocatoria 2020).<\/h3>\n<h3>Su per\u00edodo de ejecuci\u00f3n es del 1 de septiembre de 2021 al 1 de septiembre de 2024.<\/h3>\n<p>[\/et_pb_text][\/et_pb_column][\/et_pb_row][\/et_pb_section][et_pb_section fb_built=\u00bb1&#8243; admin_label=\u00bbFeatures\u00bb _builder_version=\u00bb4.20.0&#8243; _module_preset=\u00bbdefault\u00bb locked=\u00bboff\u00bb collapsed=\u00bbon\u00bb global_colors_info=\u00bb{}\u00bb][et_pb_row use_custom_gutter=\u00bbon\u00bb gutter_width=\u00bb1&#8243; make_equal=\u00bbon\u00bb _builder_version=\u00bb4.20.0&#8243; _module_preset=\u00bbdefault\u00bb custom_padding=\u00bb||0px||false|false\u00bb global_colors_info=\u00bb{}\u00bb][et_pb_column type=\u00bb4_4&#8243; _builder_version=\u00bb4.20.0&#8243; _module_preset=\u00bbdefault\u00bb custom_padding=\u00bb40px|40px|40px|40px|true|true\u00bb custom_padding_tablet=\u00bb30px|30px|30px|30px|true|true\u00bb custom_padding_phone=\u00bb20px|20px|20px|20px|true|true\u00bb custom_padding_last_edited=\u00bbon|phone\u00bb border_radii=\u00bbon|17px|17px|17px|17px\u00bb border_width_all=\u00bb1px\u00bb border_color_all=\u00bbgcid-a98e4de7-9914-4c7d-a8d3-981528735fdb\u00bb global_colors_info=\u00bb{%22gcid-a98e4de7-9914-4c7d-a8d3-981528735fdb%22:%91%22border_color_all%22%93}\u00bb][et_pb_text _builder_version=\u00bb4.21.0&#8243; _module_preset=\u00bba3690e2c-6cfe-45e0-a3a1-0fb94a13ed7f\u00bb header_font=\u00bbABeeZee|500|||||||\u00bb header_font_size=\u00bb30px\u00bb header_2_font=\u00bbABeeZee||||||||\u00bb header_2_font_size=\u00bb40px\u00bb locked=\u00bboff\u00bb global_colors_info=\u00bb{}\u00bb]<\/p>\n<h2 style=\"text-align: center;\">Objetivos<\/h2>\n<p>[\/et_pb_text][et_pb_blurb title=\u00bbAn\u00e1lisis\u00bb image=\u00bbhttps:\/\/www.upo.es\/investiga\/visualect\/wp-content\/uploads\/2023\/06\/coworking-space-icon-12.png\u00bb _builder_version=\u00bb4.21.0&#8243; _module_preset=\u00bb4c0cf2b6-9ba4-414f-867c-0c40dffda04c\u00bb header_text_color=\u00bb#302e2d\u00bb body_text_color=\u00bb#302e2d\u00bb body_font_size=\u00bb19px\u00bb custom_padding=\u00bb0px|||||\u00bb header_font_size_phone=\u00bb20px\u00bb body_font_size_phone=\u00bb16px\u00bb global_colors_info=\u00bb{}\u00bb]<\/p>\n<p>VISUALECT tiene dos objetivos principales:<\/p>\n<ul>\n<li>Analizar la relaci\u00f3n intersemi\u00f3tica texto-imagen en el proceso de simplificaci\u00f3n ling\u00fc\u00edstica para la Lectura F\u00e1cil.<\/li>\n<li>Proponer una categorizaci\u00f3n tipol\u00f3gica y funcional de los elementos visuales: pictogramas, fotograf\u00edas y otras im\u00e1genes de f\u00e1cil comprensi\u00f3n.<\/li>\n<\/ul>\n<p>[\/et_pb_blurb][\/et_pb_column][\/et_pb_row][et_pb_row use_custom_gutter=\u00bbon\u00bb gutter_width=\u00bb1&#8243; make_equal=\u00bbon\u00bb _builder_version=\u00bb4.20.0&#8243; _module_preset=\u00bbdefault\u00bb custom_padding=\u00bb||0px||false|false\u00bb global_colors_info=\u00bb{}\u00bb][et_pb_column type=\u00bb4_4&#8243; _builder_version=\u00bb4.20.0&#8243; _module_preset=\u00bbdefault\u00bb custom_padding=\u00bb40px|40px|40px|40px|true|true\u00bb custom_padding_tablet=\u00bb30px|30px|30px|30px|true|true\u00bb custom_padding_phone=\u00bb20px|20px|20px|20px|true|true\u00bb custom_padding_last_edited=\u00bbon|phone\u00bb border_radii=\u00bbon|17px|17px|17px|17px\u00bb border_width_all=\u00bb1px\u00bb border_color_all=\u00bbgcid-a98e4de7-9914-4c7d-a8d3-981528735fdb\u00bb global_colors_info=\u00bb{%22gcid-a98e4de7-9914-4c7d-a8d3-981528735fdb%22:%91%22border_color_all%22%93}\u00bb][et_pb_text _builder_version=\u00bb4.21.0&#8243; _module_preset=\u00bba3690e2c-6cfe-45e0-a3a1-0fb94a13ed7f\u00bb header_font=\u00bbABeeZee|500|||||||\u00bb header_font_size=\u00bb30px\u00bb header_2_font=\u00bbABeeZee||||||||\u00bb header_2_font_size=\u00bb40px\u00bb locked=\u00bboff\u00bb global_colors_info=\u00bb{}\u00bb]<\/p>\n<h2 style=\"text-align: center;\">Metodolog\u00eda<\/h2>\n<p>[\/et_pb_text][et_pb_blurb title=\u00bbDesarrollo\u00bb image=\u00bbhttps:\/\/www.upo.es\/investiga\/visualect\/wp-content\/uploads\/2023\/06\/coworking-space-icon-6.png\u00bb _builder_version=\u00bb4.21.0&#8243; _module_preset=\u00bb4c0cf2b6-9ba4-414f-867c-0c40dffda04c\u00bb header_text_color=\u00bb#302e2d\u00bb body_text_color=\u00bb#302e2d\u00bb body_font_size=\u00bb19px\u00bb custom_padding=\u00bb0px|||||\u00bb header_font_size_phone=\u00bb20px\u00bb body_font_size_phone=\u00bb16px\u00bb global_colors_info=\u00bb{}\u00bb]<\/p>\n<p>VISUALECT evaluar\u00e1 emp\u00edricamente textos en lectura f\u00e1cil con colectivos de personas con dificultades de comprensi\u00f3n lectora, para profundizar en el estudio de la accesibilidad cognitiva mediante la lectura f\u00e1cil conforme a las pautas y recomendaciones de adaptaci\u00f3n especificadas en la norma UNE 153101: 2018 EX.<\/p>\n<p>El objetivo de las pruebas experimentales es conocer las debilidades y necesidades de apoyo de estos colectivos para comprender los textos especializados y las im\u00e1genes que los acompa\u00f1an, as\u00ed como sentar las bases de un modelo de an\u00e1lisis del proceso traductol\u00f3gico multimodal e intersemi\u00f3tico en coordinaci\u00f3n con el grupo de la UGR.<\/p>\n<p>VISUALECT pone el foco sobre los elementos textuales no alfab\u00e9ticos, que ejercen una influencia muy significativa sobre los mecanismos de comprensi\u00f3n de los conceptos y sus relaciones, especialmente en textos de especialidad. Se identificar\u00e1n las funciones de las im\u00e1genes en lectura f\u00e1cil y sus rasgos morfol\u00f3gicos (tipo), sint\u00e1cticos (posici\u00f3n y relaci\u00f3n), sem\u00e1nticos (representaci\u00f3n del concepto) y pragm\u00e1ticos (destinatarios) para sistematizar su utilizaci\u00f3n en el proceso de simplificaci\u00f3n que conlleva la traducci\u00f3n a lectura f\u00e1cil.<\/p>\n<p>Una adecuada selecci\u00f3n de im\u00e1genes es, por tanto, clave para elevar el grado de comprensibilidad de textos en lectura f\u00e1cil, pese a que en la actualidad los traductores-adaptadores carecen de las herramientas necesarias (tanto de estrategias como repositorios de im\u00e1genes f\u00e1ciles) para integrar los elementos visuales en este proceso de traducci\u00f3n intraling\u00fc\u00edstica e intersemi\u00f3tica.<\/p>\n<p>Para ello se dise\u00f1ar\u00e1 un corpus de im\u00e1genes sobre un \u00e1mbito elegido (arqueolog\u00eda) y se etiquetar\u00e1n en una base de datos con una taxonom\u00eda de descriptores que ser\u00e1 extrapolable a otros \u00e1mbitos, y se vincular\u00e1n las im\u00e1genes a las definiciones de los conceptos de la plataforma creada en el subproyecto TALENTO mediante la metodolog\u00eda de la terminolog\u00eda basada en marcos, volc\u00e1ndose en un diccionario com\u00fan.<\/p>\n<p>[\/et_pb_blurb][\/et_pb_column][\/et_pb_row][\/et_pb_section][et_pb_section fb_built=\u00bb1&#8243; admin_label=\u00bbFooter\u00bb _builder_version=\u00bb4.20.0&#8243; _module_preset=\u00bbdefault\u00bb collapsed=\u00bbon\u00bb global_colors_info=\u00bb{}\u00bb][et_pb_row _builder_version=\u00bb4.21.0&#8243; _module_preset=\u00bbdefault\u00bb custom_margin=\u00bb0px||0px||true|false\u00bb custom_padding=\u00bb0px||0px||true|false\u00bb global_colors_info=\u00bb{}\u00bb][et_pb_column type=\u00bb4_4&#8243; _builder_version=\u00bb4.20.0&#8243; _module_preset=\u00bbdefault\u00bb global_colors_info=\u00bb{}\u00bb][et_pb_text _builder_version=\u00bb4.21.0&#8243; _module_preset=\u00bba3690e2c-6cfe-45e0-a3a1-0fb94a13ed7f\u00bb header_font=\u00bbABeeZee|500|||||||\u00bb header_font_size=\u00bb30px\u00bb header_2_font=\u00bbABeeZee||||||||\u00bb header_2_text_align=\u00bbcenter\u00bb header_2_font_size=\u00bb40px\u00bb locked=\u00bboff\u00bb global_colors_info=\u00bb{}\u00bb]<\/p>\n<h2 style=\"text-align: center;\">S\u00edguenos: Redes Comintrad<\/h2>\n<p>[\/et_pb_text][\/et_pb_column][\/et_pb_row][et_pb_row _builder_version=\u00bb4.20.0&#8243; _module_preset=\u00bbdefault\u00bb global_colors_info=\u00bb{}\u00bb][et_pb_column type=\u00bb4_4&#8243; _builder_version=\u00bb4.20.0&#8243; _module_preset=\u00bbdefault\u00bb global_colors_info=\u00bb{}\u00bb][et_pb_social_media_follow icon_color=\u00bb#000000&#8243; use_icon_font_size=\u00bbon\u00bb icon_font_size=\u00bb20px\u00bb icon_font_size_tablet=\u00bb18px\u00bb icon_font_size_phone=\u00bb16px\u00bb icon_font_size_last_edited=\u00bbon|phone\u00bb _builder_version=\u00bb4.21.0&#8243; _module_preset=\u00bbdefault\u00bb text_orientation=\u00bbcenter\u00bb border_radii=\u00bbon|100px|100px|100px|100px\u00bb global_colors_info=\u00bb{}\u00bb][et_pb_social_media_follow_network social_network=\u00bbtwitter\u00bb url=\u00bbhttps:\/\/twitter.com\/comintrad\u00bb use_icon_font_size=\u00bbon\u00bb icon_font_size=\u00bb37px\u00bb _builder_version=\u00bb4.21.0&#8243; _module_preset=\u00bbdefault\u00bb background_color=\u00bbgcid-ee37f9db-558a-4c1e-93ad-2fb984fae1ac\u00bb background_enable_color=\u00bbon\u00bb global_colors_info=\u00bb{%22gcid-ee37f9db-558a-4c1e-93ad-2fb984fae1ac%22:%91%22background_color%22%93}\u00bb follow_button=\u00bboff\u00bb url_new_window=\u00bbon\u00bb]twitter[\/et_pb_social_media_follow_network][et_pb_social_media_follow_network social_network=\u00bbinstagram\u00bb url=\u00bbhttps:\/\/www.instagram.com\/comintrad\/\u00bb use_icon_font_size=\u00bbon\u00bb icon_font_size=\u00bb37px\u00bb _builder_version=\u00bb4.21.0&#8243; _module_preset=\u00bbdefault\u00bb background_color=\u00bbgcid-ee37f9db-558a-4c1e-93ad-2fb984fae1ac\u00bb background_enable_color=\u00bbon\u00bb global_colors_info=\u00bb{%22gcid-ee37f9db-558a-4c1e-93ad-2fb984fae1ac%22:%91%22background_color%22%93}\u00bb follow_button=\u00bboff\u00bb url_new_window=\u00bbon\u00bb]instagram[\/et_pb_social_media_follow_network][\/et_pb_social_media_follow][\/et_pb_column][\/et_pb_row][\/et_pb_section][et_pb_section fb_built=\u00bb1&#8243; admin_label=\u00bbCTA\u00bb _builder_version=\u00bb4.21.0&#8243; _module_preset=\u00bbdefault\u00bb background_image=\u00bbhttps:\/\/www.upo.es\/investiga\/visualect\/wp-content\/uploads\/2023\/06\/sky-building-palace-city-monument-daytime-1417278-pxhere.com_-scaled.jpg\u00bb background_position=\u00bbbottom_center\u00bb collapsed=\u00bbon\u00bb global_colors_info=\u00bb{}\u00bb][et_pb_row _builder_version=\u00bb4.21.0&#8243; _module_preset=\u00bbdefault\u00bb custom_margin=\u00bb0px||0px||true|false\u00bb global_colors_info=\u00bb{}\u00bb][et_pb_column type=\u00bb4_4&#8243; _builder_version=\u00bb4.20.0&#8243; _module_preset=\u00bbdefault\u00bb global_colors_info=\u00bb{}\u00bb][et_pb_contact_form email=\u00bbcomintrad@upo.es\u00bb title=\u00bbFormulario de contacto\u00bb custom_message=\u00bbGracias por tu inter\u00e9s, nos pondremos en contacto a la mayor brevedad.\u00bb success_message=\u00bbTu mensaje se ha enviado con \u00e9xito\u00bb submit_button_text=\u00bbENVIAR\u00bb _builder_version=\u00bb4.21.0&#8243; _module_preset=\u00bbdefault\u00bb _unique_id=\u00bb42146c6a-1b1c-439d-9a3b-c535eec276f3&#8243; form_field_text_color=\u00bb#000000&#8243; title_font=\u00bbABeeZee||||||||\u00bb title_text_color=\u00bb#FFFFFF\u00bb title_font_size=\u00bb40px\u00bb captcha_font=\u00bb|600|||||||\u00bb captcha_text_color=\u00bb#FFFFFF\u00bb form_field_font=\u00bb|600|||||||\u00bb form_field_font_size=\u00bb16px\u00bb custom_button=\u00bbon\u00bb button_text_size=\u00bb17px\u00bb button_text_color=\u00bb#FFFFFF\u00bb button_bg_color=\u00bb#000000&#8243; button_border_color=\u00bbRGBA(255,255,255,0)\u00bb button_letter_spacing=\u00bb4px\u00bb button_font=\u00bb|600||on|||||\u00bb button_use_icon=\u00bboff\u00bb custom_margin=\u00bb0px||||false|false\u00bb custom_padding=\u00bb0px||||false|false\u00bb title_text_shadow_style=\u00bbpreset1&#8243; box_shadow_style_button=\u00bbpreset1&#8243; global_colors_info=\u00bb{}\u00bb][et_pb_contact_field field_id=\u00bbNombre\u00bb field_title=\u00bbNombre\u00bb _builder_version=\u00bb4.21.0&#8243; form_field_text_color=\u00bb#000000&#8243; form_field_font=\u00bb|600|||||||\u00bb form_field_font_size=\u00bb16px\u00bb global_colors_info=\u00bb{}\u00bb button_text_size__hover_enabled=\u00bboff\u00bb button_one_text_size__hover_enabled=\u00bboff\u00bb button_two_text_size__hover_enabled=\u00bboff\u00bb button_text_color__hover_enabled=\u00bboff\u00bb button_one_text_color__hover_enabled=\u00bboff\u00bb button_two_text_color__hover_enabled=\u00bboff\u00bb button_border_width__hover_enabled=\u00bboff\u00bb button_one_border_width__hover_enabled=\u00bboff\u00bb button_two_border_width__hover_enabled=\u00bboff\u00bb button_border_color__hover_enabled=\u00bboff\u00bb button_one_border_color__hover_enabled=\u00bboff\u00bb button_two_border_color__hover_enabled=\u00bboff\u00bb button_border_radius__hover_enabled=\u00bboff\u00bb button_one_border_radius__hover_enabled=\u00bboff\u00bb button_two_border_radius__hover_enabled=\u00bboff\u00bb button_letter_spacing__hover_enabled=\u00bboff\u00bb button_one_letter_spacing__hover_enabled=\u00bboff\u00bb button_two_letter_spacing__hover_enabled=\u00bboff\u00bb button_bg_color__hover_enabled=\u00bboff\u00bb button_one_bg_color__hover_enabled=\u00bboff\u00bb button_two_bg_color__hover_enabled=\u00bboff\u00bb][\/et_pb_contact_field][et_pb_contact_field field_id=\u00bbEmail\u00bb field_title=\u00bbE-mail\u00bb field_type=\u00bbemail\u00bb _builder_version=\u00bb4.21.0&#8243; global_colors_info=\u00bb{}\u00bb button_text_size__hover_enabled=\u00bboff\u00bb button_one_text_size__hover_enabled=\u00bboff\u00bb button_two_text_size__hover_enabled=\u00bboff\u00bb button_text_color__hover_enabled=\u00bboff\u00bb button_one_text_color__hover_enabled=\u00bboff\u00bb button_two_text_color__hover_enabled=\u00bboff\u00bb button_border_width__hover_enabled=\u00bboff\u00bb button_one_border_width__hover_enabled=\u00bboff\u00bb button_two_border_width__hover_enabled=\u00bboff\u00bb button_border_color__hover_enabled=\u00bboff\u00bb button_one_border_color__hover_enabled=\u00bboff\u00bb button_two_border_color__hover_enabled=\u00bboff\u00bb button_border_radius__hover_enabled=\u00bboff\u00bb button_one_border_radius__hover_enabled=\u00bboff\u00bb button_two_border_radius__hover_enabled=\u00bboff\u00bb button_letter_spacing__hover_enabled=\u00bboff\u00bb button_one_letter_spacing__hover_enabled=\u00bboff\u00bb button_two_letter_spacing__hover_enabled=\u00bboff\u00bb button_bg_color__hover_enabled=\u00bboff\u00bb button_one_bg_color__hover_enabled=\u00bboff\u00bb button_two_bg_color__hover_enabled=\u00bboff\u00bb][\/et_pb_contact_field][et_pb_contact_field field_id=\u00bbMensaje\u00bb field_title=\u00bbMensaje\u00bb field_type=\u00bbtext\u00bb fullwidth_field=\u00bbon\u00bb _builder_version=\u00bb4.21.0&#8243; global_colors_info=\u00bb{}\u00bb button_text_size__hover_enabled=\u00bboff\u00bb button_one_text_size__hover_enabled=\u00bboff\u00bb button_two_text_size__hover_enabled=\u00bboff\u00bb button_text_color__hover_enabled=\u00bboff\u00bb button_one_text_color__hover_enabled=\u00bboff\u00bb button_two_text_color__hover_enabled=\u00bboff\u00bb button_border_width__hover_enabled=\u00bboff\u00bb button_one_border_width__hover_enabled=\u00bboff\u00bb button_two_border_width__hover_enabled=\u00bboff\u00bb button_border_color__hover_enabled=\u00bboff\u00bb button_one_border_color__hover_enabled=\u00bboff\u00bb button_two_border_color__hover_enabled=\u00bboff\u00bb button_border_radius__hover_enabled=\u00bboff\u00bb button_one_border_radius__hover_enabled=\u00bboff\u00bb button_two_border_radius__hover_enabled=\u00bboff\u00bb button_letter_spacing__hover_enabled=\u00bboff\u00bb button_one_letter_spacing__hover_enabled=\u00bboff\u00bb button_two_letter_spacing__hover_enabled=\u00bboff\u00bb button_bg_color__hover_enabled=\u00bboff\u00bb button_one_bg_color__hover_enabled=\u00bboff\u00bb button_two_bg_color__hover_enabled=\u00bboff\u00bb][\/et_pb_contact_field][\/et_pb_contact_form][\/et_pb_column][\/et_pb_row][\/et_pb_section]<\/p>\n","protected":false},"excerpt":{"rendered":"<p>VISUALECT. Sistemas pictogr\u00e1ficos y elementos visuales para comprender el patrimonio. Traducci\u00f3n intersemi\u00f3tica a lectura f\u00e1cil.VISUALECT forma parte del proyecto coordinado LECPAT sobre lenguaje simplificado para el acceso multimodal al patrimonio arqueol\u00f3gico, junto con el subproyecto TALENTO de la UGR.Proyecto de investigaci\u00f3n (PID2020-118775RB-C22) de la Universidad Pablo de Olavide de Sevilla liderado por los investigadores Ana [&hellip;]<\/p>\n","protected":false},"author":1,"featured_media":0,"parent":0,"menu_order":0,"comment_status":"closed","ping_status":"closed","template":"","meta":{"_et_pb_use_builder":"on","_et_pb_old_content":"","_et_gb_content_width":"","footnotes":""},"class_list":["post-11","page","type-page","status-publish","hentry"],"_links":{"self":[{"href":"https:\/\/www.upo.es\/investiga\/visualect\/wp-json\/wp\/v2\/pages\/11","targetHints":{"allow":["GET"]}}],"collection":[{"href":"https:\/\/www.upo.es\/investiga\/visualect\/wp-json\/wp\/v2\/pages"}],"about":[{"href":"https:\/\/www.upo.es\/investiga\/visualect\/wp-json\/wp\/v2\/types\/page"}],"author":[{"embeddable":true,"href":"https:\/\/www.upo.es\/investiga\/visualect\/wp-json\/wp\/v2\/users\/1"}],"replies":[{"embeddable":true,"href":"https:\/\/www.upo.es\/investiga\/visualect\/wp-json\/wp\/v2\/comments?post=11"}],"version-history":[{"count":39,"href":"https:\/\/www.upo.es\/investiga\/visualect\/wp-json\/wp\/v2\/pages\/11\/revisions"}],"predecessor-version":[{"id":329,"href":"https:\/\/www.upo.es\/investiga\/visualect\/wp-json\/wp\/v2\/pages\/11\/revisions\/329"}],"wp:attachment":[{"href":"https:\/\/www.upo.es\/investiga\/visualect\/wp-json\/wp\/v2\/media?parent=11"}],"curies":[{"name":"wp","href":"https:\/\/api.w.org\/{rel}","templated":true}]}}