{"id":124,"date":"2020-09-14T12:52:24","date_gmt":"2020-09-14T12:52:24","guid":{"rendered":"https:\/\/www.upo.es\/master-arte-museos-gestion-patrimonio-historico\/?page_id=124"},"modified":"2025-11-20T08:19:40","modified_gmt":"2025-11-20T08:19:40","slug":"preguntas-frecuentes","status":"publish","type":"page","link":"https:\/\/www.upo.es\/master-arte-museos-gestion-patrimonio-historico\/preguntas-frecuentes\/","title":{"rendered":"Preguntas frecuentes"},"content":{"rendered":"<ul>\n<li><a href=\"https:\/\/www.upo.es\/master-arte-museos-gestion-patrimonio-historico\/wp-content\/uploads\/2025\/11\/1.-Breve-descripcion-del-titulo.pdf\">1. Breve descripci\u00f3n del t\u00edtulo<\/a><\/li>\n<li><a href=\"https:\/\/www.upo.es\/master-arte-museos-gestion-patrimonio-historico\/wp-content\/uploads\/2025\/11\/2.-\u00bfComo-se-organiza-la-docencia\uf025.pdf\">2. \u00bfC\u00f3mo se organiza la docencia?<\/a><\/li>\n<li><a href=\"https:\/\/www.upo.es\/master-arte-museos-gestion-patrimonio-historico\/wp-content\/uploads\/2025\/11\/3.-\u00bfCuales-son-las-asignaturas-de-mi-modalidad\uf025.pdf\">3. \u00bfCu\u00e1les son las asignaturas de mi modalidad?<\/a><\/li>\n<li><a href=\"https:\/\/www.upo.es\/master-arte-museos-gestion-patrimonio-historico\/wp-content\/uploads\/2025\/11\/4.-\u00bfQue-debo-saber-sobre-las-practicas\uf025.pdf\">4. \u00bfQu\u00e9 debo saber sobre las pr\u00e1cticas?<\/a><\/li>\n<li><a href=\"https:\/\/www.upo.es\/master-arte-museos-gestion-patrimonio-historico\/wp-content\/uploads\/2021\/11\/6.-Pasos-basicos-para-registrarme-en-Icaro.pdf\">5. Pasos b\u00e1sicos para registrarme en \u00cdcaro<\/a><\/li>\n<li><a href=\"https:\/\/www.upo.es\/master-arte-museos-gestion-patrimonio-historico\/wp-content\/uploads\/2025\/11\/6.-\u00bfQue-debo-saber-sobre-el-TFM\uf025.pdf\">6. \u00bfQu\u00e9 debo saber sobre el TFM?<\/a><\/li>\n<li><a href=\"https:\/\/www.upo.es\/master-arte-museos-gestion-patrimonio-historico\/wp-content\/uploads\/2025\/11\/7.-Evaluacion.pdf\">7. Evaluaci\u00f3n<\/a><\/li>\n<li><a href=\"https:\/\/www.upo.es\/master-arte-museos-gestion-patrimonio-historico\/wp-content\/uploads\/2025\/11\/8.-Cronograma.pdf\">8. Cronograma<\/a><\/li>\n<\/ul>\n","protected":false},"excerpt":{"rendered":"<p>1. Breve descripci\u00f3n del t\u00edtulo 2. \u00bfC\u00f3mo se organiza la docencia? 3. \u00bfCu\u00e1les son las asignaturas de mi modalidad? 4. \u00bfQu\u00e9 debo saber sobre las pr\u00e1cticas? 5. Pasos b\u00e1sicos para registrarme en \u00cdcaro 6. \u00bfQu\u00e9 debo saber sobre el TFM? &hellip; <a href=\"https:\/\/www.upo.es\/master-arte-museos-gestion-patrimonio-historico\/preguntas-frecuentes\/\">Sigue leyendo <span class=\"meta-nav\">&rarr;<\/span><\/a><\/p>\n","protected":false},"author":1,"featured_media":0,"parent":0,"menu_order":6,"comment_status":"closed","ping_status":"closed","template":"","meta":[],"_links":{"self":[{"href":"https:\/\/www.upo.es\/master-arte-museos-gestion-patrimonio-historico\/wp-json\/wp\/v2\/pages\/124"}],"collection":[{"href":"https:\/\/www.upo.es\/master-arte-museos-gestion-patrimonio-historico\/wp-json\/wp\/v2\/pages"}],"about":[{"href":"https:\/\/www.upo.es\/master-arte-museos-gestion-patrimonio-historico\/wp-json\/wp\/v2\/types\/page"}],"author":[{"embeddable":true,"href":"https:\/\/www.upo.es\/master-arte-museos-gestion-patrimonio-historico\/wp-json\/wp\/v2\/users\/1"}],"replies":[{"embeddable":true,"href":"https:\/\/www.upo.es\/master-arte-museos-gestion-patrimonio-historico\/wp-json\/wp\/v2\/comments?post=124"}],"version-history":[{"count":46,"href":"https:\/\/www.upo.es\/master-arte-museos-gestion-patrimonio-historico\/wp-json\/wp\/v2\/pages\/124\/revisions"}],"predecessor-version":[{"id":540,"href":"https:\/\/www.upo.es\/master-arte-museos-gestion-patrimonio-historico\/wp-json\/wp\/v2\/pages\/124\/revisions\/540"}],"wp:attachment":[{"href":"https:\/\/www.upo.es\/master-arte-museos-gestion-patrimonio-historico\/wp-json\/wp\/v2\/media?parent=124"}],"curies":[{"name":"wp","href":"https:\/\/api.w.org\/{rel}","templated":true}]}}