{"id":16,"date":"2016-03-31T12:07:27","date_gmt":"2016-03-31T12:07:27","guid":{"rendered":"https:\/\/www.upo.es\/master-arte-museos-gestion-patrimonio-historico\/?page_id=16"},"modified":"2025-10-29T16:50:09","modified_gmt":"2025-10-29T16:50:09","slug":"equipo-docente-2","status":"publish","type":"page","link":"https:\/\/www.upo.es\/master-arte-museos-gestion-patrimonio-historico\/equipo-docente-2\/","title":{"rendered":"Equipo docente"},"content":{"rendered":"<p><strong>M.\u00aa Esther Almarcha N\u00fa\u00f1ez-Herrador<\/strong>, profesora titular de Historia del Arte de la Universidad de Castilla-La Mancha<\/p>\n<p><strong>Ana Mar\u00eda Aranda Bernal<\/strong>, profesora titular de Historia del Arte de la Universidad Pablo de Olavide<\/p>\n<p><strong>Juan Manuel Becerra Garc\u00eda<\/strong>, Consejer\u00eda de Cultura. Junta de Andaluc\u00eda<\/p>\n<p><strong>Mar\u00eda Luisa Bellido Gant,<\/strong> catedr\u00e1tica de Historia del Arte de la Universidad de Granada<\/p>\n<p><strong>Inmaculada Carrasco G\u00f3mez<\/strong>, profesora asociada de Historia del Arte de la Universidad Pablo de Olavide<\/p>\n<p><strong>Jos\u00e9 Manuel Feria Dom\u00ednguez<\/strong>, profesor titular del Departamento de Econom\u00eda Financiera y Contabilidad de la Universidad Pablo de Olavide<\/p>\n<p><strong>Jos\u00e9 Mar\u00eda Feria Toribio<\/strong>, catedr\u00e1tico de Geograf\u00eda Humana de la Universidad Pablo de Olavide<\/p>\n<p><strong>Mar\u00eda de los \u00c1ngeles Fern\u00e1ndez Valle<\/strong>, profesora contratada doctora de Historia del Arte de la Universidad Pablo de Olavide<\/p>\n<p><strong>Antonio Garc\u00eda Garc\u00eda<\/strong>, profesor titular de An\u00e1lisis Geogr\u00e1fico\u00a0 Regional de la Universidad Pablo de Olavide<\/p>\n<p><strong>Mar\u00eda del Valle G\u00f3mez de Terreros Guardiola<\/strong>, catedr\u00e1tica de Historia del Arte de la Universidad Pablo de Olavide<\/p>\n<p><strong>Soledad G\u00f3mez V\u00edlchez<\/strong>, directora de proyectos en Ideosmedia Estudio Creativo<\/p>\n<p><strong>Rodrigo Guti\u00e9rrez Vi\u00f1uales<\/strong>, catedr\u00e1tico de Historia del Arte de la Universidad de Granada<\/p>\n<p><strong>Ascensi\u00f3n Hern\u00e1ndez Mart\u00ednez<\/strong>, catedr\u00e1tica de Historia del Arte de la Universidad de Zaragoza<\/p>\n<p><strong>Rafael L\u00f3pez Guzm\u00e1n<\/strong>, catedr\u00e1tico de\u00a0Historia del Arte de la Universidad de Granada<\/p>\n<p><strong>Francisco Miguel L\u00f3pez Hidalgo<\/strong>, gestor cultural y coordinador del <span style=\"font-weight: 400;\">\u00c1rea de Industrias Culturales y Creativas de la Agencia Andaluza de Instituciones Culturales<\/span><\/p>\n<p><strong>Jes\u00fas Pedro Lorente Lorente<\/strong>, catedr\u00e1tico de Historia del Arte de la Universidad de Zaragoza<\/p>\n<p><strong>Fernando Mart\u00edn Mart\u00edn<\/strong>, catedr\u00e1tico de\u00a0Historia del Arte de la Universidad de Sevilla<\/p>\n<p><strong>Jos\u00e9 Mar\u00eda Miura Andrades<\/strong>, profesor titular de Historia Medieval de la Universidad Pablo de Olavide<\/p>\n<p><strong>Juan Monterroso Montero<\/strong>, catedr\u00e1tico de Historia del Arte de la Universidade de Santiago de Compostela<\/p>\n<p><strong>Eduardo Mosquera Adell,<\/strong> catedr\u00e1tico de Historia, Teor\u00eda y Composici\u00f3n Arquitect\u00f3nicas \u00a0de la Universidad de Sevilla<\/p>\n<p><strong>\u00d3scar Navajas Corral<\/strong>, profesor contratado doctor de Historia y Filosof\u00eda de la Universidad de Alcal\u00e1<\/p>\n<p><strong>Benito Navarrete Prieto<\/strong>, catedr\u00e1tico de Historia del Arte de la Universidad de Alcal\u00e1<\/p>\n<p><strong>Francisco Ollero Lobato<\/strong>, catedr\u00e1tico de Historia del Arte de la Universidad Pablo de Olavide<\/p>\n<p><strong>Luis P\u00e9rez-Prat Durban<\/strong>, catedr\u00e1tico de Derecho Internacional P\u00fablico y Relaciones Internacionales de la Universidad Pablo de Olavide<\/p>\n<p><strong>Paco P\u00e9rez Valencia<\/strong>, profesor titular de la Universidad Loyola de Sevilla<\/p>\n<p><strong>Juan Prieto Gordillo<\/strong>, profesor asociado de Historia del Arte de la Universidad Pablo de Olavide<\/p>\n<p><strong>Fernando Quiles Garc\u00eda<\/strong>, profesor titular de Historia del Arte de la Universidad Pablo de Olavide<\/p>\n<p><strong>Mar\u00eda Victoria Quintero Mor\u00f3n<\/strong>, profesora titular de Antropolog\u00eda Social de la Universidad Pablo de Olavide<\/p>\n<p><strong>Jes\u00fas Ramos Prieto<\/strong>, catedr\u00e1tico de Derecho P\u00fablico de la Universidad Pablo de Olavide<\/p>\n<p><strong>William Rey Ashfield<\/strong>, catedr\u00e1tico de Historia de la Arquitectura de la Universidad de la Rep\u00fablica de Montevideo<\/p>\n<p><b>Antonio Joaqu\u00edn Santos M\u00e1rquez<\/b>, catedr\u00e1tico de Historia del Arte de la Universidad de Sevilla<\/p>\n<p><strong>Javier Verdugo Santos<\/strong>, Consejer\u00eda de Cultura de la Junta de Andaluc\u00eda<\/p>\n<p><strong>Directora:<\/strong> Mar\u00eda de los \u00c1ngeles Fern\u00e1ndez Valle<br \/>\n<strong>Coordinadora:<\/strong>\u00a0Ana Mar\u00eda Aranda Bernal<br \/>\n<strong>Responsable de calidad:<\/strong> Fernando Quiles Garc\u00eda<\/p>\n","protected":false},"excerpt":{"rendered":"<p>M.\u00aa Esther Almarcha N\u00fa\u00f1ez-Herrador, profesora titular de Historia del Arte de la Universidad de Castilla-La Mancha Ana Mar\u00eda Aranda Bernal, profesora titular de Historia del Arte de la Universidad Pablo de Olavide Juan Manuel Becerra Garc\u00eda, Consejer\u00eda de Cultura. Junta &hellip; <a href=\"https:\/\/www.upo.es\/master-arte-museos-gestion-patrimonio-historico\/equipo-docente-2\/\">Sigue leyendo <span class=\"meta-nav\">&rarr;<\/span><\/a><\/p>\n","protected":false},"author":1,"featured_media":0,"parent":0,"menu_order":1,"comment_status":"closed","ping_status":"closed","template":"","meta":[],"_links":{"self":[{"href":"https:\/\/www.upo.es\/master-arte-museos-gestion-patrimonio-historico\/wp-json\/wp\/v2\/pages\/16"}],"collection":[{"href":"https:\/\/www.upo.es\/master-arte-museos-gestion-patrimonio-historico\/wp-json\/wp\/v2\/pages"}],"about":[{"href":"https:\/\/www.upo.es\/master-arte-museos-gestion-patrimonio-historico\/wp-json\/wp\/v2\/types\/page"}],"author":[{"embeddable":true,"href":"https:\/\/www.upo.es\/master-arte-museos-gestion-patrimonio-historico\/wp-json\/wp\/v2\/users\/1"}],"replies":[{"embeddable":true,"href":"https:\/\/www.upo.es\/master-arte-museos-gestion-patrimonio-historico\/wp-json\/wp\/v2\/comments?post=16"}],"version-history":[{"count":41,"href":"https:\/\/www.upo.es\/master-arte-museos-gestion-patrimonio-historico\/wp-json\/wp\/v2\/pages\/16\/revisions"}],"predecessor-version":[{"id":526,"href":"https:\/\/www.upo.es\/master-arte-museos-gestion-patrimonio-historico\/wp-json\/wp\/v2\/pages\/16\/revisions\/526"}],"wp:attachment":[{"href":"https:\/\/www.upo.es\/master-arte-museos-gestion-patrimonio-historico\/wp-json\/wp\/v2\/media?parent=16"}],"curies":[{"name":"wp","href":"https:\/\/api.w.org\/{rel}","templated":true}]}}