{"id":18,"date":"2016-03-31T12:07:47","date_gmt":"2016-03-31T12:07:47","guid":{"rendered":"https:\/\/www.upo.es\/master-arte-museos-gestion-patrimonio-historico\/?page_id=18"},"modified":"2025-10-29T17:20:35","modified_gmt":"2025-10-29T17:20:35","slug":"programa-academico-2","status":"publish","type":"page","link":"https:\/\/www.upo.es\/master-arte-museos-gestion-patrimonio-historico\/programa-academico-2\/","title":{"rendered":"Programa acad\u00e9mico"},"content":{"rendered":"<p>M\u00d3DULO I. Teor\u00edas y fuentes para el estudio de la historia del arte, patrimonio y museos (9 cr\u00e9ditos ECTS). Obligatorio<\/p>\n<ul>\n<li>Introducci\u00f3n a conceptos te\u00f3ricos de historia del arte, patrimonio y museos (4 cr\u00e9ditos)<\/li>\n<li>Teor\u00eda del patrimonio hist\u00f3rico y de la restauraci\u00f3n. Definici\u00f3n de patrimonio cultural e instrumentos de protecci\u00f3n (3 cr\u00e9ditos)<\/li>\n<li>Fuentes y recursos para la investigaci\u00f3n y el estudio del patrimonio art\u00edstico (2 cr\u00e9ditos).<\/li>\n<\/ul>\n<p>M\u00d3DULO II. Fundamentos de historia del arte enfocados a los estudios patrimoniales y museogr\u00e1ficos (9 cr\u00e9ditos ECTS)<\/p>\n<ul>\n<li>El tratamiento patrimonial de la obra de arte (4 cr\u00e9ditos) Obligatorio.<\/li>\n<li>La sostenibilidad de la arquitectura hist\u00f3rica en la ciudad contempor\u00e1nea (3 cr\u00e9ditos). Obligatorio.<\/li>\n<li>La participaci\u00f3n de las mujeres en la formaci\u00f3n del patrimonio art\u00edstico (2 cr\u00e9ditos) Optativo.<\/li>\n<\/ul>\n<p>M\u00d3DULO III. Gesti\u00f3n del patrimonio (9 cr\u00e9ditos ECTS) Obligatorio<\/p>\n<ul>\n<li>Gesti\u00f3n y planificaci\u00f3n de las acciones patrimoniales (3 cr\u00e9ditos)<\/li>\n<li>Administraci\u00f3n y protecci\u00f3n jur\u00eddica del patrimonio cultural (3 cr\u00e9ditos)<\/li>\n<li>Difusi\u00f3n y puesta en valor del patrimonio (3 cr\u00e9ditos)<\/li>\n<\/ul>\n<p>M\u00d3DULO IV. Museos y exposiciones\u00a0(9 cr\u00e9ditos ECTS) Obligatorio<\/p>\n<ul>\n<li>Museolog\u00eda y museograf\u00eda (3 cr\u00e9ditos)<\/li>\n<li>Percepci\u00f3n social de los museos (2 cr\u00e9ditos)<\/li>\n<li>Museograf\u00eda digital. Los nuevos museos (2 cr\u00e9ditos)<\/li>\n<li>Exposiciones y galer\u00edas comerciales (2 cr\u00e9ditos)<\/li>\n<\/ul>\n<p>M\u00d3DULO V-A. Modalidad investigadora (12 cr\u00e9ditos ECTS) Obligatorio<\/p>\n<ul>\n<li>Metodolog\u00edas para la investigaci\u00f3n (3 cr\u00e9ditos)<\/li>\n<li>Significados culturales y usos de la obra de arte (3 cr\u00e9ditos)<\/li>\n<li>Profundizaci\u00f3n en la investigaci\u00f3n americanista (4 cr\u00e9ditos)<\/li>\n<li>Casos de estudio e investigaci\u00f3n de bienes patrimoniales (2 cr\u00e9ditos)<\/li>\n<\/ul>\n<p>M\u00d3DULO V-B. Modalidad profesional (12 cr\u00e9ditos ECTS) Obligatorio<\/p>\n<ul>\n<li>Metodolog\u00edas para el estudio y la gesti\u00f3n en museos y patrimonio (3 cr\u00e9ditos)<\/li>\n<li>Seminario sobre gesti\u00f3n y difusi\u00f3n del patrimonio cultural local (2 cr\u00e9ditos)<\/li>\n<li>Modelos de profundizaci\u00f3n en el estudio y la gesti\u00f3n del patrimonio (3 cr\u00e9ditos)<\/li>\n<li>Paisajes culturales (2 cr\u00e9ditos)<\/li>\n<li>Gesti\u00f3n de exposiciones (2 cr\u00e9ditos)<\/li>\n<\/ul>\n<p>M\u00d3DULO VI-A. Trabajo fin de m\u00e1ster, modalidad investigadora (12 cr\u00e9ditos ECTS) Obligatorio para estudiantes que se acojan a esta modalidad<\/p>\n<ul>\n<li>Trabajo fin de m\u00e1ster (6 cr\u00e9ditos)<\/li>\n<li>Complementos para la elaboraci\u00f3n de los TFM (6 cr\u00e9ditos)<\/li>\n<\/ul>\n<p>M\u00d3DULO VI-B. Trabajo fin de master y pr\u00e1cticas profesionales, modalidad profesional (12 cr\u00e9ditos ECTS) Obligatorio para estudiantes que se acojan a esta modalidad<\/p>\n<ul>\n<li>Trabajo fin de m\u00e1ster (6 cr\u00e9ditos)<\/li>\n<li>Pr\u00e1cticas profesionales (6 cr\u00e9ditos)<\/li>\n<\/ul>\n<p><a href=\"https:\/\/www.upo.es\/postgrado\/export\/sites\/default\/..MICROSITES\/master\/1.DOCUMENTOS\/2016-2017\/Memorias\/MAM_MEMORIA_MASTER_ARTE_MUSEOS.pdf\">Memoria completa<\/a><\/p>\n<p><a href=\"https:\/\/www.upo.es\/postgrado\/export\/sites\/default\/..MICROSITES\/master\/1.DOCUMENTOS\/2018-2019\/Folletos\/4.-ARTE.pdf\">Folleto del M\u00e1ster<\/a><\/p>\n<p>M\u00e1s informaci\u00f3n\u00a0<a title=\"M\u00e1s informaci\u00f3n\" href=\"https:\/\/www.upo.es\/postgrado\/Master-Oficial-Arte-Museos-y-Gestion-del-Patrimonio-Historico\/\" target=\"_self\" rel=\"noopener noreferrer\">en el siguiente enlace<\/a><\/p>\n<p><a href=\"https:\/\/www.upo.es\/postgrado\/\">CEDEP &#8211; Centro de Estudios de Postgrado<\/a><\/p>\n","protected":false},"excerpt":{"rendered":"<p>M\u00d3DULO I. Teor\u00edas y fuentes para el estudio de la historia del arte, patrimonio y museos (9 cr\u00e9ditos ECTS). Obligatorio Introducci\u00f3n a conceptos te\u00f3ricos de historia del arte, patrimonio y museos (4 cr\u00e9ditos) Teor\u00eda del patrimonio hist\u00f3rico y de la &hellip; <a href=\"https:\/\/www.upo.es\/master-arte-museos-gestion-patrimonio-historico\/programa-academico-2\/\">Sigue leyendo <span class=\"meta-nav\">&rarr;<\/span><\/a><\/p>\n","protected":false},"author":1,"featured_media":0,"parent":0,"menu_order":2,"comment_status":"closed","ping_status":"closed","template":"","meta":[],"_links":{"self":[{"href":"https:\/\/www.upo.es\/master-arte-museos-gestion-patrimonio-historico\/wp-json\/wp\/v2\/pages\/18"}],"collection":[{"href":"https:\/\/www.upo.es\/master-arte-museos-gestion-patrimonio-historico\/wp-json\/wp\/v2\/pages"}],"about":[{"href":"https:\/\/www.upo.es\/master-arte-museos-gestion-patrimonio-historico\/wp-json\/wp\/v2\/types\/page"}],"author":[{"embeddable":true,"href":"https:\/\/www.upo.es\/master-arte-museos-gestion-patrimonio-historico\/wp-json\/wp\/v2\/users\/1"}],"replies":[{"embeddable":true,"href":"https:\/\/www.upo.es\/master-arte-museos-gestion-patrimonio-historico\/wp-json\/wp\/v2\/comments?post=18"}],"version-history":[{"count":12,"href":"https:\/\/www.upo.es\/master-arte-museos-gestion-patrimonio-historico\/wp-json\/wp\/v2\/pages\/18\/revisions"}],"predecessor-version":[{"id":528,"href":"https:\/\/www.upo.es\/master-arte-museos-gestion-patrimonio-historico\/wp-json\/wp\/v2\/pages\/18\/revisions\/528"}],"wp:attachment":[{"href":"https:\/\/www.upo.es\/master-arte-museos-gestion-patrimonio-historico\/wp-json\/wp\/v2\/media?parent=18"}],"curies":[{"name":"wp","href":"https:\/\/api.w.org\/{rel}","templated":true}]}}