{"id":24,"date":"2016-03-31T12:08:37","date_gmt":"2016-03-31T12:08:37","guid":{"rendered":"https:\/\/www.upo.es\/master-arte-museos-gestion-patrimonio-historico\/?page_id=24"},"modified":"2025-10-29T16:27:02","modified_gmt":"2025-10-29T16:27:02","slug":"convenios-2","status":"publish","type":"page","link":"https:\/\/www.upo.es\/master-arte-museos-gestion-patrimonio-historico\/convenios-2\/","title":{"rendered":"Convenios"},"content":{"rendered":"\n<div class=\"wp-block-group\"><div class=\"wp-block-group__inner-container\">\n<p style=\"text-align: center;\"><strong>M\u00e1ster 2024-2025<\/strong><\/p>\n<ul>\n<li>Archivo Hist\u00f3rico Provincial de Sevilla<\/li>\n<li>Arxiu Hist\u00f2ric d\u2019Eivissa i Formentera (AHEiF)<\/li>\n<li>Arqueolog\u00eda y Gesti\u00f3n S. L.<\/li>\n<li>Baelo Claudia<\/li>\n<li>Casa de la memoria Al-Andalus S. L.<\/li>\n<li>Di Gallery<\/li>\n<li>Direcci\u00f3n General de Museos y Conjuntos Culturales de la Consejer\u00eda de Cultura y Deporte<\/li>\n<li>Engranajes Culturales S. L.<\/li>\n<li>Espacio Derivado\u00a0<\/li>\n<li>Galer\u00eda Alarc\u00f3n Criado, Sevilla<\/li>\n<li>Galer\u00eda de Arte, Sevilla<\/li>\n<li>Museo Casa Botines Gaud\u00ed de Le\u00f3n<\/li>\n<li>Museo Cruz Herrera de La L\u00ednea de la Concepci\u00f3n<\/li>\n<li>Museo de M\u00fasica Africana, Sevilla<\/li>\n<li>Museo de las Iusiones, Sevilla<\/li>\n<li>Museo de Mikolow\u00a0<\/li>\n<li>Restauraci\u00f3n de Arte S. L.<\/li>\n<li>Palacio Arzobispal de Sevilla<\/li>\n<li>Palacio de la Condesa de Lebrija<\/li>\n<li>Real Academia de Bellas Artes de Santa Isabel de Hungr\u00eda<\/li>\n<li>\u00a0<\/li>\n<\/ul>\n<p style=\"text-align: center;\"><strong>M\u00e1ster 2023-2024<\/strong><\/p>\n<ul>\n<li>Instituto Andaluz de Patrimonio Hist\u00f3rico (IAPH), Sevilla<\/li>\n<li>Universidad de Sevilla. Direccio\u0301n General de Cultura y Patrimonio<\/li>\n<li>Museo Carmen Thyssen, Ma\u0301laga<\/li>\n<li>Museo de las Ilusiones, Sevilla<\/li>\n<li>Palacio de la Condesa de Lebrija, Sevilla<\/li>\n<li>Bodega Caballero Puerto de Santa Mar\u00eda, C\u00e1diz<\/li>\n<li>Monasterio de Santa Clara de Moguer, Huelva<\/li>\n<li>Engranajes Culturales S.L, Sevilla<\/li>\n<li>Arqueolog\u00eda y Gesti\u00f3n S.L, Sevilla<\/li>\n<li>Di Gallery, Sevilla<\/li>\n<li>The RedCat Gallery, Sevilla<\/li>\n<li>C\u00edrculo Mercantil e Industrial, Sevilla<\/li>\n<li>CulturaLAB, Sevilla<\/li>\n<li>Ayuntamiento de Mor\u00f3n de la Frontera, Sevilla<\/li>\n<li>Ayuntamiento de Valencina de la Concepci\u00f3n, Sevilla<\/li>\n<li>Ayuntamiento de Zafra, Badajoz<\/li>\n<\/ul>\n<p style=\"text-align: center;\"><strong>M\u00e1ster 2022-2023<\/strong><\/p>\n<ul>\n<li>Instituto Andaluz de Patrimonio Hist\u00f3rico (IAPH), Sevilla<\/li>\n<li>Archivo Hist\u00f3rico Provincial de Sevilla<\/li>\n<li>Archivo de los Hermanos Menores Capuchinos de Sevilla<\/li>\n<li>Aquarium. ICAS. Instituto de Cultura y Artes de Sevilla<\/li>\n<li>Museo Nacional de Arte Romano de M\u00e9rida<\/li>\n<li>Museo de la Ciudad de Alcal\u00e1 de Guada\u00edra<\/li>\n<li>Museo de las Ilusiones, Sevilla<\/li>\n<li>Real Academia de Bellas Artes de Santa Isabel de Hungr\u00eda, Sevilla<\/li>\n<li>Palacio de Lebrija, Sevilla<\/li>\n<li>Engranajes Culturales S.L<\/li>\n<li>Clio y Marte S.L<\/li>\n<li>Di Art Gallery, Sevilla<\/li>\n<li>Espacio 0, \u00a0Galer\u00eda de Arte de Huelva<\/li>\n<li>BlurOne, Sevilla<\/li>\n<li>Asociaci\u00f3n\u00a0Artyart Artesan\u00eda y Arte Mural, Sevilla<\/li>\n<li>Asociaci\u00f3n de Muse\u00f3logos y Muse\u00f3grafos de Andaluc\u00eda (AMMA), Sevilla<\/li>\n<li>Ayuntamiento de Almensilla<\/li>\n<\/ul>\n<p style=\"text-align: center;\"><strong>M\u00e1ster 2021-2022<\/strong><\/p>\n<ul>\n<li>C\u00e1tedra de Estudios del Barroco Iberoamericano (ceIBA). Sede Olavide en Carmona<\/li>\n<li>Archivo Hist\u00f3rico Provincial de Sevilla<\/li>\n<li>Instituto Andaluz de Patrimonio Hist\u00f3rico (IAPH), Sevilla<\/li>\n<li>ICAS. Instituto de la Cultura y las Artes, Sevilla<\/li>\n<li>Aquarium. ICAS. Instituto de Cultura y Artes de Sevilla<\/li>\n<li>CICUS. Centro de Iniciativas Culturales de la Universidad de Sevilla<\/li>\n<li>Universidad de Granada<\/li>\n<li>Fundaci\u00f3n Casa Ducal Medinaceli, Sevilla<\/li>\n<li>Fundaci\u00f3n Valent\u00edn de Madariaga y Oya, Sevilla<\/li>\n<li>Engranajes Culturales S.L<\/li>\n<li>Arqueolog\u00eda y Gesti\u00f3n S.L<\/li>\n<li>Clio y Marte S.L<\/li>\n<li>Visitas culturales S.L<\/li>\n<li>Di Art Gallery, Sevilla<\/li>\n<li>Asociaci\u00f3n Artyart Artesan\u00eda y Arte Mural, Sevilla<\/li>\n<li>Asociaci\u00f3n de Muse\u00f3logos y Muse\u00f3grafos de Andaluc\u00eda (AMMA), Sevilla<\/li>\n<li>Gesti\u00f3n cultural y comunicaci\u00f3n, S.L. CAC M\u00e1laga<\/li>\n<li>Ayuntamiento de Cu\u00e9llar<\/li>\n<li>Museo Hist\u00f3rico Municipal de \u00c9cija<\/li>\n<li>Bodegas Caballero S.L.U, Puerto de Santa Mar\u00eda<\/li>\n<li>Real Academia de Bellas Artes de Santa Isabel de Hungr\u00eda, Sevilla<\/li>\n<li>Real Academia de Bellas Artes de San Fernando, Madrid<\/li>\n<\/ul>\n<p style=\"text-align: center;\"><strong>M\u00e1ster 2020-2021<\/strong><\/p>\n<ul>\n<li>Patronato del Real Alc\u00e1zar de Sevilla<\/li>\n<li>Instituto de la Cultura y las Artes de Sevilla (ICAS), Sevilla<\/li>\n<li>Catedral de Cuenca<\/li>\n<li>Museo de Bellas Artes de C\u00f3rdoba<\/li>\n<li>Museo de Almer\u00eda<\/li>\n<li>Museo Casa de la Ciencia (CSIC), Sevilla<\/li>\n<li>Museo do Pobo Gallego, Santiago de Compostela<\/li>\n<li>Museo de Arte Abstracto Espa\u00f1ol, Cuenca<\/li>\n<li>Museo Arqueol\u00f3gico de Alicante<\/li>\n<li>Residencia de Investigadores y Biblioteca de Sevilla (REBIS\u2013CSIC), Sevilla<\/li>\n<li>Parque de las Ciencias de Granada<\/li>\n<li>Teatro Lope de Vega, Sevilla<\/li>\n<li>Engranajes Culturales, S.A, Sevilla<\/li>\n<li>Arqueolog\u00eda y Gesti\u00f3n, S.L, Sevilla<\/li>\n<li>Di Art Gallery, Sevilla<\/li>\n<li>Pigmali\u00f3n. Restauraci\u00f3n y arte, S.L, Granada<\/li>\n<li>Asociaci\u00f3n Cultural la Casa Amarilla, M\u00e1laga<\/li>\n<li>Ayuntamiento de Ja\u00e9n\u00a0<\/li>\n<li>Universidad de Granada<\/li>\n<\/ul>\n<p style=\"text-align: center;\"><strong>M\u00e1ster 2019-2020<\/strong><\/p>\n<ul>\n<li>Instituto Andaluz de Patrimonio Hist\u00f3rico (IAPH), Sevilla<\/li>\n<li>Centro de Documentaci\u00f3n Musical de Andaluc\u00eda, Granada<\/li>\n<li>Real Academia de Bellas Artes de San Fernando, Madrid<\/li>\n<li>Museo de Bellas Artes de Bilbao<\/li>\n<li>Consorcio de Museos de la Comunidad Valenciana<\/li>\n<li>Casa de la Ciencia \u2013 CSIC, Sevilla<\/li>\n<li>Archivo de Sonido y de la Imagen de Mallorca<\/li>\n<li>Ayuntamiento de Portugalete, Bilbao<\/li>\n<li>Ayuntamiento de Cuevas del Almanzora, Almer\u00eda<\/li>\n<li>C\u00edrculo Mercantil e Industrial, Sevilla<\/li>\n<li>Engranajes Culturales, S.A, Sevilla<\/li>\n<li>Arqueolog\u00eda y Gesti\u00f3n S.L, Sevilla<\/li>\n<li>Oway Tours, S. L, Sevilla<\/li>\n<li>Di Art Gallery, Sevilla<\/li>\n<li>Atalaya Mining, Riotinto, Huelva<\/li>\n<\/ul>\n<p style=\"text-align: center;\"><strong>M\u00e1ster 2018-2019<\/strong><\/p>\n<ul>\n<li style=\"text-align: left;\">Instituto Andaluz\u00a0de Patrimonio Hist\u00f3rico (IAPH), Sevilla<\/li>\n<li style=\"text-align: left;\">Archivo Hist\u00f3rico Provincial de Sevilla<\/li>\n<li style=\"text-align: left;\">Ayuntamiento de Mijas<\/li>\n<li style=\"text-align: left;\">Ayuntamiento de Sevilla &#8211; ICAS- Servicio de Archivo, Hemeroteca y Publicaciones<\/li>\n<li style=\"text-align: left;\">C\u00edrculo Mercantil e Industrial, Sevilla<\/li>\n<li style=\"text-align: left;\">Palacio de Lebrija, Sevilla<\/li>\n<li style=\"text-align: left;\">Casa de las Ciencias (CSIC), Sevilla<\/li>\n<li style=\"text-align: left;\">Encarte Producciones, Sevilla<\/li>\n<li style=\"text-align: left;\">Engranajes Culturales, S.C., Sevilla<\/li>\n<li style=\"text-align: left;\">Fundaci\u00f3n Amalio, Sevilla<\/li>\n<li style=\"text-align: left;\">Fundaci\u00f3n Focus-Abengoa, Sevilla<\/li>\n<li style=\"text-align: left;\">Fundaci\u00f3n Valent\u00edn de Madariaga y Oya, Sevilla<\/li>\n<li style=\"text-align: left;\">Galer\u00eda Espacio Olvera, Sevilla<\/li>\n<li style=\"text-align: left;\">La Galer\u00eda Roja CB, Sevilla<\/li>\n<li style=\"text-align: left;\">Hermandad de la Macarena, Sevilla<\/li>\n<li style=\"text-align: left;\">Labrum Diagnosis de Asesoramientos Especializado SL., Sevilla<\/li>\n<li style=\"text-align: left;\">Arqueolog\u00eda y Gesti\u00f3n, S.L.L., Sevilla<\/li>\n<li style=\"text-align: left;\">Monto cultura. Agencia de Gesti\u00f3n Cultural<\/li>\n<\/ul>\n<p style=\"text-align: center;\"><strong>M\u00e1ster 2017-2018<\/strong><\/p>\n<ul>\n<li>Emasesa. Empresa metropolitana de abastecimiento y saneamiento de aguas de Sevilla, S.L<\/li>\n<li>Fundaci\u00f3n Pintor Amalio, Sevilla<\/li>\n<li>Archivo Hist\u00f3rico Provincial de Sevilla<\/li>\n<li>Consorcio de Turismo de Sevilla<\/li>\n<li>Visitours, Sevilla<\/li>\n<li>Galer\u00eda, Zunino<\/li>\n<li>Ermita de Villadiego, Pe\u00f1aflor<\/li>\n<li>Museo Arqueol\u00f3gico de Sevilla<\/li>\n<li>Instituto Andaluz de Patrimonio Hist\u00f3rico (IAPH), Sevilla<\/li>\n<li>Ayuntamiento de Ist\u00e1n, M\u00e1laga<\/li>\n<li>Engranajes Culturales S.L, Sevilla<\/li>\n<li>Empresa p\u00fablica de gesti\u00f3n de activos S.A, Sevilla<\/li>\n<li>Arqueolog\u00eda y Gesti\u00f3n S.L, Sevilla<\/li>\n<li>Encarte Producciones S.L, Sevilla<\/li>\n<li>Ayuntamiento de Algeciras<\/li>\n<\/ul>\n<p style=\"text-align: center;\"><strong>M\u00e1ster 2016-2017<\/strong><\/p>\n<ul>\n<li style=\"text-align: left;\">Instituto Andaluz de Patrimonio Hist\u00f3rico (IAPH), Sevilla<\/li>\n<li style=\"text-align: left;\">Consorcio de Turismo de Sevilla<\/li>\n<li style=\"text-align: left;\">Diputaci\u00f3n Provincial de Ja\u00e9n<\/li>\n<li style=\"text-align: left;\">Gerencia Municipal Urbanismo de M\u00e1laga<\/li>\n<li>Patronato de la Alhambra y Generalife, Granada<\/li>\n<li>Asociaci\u00f3n de Muse\u00f3logos y Muse\u00f3grafos de Andaluc\u00eda<\/li>\n<li>Museo Carmen Thyssen, M\u00e1laga<\/li>\n<li>Museo Europeo de Arte Moderno de Barcelona<\/li>\n<li>Museo Arqueol\u00f3gico de Sevilla<\/li>\n<li>Casa-Museo Bonsor, Ayuntamiento de Mairena del Alcor<\/li>\n<li>Museo de Huelva<\/li>\n<li>Museo de la Universidad del Norte en Barranquilla, Colombia<\/li>\n<li>ARQ patrimonio cultural y turismo, Sevilla<\/li>\n<li>Fundaci\u00f3n Valent\u00edn de Maradiaga, Sevilla<\/li>\n<li>Fundaci\u00f3n Do\u00f1ana 21, Sevilla<\/li>\n<li>Asociaci\u00f3n cultural ARTSevilla<\/li>\n<li>Archivo Hist\u00f3rico Provincial de Sevilla<\/li>\n<li>Archivo de Granada<\/li>\n<li>Arqueolog\u00eda y Gesti\u00f3n S.L, Sevilla<\/li>\n<li>Visitours, Sevilla<\/li>\n<li>Gastropass S.L, Sevilla<\/li>\n<li>Encarte Producciones S.L, Sevilla<\/li>\n<li>Palacio de Lebrija, Sevilla<\/li>\n<li>Ayuntamiento de Marbella<\/li>\n<\/ul>\n<p style=\"text-align: center;\"><strong>M\u00e1ster 2015-2016<\/strong><\/p>\n<ul>\n<li>Fundaci\u00f3n Mar\u00eda Jos\u00e9 Jove, A Coru\u00f1a<\/li>\n<li>Fundaci\u00f3n Evaristo Valle, Gij\u00f3n<\/li>\n<li>Fundaci\u00f3n Pintor Amalio, Sevilla<\/li>\n<li>Fundaci\u00f3n Casa Ducal Medinaceli, Sevilla<\/li>\n<li>Galer\u00eda Cavecanem, Sevilla<\/li>\n<li>Laboratorio de las Artes, Sevilla<\/li>\n<li>Centro de interpretaci\u00f3n y aula arqueol\u00f3gica de\u00a0Chiclana<\/li>\n<li>Patronato de la Alhambra y Generalife, Granada<\/li>\n<li>Asociaci\u00f3n de Muse\u00f3logos y Muse\u00f3grafos de Andaluc\u00eda<\/li>\n<li>Instituto Andaluz de Patrimonio Hist\u00f3rico (IAPH), Sevilla<\/li>\n<li>Emasesa. Empresa metropolitana de abastecimiento y saneamiento de aguas de Sevilla, S.L<\/li>\n<li>Consorcio de Turismo de Sevilla<\/li>\n<li>Museo de Bellas Artes, Sevilla<\/li>\n<li>Museo de\u00a0la Macarena, Sevilla<\/li>\n<li>Ayuntamiento de Coria del R\u00edo<\/li>\n<li>Ayuntamiento de Lora del R\u00edo<\/li>\n<li>Ayuntamiento de Marchena<\/li>\n<li>Ayuntamiento de Antequera<\/li>\n<li>Ayuntamiento de Granada<\/li>\n<li>Ayuntamiento de Santa Fe, Granada<\/li>\n<li>Eiffel Lab S.L, Huelva<\/li>\n<\/ul>\n<p style=\"text-align: center;\"><strong>M\u00e1ster 2014-2015<\/strong><\/p>\n<ul>\n<li>Escuela de Estudios Hispano-Americanos (CSIC), Sevilla<\/li>\n<li>Instituto Andaluz de Patrimonio Hist\u00f3rico (IAPH), Sevilla<\/li>\n<li>Consorcio de Turismo de Sevilla<\/li>\n<li>Fundaci\u00f3n Juan Ram\u00f3n Guill\u00e9n, La Rinconada, Sevilla<\/li>\n<li>Fundaci\u00f3n Pintor Amalio, Sevilla<\/li>\n<li>Casa &#8211; Museo Bonsor, Ayuntamiento de Mairena del Alcor<\/li>\n<li>Espiral. Animaci\u00f3n del Patrimonio, S.L, Sevilla<\/li>\n<li>Encarte Producciones S.L, Sevilla<\/li>\n<li>Past View, Sevilla<\/li>\n<li>Acciona Producciones y Dise\u00f1o (APD ) SA, Sevilla<\/li>\n<li>Museo de Bellas Artes de Sevilla<\/li>\n<li>Museum Jorge Rando, M\u00e1laga<\/li>\n<li>Museo de C\u00e1diz<\/li>\n<li>Museo Arqueol\u00f3gico e Hist\u00f3rico de A Coru\u00f1a<\/li>\n<\/ul>\n<p style=\"text-align: center;\"><strong>M\u00e1ster 2013-2014<\/strong><\/p>\n<ul>\n<li>Instituto Andaluz de Patrimonio Hist\u00f3rico (IAPH), Sevilla<\/li>\n<li>Consorcio de Turismo de Sevilla<\/li>\n<li>Instituto Moll de Madrid<\/li>\n<li>Fundaci\u00f3n Marco de Vigo<\/li>\n<li>Museo Interactivo de la M\u00fasica de M\u00e1laga<\/li>\n<li>Museo de Artes\u00a0y Costumbres Populares de Sevilla<\/li>\n<li>Museo Arqueol\u00f3gico de \u00dabeda<\/li>\n<li>Museo Arqueol\u00f3gico de Sevilla<\/li>\n<li>Archivo Provincial de Sevilla<\/li>\n<li>Espiral. Animaci\u00f3n de Patrimonio, S.L, Sevilla<\/li>\n<li>Ayuntamiento de Marchena<\/li>\n<li>Ayuntamiento de Espartinas<\/li>\n<li>Obispado de Tenerife<\/li>\n<\/ul>\n<p style=\"text-align: center;\"><strong>M\u00e1ster 2012-2013<\/strong><\/p>\n<ul>\n<li>Instituto Andaluz de Patrimonio Hist\u00f3rico (IAPH), Sevilla<\/li>\n<li>Consorcio de Turismo de Sevilla<\/li>\n<li>Casa-Museo Bonsor, Ayuntamiento de Mairena del Alcor<\/li>\n<li>Fundaci\u00f3n Pintor Amalio, Sevilla<\/li>\n<li>Universidad Emocional, Sevilla<\/li>\n<li>Museo Arqueol\u00f3gico de Sevilla<\/li>\n<li>CIA de espect\u00e1culos La Tarasca, S.L, Sevilla<\/li>\n<li>Gesto. Patrimonio Cultural, S.L, Sevilla<\/li>\n<li>Ayuntamiento de Marchena<\/li>\n<\/ul>\n<p style=\"text-align: center;\"><strong>M\u00e1ster 2011-2012<\/strong><\/p>\n<ul>\n<li>Ministerio de Cultura. Museo Arqueol\u00f3gico Nacional, Madrid<\/li>\n<li>Instituto Andaluz de Patrimonio Hist\u00f3rico (IAPH), Sevilla<\/li>\n<li>Consorcio de Turismo de M\u00e9rida<\/li>\n<li>Fundaci\u00f3n Centro de Arte Contempor\u00e1neo Huarte, Pamplona<\/li>\n<li>Llume. Estudios y Proyectos Culturales, S.L, Sevilla<\/li>\n<li>Espiral. Animaci\u00f3n de Patrimonio, S.L, Sevilla<\/li>\n<li>Gesto. Patrimonio Cultural, S.L, Sevilla<\/li>\n<li>Doria. Gesti\u00f3n del Patrimonio, S.L ,Sevilla<\/li>\n<li>Universidad Emocional &#8211; Sevilla<\/li>\n<li>Museo de la Ciudad de Carmona<\/li>\n<li>Museo de Arte Romano de M\u00e9rida<\/li>\n<li>Ayuntamiento de Alcal\u00e1 del R\u00edo<\/li>\n<li>Ayuntamiento de Alcal\u00e1 de Guadaira<\/li>\n<li>Ayuntamiento de Tomares<\/li>\n<li>Ayuntamiento de Carratraca<\/li>\n<li>Ayuntamiento de \u00dabeda<\/li>\n<li>Ayuntamiento de Priego de C\u00f3rdoba<\/li>\n<li>Instituto Municipal Dinamizaci\u00f3n Ciudadana del Ayuntamiento de Mairena del Aljarafe<\/li>\n<\/ul>\n<p style=\"text-align: center;\"><strong>M\u00e1ster 2010-2011<\/strong><\/p>\n<ul>\n<li>Secretar\u00eda de Cultura del Gobierno del Estado de Jalisco, M\u00e9xico<\/li>\n<li>Diputaci\u00f3n Provincial de C\u00e1diz<\/li>\n<li>Instituto Andaluz de Patrimonio Hist\u00f3rico (IAPH), Sevilla<\/li>\n<li>Casa de Subastas Caja Sol, Sevilla<\/li>\n<li>D\u00ednamo Cultura S.L, para el Ayuntamiento de Salteras<\/li>\n<li>Ayuntamiento de Sanl\u00facar La Mayor<\/li>\n<li>Ayuntamiento de Olivares<\/li>\n<li>Ayuntamiento de Loja<\/li>\n<li>Ayuntamiento de San Juan de Aznalfarache<\/li>\n<li>Ayuntamiento de \u00c9cija<\/li>\n<li>Ayuntamiento de Villamanrique<\/li>\n<\/ul>\n<\/div><\/div>\n","protected":false},"excerpt":{"rendered":"","protected":false},"author":1,"featured_media":0,"parent":0,"menu_order":5,"comment_status":"closed","ping_status":"closed","template":"","meta":[],"_links":{"self":[{"href":"https:\/\/www.upo.es\/master-arte-museos-gestion-patrimonio-historico\/wp-json\/wp\/v2\/pages\/24"}],"collection":[{"href":"https:\/\/www.upo.es\/master-arte-museos-gestion-patrimonio-historico\/wp-json\/wp\/v2\/pages"}],"about":[{"href":"https:\/\/www.upo.es\/master-arte-museos-gestion-patrimonio-historico\/wp-json\/wp\/v2\/types\/page"}],"author":[{"embeddable":true,"href":"https:\/\/www.upo.es\/master-arte-museos-gestion-patrimonio-historico\/wp-json\/wp\/v2\/users\/1"}],"replies":[{"embeddable":true,"href":"https:\/\/www.upo.es\/master-arte-museos-gestion-patrimonio-historico\/wp-json\/wp\/v2\/comments?post=24"}],"version-history":[{"count":37,"href":"https:\/\/www.upo.es\/master-arte-museos-gestion-patrimonio-historico\/wp-json\/wp\/v2\/pages\/24\/revisions"}],"predecessor-version":[{"id":523,"href":"https:\/\/www.upo.es\/master-arte-museos-gestion-patrimonio-historico\/wp-json\/wp\/v2\/pages\/24\/revisions\/523"}],"wp:attachment":[{"href":"https:\/\/www.upo.es\/master-arte-museos-gestion-patrimonio-historico\/wp-json\/wp\/v2\/media?parent=24"}],"curies":[{"name":"wp","href":"https:\/\/api.w.org\/{rel}","templated":true}]}}