{"id":115,"date":"2021-01-20T13:35:56","date_gmt":"2021-01-20T13:35:56","guid":{"rendered":"https:\/\/www.upo.es\/metropoliand\/?page_id=115"},"modified":"2021-03-09T18:30:44","modified_gmt":"2021-03-09T18:30:44","slug":"equipo","status":"publish","type":"page","link":"https:\/\/www.upo.es\/metropoliand\/equipo\/","title":{"rendered":"Equipo"},"content":{"rendered":"\t\t<div data-elementor-type=\"wp-page\" data-elementor-id=\"115\" class=\"elementor elementor-115\">\n\t\t\t\t\t\t\t\t\t<section class=\"elementor-section elementor-top-section elementor-element elementor-element-21b71fd8 elementor-section-boxed elementor-section-height-default elementor-section-height-default\" data-id=\"21b71fd8\" data-element_type=\"section\">\n\t\t\t\t\t\t<div class=\"elementor-container elementor-column-gap-default\">\n\t\t\t\t\t<div class=\"elementor-column elementor-col-100 elementor-top-column elementor-element elementor-element-5128d32a\" data-id=\"5128d32a\" data-element_type=\"column\">\n\t\t\t<div class=\"elementor-widget-wrap elementor-element-populated\">\n\t\t\t\t\t\t\t\t<div class=\"elementor-element elementor-element-3a7bd3fe elementor-widget elementor-widget-text-editor\" data-id=\"3a7bd3fe\" data-element_type=\"widget\" data-widget_type=\"text-editor.default\">\n\t\t\t\t<div class=\"elementor-widget-container\">\n\t\t\t\t\t\t\t<!-- wp:columns -->\n<div class=\"wp-block-columns\"><!-- wp:column -->\n<div class=\"wp-block-column\"><!-- wp:image {\"align\":\"center\",\"id\":116,\"width\":175,\"height\":175,\"sizeSlug\":\"large\",\"linkDestination\":\"none\",\"className\":\"is-style-rounded\"} -->\n<div class=\"wp-block-image is-style-rounded\">\n<figure class=\"aligncenter size-large is-resized\"><a href=\"https:\/\/www.upo.es\/metropoliand\/rafael-merinero-rodriguez\/\"><img loading=\"lazy\" decoding=\"async\" class=\"alignnone wp-image-279\" src=\"https:\/\/www.upo.es\/metropoliand\/wp-content\/uploads\/2021\/02\/Merinero-web-300x300.png\" alt=\"\" width=\"170\" height=\"170\" srcset=\"https:\/\/www.upo.es\/metropoliand\/wp-content\/uploads\/2021\/02\/Merinero-web-300x300.png 300w, https:\/\/www.upo.es\/metropoliand\/wp-content\/uploads\/2021\/02\/Merinero-web-150x150.png 150w, https:\/\/www.upo.es\/metropoliand\/wp-content\/uploads\/2021\/02\/Merinero-web.png 397w\" sizes=\"auto, (max-width: 170px) 100vw, 170px\" \/><\/a><\/figure>\n<\/div>\n<!-- \/wp:image --><!-- wp:paragraph {\"align\":\"center\"} -->\n<p class=\"has-text-align-center\">Rafael Merinero Rodr\u00edguez<\/p>\n<!-- \/wp:paragraph --><\/div>\n<!-- \/wp:column --><!-- wp:column -->\n<div class=\"wp-block-column\"><!-- wp:image {\"align\":\"center\",\"id\":117,\"width\":175,\"height\":175,\"sizeSlug\":\"large\",\"linkDestination\":\"none\",\"className\":\"is-style-rounded\"} -->\n<div class=\"wp-block-image is-style-rounded\">\n<figure class=\"aligncenter size-large is-resized\"><a href=\"https:\/\/www.upo.es\/metropoliand\/maria-angeles-huete-garcia-2\/\"><img loading=\"lazy\" decoding=\"async\" class=\"alignnone wp-image-286\" src=\"https:\/\/www.upo.es\/metropoliand\/wp-content\/uploads\/2021\/02\/Huete-web-292x300.png\" alt=\"\" width=\"166\" height=\"170\" srcset=\"https:\/\/www.upo.es\/metropoliand\/wp-content\/uploads\/2021\/02\/Huete-web-292x300.png 292w, https:\/\/www.upo.es\/metropoliand\/wp-content\/uploads\/2021\/02\/Huete-web.png 528w\" sizes=\"auto, (max-width: 166px) 100vw, 166px\" \/><\/a><\/figure>\n<\/div>\n<!-- \/wp:image --><!-- wp:paragraph {\"align\":\"center\"} -->\n<p class=\"has-text-align-center\">Mar\u00eda \u00c1ngeles Huete Garc\u00eda<\/p>\n<!-- \/wp:paragraph --><\/div>\n<!-- \/wp:column --><!-- wp:column -->\n<div class=\"wp-block-column\"><!-- wp:image {\"align\":\"center\",\"id\":117,\"width\":175,\"height\":175,\"sizeSlug\":\"large\",\"linkDestination\":\"none\"} -->\n<div class=\"wp-block-image\">\n<figure class=\"aligncenter size-large is-resized\"><a href=\"https:\/\/www.upo.es\/metropoliand\/mariona-tomas-fornes\/\"><img loading=\"lazy\" decoding=\"async\" class=\"alignnone wp-image-635\" src=\"https:\/\/www.upo.es\/metropoliand\/wp-content\/uploads\/2021\/03\/Mariona-300x300.png\" alt=\"\" width=\"177\" height=\"177\" srcset=\"https:\/\/www.upo.es\/metropoliand\/wp-content\/uploads\/2021\/03\/Mariona-300x300.png 300w, https:\/\/www.upo.es\/metropoliand\/wp-content\/uploads\/2021\/03\/Mariona-1024x1024.png 1024w, https:\/\/www.upo.es\/metropoliand\/wp-content\/uploads\/2021\/03\/Mariona-150x150.png 150w, https:\/\/www.upo.es\/metropoliand\/wp-content\/uploads\/2021\/03\/Mariona-768x768.png 768w, https:\/\/www.upo.es\/metropoliand\/wp-content\/uploads\/2021\/03\/Mariona.png 1230w\" sizes=\"auto, (max-width: 177px) 100vw, 177px\" \/><\/a><\/figure>\n<\/div>\n<!-- \/wp:image --><!-- wp:paragraph {\"align\":\"center\"} -->\n<p class=\"has-text-align-center\">Mariona Tom\u00e1s Forn\u00e9s<\/p>\n<!-- \/wp:paragraph --><\/div>\n<!-- \/wp:column --><\/div>\n<!-- \/wp:columns --><!-- wp:columns -->\n<div class=\"wp-block-columns\"><!-- wp:column -->\n<div class=\"wp-block-column\"><!-- wp:image {\"align\":\"center\",\"id\":117,\"width\":175,\"height\":175,\"sizeSlug\":\"large\",\"linkDestination\":\"none\"} -->\n<div class=\"wp-block-image\">\n<figure class=\"aligncenter size-large is-resized\"><a href=\"https:\/\/www.upo.es\/metropoliand\/moneyba-gonzalez-medina\/\"><img loading=\"lazy\" decoding=\"async\" class=\"alignnone wp-image-615\" src=\"https:\/\/www.upo.es\/metropoliand\/wp-content\/uploads\/2021\/03\/Moneyba-1-300x278.jpg\" alt=\"\" width=\"184\" height=\"170\" srcset=\"https:\/\/www.upo.es\/metropoliand\/wp-content\/uploads\/2021\/03\/Moneyba-1-300x278.jpg 300w, https:\/\/www.upo.es\/metropoliand\/wp-content\/uploads\/2021\/03\/Moneyba-1-768x711.jpg 768w, https:\/\/www.upo.es\/metropoliand\/wp-content\/uploads\/2021\/03\/Moneyba-1.jpg 924w\" sizes=\"auto, (max-width: 184px) 100vw, 184px\" \/><\/a><\/figure>\n<\/div>\n<!-- \/wp:image --><!-- wp:paragraph {\"align\":\"center\"} -->\n<p class=\"has-text-align-center\">Moneyba Gonz\u00e1lez Medina<\/p>\n<!-- \/wp:paragraph --><\/div>\n<!-- \/wp:column --><!-- wp:column -->\n<div class=\"wp-block-column\"><!-- wp:image {\"align\":\"center\",\"id\":117,\"width\":175,\"height\":175,\"sizeSlug\":\"large\",\"linkDestination\":\"none\"} -->\n<div class=\"wp-block-image\">\n<figure class=\"aligncenter size-large is-resized\"><a href=\"https:\/\/www.upo.es\/metropoliand\/sonia-de-gregorio-hurtado\/\"><img loading=\"lazy\" decoding=\"async\" class=\"alignnone wp-image-296\" src=\"https:\/\/www.upo.es\/metropoliand\/wp-content\/uploads\/2021\/02\/deGregorio-web-300x300.png\" alt=\"\" width=\"170\" height=\"170\" srcset=\"https:\/\/www.upo.es\/metropoliand\/wp-content\/uploads\/2021\/02\/deGregorio-web-300x300.png 300w, https:\/\/www.upo.es\/metropoliand\/wp-content\/uploads\/2021\/02\/deGregorio-web-150x150.png 150w, https:\/\/www.upo.es\/metropoliand\/wp-content\/uploads\/2021\/02\/deGregorio-web.png 462w\" sizes=\"auto, (max-width: 170px) 100vw, 170px\" \/><\/a><\/figure>\n<\/div>\n<!-- \/wp:image --><!-- wp:paragraph {\"align\":\"center\"} -->\n<p class=\"has-text-align-center\">Sonia de Gregorio Hurtado<\/p>\n<!-- \/wp:paragraph --><\/div>\n<!-- \/wp:column --><!-- wp:column -->\n<div class=\"wp-block-column\"><!-- wp:image {\"align\":\"center\",\"id\":117,\"width\":175,\"height\":175,\"sizeSlug\":\"large\",\"linkDestination\":\"none\"} -->\n<div class=\"wp-block-image\">\n<figure class=\"aligncenter size-large is-resized\"><a href=\"https:\/\/www.upo.es\/metropoliand\/antonia-corona-aguilar\/\"><img loading=\"lazy\" decoding=\"async\" class=\"alignnone wp-image-301\" src=\"https:\/\/www.upo.es\/metropoliand\/wp-content\/uploads\/2021\/02\/Corona-web-300x296.png\" alt=\"\" width=\"170\" height=\"168\" srcset=\"https:\/\/www.upo.es\/metropoliand\/wp-content\/uploads\/2021\/02\/Corona-web-300x296.png 300w, https:\/\/www.upo.es\/metropoliand\/wp-content\/uploads\/2021\/02\/Corona-web.png 447w\" sizes=\"auto, (max-width: 170px) 100vw, 170px\" \/><\/a><\/figure>\n<\/div>\n<!-- \/wp:image --><!-- wp:paragraph {\"align\":\"center\"} -->\n<p class=\"has-text-align-center\">Antonia Corona Aguilar<\/p>\n<!-- \/wp:paragraph --><\/div>\n<!-- \/wp:column --><\/div>\n<!-- \/wp:columns --><!-- wp:columns -->\n<div class=\"wp-block-columns\"><!-- wp:column -->\n<div class=\"wp-block-column\"><!-- wp:image {\"align\":\"center\",\"id\":117,\"width\":175,\"height\":175,\"sizeSlug\":\"large\",\"linkDestination\":\"none\"} -->\n<div class=\"wp-block-image\">\n<figure class=\"aligncenter size-large is-resized\"><a href=\"https:\/\/www.upo.es\/metropoliand\/rocio-munoz-moreno\/\"><img loading=\"lazy\" decoding=\"async\" class=\"alignnone wp-image-639\" src=\"https:\/\/www.upo.es\/metropoliand\/wp-content\/uploads\/2021\/03\/Rocio-292x300.png\" alt=\"\" width=\"170\" height=\"175\" srcset=\"https:\/\/www.upo.es\/metropoliand\/wp-content\/uploads\/2021\/03\/Rocio-292x300.png 292w, https:\/\/www.upo.es\/metropoliand\/wp-content\/uploads\/2021\/03\/Rocio-995x1024.png 995w, https:\/\/www.upo.es\/metropoliand\/wp-content\/uploads\/2021\/03\/Rocio-768x790.png 768w, https:\/\/www.upo.es\/metropoliand\/wp-content\/uploads\/2021\/03\/Rocio-1493x1536.png 1493w, https:\/\/www.upo.es\/metropoliand\/wp-content\/uploads\/2021\/03\/Rocio-1990x2048.png 1990w, https:\/\/www.upo.es\/metropoliand\/wp-content\/uploads\/2021\/03\/Rocio.png 1997w\" sizes=\"auto, (max-width: 170px) 100vw, 170px\" \/><\/a><\/figure>\n<\/div>\n<!-- \/wp:image --><!-- wp:paragraph {\"align\":\"center\"} -->\n<p class=\"has-text-align-center\">Roc\u00edo Mu\u00f1oz Moreno<\/p>\n<!-- \/wp:paragraph --><\/div>\n<!-- \/wp:column --><!-- wp:column -->\n<div class=\"wp-block-column\"><!-- wp:image {\"align\":\"center\",\"id\":117,\"width\":175,\"height\":175,\"sizeSlug\":\"large\",\"linkDestination\":\"none\"} -->\n<div class=\"wp-block-image\">\n<figure class=\"aligncenter size-large is-resized\"><img loading=\"lazy\" decoding=\"async\" class=\"alignnone wp-image-302\" src=\"https:\/\/www.upo.es\/metropoliand\/wp-content\/uploads\/2021\/02\/Andujar-web-2-294x300.png\" alt=\"\" width=\"170\" height=\"173\" srcset=\"https:\/\/www.upo.es\/metropoliand\/wp-content\/uploads\/2021\/02\/Andujar-web-2-294x300.png 294w, https:\/\/www.upo.es\/metropoliand\/wp-content\/uploads\/2021\/02\/Andujar-web-2.png 496w\" sizes=\"auto, (max-width: 170px) 100vw, 170px\" \/><\/figure>\n<\/div>\n<!-- \/wp:image --><!-- wp:paragraph {\"align\":\"center\"} -->\n<p class=\"has-text-align-center\">Andrea And\u00fajar Llosa<\/p>\n<!-- \/wp:paragraph --><\/div>\n<!-- \/wp:column --><!-- wp:column -->\n<div class=\"wp-block-column\"><!-- wp:image {\"align\":\"center\",\"id\":117,\"width\":175,\"height\":175,\"sizeSlug\":\"large\",\"linkDestination\":\"none\"} -->\n<div class=\"wp-block-image\">\n<figure class=\"aligncenter size-large is-resized\"><a href=\"https:\/\/www.upo.es\/metropoliand\/elena-ganan-sanchez\/\"><img loading=\"lazy\" decoding=\"async\" class=\"alignnone wp-image-297\" src=\"https:\/\/www.upo.es\/metropoliand\/wp-content\/uploads\/2021\/02\/Ganan-web-300x289.png\" alt=\"\" width=\"177\" height=\"170\" srcset=\"https:\/\/www.upo.es\/metropoliand\/wp-content\/uploads\/2021\/02\/Ganan-web-300x289.png 300w, https:\/\/www.upo.es\/metropoliand\/wp-content\/uploads\/2021\/02\/Ganan-web.png 428w\" sizes=\"auto, (max-width: 177px) 100vw, 177px\" \/><\/a><\/figure>\n<\/div>\n<!-- \/wp:image --><!-- wp:paragraph {\"align\":\"center\"} -->\n<p class=\"has-text-align-center\">Elena Ga\u00f1\u00e1n S\u00e1nchez<\/p>\n<!-- \/wp:paragraph --><\/div>\n<!-- \/wp:column --><\/div>\n<!-- \/wp:columns -->\t\t\t\t\t\t<\/div>\n\t\t\t\t<\/div>\n\t\t\t\t\t<\/div>\n\t\t<\/div>\n\t\t\t\t\t\t\t<\/div>\n\t\t<\/section>\n\t\t\t\t\t\t\t<\/div>\n\t\t","protected":false},"excerpt":{"rendered":"<p>Rafael Merinero Rodr\u00edguez Mar\u00eda \u00c1ngeles Huete Garc\u00eda Mariona Tom\u00e1s Forn\u00e9s Moneyba Gonz\u00e1lez Medina Sonia de Gregorio Hurtado Antonia Corona Aguilar Roc\u00edo Mu\u00f1oz Moreno Andrea And\u00fajar Llosa Elena Ga\u00f1\u00e1n S\u00e1nchez<\/p>\n","protected":false},"author":1,"featured_media":0,"parent":0,"menu_order":0,"comment_status":"closed","ping_status":"closed","template":"","meta":{"_EventAllDay":false,"_EventTimezone":"","_EventStartDate":"","_EventEndDate":"","_EventStartDateUTC":"","_EventEndDateUTC":"","_EventShowMap":false,"_EventShowMapLink":false,"_EventURL":"","_EventCost":"","_EventCostDescription":"","_EventCurrencySymbol":"","_EventCurrencyCode":"","_EventCurrencyPosition":"","_EventDateTimeSeparator":"","_EventTimeRangeSeparator":"","_EventOrganizerID":[],"_EventVenueID":0,"_OrganizerEmail":"","_OrganizerPhone":"","_OrganizerWebsite":"","_VenueAddress":"","_VenueCity":"","_VenueCountry":"","_VenueProvince":"","_VenueZip":"","_VenuePhone":"","_VenueURL":"","_VenueStateProvince":"","_VenueLat":"","_VenueLng":"","footnotes":""},"class_list":["post-115","page","type-page","status-publish","hentry"],"_links":{"self":[{"href":"https:\/\/www.upo.es\/metropoliand\/wp-json\/wp\/v2\/pages\/115","targetHints":{"allow":["GET"]}}],"collection":[{"href":"https:\/\/www.upo.es\/metropoliand\/wp-json\/wp\/v2\/pages"}],"about":[{"href":"https:\/\/www.upo.es\/metropoliand\/wp-json\/wp\/v2\/types\/page"}],"author":[{"embeddable":true,"href":"https:\/\/www.upo.es\/metropoliand\/wp-json\/wp\/v2\/users\/1"}],"replies":[{"embeddable":true,"href":"https:\/\/www.upo.es\/metropoliand\/wp-json\/wp\/v2\/comments?post=115"}],"version-history":[{"count":61,"href":"https:\/\/www.upo.es\/metropoliand\/wp-json\/wp\/v2\/pages\/115\/revisions"}],"predecessor-version":[{"id":709,"href":"https:\/\/www.upo.es\/metropoliand\/wp-json\/wp\/v2\/pages\/115\/revisions\/709"}],"wp:attachment":[{"href":"https:\/\/www.upo.es\/metropoliand\/wp-json\/wp\/v2\/media?parent=115"}],"curies":[{"name":"wp","href":"https:\/\/api.w.org\/{rel}","templated":true}]}}