{"id":136,"date":"2021-01-20T16:33:40","date_gmt":"2021-01-20T16:33:40","guid":{"rendered":"https:\/\/www.upo.es\/metropoliand\/?page_id=136"},"modified":"2025-06-17T17:43:23","modified_gmt":"2025-06-17T17:43:23","slug":"bloque-3-caracterizacion-de-las-areas-metropolitanas","status":"publish","type":"page","link":"https:\/\/www.upo.es\/metropoliand\/bloque-3-caracterizacion-de-las-areas-metropolitanas\/","title":{"rendered":"Caracterizaci\u00f3n de las \u00c1reas Metropolitanas"},"content":{"rendered":"\t\t<div data-elementor-type=\"wp-page\" data-elementor-id=\"136\" class=\"elementor elementor-136\">\n\t\t\t\t\t\t\t\t\t<section class=\"elementor-section elementor-top-section elementor-element elementor-element-396f8b2f elementor-section-boxed elementor-section-height-default elementor-section-height-default\" data-id=\"396f8b2f\" data-element_type=\"section\">\n\t\t\t\t\t\t<div class=\"elementor-container elementor-column-gap-default\">\n\t\t\t\t\t<div class=\"elementor-column elementor-col-100 elementor-top-column elementor-element elementor-element-2fa06bd2\" data-id=\"2fa06bd2\" data-element_type=\"column\">\n\t\t\t<div class=\"elementor-widget-wrap elementor-element-populated\">\n\t\t\t\t\t\t\t\t<div class=\"elementor-element elementor-element-6e9f859c elementor-widget elementor-widget-text-editor\" data-id=\"6e9f859c\" data-element_type=\"widget\" data-widget_type=\"text-editor.default\">\n\t\t\t\t<div class=\"elementor-widget-container\">\n\t\t\t\t\t\t\t<!-- wp:paragraph -->\n<p>La finalidad de este bloque tem\u00e1tico es realizar una caracterizaci\u00f3n de las \u00e1reas metropolitanas de Andaluc\u00eda, para determinar cu\u00e1les son sus principales elementos definitorios como realidades territoriales e instituciones. Para proceder a esta caracterizaci\u00f3n se realizar\u00e1 un triple an\u00e1lisis:<\/p>\n<!-- \/wp:paragraph -->\n\n<!-- wp:list -->\n<ul><li>Descripci\u00f3n socio-ec\u00f3nomica de las \u00c1reas Metropolitanas de Andaluc\u00eda a partir de un conjunto de indicadores establecidos para ello. Adem\u00e1s, se establecer\u00e1 una descripci\u00f3n de su funcionalidad a partir de sus elementos estructurales desde el punto de vista territorial.<\/li><li>Estructuras de gobernanza de las \u00c1reas Metropolitanas de Andaluc\u00eda. Se realizar\u00e1 un an\u00e1lisis de la realidad institucional existente en las \u00e1reas metropolitanas para determinar cu\u00e1les son las f\u00f3rmulas institucionales existentes en las mismas que articulan la cooperaci\u00f3n y el tipo \u00e1reas de pol\u00edtica p\u00fablica que se ven afectadas.<\/li><li>Planificaci\u00f3n Territorial Sub-regional y \u00c1reas Metropolitanas de Andaluc\u00eda. Y como tercer elemento se realizar\u00e1 un an\u00e1lisis detallado de los Planes de Ordenaci\u00f3n del Territorio de \u00e1mbito sub-regional de la comunidad aut\u00f3noma que afectan a las \u00e1reas metropolitanas de Andaluc\u00eda.<\/li><\/ul>\n<!-- \/wp:list -->\t\t\t\t\t\t<\/div>\n\t\t\t\t<\/div>\n\t\t\t\t\t<\/div>\n\t\t<\/div>\n\t\t\t\t\t\t\t<\/div>\n\t\t<\/section>\n\t\t\t\t\t\t\t<\/div>\n\t\t","protected":false},"excerpt":{"rendered":"<p>La finalidad de este bloque tem\u00e1tico es realizar una caracterizaci\u00f3n de las \u00e1reas metropolitanas de Andaluc\u00eda, para determinar cu\u00e1les son sus principales elementos definitorios como realidades territoriales e instituciones. Para &#8230;<\/p>\n","protected":false},"author":1,"featured_media":97,"parent":0,"menu_order":0,"comment_status":"closed","ping_status":"closed","template":"","meta":{"_EventAllDay":false,"_EventTimezone":"","_EventStartDate":"","_EventEndDate":"","_EventStartDateUTC":"","_EventEndDateUTC":"","_EventShowMap":false,"_EventShowMapLink":false,"_EventURL":"","_EventCost":"","_EventCostDescription":"","_EventCurrencySymbol":"","_EventCurrencyCode":"","_EventCurrencyPosition":"","_EventDateTimeSeparator":"","_EventTimeRangeSeparator":"","_EventOrganizerID":[],"_EventVenueID":0,"_OrganizerEmail":"","_OrganizerPhone":"","_OrganizerWebsite":"","_VenueAddress":"","_VenueCity":"","_VenueCountry":"","_VenueProvince":"","_VenueZip":"","_VenuePhone":"","_VenueURL":"","_VenueStateProvince":"","_VenueLat":"","_VenueLng":"","footnotes":""},"class_list":["post-136","page","type-page","status-publish","has-post-thumbnail","hentry"],"_links":{"self":[{"href":"https:\/\/www.upo.es\/metropoliand\/wp-json\/wp\/v2\/pages\/136","targetHints":{"allow":["GET"]}}],"collection":[{"href":"https:\/\/www.upo.es\/metropoliand\/wp-json\/wp\/v2\/pages"}],"about":[{"href":"https:\/\/www.upo.es\/metropoliand\/wp-json\/wp\/v2\/types\/page"}],"author":[{"embeddable":true,"href":"https:\/\/www.upo.es\/metropoliand\/wp-json\/wp\/v2\/users\/1"}],"replies":[{"embeddable":true,"href":"https:\/\/www.upo.es\/metropoliand\/wp-json\/wp\/v2\/comments?post=136"}],"version-history":[{"count":20,"href":"https:\/\/www.upo.es\/metropoliand\/wp-json\/wp\/v2\/pages\/136\/revisions"}],"predecessor-version":[{"id":917,"href":"https:\/\/www.upo.es\/metropoliand\/wp-json\/wp\/v2\/pages\/136\/revisions\/917"}],"wp:featuredmedia":[{"embeddable":true,"href":"https:\/\/www.upo.es\/metropoliand\/wp-json\/wp\/v2\/media\/97"}],"wp:attachment":[{"href":"https:\/\/www.upo.es\/metropoliand\/wp-json\/wp\/v2\/media?parent=136"}],"curies":[{"name":"wp","href":"https:\/\/api.w.org\/{rel}","templated":true}]}}