{"id":138,"date":"2021-01-20T16:35:06","date_gmt":"2021-01-20T16:35:06","guid":{"rendered":"https:\/\/www.upo.es\/metropoliand\/?page_id=138"},"modified":"2021-03-08T16:24:30","modified_gmt":"2021-03-08T16:24:30","slug":"bloque-4-actitud-de-los-actores-clave-y-gobernanza-estrategica-metropolitana","status":"publish","type":"page","link":"https:\/\/www.upo.es\/metropoliand\/bloque-4-actitud-de-los-actores-clave-y-gobernanza-estrategica-metropolitana\/","title":{"rendered":"Actitud hacia la gobernanza metropolitana"},"content":{"rendered":"\n<p>El objetivo de este bloque de trabajo es analizar cu\u00e1l es el posicionamiento de los principales actores institucionales de las \u00e1reas metropolitanas de Andaluc\u00eda en referencia al establecimiento de f\u00f3rmulas que articulen la cooperaci\u00f3n interinstitucional en las mismas. De esta forma se podr\u00e1 establecer cu\u00e1l es la visi\u00f3n y la actitud de los principales responsables pol\u00edticos e institucionales de cada una de las \u00e1reas metropolitanas de Andaluc\u00eda ante la colaboraci\u00f3n interinstitucional que deben sustentar la gobernanza de las mismas. Para realizar este an\u00e1lisis se llevar\u00e1n a cabo un conjunto de entrevistas en profundidad y la elaboraci\u00f3n de un cuestionario dirigido a los responsables de los diferentes actores institucionales de las \u00c1reas Metropolitanas de Andaluc\u00eda.<\/p>\n","protected":false},"excerpt":{"rendered":"<p>El objetivo de este bloque de trabajo es analizar cu\u00e1l es el posicionamiento de los principales actores institucionales de las \u00e1reas metropolitanas de Andaluc\u00eda en referencia al establecimiento de f\u00f3rmulas &#8230;<\/p>\n","protected":false},"author":1,"featured_media":95,"parent":0,"menu_order":0,"comment_status":"closed","ping_status":"closed","template":"","meta":{"_EventAllDay":false,"_EventTimezone":"","_EventStartDate":"","_EventEndDate":"","_EventStartDateUTC":"","_EventEndDateUTC":"","_EventShowMap":false,"_EventShowMapLink":false,"_EventURL":"","_EventCost":"","_EventCostDescription":"","_EventCurrencySymbol":"","_EventCurrencyCode":"","_EventCurrencyPosition":"","_EventDateTimeSeparator":"","_EventTimeRangeSeparator":"","_EventOrganizerID":[],"_EventVenueID":0,"_OrganizerEmail":"","_OrganizerPhone":"","_OrganizerWebsite":"","_VenueAddress":"","_VenueCity":"","_VenueCountry":"","_VenueProvince":"","_VenueZip":"","_VenuePhone":"","_VenueURL":"","_VenueStateProvince":"","_VenueLat":"","_VenueLng":"","footnotes":""},"class_list":["post-138","page","type-page","status-publish","has-post-thumbnail","hentry"],"_links":{"self":[{"href":"https:\/\/www.upo.es\/metropoliand\/wp-json\/wp\/v2\/pages\/138","targetHints":{"allow":["GET"]}}],"collection":[{"href":"https:\/\/www.upo.es\/metropoliand\/wp-json\/wp\/v2\/pages"}],"about":[{"href":"https:\/\/www.upo.es\/metropoliand\/wp-json\/wp\/v2\/types\/page"}],"author":[{"embeddable":true,"href":"https:\/\/www.upo.es\/metropoliand\/wp-json\/wp\/v2\/users\/1"}],"replies":[{"embeddable":true,"href":"https:\/\/www.upo.es\/metropoliand\/wp-json\/wp\/v2\/comments?post=138"}],"version-history":[{"count":4,"href":"https:\/\/www.upo.es\/metropoliand\/wp-json\/wp\/v2\/pages\/138\/revisions"}],"predecessor-version":[{"id":295,"href":"https:\/\/www.upo.es\/metropoliand\/wp-json\/wp\/v2\/pages\/138\/revisions\/295"}],"wp:featuredmedia":[{"embeddable":true,"href":"https:\/\/www.upo.es\/metropoliand\/wp-json\/wp\/v2\/media\/95"}],"wp:attachment":[{"href":"https:\/\/www.upo.es\/metropoliand\/wp-json\/wp\/v2\/media?parent=138"}],"curies":[{"name":"wp","href":"https:\/\/api.w.org\/{rel}","templated":true}]}}