{"id":604,"date":"2021-03-02T14:29:54","date_gmt":"2021-03-02T14:29:54","guid":{"rendered":"https:\/\/www.upo.es\/metropoliand\/?page_id=604"},"modified":"2021-03-02T14:36:05","modified_gmt":"2021-03-02T14:36:05","slug":"moneyba-gonzalez-medina","status":"publish","type":"page","link":"https:\/\/www.upo.es\/metropoliand\/moneyba-gonzalez-medina\/","title":{"rendered":"Moneyba Gonz\u00e1lez Medina"},"content":{"rendered":"\t\t<div data-elementor-type=\"wp-page\" data-elementor-id=\"604\" class=\"elementor elementor-604\">\n\t\t\t\t\t\t\t\t\t<section class=\"elementor-section elementor-top-section elementor-element elementor-element-511a696 elementor-section-boxed elementor-section-height-default elementor-section-height-default\" data-id=\"511a696\" data-element_type=\"section\">\n\t\t\t\t\t\t<div class=\"elementor-container elementor-column-gap-default\">\n\t\t\t\t\t<div class=\"elementor-column elementor-col-100 elementor-top-column elementor-element elementor-element-4c2187f\" data-id=\"4c2187f\" data-element_type=\"column\">\n\t\t\t<div class=\"elementor-widget-wrap elementor-element-populated\">\n\t\t\t\t\t\t\t\t<section class=\"elementor-section elementor-inner-section elementor-element elementor-element-454dfba elementor-section-boxed elementor-section-height-default elementor-section-height-default\" data-id=\"454dfba\" data-element_type=\"section\">\n\t\t\t\t\t\t<div class=\"elementor-container elementor-column-gap-default\">\n\t\t\t\t\t<div class=\"elementor-column elementor-col-50 elementor-inner-column elementor-element elementor-element-f987fb4\" data-id=\"f987fb4\" data-element_type=\"column\">\n\t\t\t<div class=\"elementor-widget-wrap elementor-element-populated\">\n\t\t\t\t\t\t\t\t<div class=\"elementor-element elementor-element-ee6c3e6 elementor-widget elementor-widget-text-editor\" data-id=\"ee6c3e6\" data-element_type=\"widget\" data-widget_type=\"text-editor.default\">\n\t\t\t\t<div class=\"elementor-widget-container\">\n\t\t\t\t\t\t\t<p><br \/>Profesora e investigadora en el Departamento de Ciencia pol\u00edtica y Relaciones Internacionales de la Universidad Aut\u00f3noma de Madrid (UAM). Es miembro del Instituto de Derecho Local (<a href=\"http:\/\/www.idluam.org\/blog\/\" target=\"_blank\" rel=\"noopener noreferrer\">IDL-UAM<\/a>) y del Lab Grupo de Investigaci\u00f3n Innovaci\u00f3n, Tecnolog\u00eda y Gesti\u00f3n P\u00fablica (<a href=\"https:\/\/itgespub.net\/\" target=\"_blank\" rel=\"noopener noreferrer\">IT_GesPub<\/a>). Es tambi\u00e9n investigadora colaboradora de la Red Tem\u00e1tica sobre Desarrollo Urbano Sostenible (<a href=\"https:\/\/www.unioviedo.es\/urbanred\/\" target=\"_blank\" rel=\"noopener noreferrer\">URBAN RED<\/a>).<br \/><br \/>Doctora en Ciencia pol\u00edtica y de la Administraci\u00f3n (Menci\u00f3n europea) por la Universidade de Santiago de Compostela (USC), ha sido investigadora visitante en el Centre for Sustainable Planning and Environment de la University of the West of England, UWE-Bristol (Reino Unido), postdoctoral en el Departamento de Arquitectura y Estudios Urbanos (DASTU) del Politecnico di Milano (Italia), y predoctoral en la Universit\u00e4t Konstanz (Alemania). Adem\u00e1s, ha trabajado en la Unidad de Investigaci\u00f3n, Evaluaci\u00f3n y Calidad de la Escuela Gallega de Administraci\u00f3n P\u00fablica y en el Servicio Gallego de Propiedad Industrial de la Xunta de Galicia.<br \/><br \/>Ha colaborado en varias publicaciones y proyectos de investigaci\u00f3n en materia de gobernanza urbana, pol\u00edticas p\u00fablicas locales y desarrollo urbano sostenible desde una perspectiva comparada, y publicado en revistas internacionales como European Urban and Regional Studies o European Planning Studies.<br \/><br \/>Es experta en an\u00e1lisis de pol\u00edticas p\u00fablicas y su investigaci\u00f3n se enmarca en el \u00e1mbito de la gobernanza local, las pol\u00edticas p\u00fablicas de desarrollo urbano, la planificaci\u00f3n estrat\u00e9gica de ciudades, la europeizaci\u00f3n urbana y la modernizaci\u00f3n de la administraci\u00f3n p\u00fablica.<\/p>\t\t\t\t\t\t<\/div>\n\t\t\t\t<\/div>\n\t\t\t\t\t<\/div>\n\t\t<\/div>\n\t\t\t\t<div class=\"elementor-column elementor-col-50 elementor-inner-column elementor-element elementor-element-8c07e50\" data-id=\"8c07e50\" data-element_type=\"column\">\n\t\t\t<div class=\"elementor-widget-wrap elementor-element-populated\">\n\t\t\t\t\t\t\t\t<div class=\"elementor-element elementor-element-f94a41a elementor-widget elementor-widget-image\" data-id=\"f94a41a\" data-element_type=\"widget\" data-widget_type=\"image.default\">\n\t\t\t\t<div class=\"elementor-widget-container\">\n\t\t\t\t\t\t\t\t\t\t\t\t\t\t\t<img loading=\"lazy\" decoding=\"async\" width=\"800\" height=\"741\" src=\"https:\/\/www.upo.es\/metropoliand\/wp-content\/uploads\/2021\/03\/Moneyba.jpg\" class=\"attachment-large size-large wp-image-608\" alt=\"\" srcset=\"https:\/\/www.upo.es\/metropoliand\/wp-content\/uploads\/2021\/03\/Moneyba.jpg 924w, https:\/\/www.upo.es\/metropoliand\/wp-content\/uploads\/2021\/03\/Moneyba-300x278.jpg 300w, https:\/\/www.upo.es\/metropoliand\/wp-content\/uploads\/2021\/03\/Moneyba-768x711.jpg 768w\" sizes=\"auto, (max-width: 800px) 100vw, 800px\" \/>\t\t\t\t\t\t\t\t\t\t\t\t\t\t\t<\/div>\n\t\t\t\t<\/div>\n\t\t\t\t<div class=\"elementor-element elementor-element-1e15ca5 elementor-shape-rounded elementor-grid-0 e-grid-align-center elementor-widget elementor-widget-social-icons\" data-id=\"1e15ca5\" data-element_type=\"widget\" data-widget_type=\"social-icons.default\">\n\t\t\t\t<div class=\"elementor-widget-container\">\n\t\t\t\t\t<div class=\"elementor-social-icons-wrapper elementor-grid\">\n\t\t\t\t\t\t\t<span class=\"elementor-grid-item\">\n\t\t\t\t\t<a class=\"elementor-icon elementor-social-icon elementor-social-icon-linkedin elementor-repeater-item-766adcd\" href=\"https:\/\/www.linkedin.com\/in\/moneyba-gonz%C3%A1lez-medina-118a6464\/?originalSubdomain=es\" target=\"_blank\">\n\t\t\t\t\t\t<span class=\"elementor-screen-only\">Linkedin<\/span>\n\t\t\t\t\t\t<i class=\"fab fa-linkedin\"><\/i>\t\t\t\t\t<\/a>\n\t\t\t\t<\/span>\n\t\t\t\t\t\t\t<span class=\"elementor-grid-item\">\n\t\t\t\t\t<a class=\"elementor-icon elementor-social-icon elementor-social-icon-twitter elementor-repeater-item-0aad5bc\" href=\"https:\/\/twitter.com\/Monecanariona\" target=\"_blank\">\n\t\t\t\t\t\t<span class=\"elementor-screen-only\">Twitter<\/span>\n\t\t\t\t\t\t<i class=\"fab fa-twitter\"><\/i>\t\t\t\t\t<\/a>\n\t\t\t\t<\/span>\n\t\t\t\t\t<\/div>\n\t\t\t\t<\/div>\n\t\t\t\t<\/div>\n\t\t\t\t\t<\/div>\n\t\t<\/div>\n\t\t\t\t\t\t\t<\/div>\n\t\t<\/section>\n\t\t\t\t\t<\/div>\n\t\t<\/div>\n\t\t\t\t\t\t\t<\/div>\n\t\t<\/section>\n\t\t\t\t\t\t\t<\/div>\n\t\t","protected":false},"excerpt":{"rendered":"<p>Profesora e investigadora en el Departamento de Ciencia pol\u00edtica y Relaciones Internacionales de la Universidad Aut\u00f3noma de Madrid (UAM). Es miembro del Instituto de Derecho Local (IDL-UAM) y del Lab &#8230;<\/p>\n","protected":false},"author":1,"featured_media":0,"parent":0,"menu_order":0,"comment_status":"closed","ping_status":"closed","template":"","meta":{"_EventAllDay":false,"_EventTimezone":"","_EventStartDate":"","_EventEndDate":"","_EventStartDateUTC":"","_EventEndDateUTC":"","_EventShowMap":false,"_EventShowMapLink":false,"_EventURL":"","_EventCost":"","_EventCostDescription":"","_EventCurrencySymbol":"","_EventCurrencyCode":"","_EventCurrencyPosition":"","_EventDateTimeSeparator":"","_EventTimeRangeSeparator":"","_EventOrganizerID":[],"_EventVenueID":0,"_OrganizerEmail":"","_OrganizerPhone":"","_OrganizerWebsite":"","_VenueAddress":"","_VenueCity":"","_VenueCountry":"","_VenueProvince":"","_VenueZip":"","_VenuePhone":"","_VenueURL":"","_VenueStateProvince":"","_VenueLat":"","_VenueLng":"","footnotes":""},"class_list":["post-604","page","type-page","status-publish","hentry"],"_links":{"self":[{"href":"https:\/\/www.upo.es\/metropoliand\/wp-json\/wp\/v2\/pages\/604","targetHints":{"allow":["GET"]}}],"collection":[{"href":"https:\/\/www.upo.es\/metropoliand\/wp-json\/wp\/v2\/pages"}],"about":[{"href":"https:\/\/www.upo.es\/metropoliand\/wp-json\/wp\/v2\/types\/page"}],"author":[{"embeddable":true,"href":"https:\/\/www.upo.es\/metropoliand\/wp-json\/wp\/v2\/users\/1"}],"replies":[{"embeddable":true,"href":"https:\/\/www.upo.es\/metropoliand\/wp-json\/wp\/v2\/comments?post=604"}],"version-history":[{"count":7,"href":"https:\/\/www.upo.es\/metropoliand\/wp-json\/wp\/v2\/pages\/604\/revisions"}],"predecessor-version":[{"id":614,"href":"https:\/\/www.upo.es\/metropoliand\/wp-json\/wp\/v2\/pages\/604\/revisions\/614"}],"wp:attachment":[{"href":"https:\/\/www.upo.es\/metropoliand\/wp-json\/wp\/v2\/media?parent=604"}],"curies":[{"name":"wp","href":"https:\/\/api.w.org\/{rel}","templated":true}]}}