{"id":645,"date":"2021-03-04T12:29:51","date_gmt":"2021-03-04T12:29:51","guid":{"rendered":"https:\/\/www.upo.es\/metropoliand\/?page_id=645"},"modified":"2021-03-04T12:31:47","modified_gmt":"2021-03-04T12:31:47","slug":"rocio-munoz-moreno","status":"publish","type":"page","link":"https:\/\/www.upo.es\/metropoliand\/rocio-munoz-moreno\/","title":{"rendered":"Roc\u00edo Mu\u00f1oz Moreno"},"content":{"rendered":"\t\t<div data-elementor-type=\"wp-page\" data-elementor-id=\"645\" class=\"elementor elementor-645\">\n\t\t\t\t\t\t\t\t\t<section class=\"elementor-section elementor-top-section elementor-element elementor-element-262dfad elementor-section-boxed elementor-section-height-default elementor-section-height-default\" data-id=\"262dfad\" data-element_type=\"section\">\n\t\t\t\t\t\t<div class=\"elementor-container elementor-column-gap-default\">\n\t\t\t\t\t<div class=\"elementor-column elementor-col-100 elementor-top-column elementor-element elementor-element-f0f3ddf\" data-id=\"f0f3ddf\" data-element_type=\"column\">\n\t\t\t<div class=\"elementor-widget-wrap elementor-element-populated\">\n\t\t\t\t\t\t\t\t<section class=\"elementor-section elementor-inner-section elementor-element elementor-element-3fc6138 elementor-section-boxed elementor-section-height-default elementor-section-height-default\" data-id=\"3fc6138\" data-element_type=\"section\">\n\t\t\t\t\t\t<div class=\"elementor-container elementor-column-gap-default\">\n\t\t\t\t\t<div class=\"elementor-column elementor-col-50 elementor-inner-column elementor-element elementor-element-50f7ab3\" data-id=\"50f7ab3\" data-element_type=\"column\">\n\t\t\t<div class=\"elementor-widget-wrap elementor-element-populated\">\n\t\t\t\t\t\t\t\t<div class=\"elementor-element elementor-element-0ca6bc6 elementor-widget elementor-widget-text-editor\" data-id=\"0ca6bc6\" data-element_type=\"widget\" data-widget_type=\"text-editor.default\">\n\t\t\t\t<div class=\"elementor-widget-container\">\n\t\t\t\t\t\t\t<p>Trabajadora social y soci\u00f3loga, especializada en el an\u00e1lisis y la evaluaci\u00f3n de las pol\u00edticas de regeneraci\u00f3n urbana y ordenaci\u00f3n del territorio, as\u00ed como en el \u00e1mbito de la discapacidad y los servicios sociales, temas sobre los que ha publicado un buen n\u00famero de libros y art\u00edculos cient\u00edficos.<\/p><p>Formada en la Universidad de C\u00e1diz y en la Universidad Pablo de Olavide, de Sevilla. Doctora en Sociolog\u00eda (Premio extraordinario de Doctorado) y M\u00e1ster en Ciencias Sociales e Intervenci\u00f3n Social. Ha formado parte del equipo de investigaci\u00f3n que ha trabajado en la elaboraci\u00f3n de la Agenda Urbana de Andaluc\u00eda, as\u00ed como en el dise\u00f1o y evaluaci\u00f3n de diferentes programas de regeneraci\u00f3n urbana financiados con fondos europeos (Iniciativa Urbana 2007-2013).<\/p><p>Actualmente es profesora de la Universidad de Huelva, \u200b\u200ben cuyo Departamento de Sociolog\u00eda, Trabajo Social y Salud P\u00fablica imparte ense\u00f1anzas de grado y postgrado.<\/p><p>Entre sus publicaciones recientes pueden destacarse:<\/p><ul><li>Telework and Social Services in Spain during the COVID-19 Pandemic (2021). En <em>International Journal of Environmental Research and Public Health <\/em>15;18(2):725. Junto a Aleix Morilla Luchena, Alfonso Chaves Montero y Octavio V\u00e1zquez Aguado.<\/li><li><em>COVID-19 and social services in Spain <\/em>(2020) En PLoS One 18;15(11) Junto a Alfonso Chaves Montero, Aleix Morilla Luchena y Octavio V\u00e1zquez Aguado.<\/li><li>La Iniciativa Urbana en Espa\u00f1a (2007-2013): Dise\u00f1o e implementaci\u00f3n de pol\u00edticas p\u00fablicas de regeneraci\u00f3n urbana en Alicante, C\u00e1diz, C\u00f3rdoba y Coslada (2018) en <em>Gesti\u00f3n y An\u00e1lisis de Pol\u00edticas P\u00fablicas<\/em>, N\u00ba20, pag 100-123. Junto a M\u00aa \u00c1ngeles Huete Garc\u00eda.<\/li><li>Urban Regeneration Policy from the Integrated Urban Development Model in the European Union: an Analytical Approach Based on the Study of Spanish Cities (2016),<em>Local Government Studies<\/em>,\u00a042:2,\u00a0267-286,\u00a0junto a M\u00aa \u00c1ngeles Huete Garc\u00eda y Rafael Merinero Rodr\u00edguez.<\/li><li>Los sistemas locales de bienestar. Un an\u00e1lisis desde las pol\u00edticas de regeneraci\u00f3n urbana (2015). En <em>Revista de Estudios Pol\u00edticos<\/em> N\u00ba 169, 2015, p\u00e1gs. 201-233. Con M\u00aa \u00c1ngeles Huete Garc\u00eda y Rafael Merinero Rodr\u00edguez.<\/li><li>Pol\u00edticas de regeneraci\u00f3n urbana en Espa\u00f1a: la dimensi\u00f3n sustantiva y procedimental. Del contenido de las pol\u00edticas a la gobernanza (2013<em>). En Gesti\u00f3n y An\u00e1lisis de Pol\u00edticas P\u00fablicas<\/em>, n\u00ba 9 enero-junio 2013. Junto a M\u00aa \u00c1ngeles Huete garc\u00eda y Rafael Merinero Rodr\u00edguez.<\/li><li>Modelos de barrio y l\u00f3gicas de localizaci\u00f3n de la poblaci\u00f3n inmigrante. El caso de la ciudad de Sevilla (2011) En <em>Scripta Nova<\/em>, vol. 15. Junto a M\u00aa \u00c1ngeles Huete Garc\u00eda.<\/li><\/ul>\t\t\t\t\t\t<\/div>\n\t\t\t\t<\/div>\n\t\t\t\t\t<\/div>\n\t\t<\/div>\n\t\t\t\t<div class=\"elementor-column elementor-col-50 elementor-inner-column elementor-element elementor-element-46f7363\" data-id=\"46f7363\" data-element_type=\"column\">\n\t\t\t<div class=\"elementor-widget-wrap elementor-element-populated\">\n\t\t\t\t\t\t\t\t<div class=\"elementor-element elementor-element-ce3036e elementor-widget elementor-widget-image\" data-id=\"ce3036e\" data-element_type=\"widget\" data-widget_type=\"image.default\">\n\t\t\t\t<div class=\"elementor-widget-container\">\n\t\t\t\t\t\t\t\t\t\t\t\t\t\t\t<img loading=\"lazy\" decoding=\"async\" width=\"800\" height=\"823\" src=\"https:\/\/www.upo.es\/metropoliand\/wp-content\/uploads\/2021\/03\/Rocio-995x1024.png\" class=\"attachment-large size-large wp-image-639\" alt=\"\" srcset=\"https:\/\/www.upo.es\/metropoliand\/wp-content\/uploads\/2021\/03\/Rocio-995x1024.png 995w, https:\/\/www.upo.es\/metropoliand\/wp-content\/uploads\/2021\/03\/Rocio-292x300.png 292w, https:\/\/www.upo.es\/metropoliand\/wp-content\/uploads\/2021\/03\/Rocio-768x790.png 768w, https:\/\/www.upo.es\/metropoliand\/wp-content\/uploads\/2021\/03\/Rocio-1493x1536.png 1493w, https:\/\/www.upo.es\/metropoliand\/wp-content\/uploads\/2021\/03\/Rocio-1990x2048.png 1990w, https:\/\/www.upo.es\/metropoliand\/wp-content\/uploads\/2021\/03\/Rocio.png 1997w\" sizes=\"auto, (max-width: 800px) 100vw, 800px\" \/>\t\t\t\t\t\t\t\t\t\t\t\t\t\t\t<\/div>\n\t\t\t\t<\/div>\n\t\t\t\t<div class=\"elementor-element elementor-element-6fe8181 elementor-shape-rounded elementor-grid-0 e-grid-align-center elementor-widget elementor-widget-social-icons\" data-id=\"6fe8181\" data-element_type=\"widget\" data-widget_type=\"social-icons.default\">\n\t\t\t\t<div class=\"elementor-widget-container\">\n\t\t\t\t\t<div class=\"elementor-social-icons-wrapper elementor-grid\">\n\t\t\t\t\t\t\t<span class=\"elementor-grid-item\">\n\t\t\t\t\t<a class=\"elementor-icon elementor-social-icon elementor-social-icon-researchgate elementor-repeater-item-0c3bf08\" href=\"https:\/\/www.researchgate.net\/profile\/Rocio-Munoz-Moreno\" target=\"_blank\">\n\t\t\t\t\t\t<span class=\"elementor-screen-only\">Researchgate<\/span>\n\t\t\t\t\t\t<i class=\"fab fa-researchgate\"><\/i>\t\t\t\t\t<\/a>\n\t\t\t\t<\/span>\n\t\t\t\t\t\t\t<span class=\"elementor-grid-item\">\n\t\t\t\t\t<a class=\"elementor-icon elementor-social-icon elementor-social-icon-orcid elementor-repeater-item-96e9664\" href=\"https:\/\/orcid.org\/0000-0002-0597-8003\" target=\"_blank\">\n\t\t\t\t\t\t<span class=\"elementor-screen-only\">Orcid<\/span>\n\t\t\t\t\t\t<i class=\"fab fa-orcid\"><\/i>\t\t\t\t\t<\/a>\n\t\t\t\t<\/span>\n\t\t\t\t\t<\/div>\n\t\t\t\t<\/div>\n\t\t\t\t<\/div>\n\t\t\t\t\t<\/div>\n\t\t<\/div>\n\t\t\t\t\t\t\t<\/div>\n\t\t<\/section>\n\t\t\t\t\t<\/div>\n\t\t<\/div>\n\t\t\t\t\t\t\t<\/div>\n\t\t<\/section>\n\t\t\t\t\t\t\t<\/div>\n\t\t","protected":false},"excerpt":{"rendered":"<p>Trabajadora social y soci\u00f3loga, especializada en el an\u00e1lisis y la evaluaci\u00f3n de las pol\u00edticas de regeneraci\u00f3n urbana y ordenaci\u00f3n del territorio, as\u00ed como en el \u00e1mbito de la discapacidad y &#8230;<\/p>\n","protected":false},"author":1,"featured_media":0,"parent":0,"menu_order":0,"comment_status":"closed","ping_status":"closed","template":"","meta":{"_EventAllDay":false,"_EventTimezone":"","_EventStartDate":"","_EventEndDate":"","_EventStartDateUTC":"","_EventEndDateUTC":"","_EventShowMap":false,"_EventShowMapLink":false,"_EventURL":"","_EventCost":"","_EventCostDescription":"","_EventCurrencySymbol":"","_EventCurrencyCode":"","_EventCurrencyPosition":"","_EventDateTimeSeparator":"","_EventTimeRangeSeparator":"","_EventOrganizerID":[],"_EventVenueID":0,"_OrganizerEmail":"","_OrganizerPhone":"","_OrganizerWebsite":"","_VenueAddress":"","_VenueCity":"","_VenueCountry":"","_VenueProvince":"","_VenueZip":"","_VenuePhone":"","_VenueURL":"","_VenueStateProvince":"","_VenueLat":"","_VenueLng":"","footnotes":""},"class_list":["post-645","page","type-page","status-publish","hentry"],"_links":{"self":[{"href":"https:\/\/www.upo.es\/metropoliand\/wp-json\/wp\/v2\/pages\/645","targetHints":{"allow":["GET"]}}],"collection":[{"href":"https:\/\/www.upo.es\/metropoliand\/wp-json\/wp\/v2\/pages"}],"about":[{"href":"https:\/\/www.upo.es\/metropoliand\/wp-json\/wp\/v2\/types\/page"}],"author":[{"embeddable":true,"href":"https:\/\/www.upo.es\/metropoliand\/wp-json\/wp\/v2\/users\/1"}],"replies":[{"embeddable":true,"href":"https:\/\/www.upo.es\/metropoliand\/wp-json\/wp\/v2\/comments?post=645"}],"version-history":[{"count":7,"href":"https:\/\/www.upo.es\/metropoliand\/wp-json\/wp\/v2\/pages\/645\/revisions"}],"predecessor-version":[{"id":652,"href":"https:\/\/www.upo.es\/metropoliand\/wp-json\/wp\/v2\/pages\/645\/revisions\/652"}],"wp:attachment":[{"href":"https:\/\/www.upo.es\/metropoliand\/wp-json\/wp\/v2\/media?parent=645"}],"curies":[{"name":"wp","href":"https:\/\/api.w.org\/{rel}","templated":true}]}}