{"id":660,"date":"2021-03-04T17:53:17","date_gmt":"2021-03-04T17:53:17","guid":{"rendered":"https:\/\/www.upo.es\/metropoliand\/?page_id=660"},"modified":"2025-06-17T17:06:57","modified_gmt":"2025-06-17T17:06:57","slug":"elena-ganan-sanchez","status":"publish","type":"page","link":"https:\/\/www.upo.es\/metropoliand\/elena-ganan-sanchez\/","title":{"rendered":"Elena Ga\u00f1\u00e1n S\u00e1nchez"},"content":{"rendered":"\t\t<div data-elementor-type=\"wp-page\" data-elementor-id=\"660\" class=\"elementor elementor-660\">\n\t\t\t\t\t\t\t\t\t<section class=\"elementor-section elementor-top-section elementor-element elementor-element-eb2c44a elementor-section-boxed elementor-section-height-default elementor-section-height-default\" data-id=\"eb2c44a\" data-element_type=\"section\">\n\t\t\t\t\t\t<div class=\"elementor-container elementor-column-gap-default\">\n\t\t\t\t\t<div class=\"elementor-column elementor-col-100 elementor-top-column elementor-element elementor-element-0a4ae28\" data-id=\"0a4ae28\" data-element_type=\"column\">\n\t\t\t<div class=\"elementor-widget-wrap elementor-element-populated\">\n\t\t\t\t\t\t\t\t<section class=\"elementor-section elementor-inner-section elementor-element elementor-element-e8bc8d7 elementor-section-boxed elementor-section-height-default elementor-section-height-default\" data-id=\"e8bc8d7\" data-element_type=\"section\">\n\t\t\t\t\t\t<div class=\"elementor-container elementor-column-gap-default\">\n\t\t\t\t\t<div class=\"elementor-column elementor-col-50 elementor-inner-column elementor-element elementor-element-a6bf19b\" data-id=\"a6bf19b\" data-element_type=\"column\">\n\t\t\t<div class=\"elementor-widget-wrap elementor-element-populated\">\n\t\t\t\t\t\t\t\t<div class=\"elementor-element elementor-element-f19c9de elementor-widget elementor-widget-text-editor\" data-id=\"f19c9de\" data-element_type=\"widget\" data-widget_type=\"text-editor.default\">\n\t\t\t\t<div class=\"elementor-widget-container\">\n\t\t\t\t\t\t\t<p><strong>Investigadora de MetropoliAnd_<\/strong><\/p><p>Doctora en Ciencias Sociales con Menci\u00f3n Internacional por la Universidad Pablo de Olavide (2025), donde tambi\u00e9n obtuvo el t\u00edtulo de Graduada en Sociolog\u00eda (2018) y el M\u00e1ster en Sociedad, Administraci\u00f3n y Pol\u00edtica (2019). En el marco de este m\u00e1ster, recibi\u00f3 el Premio al Mejor Trabajo de Fin de M\u00e1ster en Estudios de G\u00e9nero e Igualdad, otorgado por la propia universidad.<\/p><p>Desde 2020 forma parte de la l\u00ednea de investigaci\u00f3n UPOMetropoli, integrada en el grupo Pol\u00edtica, Territorio y Participaci\u00f3n, donde trabaja en proyectos centrados en el an\u00e1lisis de las pol\u00edticas p\u00fablicas y la gobernanza local para el desarrollo urbano y metropolitano. Participa en iniciativas como los Observatorios Urbanos de las ciudades de Sevilla, Dos Hermanas, La Rinconada, Alcal\u00e1 de Guada\u00edra y Lucena.<\/p><p>Es coordinadora y docente del Diploma de Experto Universitario en Agenda Urbana, impulsado por la l\u00ednea UPOMetropoli desde el a\u00f1o 2023.<\/p><p>Ha publicado diversos trabajos en revistas y editoriales acad\u00e9micas de impacto, centrados en los instrumentos estrat\u00e9gicos de las pol\u00edticas p\u00fablicas y en la gobernanza urbana y metropolitana.<\/p><p>Adem\u00e1s, cuenta con experiencia en direcci\u00f3n de estudios demosc\u00f3picos, diagn\u00f3sticos locales participativos, estudios de prospecci\u00f3n laboral, gesti\u00f3n de redes sociales (social media management), comunicaci\u00f3n p\u00fablica, organizaci\u00f3n de eventos y dinamizaci\u00f3n social, entre otras.<\/p><p>\u00a0<\/p>\t\t\t\t\t\t<\/div>\n\t\t\t\t<\/div>\n\t\t\t\t\t<\/div>\n\t\t<\/div>\n\t\t\t\t<div class=\"elementor-column elementor-col-50 elementor-inner-column elementor-element elementor-element-7dac66a\" data-id=\"7dac66a\" data-element_type=\"column\">\n\t\t\t<div class=\"elementor-widget-wrap elementor-element-populated\">\n\t\t\t\t\t\t\t\t<div class=\"elementor-element elementor-element-21966de elementor-widget elementor-widget-image\" data-id=\"21966de\" data-element_type=\"widget\" data-widget_type=\"image.default\">\n\t\t\t\t<div class=\"elementor-widget-container\">\n\t\t\t\t\t\t\t\t\t\t\t\t\t\t\t<img loading=\"lazy\" decoding=\"async\" width=\"428\" height=\"412\" src=\"https:\/\/www.upo.es\/metropoliand\/wp-content\/uploads\/2021\/02\/Ganan-web.png\" class=\"attachment-large size-large wp-image-297\" alt=\"\" srcset=\"https:\/\/www.upo.es\/metropoliand\/wp-content\/uploads\/2021\/02\/Ganan-web.png 428w, https:\/\/www.upo.es\/metropoliand\/wp-content\/uploads\/2021\/02\/Ganan-web-300x289.png 300w\" sizes=\"auto, (max-width: 428px) 100vw, 428px\" \/>\t\t\t\t\t\t\t\t\t\t\t\t\t\t\t<\/div>\n\t\t\t\t<\/div>\n\t\t\t\t<div class=\"elementor-element elementor-element-398f28e elementor-shape-rounded elementor-grid-0 e-grid-align-center elementor-widget elementor-widget-social-icons\" data-id=\"398f28e\" data-element_type=\"widget\" data-widget_type=\"social-icons.default\">\n\t\t\t\t<div class=\"elementor-widget-container\">\n\t\t\t\t\t<div class=\"elementor-social-icons-wrapper elementor-grid\">\n\t\t\t\t\t\t\t<span class=\"elementor-grid-item\">\n\t\t\t\t\t<a class=\"elementor-icon elementor-social-icon elementor-social-icon-linkedin elementor-repeater-item-62a159d\" href=\"https:\/\/www.linkedin.com\/in\/elena-ga%C3%B1%C3%A1n-s%C3%A1nchez-920aa416a\/?originalSubdomain=es\" target=\"_blank\">\n\t\t\t\t\t\t<span class=\"elementor-screen-only\">Linkedin<\/span>\n\t\t\t\t\t\t<i class=\"fab fa-linkedin\"><\/i>\t\t\t\t\t<\/a>\n\t\t\t\t<\/span>\n\t\t\t\t\t\t\t<span class=\"elementor-grid-item\">\n\t\t\t\t\t<a class=\"elementor-icon elementor-social-icon elementor-social-icon-twitter elementor-repeater-item-a7ec6b5\" href=\"https:\/\/twitter.com\/Ganianina\" target=\"_blank\">\n\t\t\t\t\t\t<span class=\"elementor-screen-only\">Twitter<\/span>\n\t\t\t\t\t\t<i class=\"fab fa-twitter\"><\/i>\t\t\t\t\t<\/a>\n\t\t\t\t<\/span>\n\t\t\t\t\t<\/div>\n\t\t\t\t<\/div>\n\t\t\t\t<\/div>\n\t\t\t\t\t<\/div>\n\t\t<\/div>\n\t\t\t\t\t\t\t<\/div>\n\t\t<\/section>\n\t\t\t\t\t<\/div>\n\t\t<\/div>\n\t\t\t\t\t\t\t<\/div>\n\t\t<\/section>\n\t\t\t\t\t\t\t<\/div>\n\t\t","protected":false},"excerpt":{"rendered":"<p>Investigadora de MetropoliAnd_ Doctora en Ciencias Sociales con Menci\u00f3n Internacional por la Universidad Pablo de Olavide (2025), donde tambi\u00e9n obtuvo el t\u00edtulo de Graduada en Sociolog\u00eda (2018) y el M\u00e1ster &#8230;<\/p>\n","protected":false},"author":1,"featured_media":0,"parent":0,"menu_order":0,"comment_status":"closed","ping_status":"closed","template":"","meta":{"_EventAllDay":false,"_EventTimezone":"","_EventStartDate":"","_EventEndDate":"","_EventStartDateUTC":"","_EventEndDateUTC":"","_EventShowMap":false,"_EventShowMapLink":false,"_EventURL":"","_EventCost":"","_EventCostDescription":"","_EventCurrencySymbol":"","_EventCurrencyCode":"","_EventCurrencyPosition":"","_EventDateTimeSeparator":"","_EventTimeRangeSeparator":"","_EventOrganizerID":[],"_EventVenueID":0,"_OrganizerEmail":"","_OrganizerPhone":"","_OrganizerWebsite":"","_VenueAddress":"","_VenueCity":"","_VenueCountry":"","_VenueProvince":"","_VenueZip":"","_VenuePhone":"","_VenueURL":"","_VenueStateProvince":"","_VenueLat":"","_VenueLng":"","footnotes":""},"class_list":["post-660","page","type-page","status-publish","hentry"],"_links":{"self":[{"href":"https:\/\/www.upo.es\/metropoliand\/wp-json\/wp\/v2\/pages\/660","targetHints":{"allow":["GET"]}}],"collection":[{"href":"https:\/\/www.upo.es\/metropoliand\/wp-json\/wp\/v2\/pages"}],"about":[{"href":"https:\/\/www.upo.es\/metropoliand\/wp-json\/wp\/v2\/types\/page"}],"author":[{"embeddable":true,"href":"https:\/\/www.upo.es\/metropoliand\/wp-json\/wp\/v2\/users\/1"}],"replies":[{"embeddable":true,"href":"https:\/\/www.upo.es\/metropoliand\/wp-json\/wp\/v2\/comments?post=660"}],"version-history":[{"count":10,"href":"https:\/\/www.upo.es\/metropoliand\/wp-json\/wp\/v2\/pages\/660\/revisions"}],"predecessor-version":[{"id":913,"href":"https:\/\/www.upo.es\/metropoliand\/wp-json\/wp\/v2\/pages\/660\/revisions\/913"}],"wp:attachment":[{"href":"https:\/\/www.upo.es\/metropoliand\/wp-json\/wp\/v2\/media?parent=660"}],"curies":[{"name":"wp","href":"https:\/\/api.w.org\/{rel}","templated":true}]}}