{"id":690,"date":"2021-03-09T18:13:44","date_gmt":"2021-03-09T18:13:44","guid":{"rendered":"https:\/\/www.upo.es\/metropoliand\/?page_id=690"},"modified":"2021-03-09T18:29:33","modified_gmt":"2021-03-09T18:29:33","slug":"sonia-de-gregorio-hurtado","status":"publish","type":"page","link":"https:\/\/www.upo.es\/metropoliand\/sonia-de-gregorio-hurtado\/","title":{"rendered":"Sonia de Gregorio Hurtado"},"content":{"rendered":"\t\t<div data-elementor-type=\"wp-page\" data-elementor-id=\"690\" class=\"elementor elementor-690\">\n\t\t\t\t\t\t\t\t\t<section class=\"elementor-section elementor-top-section elementor-element elementor-element-7fa4afe elementor-section-boxed elementor-section-height-default elementor-section-height-default\" data-id=\"7fa4afe\" data-element_type=\"section\">\n\t\t\t\t\t\t<div class=\"elementor-container elementor-column-gap-default\">\n\t\t\t\t\t<div class=\"elementor-column elementor-col-100 elementor-top-column elementor-element elementor-element-f435e2e\" data-id=\"f435e2e\" data-element_type=\"column\">\n\t\t\t<div class=\"elementor-widget-wrap elementor-element-populated\">\n\t\t\t\t\t\t\t\t<section class=\"elementor-section elementor-inner-section elementor-element elementor-element-69c38ab elementor-section-boxed elementor-section-height-default elementor-section-height-default\" data-id=\"69c38ab\" data-element_type=\"section\">\n\t\t\t\t\t\t<div class=\"elementor-container elementor-column-gap-default\">\n\t\t\t\t\t<div class=\"elementor-column elementor-col-50 elementor-inner-column elementor-element elementor-element-01e2c5e\" data-id=\"01e2c5e\" data-element_type=\"column\">\n\t\t\t<div class=\"elementor-widget-wrap elementor-element-populated\">\n\t\t\t\t\t\t\t\t<div class=\"elementor-element elementor-element-437d526 elementor-widget elementor-widget-text-editor\" data-id=\"437d526\" data-element_type=\"widget\" data-widget_type=\"text-editor.default\">\n\t\t\t\t<div class=\"elementor-widget-container\">\n\t\t\t\t\t\t\t<p>Doctora arquitecta con Menci\u00f3n Europea. Profesora en el Departamento de Urban\u00edstica y Ordenaci\u00f3n del Territorio (DUYOT) de la Escuela T\u00e9cnica Superior de Arquitectura&nbsp; (ETSAM) de la Universidad Polit\u00e9cnica de Madrid (UPM).&nbsp;<\/p>\n<p>Su experiencia profesional se ha desarrollado en el \u00e1mbito de la pr\u00e1ctica urban\u00edstica\/arquitect\u00f3nica y la investigaci\u00f3n en urbanismo desde el inicio de su carrera.&nbsp; La primera de estas actividades la ha desarrollado trabajando para estudios internacionales de arquitectura y urbanismo.&nbsp;&nbsp;<\/p>\n<p>Ha desarrollado su actividad investigadora en distintos contextos desde que era estudiante en la ETSAM, destacando su participaci\u00f3n en el Laboratorio di Politiche Urbane e Territoriali del Politecnico di Milano, y su actividad profesional como investigadora en el CEDEX (Ministerio de Fomento) y en la UPM.&nbsp; Ha hecho estancias investigadoras en el European Institute for Urban Affairs de la Universidad John Moores University de Liverpool, y la Universidad IUAV de Venecia, entre otros.&nbsp;<\/p>\n<p>Su trabajo de investigaci\u00f3n focaliza en las pol\u00edticas urbanas nacionales, con una atenci\u00f3n particular a los instrumentos de regeneraci\u00f3n urbana en el marco espa\u00f1ol y de la Uni\u00f3n Europea, desde una perspectiva hol\u00edstica en la que integra dimensiones en las que ha profundizado a lo largo de su carrera (la gobernanza, el cambio clim\u00e1tico, la movilidad, la perspectiva de g\u00e9nero). Es evaluadora en el marco de Horizonte 2020 y miembro de varios comit\u00e9s de expertos y grupos de trabajo institucionales.&nbsp;<\/p>\n<p>Durante 2017-18 ha trabajado como experta en el marco de la Partnership de Pobreza Urbana y Regeneraci\u00f3n Urbana de la Agenda Urbana para la Uni\u00f3n Europea, y durante 2018-19 en el marco de las Urban Innovative Actions de la UE.&nbsp; Asimismo, en el marco espa\u00f1ol ha participado en el proceso de elaboraci\u00f3n de la Agenda Urbana de Andaluc\u00eda y de la Agenda Urbana del Pa\u00eds Vasco.<\/p>\n<p>Publicaciones recientes:<\/p>\n<ul>\n<li aria-level=\"1\">De Gregorio Hurtado, S. (upcoming): Adaptation to climate change as a key dimensi\u00f3n of urban regeneration in Europe: The cases of Copenhagen, Vienna and Madrid, en Reith, A., Andreucci, M.B., Baltov, M., Hansen, P., Marvuglia, A. (eds.): Rethinking sustainability towards a regenerative economy. A guide for practitioners, researchers and decision-makers.&nbsp; Springer.<\/li>\n<li aria-level=\"1\">Carpenter, J.; Gonz\u00e1lez Medina, M.; Huete Garc\u00eda, M.A., De Gregorio Hurtado, S. (2020): \u201cVariegated Europeanization and urban policy: Dynamics of policy transfer in France, Italy, Spain and the UK\u00bb, European Urban and Regional Studies, 27 issue: 3, pp. 227-245<\/li>\n<li aria-level=\"1\">De Gregorio Hurtado, S. (2020):&nbsp; Role of Integrated Urban Regeneration in Reducing Urban Poverty, en: Leal Filho W., Azul A., Brandli L., Lange Salvia A., \u00d6zuyar P., Wall T. (eds.): No Poverty. Encyclopedia of the UN Sustainable Development Goals. Springer, Cham.<\/li>\n<li aria-level=\"1\">Armondi, S. y De Gregorio Hurtado, S. (eds) (2019): Foregrounding Urban Agendas. The New Urban Issue in European Experiences of Policy Making.&nbsp; The Urban Book Series. Springer. Cham.<\/li>\n<\/ul>\t\t\t\t\t\t<\/div>\n\t\t\t\t<\/div>\n\t\t\t\t\t<\/div>\n\t\t<\/div>\n\t\t\t\t<div class=\"elementor-column elementor-col-50 elementor-inner-column elementor-element elementor-element-3b8cccd\" data-id=\"3b8cccd\" data-element_type=\"column\">\n\t\t\t<div class=\"elementor-widget-wrap elementor-element-populated\">\n\t\t\t\t\t\t\t\t<div class=\"elementor-element elementor-element-787e331 elementor-widget elementor-widget-image\" data-id=\"787e331\" data-element_type=\"widget\" data-widget_type=\"image.default\">\n\t\t\t\t<div class=\"elementor-widget-container\">\n\t\t\t\t\t\t\t\t\t\t\t\t\t\t\t<img loading=\"lazy\" decoding=\"async\" width=\"462\" height=\"462\" src=\"https:\/\/www.upo.es\/metropoliand\/wp-content\/uploads\/2021\/02\/deGregorio-web.png\" class=\"attachment-large size-large wp-image-296\" alt=\"\" srcset=\"https:\/\/www.upo.es\/metropoliand\/wp-content\/uploads\/2021\/02\/deGregorio-web.png 462w, https:\/\/www.upo.es\/metropoliand\/wp-content\/uploads\/2021\/02\/deGregorio-web-300x300.png 300w, https:\/\/www.upo.es\/metropoliand\/wp-content\/uploads\/2021\/02\/deGregorio-web-150x150.png 150w\" sizes=\"auto, (max-width: 462px) 100vw, 462px\" \/>\t\t\t\t\t\t\t\t\t\t\t\t\t\t\t<\/div>\n\t\t\t\t<\/div>\n\t\t\t\t<div class=\"elementor-element elementor-element-c5191cb elementor-shape-rounded elementor-grid-0 e-grid-align-center elementor-widget elementor-widget-social-icons\" data-id=\"c5191cb\" data-element_type=\"widget\" data-widget_type=\"social-icons.default\">\n\t\t\t\t<div class=\"elementor-widget-container\">\n\t\t\t\t\t<div class=\"elementor-social-icons-wrapper elementor-grid\">\n\t\t\t\t\t\t\t<span class=\"elementor-grid-item\">\n\t\t\t\t\t<a class=\"elementor-icon elementor-social-icon elementor-social-icon-researchgate elementor-repeater-item-4c411a7\" href=\"https:\/\/www.researchgate.net\/profile\/Sonia-Hurtado\" target=\"_blank\">\n\t\t\t\t\t\t<span class=\"elementor-screen-only\">Researchgate<\/span>\n\t\t\t\t\t\t<i class=\"fab fa-researchgate\"><\/i>\t\t\t\t\t<\/a>\n\t\t\t\t<\/span>\n\t\t\t\t\t\t\t<span class=\"elementor-grid-item\">\n\t\t\t\t\t<a class=\"elementor-icon elementor-social-icon elementor-social-icon-twitter elementor-repeater-item-2625a85\" href=\"https:\/\/twitter.com\/s_dgregorio\" target=\"_blank\">\n\t\t\t\t\t\t<span class=\"elementor-screen-only\">Twitter<\/span>\n\t\t\t\t\t\t<i class=\"fab fa-twitter\"><\/i>\t\t\t\t\t<\/a>\n\t\t\t\t<\/span>\n\t\t\t\t\t<\/div>\n\t\t\t\t<\/div>\n\t\t\t\t<\/div>\n\t\t\t\t\t<\/div>\n\t\t<\/div>\n\t\t\t\t\t\t\t<\/div>\n\t\t<\/section>\n\t\t\t\t\t<\/div>\n\t\t<\/div>\n\t\t\t\t\t\t\t<\/div>\n\t\t<\/section>\n\t\t\t\t\t\t\t<\/div>\n\t\t","protected":false},"excerpt":{"rendered":"<p>Doctora arquitecta con Menci\u00f3n Europea. Profesora en el Departamento de Urban\u00edstica y Ordenaci\u00f3n del Territorio (DUYOT) de la Escuela T\u00e9cnica Superior de Arquitectura&nbsp; (ETSAM) de la Universidad Polit\u00e9cnica de Madrid &#8230;<\/p>\n","protected":false},"author":1,"featured_media":0,"parent":0,"menu_order":0,"comment_status":"closed","ping_status":"closed","template":"","meta":{"_EventAllDay":false,"_EventTimezone":"","_EventStartDate":"","_EventEndDate":"","_EventStartDateUTC":"","_EventEndDateUTC":"","_EventShowMap":false,"_EventShowMapLink":false,"_EventURL":"","_EventCost":"","_EventCostDescription":"","_EventCurrencySymbol":"","_EventCurrencyCode":"","_EventCurrencyPosition":"","_EventDateTimeSeparator":"","_EventTimeRangeSeparator":"","_EventOrganizerID":[],"_EventVenueID":0,"_OrganizerEmail":"","_OrganizerPhone":"","_OrganizerWebsite":"","_VenueAddress":"","_VenueCity":"","_VenueCountry":"","_VenueProvince":"","_VenueZip":"","_VenuePhone":"","_VenueURL":"","_VenueStateProvince":"","_VenueLat":"","_VenueLng":"","footnotes":""},"class_list":["post-690","page","type-page","status-publish","hentry"],"_links":{"self":[{"href":"https:\/\/www.upo.es\/metropoliand\/wp-json\/wp\/v2\/pages\/690","targetHints":{"allow":["GET"]}}],"collection":[{"href":"https:\/\/www.upo.es\/metropoliand\/wp-json\/wp\/v2\/pages"}],"about":[{"href":"https:\/\/www.upo.es\/metropoliand\/wp-json\/wp\/v2\/types\/page"}],"author":[{"embeddable":true,"href":"https:\/\/www.upo.es\/metropoliand\/wp-json\/wp\/v2\/users\/1"}],"replies":[{"embeddable":true,"href":"https:\/\/www.upo.es\/metropoliand\/wp-json\/wp\/v2\/comments?post=690"}],"version-history":[{"count":10,"href":"https:\/\/www.upo.es\/metropoliand\/wp-json\/wp\/v2\/pages\/690\/revisions"}],"predecessor-version":[{"id":706,"href":"https:\/\/www.upo.es\/metropoliand\/wp-json\/wp\/v2\/pages\/690\/revisions\/706"}],"wp:attachment":[{"href":"https:\/\/www.upo.es\/metropoliand\/wp-json\/wp\/v2\/media?parent=690"}],"curies":[{"name":"wp","href":"https:\/\/api.w.org\/{rel}","templated":true}]}}