{"id":722,"date":"2021-03-10T11:14:55","date_gmt":"2021-03-10T11:14:55","guid":{"rendered":"https:\/\/www.upo.es\/metropoliand\/?page_id=722"},"modified":"2021-03-11T08:41:31","modified_gmt":"2021-03-11T08:41:31","slug":"definicion-del-hecho-metropolitano","status":"publish","type":"page","link":"https:\/\/www.upo.es\/metropoliand\/definicion-del-hecho-metropolitano\/","title":{"rendered":"Definici\u00f3n del hecho metropolitano"},"content":{"rendered":"\t\t<div data-elementor-type=\"wp-page\" data-elementor-id=\"722\" class=\"elementor elementor-722\">\n\t\t\t\t\t\t\t\t\t<section class=\"elementor-section elementor-top-section elementor-element elementor-element-dfabeca elementor-section-boxed elementor-section-height-default elementor-section-height-default\" data-id=\"dfabeca\" data-element_type=\"section\">\n\t\t\t\t\t\t<div class=\"elementor-container elementor-column-gap-default\">\n\t\t\t\t\t<div class=\"elementor-column elementor-col-100 elementor-top-column elementor-element elementor-element-c38ce8d\" data-id=\"c38ce8d\" data-element_type=\"column\">\n\t\t\t<div class=\"elementor-widget-wrap elementor-element-populated\">\n\t\t\t\t\t\t\t\t<div class=\"elementor-element elementor-element-3378b1c elementor-widget elementor-widget-text-editor\" data-id=\"3378b1c\" data-element_type=\"widget\" data-widget_type=\"text-editor.default\">\n\t\t\t\t<div class=\"elementor-widget-container\">\n\t\t\t\t\t\t\t<p>Aunque el \u201checho metropolitano\u201d es \u00fanico, existen diferentes formas de aproximarse a su definici\u00f3n, aunque todas ellas comparten el principio de que es la movilidad residencia-trabajo el elemento fundamental que lo configura como realidad territorial, y todas ellas coinciden en poner de manifiesto el crecimiento y el dinamismo del desarrollo y configuraci\u00f3n de las \u00e1reas metropolitanas. Contemplando las definiciones de algunos de los organismos m\u00e1s representativos del mundo, podremos comprender m\u00e1s de cerca el hecho urbano<\/p>\t\t\t\t\t\t<\/div>\n\t\t\t\t<\/div>\n\t\t\t\t\t<\/div>\n\t\t<\/div>\n\t\t\t\t\t\t\t<\/div>\n\t\t<\/section>\n\t\t\t\t<section class=\"elementor-section elementor-top-section elementor-element elementor-element-ea6259e elementor-section-boxed elementor-section-height-default elementor-section-height-default\" data-id=\"ea6259e\" data-element_type=\"section\">\n\t\t\t\t\t\t<div class=\"elementor-container elementor-column-gap-default\">\n\t\t\t\t\t<div class=\"elementor-column elementor-col-100 elementor-top-column elementor-element elementor-element-794b17c\" data-id=\"794b17c\" data-element_type=\"column\">\n\t\t\t<div class=\"elementor-widget-wrap elementor-element-populated\">\n\t\t\t\t\t\t\t\t<section class=\"elementor-section elementor-inner-section elementor-element elementor-element-a7500b1 elementor-section-boxed elementor-section-height-default elementor-section-height-default\" data-id=\"a7500b1\" data-element_type=\"section\">\n\t\t\t\t\t\t<div class=\"elementor-container elementor-column-gap-default\">\n\t\t\t\t\t<div class=\"elementor-column elementor-col-50 elementor-inner-column elementor-element elementor-element-4edf6fd\" data-id=\"4edf6fd\" data-element_type=\"column\">\n\t\t\t<div class=\"elementor-widget-wrap elementor-element-populated\">\n\t\t\t\t\t\t\t\t<div class=\"elementor-element elementor-element-cf14954 elementor-widget elementor-widget-image\" data-id=\"cf14954\" data-element_type=\"widget\" data-widget_type=\"image.default\">\n\t\t\t\t<div class=\"elementor-widget-container\">\n\t\t\t\t\t\t\t\t\t\t\t\t\t\t\t<img loading=\"lazy\" decoding=\"async\" width=\"800\" height=\"534\" src=\"https:\/\/www.upo.es\/metropoliand\/wp-content\/uploads\/2021\/02\/pawel-janiak-1EO-wr15los-unsplash-1024x683.jpg\" class=\"attachment-large size-large wp-image-447\" alt=\"\" srcset=\"https:\/\/www.upo.es\/metropoliand\/wp-content\/uploads\/2021\/02\/pawel-janiak-1EO-wr15los-unsplash-1024x683.jpg 1024w, https:\/\/www.upo.es\/metropoliand\/wp-content\/uploads\/2021\/02\/pawel-janiak-1EO-wr15los-unsplash-300x200.jpg 300w, https:\/\/www.upo.es\/metropoliand\/wp-content\/uploads\/2021\/02\/pawel-janiak-1EO-wr15los-unsplash-768x512.jpg 768w, https:\/\/www.upo.es\/metropoliand\/wp-content\/uploads\/2021\/02\/pawel-janiak-1EO-wr15los-unsplash-1536x1024.jpg 1536w, https:\/\/www.upo.es\/metropoliand\/wp-content\/uploads\/2021\/02\/pawel-janiak-1EO-wr15los-unsplash-2048x1365.jpg 2048w\" sizes=\"auto, (max-width: 800px) 100vw, 800px\" \/>\t\t\t\t\t\t\t\t\t\t\t\t\t\t\t<\/div>\n\t\t\t\t<\/div>\n\t\t\t\t<div class=\"elementor-element elementor-element-601d943 elementor-invisible elementor-widget elementor-widget-heading\" data-id=\"601d943\" data-element_type=\"widget\" data-settings=\"{&quot;_animation&quot;:&quot;bounceIn&quot;}\" data-widget_type=\"heading.default\">\n\t\t\t\t<div class=\"elementor-widget-container\">\n\t\t\t<h2 class=\"elementor-heading-title elementor-size-default\"><a href=\"https:\/\/www.upo.es\/metropoliand\/?page_id=767\">\u00bfQu\u00e9 dice la ONU?<\/a><\/h2>\t\t<\/div>\n\t\t\t\t<\/div>\n\t\t\t\t\t<\/div>\n\t\t<\/div>\n\t\t\t\t<div class=\"elementor-column elementor-col-50 elementor-inner-column elementor-element elementor-element-82a4db5\" data-id=\"82a4db5\" data-element_type=\"column\">\n\t\t\t<div class=\"elementor-widget-wrap elementor-element-populated\">\n\t\t\t\t\t\t\t\t<div class=\"elementor-element elementor-element-34b33c3 elementor-widget elementor-widget-image\" data-id=\"34b33c3\" data-element_type=\"widget\" data-widget_type=\"image.default\">\n\t\t\t\t<div class=\"elementor-widget-container\">\n\t\t\t\t\t\t\t\t\t\t\t\t\t\t\t<img loading=\"lazy\" decoding=\"async\" width=\"800\" height=\"534\" src=\"https:\/\/www.upo.es\/metropoliand\/wp-content\/uploads\/2021\/02\/henning-witzel-ukvgqriuOgo-unsplash-1024x683.jpg\" class=\"attachment-large size-large wp-image-424\" alt=\"\" srcset=\"https:\/\/www.upo.es\/metropoliand\/wp-content\/uploads\/2021\/02\/henning-witzel-ukvgqriuOgo-unsplash-1024x683.jpg 1024w, https:\/\/www.upo.es\/metropoliand\/wp-content\/uploads\/2021\/02\/henning-witzel-ukvgqriuOgo-unsplash-300x200.jpg 300w, https:\/\/www.upo.es\/metropoliand\/wp-content\/uploads\/2021\/02\/henning-witzel-ukvgqriuOgo-unsplash-768x512.jpg 768w, https:\/\/www.upo.es\/metropoliand\/wp-content\/uploads\/2021\/02\/henning-witzel-ukvgqriuOgo-unsplash-1536x1024.jpg 1536w, https:\/\/www.upo.es\/metropoliand\/wp-content\/uploads\/2021\/02\/henning-witzel-ukvgqriuOgo-unsplash-2048x1365.jpg 2048w\" sizes=\"auto, (max-width: 800px) 100vw, 800px\" \/>\t\t\t\t\t\t\t\t\t\t\t\t\t\t\t<\/div>\n\t\t\t\t<\/div>\n\t\t\t\t<div class=\"elementor-element elementor-element-9435285 elementor-invisible elementor-widget elementor-widget-heading\" data-id=\"9435285\" data-element_type=\"widget\" data-settings=\"{&quot;_animation&quot;:&quot;bounceIn&quot;}\" data-widget_type=\"heading.default\">\n\t\t\t\t<div class=\"elementor-widget-container\">\n\t\t\t<h2 class=\"elementor-heading-title elementor-size-default\"><a href=\"https:\/\/www.upo.es\/metropoliand\/que-dice-la-ocde\/?preview_id=779&#038;preview_nonce=e168176a57&#038;preview=true&#038;_thumbnail_id=424\">\u00bfQu\u00e9 dice la OCDE?<\/a><\/h2>\t\t<\/div>\n\t\t\t\t<\/div>\n\t\t\t\t\t<\/div>\n\t\t<\/div>\n\t\t\t\t\t\t\t<\/div>\n\t\t<\/section>\n\t\t\t\t\t<\/div>\n\t\t<\/div>\n\t\t\t\t\t\t\t<\/div>\n\t\t<\/section>\n\t\t\t\t<section class=\"elementor-section elementor-top-section elementor-element elementor-element-b6949a9 elementor-section-boxed elementor-section-height-default elementor-section-height-default\" data-id=\"b6949a9\" data-element_type=\"section\">\n\t\t\t\t\t\t<div class=\"elementor-container elementor-column-gap-default\">\n\t\t\t\t\t<div class=\"elementor-column elementor-col-100 elementor-top-column elementor-element elementor-element-43a2a27\" data-id=\"43a2a27\" data-element_type=\"column\">\n\t\t\t<div class=\"elementor-widget-wrap elementor-element-populated\">\n\t\t\t\t\t\t\t\t<section class=\"elementor-section elementor-inner-section elementor-element elementor-element-3f3ed2f elementor-section-boxed elementor-section-height-default elementor-section-height-default\" data-id=\"3f3ed2f\" data-element_type=\"section\">\n\t\t\t\t\t\t<div class=\"elementor-container elementor-column-gap-default\">\n\t\t\t\t\t<div class=\"elementor-column elementor-col-50 elementor-inner-column elementor-element elementor-element-41d39ad\" data-id=\"41d39ad\" data-element_type=\"column\">\n\t\t\t<div class=\"elementor-widget-wrap elementor-element-populated\">\n\t\t\t\t\t\t\t\t<div class=\"elementor-element elementor-element-7b77d3f elementor-widget elementor-widget-image\" data-id=\"7b77d3f\" data-element_type=\"widget\" data-widget_type=\"image.default\">\n\t\t\t\t<div class=\"elementor-widget-container\">\n\t\t\t\t\t\t\t\t\t\t\t\t\t\t\t<img loading=\"lazy\" decoding=\"async\" width=\"800\" height=\"599\" src=\"https:\/\/www.upo.es\/metropoliand\/wp-content\/uploads\/2021\/03\/denys-nevozhai-7nrsVjvALnA-unsplash-1024x767.jpg\" class=\"attachment-large size-large wp-image-751\" alt=\"\" srcset=\"https:\/\/www.upo.es\/metropoliand\/wp-content\/uploads\/2021\/03\/denys-nevozhai-7nrsVjvALnA-unsplash-1024x767.jpg 1024w, https:\/\/www.upo.es\/metropoliand\/wp-content\/uploads\/2021\/03\/denys-nevozhai-7nrsVjvALnA-unsplash-300x225.jpg 300w, https:\/\/www.upo.es\/metropoliand\/wp-content\/uploads\/2021\/03\/denys-nevozhai-7nrsVjvALnA-unsplash-768x576.jpg 768w, https:\/\/www.upo.es\/metropoliand\/wp-content\/uploads\/2021\/03\/denys-nevozhai-7nrsVjvALnA-unsplash-1536x1151.jpg 1536w, https:\/\/www.upo.es\/metropoliand\/wp-content\/uploads\/2021\/03\/denys-nevozhai-7nrsVjvALnA-unsplash-2048x1535.jpg 2048w\" sizes=\"auto, (max-width: 800px) 100vw, 800px\" \/>\t\t\t\t\t\t\t\t\t\t\t\t\t\t\t<\/div>\n\t\t\t\t<\/div>\n\t\t\t\t<div class=\"elementor-element elementor-element-f24bd5f elementor-invisible elementor-widget elementor-widget-heading\" data-id=\"f24bd5f\" data-element_type=\"widget\" data-settings=\"{&quot;_animation&quot;:&quot;bounceIn&quot;}\" data-widget_type=\"heading.default\">\n\t\t\t\t<div class=\"elementor-widget-container\">\n\t\t\t<h2 class=\"elementor-heading-title elementor-size-default\"><a href=\"https:\/\/www.upo.es\/metropoliand\/que-dice-la-comision-europea\/\">\u00bfQu\u00e9 dice la Comisi\u00f3n Europea?<\/a><\/h2>\t\t<\/div>\n\t\t\t\t<\/div>\n\t\t\t\t\t<\/div>\n\t\t<\/div>\n\t\t\t\t<div class=\"elementor-column elementor-col-50 elementor-inner-column elementor-element elementor-element-848db36\" data-id=\"848db36\" data-element_type=\"column\">\n\t\t\t<div class=\"elementor-widget-wrap elementor-element-populated\">\n\t\t\t\t\t\t\t\t<div class=\"elementor-element elementor-element-648f13e elementor-widget elementor-widget-image\" data-id=\"648f13e\" data-element_type=\"widget\" data-widget_type=\"image.default\">\n\t\t\t\t<div class=\"elementor-widget-container\">\n\t\t\t\t\t\t\t\t\t\t\t\t\t\t\t<img loading=\"lazy\" decoding=\"async\" width=\"800\" height=\"599\" src=\"https:\/\/www.upo.es\/metropoliand\/wp-content\/uploads\/2021\/01\/sevilla_1-1024x767.jpeg\" class=\"attachment-large size-large wp-image-104\" alt=\"\" srcset=\"https:\/\/www.upo.es\/metropoliand\/wp-content\/uploads\/2021\/01\/sevilla_1-1024x767.jpeg 1024w, https:\/\/www.upo.es\/metropoliand\/wp-content\/uploads\/2021\/01\/sevilla_1-300x225.jpeg 300w, https:\/\/www.upo.es\/metropoliand\/wp-content\/uploads\/2021\/01\/sevilla_1-768x576.jpeg 768w, https:\/\/www.upo.es\/metropoliand\/wp-content\/uploads\/2021\/01\/sevilla_1-1536x1151.jpeg 1536w, https:\/\/www.upo.es\/metropoliand\/wp-content\/uploads\/2021\/01\/sevilla_1.jpeg 1936w\" sizes=\"auto, (max-width: 800px) 100vw, 800px\" \/>\t\t\t\t\t\t\t\t\t\t\t\t\t\t\t<\/div>\n\t\t\t\t<\/div>\n\t\t\t\t<div class=\"elementor-element elementor-element-620abdb elementor-invisible elementor-widget elementor-widget-heading\" data-id=\"620abdb\" data-element_type=\"widget\" data-settings=\"{&quot;_animation&quot;:&quot;bounceIn&quot;}\" data-widget_type=\"heading.default\">\n\t\t\t\t<div class=\"elementor-widget-container\">\n\t\t\t<h2 class=\"elementor-heading-title elementor-size-default\"><a href=\"https:\/\/www.upo.es\/metropoliand\/que-dicen-nuestros-expertos\/\">\u00bfQu\u00e9 dicen nuestros expertos?<\/a><\/h2>\t\t<\/div>\n\t\t\t\t<\/div>\n\t\t\t\t\t<\/div>\n\t\t<\/div>\n\t\t\t\t\t\t\t<\/div>\n\t\t<\/section>\n\t\t\t\t\t<\/div>\n\t\t<\/div>\n\t\t\t\t\t\t\t<\/div>\n\t\t<\/section>\n\t\t\t\t\t\t\t<\/div>\n\t\t","protected":false},"excerpt":{"rendered":"<p>Aunque el \u201checho metropolitano\u201d es \u00fanico, existen diferentes formas de aproximarse a su definici\u00f3n, aunque todas ellas comparten el principio de que es la movilidad residencia-trabajo el elemento fundamental que &#8230;<\/p>\n","protected":false},"author":1,"featured_media":0,"parent":0,"menu_order":0,"comment_status":"closed","ping_status":"closed","template":"","meta":{"_EventAllDay":false,"_EventTimezone":"","_EventStartDate":"","_EventEndDate":"","_EventStartDateUTC":"","_EventEndDateUTC":"","_EventShowMap":false,"_EventShowMapLink":false,"_EventURL":"","_EventCost":"","_EventCostDescription":"","_EventCurrencySymbol":"","_EventCurrencyCode":"","_EventCurrencyPosition":"","_EventDateTimeSeparator":"","_EventTimeRangeSeparator":"","_EventOrganizerID":[],"_EventVenueID":0,"_OrganizerEmail":"","_OrganizerPhone":"","_OrganizerWebsite":"","_VenueAddress":"","_VenueCity":"","_VenueCountry":"","_VenueProvince":"","_VenueZip":"","_VenuePhone":"","_VenueURL":"","_VenueStateProvince":"","_VenueLat":"","_VenueLng":"","footnotes":""},"class_list":["post-722","page","type-page","status-publish","hentry"],"_links":{"self":[{"href":"https:\/\/www.upo.es\/metropoliand\/wp-json\/wp\/v2\/pages\/722","targetHints":{"allow":["GET"]}}],"collection":[{"href":"https:\/\/www.upo.es\/metropoliand\/wp-json\/wp\/v2\/pages"}],"about":[{"href":"https:\/\/www.upo.es\/metropoliand\/wp-json\/wp\/v2\/types\/page"}],"author":[{"embeddable":true,"href":"https:\/\/www.upo.es\/metropoliand\/wp-json\/wp\/v2\/users\/1"}],"replies":[{"embeddable":true,"href":"https:\/\/www.upo.es\/metropoliand\/wp-json\/wp\/v2\/comments?post=722"}],"version-history":[{"count":53,"href":"https:\/\/www.upo.es\/metropoliand\/wp-json\/wp\/v2\/pages\/722\/revisions"}],"predecessor-version":[{"id":834,"href":"https:\/\/www.upo.es\/metropoliand\/wp-json\/wp\/v2\/pages\/722\/revisions\/834"}],"wp:attachment":[{"href":"https:\/\/www.upo.es\/metropoliand\/wp-json\/wp\/v2\/media?parent=722"}],"curies":[{"name":"wp","href":"https:\/\/api.w.org\/{rel}","templated":true}]}}