{"id":786,"date":"2021-03-10T12:59:31","date_gmt":"2021-03-10T12:59:31","guid":{"rendered":"https:\/\/www.upo.es\/metropoliand\/?page_id=786"},"modified":"2021-03-10T12:59:32","modified_gmt":"2021-03-10T12:59:32","slug":"que-dice-la-comision-europea","status":"publish","type":"page","link":"https:\/\/www.upo.es\/metropoliand\/que-dice-la-comision-europea\/","title":{"rendered":"\u00bfQu\u00e9 dice la Comisi\u00f3n Europea?"},"content":{"rendered":"\n<p>La <a href=\"https:\/\/ec.europa.eu\/eurostat\/documents\/3217494\/5785629\/KS-HA-14-001-EN.PDF\">Comisi\u00f3n Europea determina seg\u00fan Eurostat<\/a> que un \u00c1rea Metropolitana es un \u00c1rea Urbana Funcional que tiene un m\u00ednimo de 250.000 habitantes. Establece que el 75% de su poblaci\u00f3n vive en \u00c1reas Metropolitanas y que <a href=\"https:\/\/revistasonline.inap.es\/index.php\/GAPP\/article\/download\/10489\/11337?inline=1\">se prev\u00e9<\/a> que hacia 2050 sea el 80%. \u00a0<\/p>\n\n\n\n<p>La oficina estad\u00edstica de EUROSTAT est\u00e1 intentando llevar a cabo una labor de homogeneizaci\u00f3n de las escalas y tipos de referencia espacial para la estad\u00edstica p\u00fablica. En concreto, se tratar\u00eda de encontrar un \u00e1mbito de referencia por encima del municipal (NUTS 5) que es el inferior y, que como se ha insistido reiteradamente, es insuficiente para encuadrar estad\u00edsticamente numerosos fen\u00f3menos demogr\u00e1ficos, sociales o econ\u00f3micos. <\/p>\n\n\n\n<p>Parte esencial de este sistema de referencia lo constituir\u00edan las aglomeraciones urbanas, que ser\u00edan definidas como un conjunto de unidades territoriales de base de nivel NUTS 5 con m\u00e1s de 50.000 habitantes y constituidos por unidades locales contiguas con una densidad de poblaci\u00f3n superior a 500 habitantes por Km2 (EUROSTAT, 1999). Los criterios expuestos dan lugar a una numerosa delimitaci\u00f3n de aglomeraciones urbanas \u201447 en Espa\u00f1a\u2014 sobre las que despu\u00e9s se ofrecen, en la publicaci\u00f3n referida, datos demogr\u00e1ficos y socioecon\u00f3micos.<\/p>\n","protected":false},"excerpt":{"rendered":"<p>La Comisi\u00f3n Europea determina seg\u00fan Eurostat que un \u00c1rea Metropolitana es un \u00c1rea Urbana Funcional que tiene un m\u00ednimo de 250.000 habitantes. Establece que el 75% de su poblaci\u00f3n vive &#8230;<\/p>\n","protected":false},"author":1,"featured_media":751,"parent":0,"menu_order":0,"comment_status":"closed","ping_status":"closed","template":"","meta":{"_EventAllDay":false,"_EventTimezone":"","_EventStartDate":"","_EventEndDate":"","_EventStartDateUTC":"","_EventEndDateUTC":"","_EventShowMap":false,"_EventShowMapLink":false,"_EventURL":"","_EventCost":"","_EventCostDescription":"","_EventCurrencySymbol":"","_EventCurrencyCode":"","_EventCurrencyPosition":"","_EventDateTimeSeparator":"","_EventTimeRangeSeparator":"","_EventOrganizerID":[],"_EventVenueID":0,"_OrganizerEmail":"","_OrganizerPhone":"","_OrganizerWebsite":"","_VenueAddress":"","_VenueCity":"","_VenueCountry":"","_VenueProvince":"","_VenueZip":"","_VenuePhone":"","_VenueURL":"","_VenueStateProvince":"","_VenueLat":"","_VenueLng":"","footnotes":""},"class_list":["post-786","page","type-page","status-publish","has-post-thumbnail","hentry"],"_links":{"self":[{"href":"https:\/\/www.upo.es\/metropoliand\/wp-json\/wp\/v2\/pages\/786","targetHints":{"allow":["GET"]}}],"collection":[{"href":"https:\/\/www.upo.es\/metropoliand\/wp-json\/wp\/v2\/pages"}],"about":[{"href":"https:\/\/www.upo.es\/metropoliand\/wp-json\/wp\/v2\/types\/page"}],"author":[{"embeddable":true,"href":"https:\/\/www.upo.es\/metropoliand\/wp-json\/wp\/v2\/users\/1"}],"replies":[{"embeddable":true,"href":"https:\/\/www.upo.es\/metropoliand\/wp-json\/wp\/v2\/comments?post=786"}],"version-history":[{"count":1,"href":"https:\/\/www.upo.es\/metropoliand\/wp-json\/wp\/v2\/pages\/786\/revisions"}],"predecessor-version":[{"id":787,"href":"https:\/\/www.upo.es\/metropoliand\/wp-json\/wp\/v2\/pages\/786\/revisions\/787"}],"wp:featuredmedia":[{"embeddable":true,"href":"https:\/\/www.upo.es\/metropoliand\/wp-json\/wp\/v2\/media\/751"}],"wp:attachment":[{"href":"https:\/\/www.upo.es\/metropoliand\/wp-json\/wp\/v2\/media?parent=786"}],"curies":[{"name":"wp","href":"https:\/\/api.w.org\/{rel}","templated":true}]}}