{"id":794,"date":"2021-03-10T16:49:45","date_gmt":"2021-03-10T16:49:45","guid":{"rendered":"https:\/\/www.upo.es\/metropoliand\/?page_id=794"},"modified":"2021-03-10T16:49:45","modified_gmt":"2021-03-10T16:49:45","slug":"que-dicen-nuestros-expertos","status":"publish","type":"page","link":"https:\/\/www.upo.es\/metropoliand\/que-dicen-nuestros-expertos\/","title":{"rendered":"\u00bfQu\u00e9 dicen nuestros expertos?"},"content":{"rendered":"\n<p>Seg\u00fan Jos\u00e9 Mar\u00eda Feria, en Espa\u00f1a, como en el resto de los pa\u00edses de su entorno, la ciudad real se configura, en los niveles superiores de la jerarqu\u00eda urbana, como una ciudad metropolitana, en la que el espacio construido y, con ello, tambi\u00e9n, el de las funciones y flujos superan los l\u00edmites tradicionales, f\u00edsicos y administrativos, de la ciudad tradicional.<\/p>\n\n\n\n<p>Si entendemos la ciudad metropolitana como un \u00e1mbito unitario de mercado de trabajo y vivienda, \u201cun espacio colectivo\u201d, se puede f\u00e1cilmente colegir que es la movilidad de las personas que \u201cviven\u201d en ese espacio la variable fundamental para aproximarnos a dicha realidad. Pero dentro de ese conjunto, es la movilidad cotidiana por raz\u00f3n de trabajo la que mejor puede describir la extensi\u00f3n y la organizaci\u00f3n de la nueva ciudad metropolitana.<\/p>\n\n\n\n<p>La variable residencia-trabajo constituye un excelente descriptor para entender la organizaci\u00f3n y estructura metropolitana, ya que, por su naturaleza, muestra la relaci\u00f3n espacial que existe entre los lugares de residencia y los de empleo, y un \u00e1rea metropolitana es esencialmente un mercado unitario de vivienda y trabajo.<\/p>\n\n\n\n<p>El tama\u00f1o m\u00ednimo requerido de los centros fue de 100.000 habitantes, aunque, en fases posteriores, se admitieron centros potenciales entre 50.000 y 100.000, siempre que la corona metropolitana superara los 50.000 habitantes. Por su parte, el umbral de integraci\u00f3n se situ\u00f3 en el 20%, con un m\u00ednimo de flujo absoluto de 100 trabajadores o, alternativamente, del 15%, cuando el flujo era superior al millar de trabajadores.<\/p>\n\n\n\n<p>Si atendemos a la concepci\u00f3n de \u00c1rea Metropolitana propuesta por las Naciones Unidas que establece que las aglomeraciones urbanas son aquellas que superan el mill\u00f3n de habitantes, en Espa\u00f1a, las aglomeraciones de Valencia, Sevilla y Bilbao quedar\u00edan fuera.<\/p>\n","protected":false},"excerpt":{"rendered":"<p>Seg\u00fan Jos\u00e9 Mar\u00eda Feria, en Espa\u00f1a, como en el resto de los pa\u00edses de su entorno, la ciudad real se configura, en los niveles superiores de la jerarqu\u00eda urbana, como &#8230;<\/p>\n","protected":false},"author":1,"featured_media":104,"parent":0,"menu_order":0,"comment_status":"closed","ping_status":"closed","template":"","meta":{"_EventAllDay":false,"_EventTimezone":"","_EventStartDate":"","_EventEndDate":"","_EventStartDateUTC":"","_EventEndDateUTC":"","_EventShowMap":false,"_EventShowMapLink":false,"_EventURL":"","_EventCost":"","_EventCostDescription":"","_EventCurrencySymbol":"","_EventCurrencyCode":"","_EventCurrencyPosition":"","_EventDateTimeSeparator":"","_EventTimeRangeSeparator":"","_EventOrganizerID":[],"_EventVenueID":0,"_OrganizerEmail":"","_OrganizerPhone":"","_OrganizerWebsite":"","_VenueAddress":"","_VenueCity":"","_VenueCountry":"","_VenueProvince":"","_VenueZip":"","_VenuePhone":"","_VenueURL":"","_VenueStateProvince":"","_VenueLat":"","_VenueLng":"","footnotes":""},"class_list":["post-794","page","type-page","status-publish","has-post-thumbnail","hentry"],"_links":{"self":[{"href":"https:\/\/www.upo.es\/metropoliand\/wp-json\/wp\/v2\/pages\/794","targetHints":{"allow":["GET"]}}],"collection":[{"href":"https:\/\/www.upo.es\/metropoliand\/wp-json\/wp\/v2\/pages"}],"about":[{"href":"https:\/\/www.upo.es\/metropoliand\/wp-json\/wp\/v2\/types\/page"}],"author":[{"embeddable":true,"href":"https:\/\/www.upo.es\/metropoliand\/wp-json\/wp\/v2\/users\/1"}],"replies":[{"embeddable":true,"href":"https:\/\/www.upo.es\/metropoliand\/wp-json\/wp\/v2\/comments?post=794"}],"version-history":[{"count":1,"href":"https:\/\/www.upo.es\/metropoliand\/wp-json\/wp\/v2\/pages\/794\/revisions"}],"predecessor-version":[{"id":795,"href":"https:\/\/www.upo.es\/metropoliand\/wp-json\/wp\/v2\/pages\/794\/revisions\/795"}],"wp:featuredmedia":[{"embeddable":true,"href":"https:\/\/www.upo.es\/metropoliand\/wp-json\/wp\/v2\/media\/104"}],"wp:attachment":[{"href":"https:\/\/www.upo.es\/metropoliand\/wp-json\/wp\/v2\/media?parent=794"}],"curies":[{"name":"wp","href":"https:\/\/api.w.org\/{rel}","templated":true}]}}