{"id":809,"date":"2021-03-10T17:06:54","date_gmt":"2021-03-10T17:06:54","guid":{"rendered":"https:\/\/www.upo.es\/metropoliand\/?page_id=809"},"modified":"2021-03-10T17:06:55","modified_gmt":"2021-03-10T17:06:55","slug":"hecho-urbano","status":"publish","type":"page","link":"https:\/\/www.upo.es\/metropoliand\/hecho-urbano\/","title":{"rendered":"Hecho urbano"},"content":{"rendered":"\n<p>Durante el \u00faltimo siglo, el crecimiento de la poblaci\u00f3n ha marcado el reordenamiento del territorio habitacional y la ampliaci\u00f3n de los espacios urbanos. Si sumamos ese aumento de la poblaci\u00f3n al creciente \u00e9xodo rural y a los cambios de vida propiciados por el sistema econ\u00f3mico, dan como resultado una reordenaci\u00f3n de los espacios p\u00fablicos que es necesario repensar para dar respuesta a los problemas globales y a las necesidades de la ciudadan\u00eda.<\/p>\n\n\n\n<p>Existe ya una larga tradici\u00f3n de reflexi\u00f3n sobre la nueva forma de la ciudad y c\u00f3mo denominar, definir y delimitar a \u00e9sta. Los distritos metropolitanos, las \u00e1reas metropolitanas estad\u00edsticas norteamericanas (Berry et alia, 1970); el territorio metropolitano definido para el espacio franc\u00e9s; las \u00e1reas econ\u00f3micas funcionales planteadas por Fox; el \u201ccampo urbano\u201d de Friedmann y Miller (1965); los mercados locales de trabajo; las \u00e1reas de cohesi\u00f3n; los sistemas urbanos reticulares de Dematteis (1988); el nuevo concepto de ciudad-regi\u00f3n (Scott, 2001), etc. Son s\u00f3lo una peque\u00f1a expresi\u00f3n de los intentos por conceptualizar y aprehender cient\u00edficamente el nuevo espacio urbano.<\/p>\n\n\n\n<p>En algunos casos -entre ellos la mayor\u00eda de los ya expresados, con la excepci\u00f3n curiosamente de algunos de los m\u00e1s recientes-, hay un serio esfuerzo no s\u00f3lo por definir este objeto, sino tambi\u00e9n por plantear criterios objetivos para su delimitaci\u00f3n con un cierto nivel de precisi\u00f3n, pero en otros lo que existe es una mera sustantivaci\u00f3n -o adjetivaci\u00f3n, seg\u00fan se mire- de procesos urbanos que logran aprehenderse en su complejidad funcional y estructural.<\/p>\n\n\n\n<p>Existen grandes \u00e1mbitos de inter\u00e9s para el entendimiento de los actuales procesos metropolitanos:<\/p>\n\n\n\n<ul class=\"wp-block-list\"><li><em>Las \u00e1reas metropolitanas y si papel en una econom\u00eda globalizada<\/em>. Como nodos b\u00e1sicos que son en la articulaci\u00f3n econ\u00f3mica a las diferentes escalas, una dimensi\u00f3n relevante que debe ser evaluada constantemente es la del conjunto de perspectivas y retos que se plantean a las \u00e1reas metropolitanas en el momento actual, con especial \u00e9nfasis en lo que respecta a las \u00e1reas andaluzas.<\/li><li><em>\u00c1reas metropolitanas y sostenibilidad<\/em>. La relaci\u00f3n entre los procesos de urbanizaci\u00f3n de amplia escala y el medio natural en el que se insertan es cada vez una preocupaci\u00f3n mayor en \u00e1mbitos acad\u00e9micos y de pol\u00edticas p\u00fablicas y que requiere un adecuado marco te\u00f3rico y conceptual junto con evaluaciones precisas e indicadores eficientes.<\/li><li><em>La ordenaci\u00f3n territorial y urban\u00edstica de \u00e1reas metropolitanas<\/em>. Es este un \u00e1mbito de especial inter\u00e9s para las \u00e1reas metropolitanas andaluzas, sujetas a fuertes procesos de crecimiento, pero muy inmaduras en sus estructuras y sistemas de ordenaci\u00f3n territorial y urbana, y que en la actualidad intentan abordar procesos de ordenaci\u00f3n compartidos.<\/li><li><em>\u00c1reas metropolitanas y nueva gobernanza<\/em>. Un campo clave de experimentaci\u00f3n y puesta en pr\u00e1ctica de los modelos y procedimientos de la nueva gobernanza son las \u00e1reas metropolitanas que deben convertirse en \u00e1mbitos de referencia para la cooperaci\u00f3n y coordinaci\u00f3n institucional y la apertura de cauces para la real participaci\u00f3n de la sociedad en los asuntos p\u00fablicos.<\/li><\/ul>\n\n\n\n<p>La concentraci\u00f3n de la vida econ\u00f3mica y cultural en los centros urbanos es un hecho que debemos tener en cuenta de primera mano para poder comprender las tendencias y los cambios sociales que nos han llevado a conformar una sociedad l\u00edquida que est\u00e1 transformando tambi\u00e9n su forma de consumo y su manera de coexistir con el medio que la rodea.<\/p>\n\n\n\n<p>En el escenario de las ciudades se producen las relaciones sociales y las formas de vida humana, pero no es la ciudad en s\u00ed misma la que crea esas relaciones, sino que esa forma de organizaci\u00f3n social es la que engendra la aparici\u00f3n y la transformaci\u00f3n de las ciudades.<\/p>\n\n\n\n<p>En este marco, nace el concepto de \u201checho urbano\u201d, cuya definici\u00f3n se enlaza directamente con una perspectiva hist\u00f3rica de las ciudades que dota a su interpretaci\u00f3n de dinamismo, pues debemos tener en cuenta que la ciudad no puede ser nunca concebida como un hecho fijo, sino como una forma particular de civilizaci\u00f3n que est\u00e1 en constante transformaci\u00f3n. No hay m\u00e1s que tomar como punto de partida la Revoluci\u00f3n Industrial para dar cuenta de que el hecho urbano ha cambiado \u2013 a medida que se ha ido transformando la sociedad- y que su definici\u00f3n inicial ya no responde a los reajustes que han ido marcando estos espacios.<\/p>\n\n\n\n<p>Las ciudades se han convertido en el centro de la socializaci\u00f3n y de la econom\u00eda mundial, y el proceso del \u201checho urbano\u201d, tendr\u00e1 como resultado, seg\u00fan Naciones Unidas, que en el a\u00f1o 2030 m\u00e1s del 70% de la poblaci\u00f3n mundial viva en ciudades.<\/p>\n\n\n\n<p>Actualmente estamos ante un cambio en el paradigma en el hecho urbano: el cambio clim\u00e1tico, unido a las transformaciones relacionales que estamos viviendo con la actual crisis sanitaria provocada por la Covid-19 y el ya previsible aumento de la pobreza, est\u00e1 oblig\u00e1ndonos a repensar el modelo econ\u00f3mico que sustenta \u2013 o intenta sustentar- a nuestras sociedades y al planeta en el que vivimos.<\/p>\n\n\n\n<p>Uno de los empujes que se est\u00e1 dando para este cambio de paradigma nace del acuerdo de Naciones Unidas para alcanzar <a href=\"https:\/\/www.un.org\/sustainabledevelopment\/es\/objetivos-de-desarrollo-sostenible\/\">las metas de Agenda 2030<\/a>. El cumplimiento de los Objetivos del Desarrollo Sostenibles por parte de las ciudades pasa por crear un marco de gobernanza flexible y claro que desarrolle una coordinaci\u00f3n entre municipios y otros niveles de gobierno para atender a las crecientes necesidades de las localidades y de la ciudadan\u00eda, sean urgentes o no. Necesitamos un nuevo modelo de gesti\u00f3n que sea monitorizado, continuo en el tiempo, coordinado y que haga part\u00edcipe a la ciudadan\u00eda.<\/p>\n\n\n\n<p>Junto a este cambio de paradigma en el hecho urbano no podemos olvidar que las ciudades se est\u00e1n quedando peque\u00f1as y que pensar en clave de ciudad como ente aislado puede ser insuficiente. Los l\u00edmites de la ciudad se han extendido y el esquema de ordenaci\u00f3n y gobernanza debe extenderse tambi\u00e9n a las \u00e1reas metropolitanas.<\/p>\n","protected":false},"excerpt":{"rendered":"<p>Durante el \u00faltimo siglo, el crecimiento de la poblaci\u00f3n ha marcado el reordenamiento del territorio habitacional y la ampliaci\u00f3n de los espacios urbanos. Si sumamos ese aumento de la poblaci\u00f3n &#8230;<\/p>\n","protected":false},"author":1,"featured_media":752,"parent":0,"menu_order":0,"comment_status":"closed","ping_status":"closed","template":"","meta":{"_EventAllDay":false,"_EventTimezone":"","_EventStartDate":"","_EventEndDate":"","_EventStartDateUTC":"","_EventEndDateUTC":"","_EventShowMap":false,"_EventShowMapLink":false,"_EventURL":"","_EventCost":"","_EventCostDescription":"","_EventCurrencySymbol":"","_EventCurrencyCode":"","_EventCurrencyPosition":"","_EventDateTimeSeparator":"","_EventTimeRangeSeparator":"","_EventOrganizerID":[],"_EventVenueID":0,"_OrganizerEmail":"","_OrganizerPhone":"","_OrganizerWebsite":"","_VenueAddress":"","_VenueCity":"","_VenueCountry":"","_VenueProvince":"","_VenueZip":"","_VenuePhone":"","_VenueURL":"","_VenueStateProvince":"","_VenueLat":"","_VenueLng":"","footnotes":""},"class_list":["post-809","page","type-page","status-publish","has-post-thumbnail","hentry"],"_links":{"self":[{"href":"https:\/\/www.upo.es\/metropoliand\/wp-json\/wp\/v2\/pages\/809","targetHints":{"allow":["GET"]}}],"collection":[{"href":"https:\/\/www.upo.es\/metropoliand\/wp-json\/wp\/v2\/pages"}],"about":[{"href":"https:\/\/www.upo.es\/metropoliand\/wp-json\/wp\/v2\/types\/page"}],"author":[{"embeddable":true,"href":"https:\/\/www.upo.es\/metropoliand\/wp-json\/wp\/v2\/users\/1"}],"replies":[{"embeddable":true,"href":"https:\/\/www.upo.es\/metropoliand\/wp-json\/wp\/v2\/comments?post=809"}],"version-history":[{"count":1,"href":"https:\/\/www.upo.es\/metropoliand\/wp-json\/wp\/v2\/pages\/809\/revisions"}],"predecessor-version":[{"id":810,"href":"https:\/\/www.upo.es\/metropoliand\/wp-json\/wp\/v2\/pages\/809\/revisions\/810"}],"wp:featuredmedia":[{"embeddable":true,"href":"https:\/\/www.upo.es\/metropoliand\/wp-json\/wp\/v2\/media\/752"}],"wp:attachment":[{"href":"https:\/\/www.upo.es\/metropoliand\/wp-json\/wp\/v2\/media?parent=809"}],"curies":[{"name":"wp","href":"https:\/\/api.w.org\/{rel}","templated":true}]}}