{"id":814,"date":"2021-03-10T17:17:10","date_gmt":"2021-03-10T17:17:10","guid":{"rendered":"https:\/\/www.upo.es\/metropoliand\/?page_id=814"},"modified":"2021-03-10T17:17:10","modified_gmt":"2021-03-10T17:17:10","slug":"metropolizacion-del-territorio","status":"publish","type":"page","link":"https:\/\/www.upo.es\/metropoliand\/metropolizacion-del-territorio\/","title":{"rendered":"Metropolizaci\u00f3n del territorio"},"content":{"rendered":"\n<p>Como m\u00ednimo, desde el inicio del siglo XIX la ciudad es un fen\u00f3meno territorial y social en expansi\u00f3n. Lo es en la medida en que, en aquel momento, la muralla como objeto f\u00edsico que defin\u00eda la ciudd y la ciudadan\u00eda, se convirti\u00f3 en algo obsoleto y por lo tanto prescindible.<\/p>\n\n\n\n<p>Era una superaci\u00f3n econ\u00f3mica, legal y tecnol\u00f3gica. desde entonces, la ciudad, como bien se sabe, ha crecido en muchos casos de una manera exponencial tanto en poblaci\u00f3n como en extensi\u00f3n, dando lugar a una nueva forma urbana que rompe dr\u00e1sticamente con la tradicional y que supone la aparici\u00f3n de extructuras y organizaciones territoriales cada vez m\u00e1s diversas y complejas (Feria 2006).<\/p>\n\n\n\n<p>Los procesos metropolitanos constituyen el referente b\u00e1sico para evaluar las condiciones, perspectivas y problemas que las caracterizan en dimensiones tan importantes como la de la eficiencia econ\u00f3mica, la sostenibilidad ambiental, la ordenaci\u00f3n territorial o la gobernabilidad; y esto es as\u00ed porque, como se\u00f1ala Mumford en su libro La cultura de las ciudades (1957): \u201cLas ciudades son, despu\u00e9s del lenguaje, la obra de arte m\u00e1s grande del mundo del hombre; la m\u00e1s clara expresi\u00f3n de la civilizaci\u00f3n y, por tanto, la obra que mejor refleja la mente del hombre, su relaci\u00f3n con la naturaleza, su forma de entender el mundo y de entenderse con los dem\u00e1s\u201d.<\/p>\n\n\n\n<p>Como suele decirse, las ciudades constituyen un reflejo fidedigno de lo mejor y de lo peor que hemos llegado a ser. Es la realidad que mejor refleja dado su elevado contenido simb\u00f3lico (por ser esencialmente el espacio del poder) el orden econ\u00f3mico, pol\u00edtico y social actual. Es la cara \u201cbuena\u201d del mundo; la cara del \u00e9xito.<\/p>\n\n\n\n<p>Si tuvi\u00e9ramos que definir a muy grandes rasgos el funcionamiento econ\u00f3mico y social actual de las ciudades en el mundo desarrollado, podr\u00edamos destacar algunos aspectos que nos permitir\u00edan adem\u00e1s matizar un poco m\u00e1s eso del \u201c\u00e9xito\u201d. Estos aspectos son:<\/p>\n\n\n\n<ul class=\"wp-block-list\"><li>Eficiencia econ\u00f3mica ciega y parcial.<\/li><li>La din\u00e1mica econ\u00f3mica actual tiende a concentrar actividades y dispersar poblaci\u00f3n. Como se\u00f1ala Mumford (1957) \u201cLos hombres como ciudadanos se disocian y se separan durante el proceso mismo de unirse para imponer organizaciones econ\u00f3micas\u201d. El individuo cada vez est\u00e1 m\u00e1s subordinado a la producci\u00f3n y al beneficio, y el \u201cmodo de vida urbano\u201d es un buen reflejo de esto. En este mismo sentido Borja y Castells (1997) se\u00f1alan que asistimos a una separaci\u00f3n de una proporci\u00f3n creciente de la poblaci\u00f3n (sobre todo norteamericana) de cualquier experiencia urbana en su cotidianeidad; los nuevos sistemas de comunicaci\u00f3n a\u00f1aden, tienden a concentrar actividades y a dispersar poblaci\u00f3n. Las ciudades existen y existir\u00e1n, pero cada vez con menos habitantes.<\/li><li>Las ciudades, como espacio del poder, y siguiendo un estricto orden jer\u00e1rquico, se reservan las actividades menos penosas, m\u00e1s lucrativas y mejor valoradas econ\u00f3mica y socialmente. Aparecen as\u00ed las llamadas \u201cciudades globales\u201d, que en el proceso de creciente divisi\u00f3n y fragmentaci\u00f3n del trabajo se han reservado las tareas de gesti\u00f3n de la econom\u00eda global apropi\u00e1ndose de este modo de la mayor parte del \u201cvalor\u201d.<\/li><li>Concentraci\u00f3n de la capacidad de compra (riqueza monetaria) y del consumo.<\/li><li>Reproducci\u00f3n en su seno del Cuarto Mundo y una acentuaci\u00f3n extrema de la exclusi\u00f3n social y espacial (\u201cla ciudad dual\u201d).<\/li><li>Insostenibilidad medioambiental, \u201cvampirizaci\u00f3n\u201d y huella ecol\u00f3gica.<\/li><\/ul>\n\n\n\n<p>A un nivel m\u00e1s concreto, la globalizaci\u00f3n (\u00faltima fase de desarrollo del capitalismo industrial), ha tra\u00eddo consigo una acentuaci\u00f3n de los rasgos estructurales b\u00e1sicos que se derivan del modo de funcionamiento de este sistema econ\u00f3mico y que se traducen en:<\/p>\n\n\n\n<ol class=\"wp-block-list\" type=\"1\"><li>La acentuaci\u00f3n de algunos rasgos ya existentes desde la I Revoluci\u00f3n Industrial, pero sobre todo desde los a\u00f1os 50-60 (periodo en el que se configuran las primeras \u00e1reas metropolitanas).<\/li><li>La aparici\u00f3n de algunos rasgos novedosos.<\/li><\/ol>\n\n\n\n<p>\u00bfPor qu\u00e9 esta concentraci\u00f3n de la poblaci\u00f3n y de la producci\u00f3n (tomada en el sentido m\u00e1s o menos estricto) se da de forma tan despilfarradora, sin ninguna preocupaci\u00f3n por los l\u00edmites?<\/p>\n\n\n\n<ol class=\"wp-block-list\" type=\"1\"><li>Aumento de las econom\u00edas de escala de las actividades de servicios y ubicaci\u00f3n de los mismo en la periferia m\u00e1s externa de la ciudad.<\/li><li>Copia del modelo norteamericano: dispersi\u00f3n de la poblaci\u00f3n y dependencia del autom\u00f3vil.<\/li><li>Separaci\u00f3n extrema de actividades econ\u00f3micas por funciones y de grupos sociales por clases.<\/li><li>Crecimiento m\u00e1s que proporcional de las \u00e1reas de servidumbre: infraestructuras de transporte, redes de abastecimiento y de desecho, vertederos, etc. Al ser un modelo urbano y social extremadamente despilfarrador en consumos (agua, energ\u00eda\u2026) y abundante en desechos, las \u00e1reas de servidumbre necesariamente tienen que aumentar conforme se acrecientan los flujos de energ\u00eda, agua, materiales e informaci\u00f3n. Este crecimiento por otro lado es muy superior al crecimiento demogr\u00e1fico. De nuevo se vuelve a producir aqu\u00ed un \u201cc\u00edrculo vicioso\u201d ya que estas infraestructuras que acaban fomentando de nuevo la suburbanizaci\u00f3n, con lo que el proceso se retroalimenta.<\/li><li>Expulsi\u00f3n de la poblaci\u00f3n m\u00e1s pobre (desempleados y excluidos que no pueden pagar las rentas de la vivienda) a los \u201cbarrios de la miseria\u201d con una tipolog\u00eda urban\u00edstica de baja densidad y p\u00e9sima calidad. Esta suburbanizaci\u00f3n de la pobreza, no ha sido siempre espont\u00e1nea, sino que a menudo ha sido promovida por el sector p\u00fablico.<\/li><li>Barrios de lijo en la periferia m\u00e1s externa: urbanizaci\u00f3n de muy baja densidad de chalets individuales en grandes parcelas, muy parecidos a los \u201cbarrios cerrados\u201d de las ciudades norteamericanas.<\/li><li>Desregulaci\u00f3n del uso del suelo y una planificaci\u00f3n u ordenamiento que favorece y estimula este crecimiento extensivo con el objetivo de \u201chacer m\u00e1s competitiva la ciudad\u201d (M\u00e1rquez 2006).<\/li><\/ol>\n\n\n\n<p><strong>Fuente<\/strong>:<\/p>\n\n\n\n<p>Feria, JM (2006). <em>Los procesos metropolitanos: materiales para una aproximaci\u00f3n inicial<\/em>. Fundaci\u00f3n Centro de Estudios Andaluces. ISBN: 84-609-9368-X<\/p>\n\n\n\n<p>M\u00e1rquez, C. (2006). <em>Los procesos metropolitanos: materiales para una aproximaci\u00f3n inicial<\/em>. Fundaci\u00f3n Centro de Estudios Andaluces. ISBN: 84-609-9368-X<\/p>\n","protected":false},"excerpt":{"rendered":"<p>Como m\u00ednimo, desde el inicio del siglo XIX la ciudad es un fen\u00f3meno territorial y social en expansi\u00f3n. Lo es en la medida en que, en aquel momento, la muralla &#8230;<\/p>\n","protected":false},"author":1,"featured_media":816,"parent":0,"menu_order":0,"comment_status":"closed","ping_status":"closed","template":"","meta":{"_EventAllDay":false,"_EventTimezone":"","_EventStartDate":"","_EventEndDate":"","_EventStartDateUTC":"","_EventEndDateUTC":"","_EventShowMap":false,"_EventShowMapLink":false,"_EventURL":"","_EventCost":"","_EventCostDescription":"","_EventCurrencySymbol":"","_EventCurrencyCode":"","_EventCurrencyPosition":"","_EventDateTimeSeparator":"","_EventTimeRangeSeparator":"","_EventOrganizerID":[],"_EventVenueID":0,"_OrganizerEmail":"","_OrganizerPhone":"","_OrganizerWebsite":"","_VenueAddress":"","_VenueCity":"","_VenueCountry":"","_VenueProvince":"","_VenueZip":"","_VenuePhone":"","_VenueURL":"","_VenueStateProvince":"","_VenueLat":"","_VenueLng":"","footnotes":""},"class_list":["post-814","page","type-page","status-publish","has-post-thumbnail","hentry"],"_links":{"self":[{"href":"https:\/\/www.upo.es\/metropoliand\/wp-json\/wp\/v2\/pages\/814","targetHints":{"allow":["GET"]}}],"collection":[{"href":"https:\/\/www.upo.es\/metropoliand\/wp-json\/wp\/v2\/pages"}],"about":[{"href":"https:\/\/www.upo.es\/metropoliand\/wp-json\/wp\/v2\/types\/page"}],"author":[{"embeddable":true,"href":"https:\/\/www.upo.es\/metropoliand\/wp-json\/wp\/v2\/users\/1"}],"replies":[{"embeddable":true,"href":"https:\/\/www.upo.es\/metropoliand\/wp-json\/wp\/v2\/comments?post=814"}],"version-history":[{"count":1,"href":"https:\/\/www.upo.es\/metropoliand\/wp-json\/wp\/v2\/pages\/814\/revisions"}],"predecessor-version":[{"id":817,"href":"https:\/\/www.upo.es\/metropoliand\/wp-json\/wp\/v2\/pages\/814\/revisions\/817"}],"wp:featuredmedia":[{"embeddable":true,"href":"https:\/\/www.upo.es\/metropoliand\/wp-json\/wp\/v2\/media\/816"}],"wp:attachment":[{"href":"https:\/\/www.upo.es\/metropoliand\/wp-json\/wp\/v2\/media?parent=814"}],"curies":[{"name":"wp","href":"https:\/\/api.w.org\/{rel}","templated":true}]}}