{"id":827,"date":"2021-03-10T17:40:49","date_gmt":"2021-03-10T17:40:49","guid":{"rendered":"https:\/\/www.upo.es\/metropoliand\/?page_id=827"},"modified":"2021-03-10T17:40:50","modified_gmt":"2021-03-10T17:40:50","slug":"gobierno-y-politicas-metropolitanas-2","status":"publish","type":"page","link":"https:\/\/www.upo.es\/metropoliand\/gobierno-y-politicas-metropolitanas-2\/","title":{"rendered":"Gobierno y pol\u00edticas metropolitanas"},"content":{"rendered":"\n<p>El \u201checho metropolitano\u201d tiene tambi\u00e9n una respuesta en t\u00e9rminos pol\u00edticos e institucionales de cara a establecer las f\u00f3rmulas m\u00e1s adecuadas para mejorar los sistemas de gobernanza de las \u00e1reas metropolitanas, con la finalidad de avanzar en la capacidad de respuesta que las administraciones y sus pol\u00edticas p\u00fablicas deben de dar a los nuevos e intensos retos que plantean las \u00e1reas metropolitanas.<\/p>\n\n\n\n<p>Si no existe un marco de gobernanza claro y flexible, la gobernanza y la coordinaci\u00f3n entre los municipios y otros niveles de gobierno, ser\u00e1 complicado atender a las necesidades de las localidades y de la ciudadan\u00eda sean urgentes o no. Para mantener la acci\u00f3n colectiva es necesario que la relaci\u00f3n con los habitantes del \u00e1rea metropolitana sea fuerte. Actualmente, se habla del e-Gobierno como una de las soluciones a muchos de los problemas de comunicaci\u00f3n que tienen las instituciones para llegar a toda la ciudadan\u00eda.<\/p>\n\n\n\n<p>Las \u00e1reas urbanas concentran la mayor parte de la pobreza y no est\u00e1n preparadas para asumir la ola de pobreza que ya va en aumento con la crisis del Covid-19. Est\u00e1 claro que debemos remar hacia un concepto de Ciudad Smart, pero sin dejar atr\u00e1s la justicia social dando prioridad a los espacios m\u00e1s empobrecidos.<\/p>\n\n\n\n<p>Diferentes organizaciones internacionales, como Metr\u00f3polis, la OCDE o el Consejo de Europa mantienen que las \u00e1reas metropolitanas son escenarios de <strong>gobernanza<\/strong> <strong>multinivel<\/strong> (relaciones tanto horizontales como verticales), en los que intervienen entes privados y p\u00fablicos, de manera que la cooperaci\u00f3n entre todos los agentes es prioritaria.<\/p>\n\n\n\n<p>Seg\u00fan estos organismos internacionales (conexi\u00f3n a OCDE y documento de metr\u00f3polis y UCLG) existen diferentes f\u00f3rmulas de gobernanza para dar respuesta a los retos del desarrollo urbano en t\u00e9rminos de las din\u00e1micas metropolitanas, estableciendo que cada una de ellas debe. de adaptarse a las caracter\u00edsticas y condiciones propias de cada \u00e1rea metropolitana:<\/p>\n\n\n\n<ul class=\"wp-block-list\"><li>Gobiernos metropolitanos o estructuras creadas para afrontar los retos metropolitanos a un nivel \u2013 despu\u00e9s de la fusi\u00f3n de municipios o con una designaci\u00f3n de \u201cciudad metropolitana\u201d- o a dos niveles \u2013 manteniendo los municipios, pero con un nivel de coordinaci\u00f3n metropolitana-<\/li><li>Agencias metropolitanas sectoriales para gestionar o planificar un solo servicio<\/li><li>Coordinaci\u00f3n vertical donde las pol\u00edticas metropolitanas se realizan por otros \u00e1mbitos de gobierno ya existentes (regi\u00f3n, provincia, condado\u2026)<\/li><li>Modelos pocos institucionalizados basados en la cooperaci\u00f3n voluntaria de municipios y otros niveles de administraci\u00f3n y la sociedad civil, que puede ser denominada como gobernanza estrat\u00e9gica.<\/li><\/ul>\n","protected":false},"excerpt":{"rendered":"<p>El \u201checho metropolitano\u201d tiene tambi\u00e9n una respuesta en t\u00e9rminos pol\u00edticos e institucionales de cara a establecer las f\u00f3rmulas m\u00e1s adecuadas para mejorar los sistemas de gobernanza de las \u00e1reas metropolitanas, &#8230;<\/p>\n","protected":false},"author":1,"featured_media":351,"parent":0,"menu_order":0,"comment_status":"closed","ping_status":"closed","template":"","meta":{"_EventAllDay":false,"_EventTimezone":"","_EventStartDate":"","_EventEndDate":"","_EventStartDateUTC":"","_EventEndDateUTC":"","_EventShowMap":false,"_EventShowMapLink":false,"_EventURL":"","_EventCost":"","_EventCostDescription":"","_EventCurrencySymbol":"","_EventCurrencyCode":"","_EventCurrencyPosition":"","_EventDateTimeSeparator":"","_EventTimeRangeSeparator":"","_EventOrganizerID":[],"_EventVenueID":0,"_OrganizerEmail":"","_OrganizerPhone":"","_OrganizerWebsite":"","_VenueAddress":"","_VenueCity":"","_VenueCountry":"","_VenueProvince":"","_VenueZip":"","_VenuePhone":"","_VenueURL":"","_VenueStateProvince":"","_VenueLat":"","_VenueLng":"","footnotes":""},"class_list":["post-827","page","type-page","status-publish","has-post-thumbnail","hentry"],"_links":{"self":[{"href":"https:\/\/www.upo.es\/metropoliand\/wp-json\/wp\/v2\/pages\/827","targetHints":{"allow":["GET"]}}],"collection":[{"href":"https:\/\/www.upo.es\/metropoliand\/wp-json\/wp\/v2\/pages"}],"about":[{"href":"https:\/\/www.upo.es\/metropoliand\/wp-json\/wp\/v2\/types\/page"}],"author":[{"embeddable":true,"href":"https:\/\/www.upo.es\/metropoliand\/wp-json\/wp\/v2\/users\/1"}],"replies":[{"embeddable":true,"href":"https:\/\/www.upo.es\/metropoliand\/wp-json\/wp\/v2\/comments?post=827"}],"version-history":[{"count":1,"href":"https:\/\/www.upo.es\/metropoliand\/wp-json\/wp\/v2\/pages\/827\/revisions"}],"predecessor-version":[{"id":828,"href":"https:\/\/www.upo.es\/metropoliand\/wp-json\/wp\/v2\/pages\/827\/revisions\/828"}],"wp:featuredmedia":[{"embeddable":true,"href":"https:\/\/www.upo.es\/metropoliand\/wp-json\/wp\/v2\/media\/351"}],"wp:attachment":[{"href":"https:\/\/www.upo.es\/metropoliand\/wp-json\/wp\/v2\/media?parent=827"}],"curies":[{"name":"wp","href":"https:\/\/api.w.org\/{rel}","templated":true}]}}