{"id":84,"date":"2021-01-20T12:08:59","date_gmt":"2021-01-20T12:08:59","guid":{"rendered":"https:\/\/www.upo.es\/metropoliand\/?page_id=84"},"modified":"2021-03-10T17:41:23","modified_gmt":"2021-03-10T17:41:23","slug":"el-hecho-metropolitano","status":"publish","type":"page","link":"https:\/\/www.upo.es\/metropoliand\/el-hecho-metropolitano\/","title":{"rendered":"El hecho metropolitano"},"content":{"rendered":"\t\t<div data-elementor-type=\"wp-page\" data-elementor-id=\"84\" class=\"elementor elementor-84\">\n\t\t\t\t\t\t\t\t\t<section class=\"elementor-section elementor-top-section elementor-element elementor-element-ddf8e81 elementor-section-boxed elementor-section-height-default elementor-section-height-default\" data-id=\"ddf8e81\" data-element_type=\"section\">\n\t\t\t\t\t\t<div class=\"elementor-container elementor-column-gap-default\">\n\t\t\t\t\t<div class=\"elementor-column elementor-col-100 elementor-top-column elementor-element elementor-element-23bb976\" data-id=\"23bb976\" data-element_type=\"column\">\n\t\t\t<div class=\"elementor-widget-wrap elementor-element-populated\">\n\t\t\t\t\t\t\t\t<section class=\"elementor-section elementor-inner-section elementor-element elementor-element-3082d5e elementor-section-boxed elementor-section-height-default elementor-section-height-default\" data-id=\"3082d5e\" data-element_type=\"section\">\n\t\t\t\t\t\t<div class=\"elementor-container elementor-column-gap-default\">\n\t\t\t\t\t<div class=\"elementor-column elementor-col-50 elementor-inner-column elementor-element elementor-element-f696136\" data-id=\"f696136\" data-element_type=\"column\">\n\t\t\t<div class=\"elementor-widget-wrap elementor-element-populated\">\n\t\t\t\t\t\t\t\t<div class=\"elementor-element elementor-element-a6b92c6 elementor-widget elementor-widget-heading\" data-id=\"a6b92c6\" data-element_type=\"widget\" data-widget_type=\"heading.default\">\n\t\t\t\t<div class=\"elementor-widget-container\">\n\t\t\t<h2 class=\"elementor-heading-title elementor-size-medium\">Hecho urbano<\/h2>\t\t<\/div>\n\t\t\t\t<\/div>\n\t\t\t\t<div class=\"elementor-element elementor-element-fc6677a elementor-view-default elementor-widget elementor-widget-icon\" data-id=\"fc6677a\" data-element_type=\"widget\" data-widget_type=\"icon.default\">\n\t\t\t\t<div class=\"elementor-widget-container\">\n\t\t\t\t\t<div class=\"elementor-icon-wrapper\">\n\t\t\t<a class=\"elementor-icon elementor-animation-pulse-grow\" href=\"https:\/\/www.upo.es\/metropoliand\/hecho-urbano\/\">\n\t\t\t<i aria-hidden=\"true\" class=\"fas fa-city\"><\/i>\t\t\t<\/a>\n\t\t<\/div>\n\t\t\t\t<\/div>\n\t\t\t\t<\/div>\n\t\t\t\t\t<\/div>\n\t\t<\/div>\n\t\t\t\t<div class=\"elementor-column elementor-col-50 elementor-inner-column elementor-element elementor-element-ddd84bd\" data-id=\"ddd84bd\" data-element_type=\"column\">\n\t\t\t<div class=\"elementor-widget-wrap elementor-element-populated\">\n\t\t\t\t\t\t\t\t<div class=\"elementor-element elementor-element-ffa0f44 elementor-widget elementor-widget-text-editor\" data-id=\"ffa0f44\" data-element_type=\"widget\" data-widget_type=\"text-editor.default\">\n\t\t\t\t<div class=\"elementor-widget-container\">\n\t\t\t\t\t\t\t<p>El proceso de transformaci\u00f3n territorial de los \u00faltimos a\u00f1os a nivel mundial ha tenido como elemento m\u00e1s destacado la consolidaci\u00f3n del crecimiento de las ciudades como sistema b\u00e1sico de asentamiento de la poblaci\u00f3n en el territorio. Seg\u00fan Naciones Unidas en el a\u00f1o 2030 m\u00e1s del 70% de la poblaci\u00f3n mundial vivir\u00e1 en ciudades.\u00a0<\/p>\t\t\t\t\t\t<\/div>\n\t\t\t\t<\/div>\n\t\t\t\t\t<\/div>\n\t\t<\/div>\n\t\t\t\t\t\t\t<\/div>\n\t\t<\/section>\n\t\t\t\t\t<\/div>\n\t\t<\/div>\n\t\t\t\t\t\t\t<\/div>\n\t\t<\/section>\n\t\t\t\t<section class=\"elementor-section elementor-top-section elementor-element elementor-element-9ed14c1 elementor-section-boxed elementor-section-height-default elementor-section-height-default\" data-id=\"9ed14c1\" data-element_type=\"section\">\n\t\t\t\t\t\t<div class=\"elementor-container elementor-column-gap-default\">\n\t\t\t\t\t<div class=\"elementor-column elementor-col-100 elementor-top-column elementor-element elementor-element-8401149\" data-id=\"8401149\" data-element_type=\"column\">\n\t\t\t<div class=\"elementor-widget-wrap elementor-element-populated\">\n\t\t\t\t\t\t\t\t<section class=\"elementor-section elementor-inner-section elementor-element elementor-element-d0777e1 elementor-section-boxed elementor-section-height-default elementor-section-height-default\" data-id=\"d0777e1\" data-element_type=\"section\">\n\t\t\t\t\t\t<div class=\"elementor-container elementor-column-gap-default\">\n\t\t\t\t\t<div class=\"elementor-column elementor-col-50 elementor-inner-column elementor-element elementor-element-1f1372b\" data-id=\"1f1372b\" data-element_type=\"column\">\n\t\t\t<div class=\"elementor-widget-wrap elementor-element-populated\">\n\t\t\t\t\t\t\t\t<div class=\"elementor-element elementor-element-39b2bf6 elementor-widget elementor-widget-heading\" data-id=\"39b2bf6\" data-element_type=\"widget\" data-widget_type=\"heading.default\">\n\t\t\t\t<div class=\"elementor-widget-container\">\n\t\t\t<h2 class=\"elementor-heading-title elementor-size-medium\">Metropolizaci\u00f3n del territorio<\/h2>\t\t<\/div>\n\t\t\t\t<\/div>\n\t\t\t\t<div class=\"elementor-element elementor-element-6fa5428 elementor-view-default elementor-widget elementor-widget-icon\" data-id=\"6fa5428\" data-element_type=\"widget\" data-widget_type=\"icon.default\">\n\t\t\t\t<div class=\"elementor-widget-container\">\n\t\t\t\t\t<div class=\"elementor-icon-wrapper\">\n\t\t\t<a class=\"elementor-icon elementor-animation-pulse-grow\" href=\"https:\/\/www.upo.es\/metropoliand\/metropolizacion-del-territorio\/\">\n\t\t\t<i aria-hidden=\"true\" class=\"fas fa-map-marked-alt\"><\/i>\t\t\t<\/a>\n\t\t<\/div>\n\t\t\t\t<\/div>\n\t\t\t\t<\/div>\n\t\t\t\t\t<\/div>\n\t\t<\/div>\n\t\t\t\t<div class=\"elementor-column elementor-col-50 elementor-inner-column elementor-element elementor-element-465140a\" data-id=\"465140a\" data-element_type=\"column\">\n\t\t\t<div class=\"elementor-widget-wrap elementor-element-populated\">\n\t\t\t\t\t\t\t\t<div class=\"elementor-element elementor-element-32233f6 elementor-widget elementor-widget-text-editor\" data-id=\"32233f6\" data-element_type=\"widget\" data-widget_type=\"text-editor.default\">\n\t\t\t\t<div class=\"elementor-widget-container\">\n\t\t\t\t\t\t\t<p>La concentraci\u00f3n de la poblaci\u00f3n en un conjunto de municipios diferenciados desde el punto de vista administrativo, pero con una realidad social y econ\u00f3mica que traspasa dichas delimitaciones y que condiciona los procesos de movilidad y vida cotidiana de sus habitantes da lugar a la conformaci\u00f3n de lo que se puede denominar como \u00e1reas metropolitanas.\u00a0<\/p>\t\t\t\t\t\t<\/div>\n\t\t\t\t<\/div>\n\t\t\t\t\t<\/div>\n\t\t<\/div>\n\t\t\t\t\t\t\t<\/div>\n\t\t<\/section>\n\t\t\t\t\t<\/div>\n\t\t<\/div>\n\t\t\t\t\t\t\t<\/div>\n\t\t<\/section>\n\t\t\t\t<section class=\"elementor-section elementor-top-section elementor-element elementor-element-3580571 elementor-section-boxed elementor-section-height-default elementor-section-height-default\" data-id=\"3580571\" data-element_type=\"section\">\n\t\t\t\t\t\t<div class=\"elementor-container elementor-column-gap-default\">\n\t\t\t\t\t<div class=\"elementor-column elementor-col-100 elementor-top-column elementor-element elementor-element-d1b64c2\" data-id=\"d1b64c2\" data-element_type=\"column\">\n\t\t\t<div class=\"elementor-widget-wrap elementor-element-populated\">\n\t\t\t\t\t\t\t\t<section class=\"elementor-section elementor-inner-section elementor-element elementor-element-2f077ff elementor-section-boxed elementor-section-height-default elementor-section-height-default\" data-id=\"2f077ff\" data-element_type=\"section\">\n\t\t\t\t\t\t<div class=\"elementor-container elementor-column-gap-default\">\n\t\t\t\t\t<div class=\"elementor-column elementor-col-50 elementor-inner-column elementor-element elementor-element-2856ba5\" data-id=\"2856ba5\" data-element_type=\"column\">\n\t\t\t<div class=\"elementor-widget-wrap elementor-element-populated\">\n\t\t\t\t\t\t\t\t<div class=\"elementor-element elementor-element-f754c2b elementor-widget elementor-widget-heading\" data-id=\"f754c2b\" data-element_type=\"widget\" data-widget_type=\"heading.default\">\n\t\t\t\t<div class=\"elementor-widget-container\">\n\t\t\t<h2 class=\"elementor-heading-title elementor-size-medium\">Definici\u00f3n del hecho metropolitano<\/h2>\t\t<\/div>\n\t\t\t\t<\/div>\n\t\t\t\t<div class=\"elementor-element elementor-element-822e9fb elementor-view-default elementor-widget elementor-widget-icon\" data-id=\"822e9fb\" data-element_type=\"widget\" data-widget_type=\"icon.default\">\n\t\t\t\t<div class=\"elementor-widget-container\">\n\t\t\t\t\t<div class=\"elementor-icon-wrapper\">\n\t\t\t<a class=\"elementor-icon elementor-animation-pulse-grow\" href=\"https:\/\/www.upo.es\/metropoliand\/definicion-del-hecho-metropolitano\/\">\n\t\t\t<i aria-hidden=\"true\" class=\"fab fa-hubspot\"><\/i>\t\t\t<\/a>\n\t\t<\/div>\n\t\t\t\t<\/div>\n\t\t\t\t<\/div>\n\t\t\t\t\t<\/div>\n\t\t<\/div>\n\t\t\t\t<div class=\"elementor-column elementor-col-50 elementor-inner-column elementor-element elementor-element-ee2914c\" data-id=\"ee2914c\" data-element_type=\"column\">\n\t\t\t<div class=\"elementor-widget-wrap elementor-element-populated\">\n\t\t\t\t\t\t\t\t<div class=\"elementor-element elementor-element-0551e6e elementor-widget elementor-widget-text-editor\" data-id=\"0551e6e\" data-element_type=\"widget\" data-widget_type=\"text-editor.default\">\n\t\t\t\t<div class=\"elementor-widget-container\">\n\t\t\t\t\t\t\t<p>Aunque el \u201checho metropolitano\u201d es \u00fanico, existen diferentes formas de aproximarse a su definici\u00f3n, aunque todas ellas comparten el principio de que es la movilidad residencia-trabajo el elemento fundamental que lo configura como realidad territorial, y todas ellas coinciden en poner de manifiesto el crecimiento y el dinamismo del desarrollo y configuraci\u00f3n de las \u00e1reas metropolitanas.<\/p>\t\t\t\t\t\t<\/div>\n\t\t\t\t<\/div>\n\t\t\t\t\t<\/div>\n\t\t<\/div>\n\t\t\t\t\t\t\t<\/div>\n\t\t<\/section>\n\t\t\t\t\t<\/div>\n\t\t<\/div>\n\t\t\t\t\t\t\t<\/div>\n\t\t<\/section>\n\t\t\t\t<section class=\"elementor-section elementor-top-section elementor-element elementor-element-8a55364 elementor-section-boxed elementor-section-height-default elementor-section-height-default\" data-id=\"8a55364\" data-element_type=\"section\">\n\t\t\t\t\t\t<div class=\"elementor-container elementor-column-gap-default\">\n\t\t\t\t\t<div class=\"elementor-column elementor-col-100 elementor-top-column elementor-element elementor-element-dbaa941\" data-id=\"dbaa941\" data-element_type=\"column\">\n\t\t\t<div class=\"elementor-widget-wrap elementor-element-populated\">\n\t\t\t\t\t\t\t\t<section class=\"elementor-section elementor-inner-section elementor-element elementor-element-75b9a10 elementor-section-boxed elementor-section-height-default elementor-section-height-default\" data-id=\"75b9a10\" data-element_type=\"section\">\n\t\t\t\t\t\t<div class=\"elementor-container elementor-column-gap-default\">\n\t\t\t\t\t<div class=\"elementor-column elementor-col-50 elementor-inner-column elementor-element elementor-element-a25b736\" data-id=\"a25b736\" data-element_type=\"column\">\n\t\t\t<div class=\"elementor-widget-wrap elementor-element-populated\">\n\t\t\t\t\t\t\t\t<div class=\"elementor-element elementor-element-9cf23a1 elementor-widget elementor-widget-heading\" data-id=\"9cf23a1\" data-element_type=\"widget\" data-widget_type=\"heading.default\">\n\t\t\t\t<div class=\"elementor-widget-container\">\n\t\t\t<h2 class=\"elementor-heading-title elementor-size-medium\">Gobierno y pol\u00edticas metropolitanas<\/h2>\t\t<\/div>\n\t\t\t\t<\/div>\n\t\t\t\t<div class=\"elementor-element elementor-element-7326a92 elementor-view-default elementor-widget elementor-widget-icon\" data-id=\"7326a92\" data-element_type=\"widget\" data-widget_type=\"icon.default\">\n\t\t\t\t<div class=\"elementor-widget-container\">\n\t\t\t\t\t<div class=\"elementor-icon-wrapper\">\n\t\t\t<a class=\"elementor-icon elementor-animation-pulse-grow\" href=\"https:\/\/www.upo.es\/metropoliand\/gobierno-y-politicas-metropolitanas-2\/\">\n\t\t\t<i aria-hidden=\"true\" class=\"fas fa-users\"><\/i>\t\t\t<\/a>\n\t\t<\/div>\n\t\t\t\t<\/div>\n\t\t\t\t<\/div>\n\t\t\t\t\t<\/div>\n\t\t<\/div>\n\t\t\t\t<div class=\"elementor-column elementor-col-50 elementor-inner-column elementor-element elementor-element-aa935b0\" data-id=\"aa935b0\" data-element_type=\"column\">\n\t\t\t<div class=\"elementor-widget-wrap elementor-element-populated\">\n\t\t\t\t\t\t\t\t<div class=\"elementor-element elementor-element-8770336 elementor-widget elementor-widget-text-editor\" data-id=\"8770336\" data-element_type=\"widget\" data-widget_type=\"text-editor.default\">\n\t\t\t\t<div class=\"elementor-widget-container\">\n\t\t\t\t\t\t\t<p>\u00a0<\/p><p>El <em>hecho metropolitano<\/em> tienen tambi\u00e9n una respuesta en t\u00e9rminos institucionales y pol\u00edticos de cara a establecer las f\u00f3rmulas m\u00e1s adecuadas para mejorar los sistemas de gobernanza de las \u00e1reas metropolitanas.<\/p>\t\t\t\t\t\t<\/div>\n\t\t\t\t<\/div>\n\t\t\t\t\t<\/div>\n\t\t<\/div>\n\t\t\t\t\t\t\t<\/div>\n\t\t<\/section>\n\t\t\t\t\t<\/div>\n\t\t<\/div>\n\t\t\t\t\t\t\t<\/div>\n\t\t<\/section>\n\t\t\t\t\t\t\t<\/div>\n\t\t","protected":false},"excerpt":{"rendered":"<p>Hecho urbano El proceso de transformaci\u00f3n territorial de los \u00faltimos a\u00f1os a nivel mundial ha tenido como elemento m\u00e1s destacado la consolidaci\u00f3n del crecimiento de las ciudades como sistema b\u00e1sico &#8230;<\/p>\n","protected":false},"author":1,"featured_media":99,"parent":0,"menu_order":0,"comment_status":"closed","ping_status":"closed","template":"","meta":{"_EventAllDay":false,"_EventTimezone":"","_EventStartDate":"","_EventEndDate":"","_EventStartDateUTC":"","_EventEndDateUTC":"","_EventShowMap":false,"_EventShowMapLink":false,"_EventURL":"","_EventCost":"","_EventCostDescription":"","_EventCurrencySymbol":"","_EventCurrencyCode":"","_EventCurrencyPosition":"","_EventDateTimeSeparator":"","_EventTimeRangeSeparator":"","_EventOrganizerID":[],"_EventVenueID":0,"_OrganizerEmail":"","_OrganizerPhone":"","_OrganizerWebsite":"","_VenueAddress":"","_VenueCity":"","_VenueCountry":"","_VenueProvince":"","_VenueZip":"","_VenuePhone":"","_VenueURL":"","_VenueStateProvince":"","_VenueLat":"","_VenueLng":"","footnotes":""},"class_list":["post-84","page","type-page","status-publish","has-post-thumbnail","hentry"],"_links":{"self":[{"href":"https:\/\/www.upo.es\/metropoliand\/wp-json\/wp\/v2\/pages\/84","targetHints":{"allow":["GET"]}}],"collection":[{"href":"https:\/\/www.upo.es\/metropoliand\/wp-json\/wp\/v2\/pages"}],"about":[{"href":"https:\/\/www.upo.es\/metropoliand\/wp-json\/wp\/v2\/types\/page"}],"author":[{"embeddable":true,"href":"https:\/\/www.upo.es\/metropoliand\/wp-json\/wp\/v2\/users\/1"}],"replies":[{"embeddable":true,"href":"https:\/\/www.upo.es\/metropoliand\/wp-json\/wp\/v2\/comments?post=84"}],"version-history":[{"count":149,"href":"https:\/\/www.upo.es\/metropoliand\/wp-json\/wp\/v2\/pages\/84\/revisions"}],"predecessor-version":[{"id":831,"href":"https:\/\/www.upo.es\/metropoliand\/wp-json\/wp\/v2\/pages\/84\/revisions\/831"}],"wp:featuredmedia":[{"embeddable":true,"href":"https:\/\/www.upo.es\/metropoliand\/wp-json\/wp\/v2\/media\/99"}],"wp:attachment":[{"href":"https:\/\/www.upo.es\/metropoliand\/wp-json\/wp\/v2\/media?parent=84"}],"curies":[{"name":"wp","href":"https:\/\/api.w.org\/{rel}","templated":true}]}}