{"id":201,"date":"2024-09-09T05:59:10","date_gmt":"2024-09-09T03:59:10","guid":{"rendered":"https:\/\/silocreativo.win\/observatoriose\/?page_id=201"},"modified":"2026-03-26T10:32:29","modified_gmt":"2026-03-26T09:32:29","slug":"informes-de-transformacion-urbana","status":"publish","type":"page","link":"https:\/\/www.upo.es\/observatoriourbanodesevilla\/conocimiento\/informes-de-transformacion-urbana\/","title":{"rendered":"Informes de Transformaci\u00f3n Urbana"},"content":{"rendered":"\n<div class=\"wp-block-group alignwide wp-pattern__page-intro is-layout-flow wp-block-group-is-layout-flow\" style=\"margin-top:var(--wp--preset--spacing--120);margin-bottom:var(--wp--preset--spacing--56);padding-top:0;padding-right:var(--wp--preset--spacing--16);padding-bottom:0;padding-left:var(--wp--preset--spacing--16)\">\n<div class=\"wp-block-group alignwide page-intro_col-container is-layout-flow wp-block-group-is-layout-flow\" style=\"padding-top:0;padding-right:0;padding-bottom:0;padding-left:0\">\n<div class=\"wp-block-columns alignfull are-vertically-aligned-center is-layout-flex wp-container-core-columns-is-layout-123045d2 wp-block-columns-is-layout-flex\">\n<div class=\"wp-block-column is-vertically-aligned-center is-layout-flow wp-block-column-is-layout-flow\" style=\"flex-basis:400px\">\n<figure class=\"wp-block-image size-full is-resized\"><img decoding=\"async\" src=\"https:\/\/www.upo.es\/observatoriourbanodesevilla\/wp-content\/uploads\/2025\/02\/ITUBSE.svg\" alt=\"\" class=\"wp-image-2313\" style=\"width:400px\"\/><\/figure>\n<\/div>\n\n\n\n<div class=\"wp-block-column is-vertically-aligned-center is-layout-flow wp-block-column-is-layout-flow\">\n<h1 class=\"wp-block-heading\">Sistema de indicadores de transformaci\u00f3n Urbana.<\/h1>\n\n\n\n<p>Este universo de indicadores se compone de diversas fuentes de informaci\u00f3n y se organiza teniendo en cuenta los 10 Objetivos Estrat\u00e9gicos planteados en la Agenda Urbana Espa\u00f1ola. Los datos y gr\u00e1ficos aqu\u00ed presentados conforman el <strong>Informe de Transformaci\u00f3n Urbana de Sevilla (ItuB_Se)<\/strong> que se realiza de forma anual y ofrece el ultimo dato disponible para cada uno de los indicadores seleccionados.\u2028\u2028<\/p>\n<\/div>\n<\/div>\n<\/div>\n<\/div>\n\n\n\n<div class=\"wp-block-columns alignwide are-vertically-aligned-bottom itub-heading is-layout-flex wp-container-core-columns-is-layout-19b4936f wp-block-columns-is-layout-flex\">\n<div class=\"wp-block-column is-vertically-aligned-bottom itub-heading__col itub-heading__col1 is-layout-flow wp-block-column-is-layout-flow\" style=\"flex-basis:39.75%\">\n<p style=\"font-size:clamp(14px, 0.875rem + ((1vw - 3.2px) * 0.536), 20px);font-style:italic;font-weight:700;text-transform:uppercase\">Objetivos espec\u00edficos<\/p>\n<\/div>\n\n\n\n<div class=\"wp-block-column is-vertically-aligned-bottom itub-heading__col itub-heading__col2 is-layout-flow wp-block-column-is-layout-flow\" style=\"flex-basis:40.25%\">\n<p style=\"font-size:clamp(14px, 0.875rem + ((1vw - 3.2px) * 0.536), 20px);font-style:italic;font-weight:700;text-transform:uppercase\">Indicadores<\/p>\n<\/div>\n\n\n\n<div class=\"wp-block-column is-vertically-aligned-bottom itub-heading__col itub-heading__col3 is-layout-flow wp-block-column-is-layout-flow\" style=\"flex-basis:20%\">\n<p style=\"font-size:clamp(14px, 0.875rem + ((1vw - 3.2px) * 0.536), 20px);font-style:italic;font-weight:700;text-transform:uppercase\">informe<\/p>\n<\/div>\n<\/div>\n\n\n\n<div style=\"height:25px\" aria-hidden=\"true\" class=\"wp-block-spacer\"><\/div>\n\n\n\n<div class=\"wp-block-columns alignwide is-layout-flex wp-container-core-columns-is-layout-19b4936f wp-block-columns-is-layout-flex\">\n<div class=\"wp-block-column is-layout-flow wp-block-column-is-layout-flow\" style=\"flex-basis:80%\">\n<div class=\"wp-block-group alignwide fiise-container itab-container has-global-padding is-layout-constrained wp-block-group-is-layout-constrained\">\n<h3 class=\"wp-block-heading has-medium-font-size\">1: Ordenaci\u00f3n del territorio<\/h3>\n\n\n\n<div class=\"wp-block-group has-small-font-size has-global-padding is-layout-constrained wp-block-group-is-layout-constrained\">\n<h4 class=\"wp-block-heading\"><a href=\"https:\/\/www.upo.es\/observatoriourbanodesevilla\/conocimiento\/indicadores\/1-1-superficie-de-cobertura-artificial-por-municipio\/\" data-type=\"link\" data-id=\"https:\/\/www.upo.es\/observatoriourbanodesevilla\/conocimiento\/indicadores\/1-2-superficie-de-cobertura-artificial-por-municipio\/\">1.1 Superficie de cobertura artificial por municipio <\/a><\/h4>\n\n\n\n<h4 class=\"wp-block-heading\"><a href=\"https:\/\/www.upo.es\/observatoriourbanodesevilla\/conocimiento\/indicadores\/1-2-superficie-de-cultivos-por-municipio\/\" data-type=\"indicadores\" data-id=\"657\">1.2 Superficie de cultivos por municipio <\/a><\/h4>\n\n\n\n<h4 class=\"wp-block-heading\"><a href=\"https:\/\/www.upo.es\/observatoriourbanodesevilla\/conocimiento\/indicadores\/1-3-superficie-dedicada-a-cultivos-herbaceos-ha\/\" data-type=\"indicadores\" data-id=\"667\">1.3 Superficie dedicada a cultivos herb\u00e1ceos <\/a><\/h4>\n\n\n\n<h4 class=\"wp-block-heading\"><a href=\"https:\/\/www.upo.es\/observatoriourbanodesevilla\/conocimiento\/indicadores\/1-4-superficie-municipal-destinada-a-explotaciones-agrarias-y-forestales\/\" data-type=\"indicadores\" data-id=\"668\">1.4 Superficie municipal destinada a explotaciones agrarias y forestales <\/a><\/h4>\n\n\n\n<h4 class=\"wp-block-heading\"><a href=\"https:\/\/www.upo.es\/observatoriourbanodesevilla\/conocimiento\/indicadores\/1-6-bienes-de-interes-cultural-bic\/\">1.5 Bienes de Inter\u00e9s Cultural (BIC)<\/a><\/h4>\n<\/div>\n\n\n\n<h3 class=\"wp-block-heading has-medium-font-size\">2: Organizaci\u00f3n urbana<\/h3>\n\n\n\n<div class=\"wp-block-group has-small-font-size has-global-padding is-layout-constrained wp-block-group-is-layout-constrained\">\n<h4 class=\"wp-block-heading\"><a href=\"https:\/\/www.upo.es\/observatoriourbanodesevilla\/conocimiento\/indicadores\/2-1-variacion-de-la-poblacion\/\" data-type=\"indicadores\" data-id=\"670\">2.1 Poblaci\u00f3n<\/a><\/h4>\n\n\n\n<h4 class=\"wp-block-heading\"><a href=\"https:\/\/www.upo.es\/observatoriourbanodesevilla\/conocimiento\/indicadores\/2-2-crecimiento-vegetativo\/\" data-type=\"indicadores\" data-id=\"671\">2.2 Crecimiento vegetativo<\/a><\/h4>\n\n\n\n<h4 class=\"wp-block-heading\"><a href=\"https:\/\/www.upo.es\/observatoriourbanodesevilla\/conocimiento\/indicadores\/2-3-saldo-migratorio\/\" data-type=\"indicadores\" data-id=\"672\">2.3 Saldo migratorio<\/a><\/h4>\n\n\n\n<h4 class=\"wp-block-heading\"><a href=\"https:\/\/www.upo.es\/observatoriourbanodesevilla\/conocimiento\/indicadores\/2-4-superficie-construida-de-uso-residencial\/\" data-type=\"indicadores\" data-id=\"666\">2.4 Superficie construida de uso residencial respecto al total de superficie construida<\/a><\/h4>\n\n\n\n<h4 class=\"wp-block-heading\"><a href=\"https:\/\/www.upo.es\/observatoriourbanodesevilla\/conocimiento\/indicadores\/2-5-porcentaje-del-parque-edificatorio-por-municipio\/\" data-type=\"indicadores\" data-id=\"673\">2.5 Porcentaje del parque edificatorio por municipio con una antig\u00fcedad anterior al a\u00f1o 2000<\/a><\/h4>\n<\/div>\n\n\n\n<h3 class=\"wp-block-heading has-medium-font-size\">3: Cambio clim\u00e1tico y resilencia<\/h3>\n\n\n\n<div class=\"wp-block-group has-small-font-size has-global-padding is-layout-constrained wp-block-group-is-layout-constrained\">\n<h4 class=\"wp-block-heading\"><a href=\"https:\/\/www.upo.es\/observatoriourbanodesevilla\/conocimiento\/indicadores\/3-1-superficie-de-zonas-verdes-por-cada-1-000-habitantes\/\" data-type=\"indicadores\" data-id=\"674\">3.1 Superficie de zonas verdes por cada 1.000 habitantes<\/a><\/h4>\n\n\n\n<h4 class=\"wp-block-heading\"><a href=\"https:\/\/www.upo.es\/observatoriourbanodesevilla\/conocimiento\/indicadores\/3-2-emisiones-de-co2-per-capita\/\" data-type=\"indicadores\" data-id=\"675\">3.2 Emisiones de CO2 per c\u00e1pita <\/a><\/h4>\n<\/div>\n\n\n\n<h3 class=\"wp-block-heading has-medium-font-size\">4: Econom\u00eda circular<\/h3>\n\n\n\n<div class=\"wp-block-group has-small-font-size has-global-padding is-layout-constrained wp-block-group-is-layout-constrained\">\n<h4 class=\"wp-block-heading\"><a href=\"https:\/\/www.upo.es\/observatoriourbanodesevilla\/conocimiento\/indicadores\/4-1-consumo-de-energia-electrica\/\" data-type=\"indicadores\" data-id=\"676\">4.1 Consumo de energ\u00eda el\u00e9ctrica <\/a><\/h4>\n\n\n\n<h4 class=\"wp-block-heading\"><a href=\"https:\/\/www.upo.es\/observatoriourbanodesevilla\/conocimiento\/indicadores\/4-2-residuos-urbanos\/\" data-type=\"indicadores\" data-id=\"677\">4.2 Residuos urbanos<\/a><\/h4>\n<\/div>\n\n\n\n<h3 class=\"wp-block-heading has-medium-font-size\">5: Favorecer la proximidad <\/h3>\n\n\n\n<div class=\"wp-block-group has-small-font-size has-global-padding is-layout-constrained wp-block-group-is-layout-constrained\">\n<h4 class=\"wp-block-heading\"><a href=\"https:\/\/www.upo.es\/observatoriourbanodesevilla\/conocimiento\/indicadores\/5-1-superficie-de-infraestructuras-de-transporte\/\" data-type=\"indicadores\" data-id=\"680\">5.1 Superficie de infraestructuras de transporte <\/a><\/h4>\n\n\n\n<h4 class=\"wp-block-heading\"><a href=\"https:\/\/www.upo.es\/observatoriourbanodesevilla\/conocimiento\/indicadores\/5-2-indice-de-motorizacion\/\" data-type=\"indicadores\" data-id=\"679\">5.2 \u00cdndice de motorizaci\u00f3n<\/a><\/h4>\n<\/div>\n\n\n\n<h3 class=\"wp-block-heading has-medium-font-size\">6: Cohesi\u00f3n y equidad social<\/h3>\n\n\n\n<div class=\"wp-block-group has-small-font-size has-global-padding is-layout-constrained wp-block-group-is-layout-constrained\">\n<h4 class=\"wp-block-heading\"><a href=\"https:\/\/www.upo.es\/observatoriourbanodesevilla\/conocimiento\/indicadores\/6-1-edad-media\/\" data-type=\"indicadores\" data-id=\"681\">6.1 Edad media<\/a><\/h4>\n\n\n\n<h4 class=\"wp-block-heading\"><a href=\"https:\/\/www.upo.es\/observatoriourbanodesevilla\/conocimiento\/indicadores\/6-2-poblacion-por-edad\/\" data-type=\"indicadores\" data-id=\"682\">6.2 Poblaci\u00f3n por edad<\/a><\/h4>\n\n\n\n<h4 class=\"wp-block-heading\"><a href=\"https:\/\/www.upo.es\/observatoriourbanodesevilla\/conocimiento\/indicadores\/6-3-esperanza-de-vida\/\" data-type=\"indicadores\" data-id=\"2639\">6.3 Esperanza de vida<\/a><\/h4>\n\n\n\n<h4 class=\"wp-block-heading\"><a href=\"https:\/\/www.upo.es\/observatoriourbanodesevilla\/conocimiento\/indicadores\/6-3-envejecimiento-de-la-poblacion\/\" data-type=\"indicadores\" data-id=\"683\">6.4 Envejecimiento de la poblaci\u00f3n<\/a><\/h4>\n\n\n\n<h4 class=\"wp-block-heading\"><a href=\"https:\/\/www.upo.es\/observatoriourbanodesevilla\/conocimiento\/indicadores\/6-5-indice-de-dependencia\/\" data-type=\"indicadores\" data-id=\"2580\">6.5 \u00cdndice de dependencia<\/a><\/h4>\n\n\n\n<h4 class=\"wp-block-heading\"><a href=\"https:\/\/www.upo.es\/observatoriourbanodesevilla\/conocimiento\/indicadores\/6-6-nivel-medio-de-estudios\/\" data-type=\"indicadores\" data-id=\"2675\">6.6 Nivel medio de estudios<\/a><\/h4>\n\n\n\n<h4 class=\"wp-block-heading\"><a href=\"https:\/\/www.upo.es\/observatoriourbanodesevilla\/conocimiento\/indicadores\/6-7-poblacion-extranjera\/\" data-type=\"indicadores\" data-id=\"2581\">6.7 Porcentaje de poblaci\u00f3n extranjera<\/a><\/h4>\n\n\n\n<h4 class=\"wp-block-heading\"><a href=\"https:\/\/www.upo.es\/observatoriourbanodesevilla\/conocimiento\/indicadores\/6-8-parados\/\" data-type=\"indicadores\" data-id=\"2582\">6.8 Parados<\/a><\/h4>\n\n\n\n<h4 class=\"wp-block-heading\"><a href=\"https:\/\/www.upo.es\/observatoriourbanodesevilla\/conocimiento\/indicadores\/6-9-indice-de-gini\/\" data-type=\"indicadores\" data-id=\"2638\">6.9 \u00cdndice de Gini<\/a><\/h4>\n\n\n\n<h4 class=\"wp-block-heading\"><a href=\"https:\/\/www.upo.es\/observatoriourbanodesevilla\/conocimiento\/indicadores\/6-10-distribucion-de-la-ratio-80-20\/\" data-type=\"indicadores\" data-id=\"2637\">6.10 Distribuci\u00f3n de la ratio 80\/20<\/a><\/h4>\n\n\n\n<h4 class=\"wp-block-heading\"><a href=\"https:\/\/www.upo.es\/observatoriourbanodesevilla\/conocimiento\/indicadores\/6-11-renta-neta\/\" data-type=\"indicadores\" data-id=\"2636\">6.11 Renta neta media<\/a>  <\/h4>\n\n\n\n<h4 class=\"wp-block-heading\"><a href=\"https:\/\/www.upo.es\/observatoriourbanodesevilla\/conocimiento\/indicadores\/6-12-mediana-de-la-renta-por-unidad-de-consumo\/\" data-type=\"indicadores\" data-id=\"2635\">6.12 Mediana de la renta por unidad de consumo<\/a><\/h4>\n\n\n\n<h4 class=\"wp-block-heading\"><a href=\"https:\/\/www.upo.es\/observatoriourbanodesevilla\/conocimiento\/indicadores\/6-13-tasa-de-riesgo-de-pobreza\/\" data-type=\"indicadores\" data-id=\"2634\">6.13 Tasa de riesgo de pobreza<\/a><\/h4>\n<\/div>\n\n\n\n<h3 class=\"wp-block-heading has-medium-font-size\">7: Econom\u00eda urbana<\/h3>\n\n\n\n<div class=\"wp-block-group has-small-font-size has-global-padding is-layout-constrained wp-block-group-is-layout-constrained\">\n<h4 class=\"wp-block-heading\"><a href=\"https:\/\/www.upo.es\/observatoriourbanodesevilla\/conocimiento\/indicadores\/7-1-afiliados-de-la-seguridad-social\/\" data-type=\"indicadores\" data-id=\"694\">7.1 Afiliados de la seguridad social<\/a><\/h4>\n\n\n\n<h4 class=\"wp-block-heading\"><a href=\"https:\/\/www.upo.es\/observatoriourbanodesevilla\/conocimiento\/indicadores\/7-2-empresas\/\" data-type=\"indicadores\" data-id=\"695\">7.2 Empresas<\/a><\/h4>\n\n\n\n<h4 class=\"wp-block-heading\"><a href=\"https:\/\/www.upo.es\/observatoriourbanodesevilla\/conocimiento\/indicadores\/7-3-empresas-por-actividad-economica-segun-cnae-09\/\" data-type=\"indicadores\" data-id=\"696\">7.3 Empresas por actividad econ\u00f3mica seg\u00fan CNAE 09<\/a><\/h4>\n\n\n\n<h4 class=\"wp-block-heading\"><a href=\"https:\/\/www.upo.es\/observatoriourbanodesevilla\/conocimiento\/indicadores\/7-4-empresas-que-cotizan-en-la-ss-por-sectores-y-por-actividad\/\" data-type=\"indicadores\" data-id=\"2640\">7.4 Empresas que cotizan en la SS por sectores y por actividad<\/a><\/h4>\n\n\n\n<h4 class=\"wp-block-heading\"><a href=\"https:\/\/www.upo.es\/observatoriourbanodesevilla\/conocimiento\/indicadores\/7-5-contratos-registrados-por-sector-de-actividad\/\" data-type=\"indicadores\" data-id=\"2587\">7.5 Trabajadores por sector<\/a><\/h4>\n\n\n\n<h4 class=\"wp-block-heading\"><a href=\"https:\/\/www.upo.es\/observatoriourbanodesevilla\/conocimiento\/indicadores\/7-6-establecimientos\/\" data-type=\"indicadores\" data-id=\"2588\">7.6 Establecimientos por sector<\/a><\/h4>\n\n\n\n<h4 class=\"wp-block-heading\"><a href=\"https:\/\/www.upo.es\/observatoriourbanodesevilla\/conocimiento\/indicadores\/7-7-trabajadores-autonomos\/\" data-type=\"indicadores\" data-id=\"2641\">7.7 Trabajadores aut\u00f3nomos<\/a><\/h4>\n\n\n\n<h4 class=\"wp-block-heading\"><a href=\"https:\/\/www.upo.es\/observatoriourbanodesevilla\/conocimiento\/indicadores\/7-6-alojamiento-turisticos\/\" data-type=\"indicadores\" data-id=\"701\">7.8 Alojamiento tur\u00edsticos<\/a><\/h4>\n<\/div>\n\n\n\n<h3 class=\"wp-block-heading has-medium-font-size\">8: Vivienda<\/h3>\n\n\n\n<div class=\"wp-block-group has-small-font-size has-global-padding is-layout-constrained wp-block-group-is-layout-constrained\">\n<h4 class=\"wp-block-heading\"><a href=\"https:\/\/www.upo.es\/observatoriourbanodesevilla\/conocimiento\/indicadores\/8-1-densidad-de-viviendas\/\" data-type=\"indicadores\" data-id=\"702\">8.1 Densidad de viviendas<\/a><\/h4>\n\n\n\n<h4 class=\"wp-block-heading\"><a href=\"https:\/\/www.upo.es\/observatoriourbanodesevilla\/conocimiento\/indicadores\/8-1-viviendas-familiares\/\" data-type=\"indicadores\" data-id=\"702\">8.4 Viviendas totales<\/a><\/h4>\n\n\n\n<h4 class=\"wp-block-heading\"><a href=\"https:\/\/www.upo.es\/observatoriourbanodesevilla\/conocimiento\/indicadores\/8-5-viviendas-vacias\/\" data-type=\"indicadores\" data-id=\"2642\">8.5 Viviendas vac\u00edas<\/a><\/h4>\n\n\n\n<h4 class=\"wp-block-heading\"><a href=\"https:\/\/www.upo.es\/observatoriourbanodesevilla\/conocimiento\/indicadores\/8-6-condiciones-de-la-vivienda\/\" data-type=\"indicadores\" data-id=\"2643\">8.6 Condiciones de la vivienda<\/a><\/h4>\n\n\n\n<h4 class=\"wp-block-heading\"><a href=\"https:\/\/www.upo.es\/observatoriourbanodesevilla\/conocimiento\/indicadores\/8-7-viviendas-de-bajo-consumo\/\" data-type=\"indicadores\" data-id=\"2644\">8.7 Viviendas de bajo consumo<\/a><\/h4>\n\n\n\n<h4 class=\"wp-block-heading\"><a href=\"https:\/\/www.upo.es\/observatoriourbanodesevilla\/conocimiento\/indicadores\/8-8-precio-del-alquiler\/\" data-type=\"indicadores\" data-id=\"2645\">8.8 Precio del alquiler<\/a><\/h4>\n\n\n\n<h4 class=\"wp-block-heading\"><a href=\"https:\/\/www.upo.es\/observatoriourbanodesevilla\/conocimiento\/indicadores\/8-9-transacciones-inmobiliarias\/\" data-type=\"indicadores\" data-id=\"2646\">8.9 Transacciones inmobiliarias<\/a><\/h4>\n<\/div>\n\n\n\n<h3 class=\"wp-block-heading has-medium-font-size\">9: Innovaci\u00f3n<\/h3>\n\n\n\n<div class=\"wp-block-group has-small-font-size has-global-padding is-layout-constrained wp-block-group-is-layout-constrained\">\n<h4 class=\"wp-block-heading\"><a href=\"https:\/\/www.upo.es\/observatoriourbanodesevilla\/conocimiento\/indicadores\/9-1-creacion-de-sociedades-mercantiles-de-informacion-y-comunicaciones\/\" data-type=\"indicadores\" data-id=\"2596\">9.1 Creaci\u00f3n de sociedades mercantiles de informaci\u00f3n y comunicaciones<\/a><\/h4>\n<\/div>\n\n\n\n<h3 class=\"wp-block-heading has-medium-font-size\">10: Gobernanza<\/h3>\n\n\n\n<div class=\"wp-block-group has-small-font-size has-global-padding is-layout-constrained wp-block-group-is-layout-constrained\">\n<h4 class=\"wp-block-heading max-height-content\">10.1 Figura de planeamiento urban\u00edstico vigente en el municipio<br><br>PGOU 2007<br>Fuente:&nbsp;Sistema de Informaci\u00f3n Urbana (SIU) 2023.<\/h4>\n\n\n\n<h4 class=\"wp-block-heading\"><a href=\"https:\/\/www.upo.es\/observatoriourbanodesevilla\/conocimiento\/indicadores\/10-2-ingresos-por-habitante-euros\/\" data-type=\"indicadores\" data-id=\"705\">10.2 Ingresos por habitante <\/a><\/h4>\n\n\n\n<h4 class=\"wp-block-heading\"><a href=\"https:\/\/www.upo.es\/observatoriourbanodesevilla\/conocimiento\/indicadores\/10-3-gastos-por-habitante-euros\/\" data-type=\"indicadores\" data-id=\"704\">10.3 Gastos por habitante <\/a><\/h4>\n<\/div>\n<\/div>\n<\/div>\n\n\n\n<div class=\"wp-block-column is-layout-flow wp-block-column-is-layout-flow\" style=\"flex-basis:20%\">\n<div class=\"wp-block-group has-global-padding is-layout-constrained wp-container-core-group-is-layout-7da077e8 wp-block-group-is-layout-constrained\">\n<div class=\"wp-block-group is-vertical is-content-justification-center is-layout-flex wp-container-core-group-is-layout-ce155fab wp-block-group-is-layout-flex\">\n<figure class=\"wp-block-image size-large is-resized\"><a href=\"https:\/\/www.upo.es\/observatoriourbanodesevilla\/wp-content\/uploads\/2026\/03\/ItubSE-2025-1.pdf\"><img decoding=\"async\" src=\"https:\/\/www.upo.es\/observatoriourbanodesevilla\/wp-content\/uploads\/2025\/02\/Pdf-descarga.svg\" alt=\"\" class=\"wp-image-2314\" style=\"width:142px\"\/><\/a><\/figure>\n\n\n\n<p class=\"has-text-align-center texto-descarga-informe has-contrast-color has-text-color has-link-color wp-elements-fc2a4239c083007bffb72a4fb4a7260a\" style=\"font-size:clamp(14px, 0.875rem + ((1vw - 3.2px) * 0.536), 20px);font-style:normal;font-weight:600\"><a href=\"https:\/\/www.upo.es\/observatoriourbanodesevilla\/wp-content\/uploads\/2026\/03\/ItubSE-2025-1.pdf\" data-type=\"link\" data-id=\"https:\/\/www.upo.es\/observatoriourbanodesevilla\/wp-content\/uploads\/2025\/02\/ItuBSe-2023.pdf\" target=\"_blank\" rel=\"noreferrer noopener\">Informe de Transformaci\u00f3n Urbana de Sevilla 2025<\/a><\/p>\n\n\n\n<figure class=\"wp-block-image size-large is-resized\"><a href=\"https:\/\/www.upo.es\/observatoriourbanodesevilla\/wp-content\/uploads\/2026\/03\/ItubSE-2024.pdf\" target=\"_blank\" rel=\" noreferrer noopener\"><img decoding=\"async\" src=\"https:\/\/www.upo.es\/observatoriourbanodesevilla\/wp-content\/uploads\/2025\/02\/Pdf-descarga.svg\" alt=\"\" class=\"wp-image-2314\" style=\"width:142px\"\/><\/a><\/figure>\n\n\n\n<div class=\"wp-block-group is-vertical is-content-justification-center is-layout-flex wp-container-core-group-is-layout-ce155fab wp-block-group-is-layout-flex\">\n<p class=\"has-text-align-center texto-descarga-informe has-contrast-color has-text-color has-link-color wp-elements-dffcbd3f2284665dfc8d35f43251a599\" style=\"font-size:clamp(14px, 0.875rem + ((1vw - 3.2px) * 0.536), 20px);font-style:normal;font-weight:600\"><a href=\"https:\/\/www.upo.es\/observatoriourbanodesevilla\/wp-content\/uploads\/2026\/03\/ItubSE-2024.pdf\" data-type=\"link\" data-id=\"https:\/\/www.upo.es\/observatoriourbanodesevilla\/wp-content\/uploads\/2025\/02\/ItuBSe-2023.pdf\" target=\"_blank\" rel=\"noreferrer noopener\">Informe de Transformaci\u00f3n Urbana de Sevilla 2024<\/a><\/p>\n\n\n\n<figure class=\"wp-block-image size-large is-resized\"><a href=\"https:\/\/www.upo.es\/observatoriourbanodesevilla\/wp-content\/uploads\/2026\/03\/ItubSE-2023.pdf\" target=\"_blank\" rel=\" noreferrer noopener\"><img decoding=\"async\" src=\"https:\/\/www.upo.es\/observatoriourbanodesevilla\/wp-content\/uploads\/2025\/02\/Pdf-descarga.svg\" alt=\"\" class=\"wp-image-2314\" style=\"width:142px\"\/><\/a><\/figure>\n\n\n\n<p class=\"has-text-align-center texto-descarga-informe has-contrast-color has-text-color has-link-color wp-elements-ce0004994cce05a7730f6cada3937737\" style=\"font-size:clamp(14px, 0.875rem + ((1vw - 3.2px) * 0.536), 20px);font-style:normal;font-weight:600\"><a href=\"https:\/\/www.upo.es\/observatoriourbanodesevilla\/wp-content\/uploads\/2026\/03\/ItubSE-2023.pdf\" data-type=\"link\" data-id=\"https:\/\/www.upo.es\/observatoriourbanodesevilla\/wp-content\/uploads\/2025\/02\/ItuBSe-2023.pdf\" target=\"_blank\" rel=\"noreferrer noopener\">Informe de Transformaci\u00f3n Urbana de Sevilla 2023<\/a><\/p>\n\n\n\n<figure class=\"wp-block-image size-large is-resized\"><a href=\"https:\/\/www.upo.es\/observatoriourbanodesevilla\/wp-content\/uploads\/2026\/03\/ItubSE-2022.pdf\" target=\"_blank\" rel=\" noreferrer noopener\"><img decoding=\"async\" src=\"https:\/\/www.upo.es\/observatoriourbanodesevilla\/wp-content\/uploads\/2025\/02\/Pdf-descarga.svg\" alt=\"\" class=\"wp-image-2314\" style=\"width:142px\"\/><\/a><\/figure>\n\n\n\n<p class=\"has-text-align-center texto-descarga-informe has-contrast-color has-text-color has-link-color wp-elements-abb830fdfb155aa74a3306e3e0c047d1\" style=\"font-size:clamp(14px, 0.875rem + ((1vw - 3.2px) * 0.536), 20px);font-style:normal;font-weight:600\"><a href=\"https:\/\/www.upo.es\/observatoriourbanodesevilla\/wp-content\/uploads\/2026\/03\/ItubSE-2022.pdf\" data-type=\"link\" data-id=\"https:\/\/www.upo.es\/observatoriourbanodesevilla\/wp-content\/uploads\/2025\/02\/ItuBSe-2023.pdf\" target=\"_blank\" rel=\"noreferrer noopener\">Informe de Transformaci\u00f3n Urbana de Sevilla 2022<\/a><\/p>\n<\/div>\n<\/div>\n<\/div>\n<\/div>\n\n\n\n<p><\/p>\n<\/div>\n","protected":false},"excerpt":{"rendered":"<p>Sistema de indicadores de transformaci\u00f3n Urbana. Este universo de indicadores se compone de diversas fuentes de informaci\u00f3n y se organiza teniendo en cuenta los 10 Objetivos Estrat\u00e9gicos planteados en la Agenda Urbana Espa\u00f1ola. Los datos y gr\u00e1ficos aqu\u00ed presentados conforman el Informe de Transformaci\u00f3n Urbana de Sevilla (ItuB_Se) que se realiza de forma anual y [&hellip;]<\/p>\n","protected":false},"author":4,"featured_media":0,"parent":2598,"menu_order":0,"comment_status":"closed","ping_status":"closed","template":"","meta":{"inline_featured_image":false,"footnotes":""},"class_list":["post-201","page","type-page","status-publish","hentry"],"_links":{"self":[{"href":"https:\/\/www.upo.es\/observatoriourbanodesevilla\/wp-json\/wp\/v2\/pages\/201","targetHints":{"allow":["GET"]}}],"collection":[{"href":"https:\/\/www.upo.es\/observatoriourbanodesevilla\/wp-json\/wp\/v2\/pages"}],"about":[{"href":"https:\/\/www.upo.es\/observatoriourbanodesevilla\/wp-json\/wp\/v2\/types\/page"}],"author":[{"embeddable":true,"href":"https:\/\/www.upo.es\/observatoriourbanodesevilla\/wp-json\/wp\/v2\/users\/4"}],"replies":[{"embeddable":true,"href":"https:\/\/www.upo.es\/observatoriourbanodesevilla\/wp-json\/wp\/v2\/comments?post=201"}],"version-history":[{"count":27,"href":"https:\/\/www.upo.es\/observatoriourbanodesevilla\/wp-json\/wp\/v2\/pages\/201\/revisions"}],"predecessor-version":[{"id":2796,"href":"https:\/\/www.upo.es\/observatoriourbanodesevilla\/wp-json\/wp\/v2\/pages\/201\/revisions\/2796"}],"up":[{"embeddable":true,"href":"https:\/\/www.upo.es\/observatoriourbanodesevilla\/wp-json\/wp\/v2\/pages\/2598"}],"wp:attachment":[{"href":"https:\/\/www.upo.es\/observatoriourbanodesevilla\/wp-json\/wp\/v2\/media?parent=201"}],"curies":[{"name":"wp","href":"https:\/\/api.w.org\/{rel}","templated":true}]}}