{"id":2597,"date":"2024-09-06T10:05:00","date_gmt":"2024-09-06T08:05:00","guid":{"rendered":"https:\/\/silocreativo.win\/observatoriose\/?page_id=13"},"modified":"2025-03-19T14:12:06","modified_gmt":"2025-03-19T13:12:06","slug":"the-urban-observer","status":"publish","type":"page","link":"https:\/\/www.upo.es\/observatoriourbanodesevilla\/the-urban-observer\/","title":{"rendered":"The Urban Observer"},"content":{"rendered":"\n<div class=\"wp-block-cover alignfull is-light\" style=\"min-height:100vh;aspect-ratio:unset;\"><span aria-hidden=\"true\" class=\"wp-block-cover__background has-base-background-color has-background-dim-70 has-background-dim\"><\/span><img loading=\"lazy\" decoding=\"async\" width=\"1920\" height=\"1080\" class=\"wp-block-cover__image-background wp-image-2325\" alt=\"\" src=\"https:\/\/www.upo.es\/observatoriourbanodesevilla\/wp-content\/uploads\/2025\/02\/miradas-urbanas-se-bg.webp\" data-object-fit=\"cover\" srcset=\"https:\/\/www.upo.es\/observatoriourbanodesevilla\/wp-content\/uploads\/2025\/02\/miradas-urbanas-se-bg.webp 1920w, https:\/\/www.upo.es\/observatoriourbanodesevilla\/wp-content\/uploads\/2025\/02\/miradas-urbanas-se-bg-300x169.webp 300w, https:\/\/www.upo.es\/observatoriourbanodesevilla\/wp-content\/uploads\/2025\/02\/miradas-urbanas-se-bg-1024x576.webp 1024w, https:\/\/www.upo.es\/observatoriourbanodesevilla\/wp-content\/uploads\/2025\/02\/miradas-urbanas-se-bg-768x432.webp 768w, https:\/\/www.upo.es\/observatoriourbanodesevilla\/wp-content\/uploads\/2025\/02\/miradas-urbanas-se-bg-1536x864.webp 1536w\" sizes=\"auto, (max-width: 1920px) 100vw, 1920px\" \/><div class=\"wp-block-cover__inner-container has-global-padding is-layout-constrained wp-block-cover-is-layout-constrained\">\n<div class=\"wp-block-group alignwide wp-pattern__page-intro is-layout-flow wp-block-group-is-layout-flow\" style=\"margin-top:var(--wp--preset--spacing--56);margin-bottom:var(--wp--preset--spacing--56);padding-top:0;padding-right:var(--wp--preset--spacing--16);padding-bottom:0;padding-left:var(--wp--preset--spacing--16)\">\n<div class=\"wp-block-group alignwide page-intro_col-container is-layout-flow wp-block-group-is-layout-flow\" style=\"padding-top:0;padding-right:0;padding-bottom:0;padding-left:0\">\n<div class=\"wp-block-columns alignfull are-vertically-aligned-center is-layout-flex wp-container-core-columns-is-layout-123045d2 wp-block-columns-is-layout-flex\">\n<div class=\"wp-block-column is-vertically-aligned-center is-layout-flow wp-block-column-is-layout-flow\" style=\"flex-basis:400px\">\n<figure class=\"wp-block-image size-full is-resized\"><img loading=\"lazy\" decoding=\"async\" width=\"400\" height=\"400\" src=\"https:\/\/www.upo.es\/observatoriourbanodesevilla\/wp-content\/uploads\/2025\/02\/the-urban-observer-se-logo.svg\" alt=\"\" class=\"wp-image-2276\" style=\"width:400px\"\/><\/figure>\n<\/div>\n\n\n\n<div class=\"wp-block-column is-vertically-aligned-center is-layout-flow wp-block-column-is-layout-flow\">\n<p class=\"has-large-font-size\" style=\"font-style:normal;font-weight:600\"><br>Presentaci\u00f3n y desarrollo de trabajos, investigaciones y proyectos que dan cuenta de diferentes aspectos en el an\u00e1lisis urbano de la Ciudad de Sevilla. Con caracter\u00edsticas espec\u00edficas y un criterio tem\u00e1tico vinculado a ejes destacados, en este espacio dialogan y confluyen en una idea integral de ciudad diversos estudios propios de Sevilla y de su interrelaci\u00f3n con otros territorios.<\/p>\n<\/div>\n<\/div>\n<\/div>\n<\/div>\n<\/div><\/div>\n\n\n\n<div style=\"height:100px\" aria-hidden=\"true\" class=\"wp-block-spacer\"><\/div>\n\n\n\n<details class=\"wp-block-details is-layout-flow wp-block-details-is-layout-flow\"><summary>Sevilla en el marco del Sistema de Informaci\u00f3n generado en el Programa Urban Audit<\/summary>\n<div class=\"wp-block-group has-global-padding is-layout-constrained wp-container-core-group-is-layout-60c92ee3 wp-block-group-is-layout-constrained\" style=\"padding-top:var(--wp--preset--spacing--16);padding-right:var(--wp--preset--spacing--16);padding-bottom:var(--wp--preset--spacing--16);padding-left:var(--wp--preset--spacing--16)\">\n<p>Urban Audit es un programa de la Uni\u00f3n Europea que recopila datos a nivel de ciudad que se utilizan para proporcionar informaci\u00f3n comparativa sobre las condiciones de vida en las ciudades europeas, lo que beneficia tanto a los responsables pol\u00edticos como a la ciudadan\u00eda. El sistema se basa en encuestas y otras fuentes confiables, y ofrece informes y bases de datos accesibles al p\u00fablico en general. Adem\u00e1s, el programa colabora estrechamente con las ciudades de la UE para garantizar la precisi\u00f3n de los datos y promover la participaci\u00f3n activa de las ciudades en la mejora de su calidad de vida y en la formulaci\u00f3n de pol\u00edticas urbanas efectivas.<\/p>\n\n\n\n<p>En el informe que se puede descargar a continuaci\u00f3n, se presenta una comparativa entre Sevilla y otras grandes ciudades espa\u00f1olas, adem\u00e1s de una evoluci\u00f3n cronol\u00f3gica de la ciudad en cuanto a datos relativos a la poblaci\u00f3n, los hogares, la renta, el empleo y la educaci\u00f3n procedentes del Sistema de Informaci\u00f3n de Urban Audit. Este tipo de informes permite obtener una visi\u00f3n m\u00e1s completa y detallada de la situaci\u00f3n y los cambios en la ciudad de Sevilla.<\/p>\n\n\n\n<div class=\"wp-block-buttons is-content-justification-center is-layout-flex wp-container-core-buttons-is-layout-a89b3969 wp-block-buttons-is-layout-flex\">\n<div class=\"wp-block-button\"><a class=\"wp-block-button__link wp-element-button\" href=\"https:\/\/www.upo.es\/observatoriourbanodesevilla\/wp-content\/uploads\/2025\/02\/SEVILLA-EN-URBAN-AUDIT-2022.pdf\" target=\"_blank\" rel=\"noreferrer noopener\">descargar informe<\/a><\/div>\n<\/div>\n<\/div>\n<\/details>\n\n\n\n<details class=\"wp-block-details is-layout-flow wp-block-details-is-layout-flow\"><summary>El proceso de transformaci\u00f3n de Sevilla en el marco del Reference Framework for Sustainable Cities (RFSC)<\/summary>\n<div class=\"wp-block-group has-global-padding is-layout-constrained wp-container-core-group-is-layout-60c92ee3 wp-block-group-is-layout-constrained\" style=\"padding-top:var(--wp--preset--spacing--16);padding-right:var(--wp--preset--spacing--16);padding-bottom:var(--wp--preset--spacing--16);padding-left:var(--wp--preset--spacing--16)\">\n<p>El Marco Europeo de Referencia para la Ciudad Sostenible (European Reference Framework for Sustainable Cities: RFSC) es una herramienta que permite impulsar la sostenibilidad en las ciudades europeas, desarrollando desde un punto de vista operativo los principios de la \u201cCarta de Leipzig\u201d. Este instrumento es dise\u00f1ado con y para las ciudades, y compartido a nivel europeo. Su valor a\u00f1adido deriva, por un lado, de este car\u00e1cter compartido a nivel europeo, que permite emplear un mismo lenguaje y unos mismos criterios para definir la sostenibilidad urbana en todas las ciudades Europa, pero tambi\u00e9n de su car\u00e1cter sint\u00e9tico de otros marcos de referencia y herramientas existentes.<\/p>\n\n\n\n<p>Este informe presenta la Ciudad de Sevilla a trav\u00e9s de este enfoque metodol\u00f3gico, lo que permite conocer la situaci\u00f3n de la ciudad en torno a elementos e indicadores claves para el desarrollo urbano sostenible.<\/p>\n\n\n\n<div class=\"wp-block-buttons is-content-justification-center is-layout-flex wp-container-core-buttons-is-layout-a89b3969 wp-block-buttons-is-layout-flex\">\n<div class=\"wp-block-button\"><a class=\"wp-block-button__link wp-element-button\" href=\"https:\/\/www.upo.es\/observatoriourbanodesevilla\/wp-content\/uploads\/2025\/02\/SEVILLA-RFSC-2022.pdf\" target=\"_blank\" rel=\"noreferrer noopener\">descargar informe<\/a><\/div>\n<\/div>\n<\/div>\n<\/details>\n\n\n\n<div style=\"height:100px\" aria-hidden=\"true\" class=\"wp-block-spacer\"><\/div>\n\n\n\n<p><\/p>\n","protected":false},"excerpt":{"rendered":"","protected":false},"author":4,"featured_media":0,"parent":0,"menu_order":0,"comment_status":"closed","ping_status":"closed","template":"","meta":{"inline_featured_image":false,"footnotes":""},"class_list":["post-2597","page","type-page","status-publish","hentry"],"_links":{"self":[{"href":"https:\/\/www.upo.es\/observatoriourbanodesevilla\/wp-json\/wp\/v2\/pages\/2597","targetHints":{"allow":["GET"]}}],"collection":[{"href":"https:\/\/www.upo.es\/observatoriourbanodesevilla\/wp-json\/wp\/v2\/pages"}],"about":[{"href":"https:\/\/www.upo.es\/observatoriourbanodesevilla\/wp-json\/wp\/v2\/types\/page"}],"author":[{"embeddable":true,"href":"https:\/\/www.upo.es\/observatoriourbanodesevilla\/wp-json\/wp\/v2\/users\/4"}],"replies":[{"embeddable":true,"href":"https:\/\/www.upo.es\/observatoriourbanodesevilla\/wp-json\/wp\/v2\/comments?post=2597"}],"version-history":[{"count":2,"href":"https:\/\/www.upo.es\/observatoriourbanodesevilla\/wp-json\/wp\/v2\/pages\/2597\/revisions"}],"predecessor-version":[{"id":2626,"href":"https:\/\/www.upo.es\/observatoriourbanodesevilla\/wp-json\/wp\/v2\/pages\/2597\/revisions\/2626"}],"wp:attachment":[{"href":"https:\/\/www.upo.es\/observatoriourbanodesevilla\/wp-json\/wp\/v2\/media?parent=2597"}],"curies":[{"name":"wp","href":"https:\/\/api.w.org\/{rel}","templated":true}]}}