{"id":11,"date":"2024-09-06T10:04:47","date_gmt":"2024-09-06T08:04:47","guid":{"rendered":"https:\/\/www.upo.es\/observatoriourbanolarinconada\/?page_id=11"},"modified":"2025-01-14T14:11:34","modified_gmt":"2025-01-14T13:11:34","slug":"miradas-urbanas","status":"publish","type":"page","link":"https:\/\/www.upo.es\/observatoriourbanolarinconada\/miradas-urbanas\/","title":{"rendered":"Miradas Urbanas"},"content":{"rendered":"\n<div class=\"wp-block-cover alignfull is-light\" style=\"min-height:100vh;aspect-ratio:unset;\"><span aria-hidden=\"true\" class=\"wp-block-cover__background has-base-background-color has-background-dim-70 has-background-dim\"><\/span><img loading=\"lazy\" decoding=\"async\" width=\"1920\" height=\"1080\" class=\"wp-block-cover__image-background wp-image-2225\" alt=\"\" src=\"https:\/\/www.upo.es\/observatoriourbanolarinconada\/wp-content\/uploads\/2025\/01\/miradas-urbanas-observatorio-lr-bg.webp\" data-object-fit=\"cover\" srcset=\"https:\/\/www.upo.es\/observatoriourbanolarinconada\/wp-content\/uploads\/2025\/01\/miradas-urbanas-observatorio-lr-bg.webp 1920w, https:\/\/www.upo.es\/observatoriourbanolarinconada\/wp-content\/uploads\/2025\/01\/miradas-urbanas-observatorio-lr-bg-300x169.webp 300w, https:\/\/www.upo.es\/observatoriourbanolarinconada\/wp-content\/uploads\/2025\/01\/miradas-urbanas-observatorio-lr-bg-1024x576.webp 1024w, https:\/\/www.upo.es\/observatoriourbanolarinconada\/wp-content\/uploads\/2025\/01\/miradas-urbanas-observatorio-lr-bg-768x432.webp 768w, https:\/\/www.upo.es\/observatoriourbanolarinconada\/wp-content\/uploads\/2025\/01\/miradas-urbanas-observatorio-lr-bg-1536x864.webp 1536w\" sizes=\"auto, (max-width: 1920px) 100vw, 1920px\" \/><div class=\"wp-block-cover__inner-container has-global-padding is-layout-constrained wp-block-cover-is-layout-constrained\">\n<div class=\"wp-block-group alignwide wp-pattern__page-intro is-layout-flow wp-block-group-is-layout-flow\" style=\"margin-top:var(--wp--preset--spacing--56);margin-bottom:var(--wp--preset--spacing--56);padding-top:0;padding-right:var(--wp--preset--spacing--16);padding-bottom:0;padding-left:var(--wp--preset--spacing--16)\">\n<div class=\"wp-block-group alignwide page-intro_col-container is-layout-flow wp-block-group-is-layout-flow\" style=\"padding-top:0;padding-right:0;padding-bottom:0;padding-left:0\">\n<div class=\"wp-block-columns alignfull are-vertically-aligned-center is-layout-flex wp-container-core-columns-is-layout-123045d2 wp-block-columns-is-layout-flex\">\n<div class=\"wp-block-column is-vertically-aligned-center is-layout-flow wp-block-column-is-layout-flow\" style=\"flex-basis:400px\">\n<figure class=\"wp-block-image size-full is-resized\"><img loading=\"lazy\" decoding=\"async\" width=\"401\" height=\"400\" src=\"https:\/\/www.upo.es\/observatoriourbanolarinconada\/wp-content\/uploads\/2025\/01\/miradas-urbanas-lr-logo-1.svg\" alt=\"\" class=\"wp-image-2188\" style=\"object-fit:cover;width:400px;height:400px\"\/><\/figure>\n<\/div>\n\n\n\n<div class=\"wp-block-column is-vertically-aligned-center is-layout-flow wp-block-column-is-layout-flow\">\n<p class=\"has-large-font-size\" style=\"font-style:normal;font-weight:600\"><br>Un espacio de encuentro para el intercambio. En este segmento se recogen diferentes aportes que comparten ideas, experiencias y debates en torno al proceso de transformaci\u00f3n de la ciudad. Foros, seminarios, congresos y diferentes eventos y actividades que promueven la participaci\u00f3n y divulgaci\u00f3n sobre el desarrollo local.<\/p>\n<\/div>\n<\/div>\n<\/div>\n<\/div>\n<\/div><\/div>\n\n\n\n<div class=\"wp-block-group alignfull is-layout-flow wp-block-group-is-layout-flow\" style=\"margin-top:var(--wp--preset--spacing--100);margin-bottom:var(--wp--preset--spacing--100)\">\n<div data-wp-context=\"{}\" data-wp-interactive=\"core\/query\" data-wp-key=\"40\" data-wp-router-region=\"query-40\" class=\"wp-block-query alignfull slick-slider is-layout-flow wp-block-query-is-layout-flow\"><ul class=\"wp-section__post-feed-carousel wp-block-post-template is-layout-grid wp-container-core-post-template-is-layout-dc0288d2 wp-block-post-template-is-layout-grid\"><li data-wp-key=\"post-template-item-2028\" class=\"wp-block-post post-2028 post type-post status-publish format-standard has-post-thumbnail hentry category-miradas-urbanas\">\n\n<div class=\"wp-block-group wp-element__single-post-carousel has-global-padding is-layout-constrained wp-container-core-group-is-layout-ecd33e76 wp-block-group-is-layout-constrained\" style=\"margin-top:0;margin-bottom:0;padding-top:var(--wp--preset--spacing--32);padding-right:var(--wp--preset--spacing--40);padding-bottom:var(--wp--preset--spacing--32);padding-left:var(--wp--preset--spacing--40)\"><figure class=\"wp-block-post-featured-image\"><a href=\"https:\/\/www.upo.es\/observatoriourbanolarinconada\/miradas-urbanas\/la-gran-sevilla-en-la-agenda-urbana\/\" target=\"_self\"  ><img loading=\"lazy\" decoding=\"async\" width=\"1600\" height=\"1067\" src=\"https:\/\/www.upo.es\/observatoriourbanolarinconada\/wp-content\/uploads\/2025\/04\/La-Gran-Sevilla.jpeg\" class=\"attachment-post-thumbnail size-post-thumbnail wp-post-image\" alt=\"La Gran Sevilla en La Agenda Urbana\" style=\"object-fit:cover;\" srcset=\"https:\/\/www.upo.es\/observatoriourbanolarinconada\/wp-content\/uploads\/2025\/04\/La-Gran-Sevilla.jpeg 1600w, https:\/\/www.upo.es\/observatoriourbanolarinconada\/wp-content\/uploads\/2025\/04\/La-Gran-Sevilla-300x200.jpeg 300w, https:\/\/www.upo.es\/observatoriourbanolarinconada\/wp-content\/uploads\/2025\/04\/La-Gran-Sevilla-1024x683.jpeg 1024w, https:\/\/www.upo.es\/observatoriourbanolarinconada\/wp-content\/uploads\/2025\/04\/La-Gran-Sevilla-768x512.jpeg 768w, https:\/\/www.upo.es\/observatoriourbanolarinconada\/wp-content\/uploads\/2025\/04\/La-Gran-Sevilla-1536x1024.jpeg 1536w\" sizes=\"auto, (max-width: 1600px) 100vw, 1600px\" \/><\/a><\/figure>\n\n<h3 class=\"has-link-color wp-elements-04fa533156c085ddecbb85ad97247b5b wp-block-post-title has-text-color has-contrast-color has-large-font-size\"><a href=\"https:\/\/www.upo.es\/observatoriourbanolarinconada\/miradas-urbanas\/la-gran-sevilla-en-la-agenda-urbana\/\" target=\"_self\" >La Gran Sevilla en La Agenda Urbana<\/a><\/h3>\n\n<div class=\"wp-block-post-excerpt\"><p class=\"wp-block-post-excerpt__excerpt\">La ma\u00f1ana del 6 de febrero de 2025, el equipo UPOMetropoli asisti\u00f3 a La Rinconada, que acogi\u00f3 el Congreso \u00abLa Gran Sevilla en La Agenda Urbana\u00bb. <\/p><\/div><\/div>\n\n<\/li><\/ul><\/div>\n<\/div>\n","protected":false},"excerpt":{"rendered":"","protected":false},"author":1,"featured_media":0,"parent":0,"menu_order":0,"comment_status":"closed","ping_status":"closed","template":"","meta":{"inline_featured_image":false,"footnotes":""},"class_list":["post-11","page","type-page","status-publish","hentry"],"_links":{"self":[{"href":"https:\/\/www.upo.es\/observatoriourbanolarinconada\/wp-json\/wp\/v2\/pages\/11","targetHints":{"allow":["GET"]}}],"collection":[{"href":"https:\/\/www.upo.es\/observatoriourbanolarinconada\/wp-json\/wp\/v2\/pages"}],"about":[{"href":"https:\/\/www.upo.es\/observatoriourbanolarinconada\/wp-json\/wp\/v2\/types\/page"}],"author":[{"embeddable":true,"href":"https:\/\/www.upo.es\/observatoriourbanolarinconada\/wp-json\/wp\/v2\/users\/1"}],"replies":[{"embeddable":true,"href":"https:\/\/www.upo.es\/observatoriourbanolarinconada\/wp-json\/wp\/v2\/comments?post=11"}],"version-history":[{"count":40,"href":"https:\/\/www.upo.es\/observatoriourbanolarinconada\/wp-json\/wp\/v2\/pages\/11\/revisions"}],"predecessor-version":[{"id":2226,"href":"https:\/\/www.upo.es\/observatoriourbanolarinconada\/wp-json\/wp\/v2\/pages\/11\/revisions\/2226"}],"wp:attachment":[{"href":"https:\/\/www.upo.es\/observatoriourbanolarinconada\/wp-json\/wp\/v2\/media?parent=11"}],"curies":[{"name":"wp","href":"https:\/\/api.w.org\/{rel}","templated":true}]}}