{"id":13,"date":"2024-09-06T10:05:00","date_gmt":"2024-09-06T08:05:00","guid":{"rendered":"https:\/\/www.upo.es\/observatoriourbanolarinconada\/?page_id=13"},"modified":"2025-01-14T14:07:02","modified_gmt":"2025-01-14T13:07:02","slug":"the-urban-observer","status":"publish","type":"page","link":"https:\/\/www.upo.es\/observatoriourbanolarinconada\/the-urban-observer\/","title":{"rendered":"The Urban Observer"},"content":{"rendered":"\n<div class=\"wp-block-cover alignfull is-light\" style=\"min-height:100vh;aspect-ratio:unset;\"><span aria-hidden=\"true\" class=\"wp-block-cover__background has-base-background-color has-background-dim-70 has-background-dim\"><\/span><img loading=\"lazy\" decoding=\"async\" width=\"1920\" height=\"1080\" class=\"wp-block-cover__image-background wp-image-2219\" alt=\"\" src=\"https:\/\/www.upo.es\/observatoriourbanolarinconada\/wp-content\/uploads\/2025\/01\/urban-observer-observatorio-lr-bg.webp\" data-object-fit=\"cover\" srcset=\"https:\/\/www.upo.es\/observatoriourbanolarinconada\/wp-content\/uploads\/2025\/01\/urban-observer-observatorio-lr-bg.webp 1920w, https:\/\/www.upo.es\/observatoriourbanolarinconada\/wp-content\/uploads\/2025\/01\/urban-observer-observatorio-lr-bg-300x169.webp 300w, https:\/\/www.upo.es\/observatoriourbanolarinconada\/wp-content\/uploads\/2025\/01\/urban-observer-observatorio-lr-bg-1024x576.webp 1024w, https:\/\/www.upo.es\/observatoriourbanolarinconada\/wp-content\/uploads\/2025\/01\/urban-observer-observatorio-lr-bg-768x432.webp 768w, https:\/\/www.upo.es\/observatoriourbanolarinconada\/wp-content\/uploads\/2025\/01\/urban-observer-observatorio-lr-bg-1536x864.webp 1536w\" sizes=\"auto, (max-width: 1920px) 100vw, 1920px\" \/><div class=\"wp-block-cover__inner-container has-global-padding is-layout-constrained wp-block-cover-is-layout-constrained\">\n<div class=\"wp-block-group alignwide wp-pattern__page-intro is-layout-flow wp-block-group-is-layout-flow\" style=\"margin-top:var(--wp--preset--spacing--56);margin-bottom:var(--wp--preset--spacing--56);padding-top:0;padding-right:var(--wp--preset--spacing--16);padding-bottom:0;padding-left:var(--wp--preset--spacing--16)\">\n<div class=\"wp-block-group alignwide page-intro_col-container is-layout-flow wp-block-group-is-layout-flow\" style=\"padding-top:0;padding-right:0;padding-bottom:0;padding-left:0\">\n<div class=\"wp-block-columns alignfull are-vertically-aligned-center is-layout-flex wp-container-core-columns-is-layout-123045d2 wp-block-columns-is-layout-flex\">\n<div class=\"wp-block-column is-vertically-aligned-center is-layout-flow wp-block-column-is-layout-flow\" style=\"flex-basis:400px\">\n<figure class=\"wp-block-image size-full is-resized\"><img loading=\"lazy\" decoding=\"async\" width=\"400\" height=\"400\" src=\"https:\/\/www.upo.es\/observatoriourbanolarinconada\/wp-content\/uploads\/2025\/01\/the-urban-observer-lr-logo-1.svg\" alt=\"\" class=\"wp-image-2189\" style=\"width:400px\"\/><\/figure>\n<\/div>\n\n\n\n<div class=\"wp-block-column is-vertically-aligned-center is-layout-flow wp-block-column-is-layout-flow\">\n<p class=\"has-large-font-size\" style=\"font-style:normal;font-weight:600\"><br>Presentaci\u00f3n y desarrollo de trabajos, investigaciones y proyectos que dan cuenta de diferentes aspectos en el an\u00e1lisis urbano de la Ciudad de La Rinconada. Con caracter\u00edsticas espec\u00edficas y un criterio tem\u00e1tico vinculado a ejes destacados, en este espacio dialogan y confluyen en una idea integral de ciudad diversos estudios propios de Lucena y de su interrelaci\u00f3n con otros territorios.<\/p>\n<\/div>\n<\/div>\n<\/div>\n<\/div>\n<\/div><\/div>\n","protected":false},"excerpt":{"rendered":"","protected":false},"author":1,"featured_media":0,"parent":0,"menu_order":0,"comment_status":"closed","ping_status":"closed","template":"","meta":{"inline_featured_image":false,"footnotes":""},"class_list":["post-13","page","type-page","status-publish","hentry"],"_links":{"self":[{"href":"https:\/\/www.upo.es\/observatoriourbanolarinconada\/wp-json\/wp\/v2\/pages\/13","targetHints":{"allow":["GET"]}}],"collection":[{"href":"https:\/\/www.upo.es\/observatoriourbanolarinconada\/wp-json\/wp\/v2\/pages"}],"about":[{"href":"https:\/\/www.upo.es\/observatoriourbanolarinconada\/wp-json\/wp\/v2\/types\/page"}],"author":[{"embeddable":true,"href":"https:\/\/www.upo.es\/observatoriourbanolarinconada\/wp-json\/wp\/v2\/users\/1"}],"replies":[{"embeddable":true,"href":"https:\/\/www.upo.es\/observatoriourbanolarinconada\/wp-json\/wp\/v2\/comments?post=13"}],"version-history":[{"count":24,"href":"https:\/\/www.upo.es\/observatoriourbanolarinconada\/wp-json\/wp\/v2\/pages\/13\/revisions"}],"predecessor-version":[{"id":2220,"href":"https:\/\/www.upo.es\/observatoriourbanolarinconada\/wp-json\/wp\/v2\/pages\/13\/revisions\/2220"}],"wp:attachment":[{"href":"https:\/\/www.upo.es\/observatoriourbanolarinconada\/wp-json\/wp\/v2\/media?parent=13"}],"curies":[{"name":"wp","href":"https:\/\/api.w.org\/{rel}","templated":true}]}}