{"id":584,"date":"2024-09-18T14:46:32","date_gmt":"2024-09-18T12:46:32","guid":{"rendered":"https:\/\/www.upo.es\/observatoriourbanolarinconada\/?page_id=584"},"modified":"2024-10-15T02:15:08","modified_gmt":"2024-10-15T00:15:08","slug":"accesibilidad","status":"publish","type":"page","link":"https:\/\/www.upo.es\/observatoriourbanolarinconada\/accesibilidad\/","title":{"rendered":"Accesibilidad"},"content":{"rendered":"\n<p><strong>Compromiso con la Accesibilidad<\/strong><br>El Observatorio Urbano de Dos Hermanas se compromete a ofrecer un sitio web accesible a todas las personas, independientemente de sus capacidades f\u00edsicas, tecnol\u00f3gicas o contextuales. Este sitio web ha sido dise\u00f1ado conforme a los est\u00e1ndares de accesibilidad WCAG 2.1 (Web Content Accessibility Guidelines) en su nivel AA, para garantizar que sea accesible y navegable.<\/p>\n\n\n\n<p><strong>Medidas de Accesibilidad<\/strong><\/p>\n\n\n\n<ul class=\"wp-block-list\">\n<li><strong>Estructura clara y navegaci\u00f3n intuitiva<\/strong>: el contenido est\u00e1 organizado de forma l\u00f3gica y jer\u00e1rquica, con men\u00fas accesibles y un dise\u00f1o adaptable.<br><\/li>\n\n\n\n<li><strong>Alternativas de texto<\/strong>: las im\u00e1genes y elementos gr\u00e1ficos incluyen descripciones (texto alternativo) para usuarios que emplean lectores de pantalla.<br><\/li>\n\n\n\n<li><strong>Compatibilidad con dispositivos y navegadores<\/strong>: el sitio web est\u00e1 optimizado para visualizarse correctamente en distintos dispositivos (m\u00f3viles, tabletas, ordenadores) y navegadores actuales.<br><\/li>\n\n\n\n<li><strong>Contraste y legibilidad<\/strong>: se han implementado combinaciones de colores que facilitan la lectura y cumplen con los requisitos m\u00ednimos de contraste.<\/li>\n<\/ul>\n\n\n\n<p><strong>Soporte y Contacto<\/strong><br>Si alg\u00fan usuario encuentra dificultades para acceder al contenido o desea hacer sugerencias de mejora, puede ponerse en contacto con el equipo responsable del Observatorio Urbano de Dos Hermanas a trav\u00e9s del correo electr\u00f3nico: <a>ptyp.upo@gmail.com<\/a>.<\/p>\n\n\n\n<p><strong>Revisi\u00f3n y Mejora Continua<\/strong><br>El Observatorio Urbano de Dos Hermanas se compromete a mantener una mejora continua de la accesibilidad en el sitio web, revisando y adaptando las medidas de accesibilidad para cumplir con las futuras actualizaciones de los est\u00e1ndares y las necesidades de los usuarios.<\/p>\n","protected":false},"excerpt":{"rendered":"<p>Compromiso con la AccesibilidadEl Observatorio Urbano de Dos Hermanas se compromete a ofrecer un sitio web accesible a todas las personas, independientemente de sus capacidades f\u00edsicas, tecnol\u00f3gicas o contextuales. Este sitio web ha sido dise\u00f1ado conforme a los est\u00e1ndares de accesibilidad WCAG 2.1 (Web Content Accessibility Guidelines) en su nivel AA, para garantizar que sea [&hellip;]<\/p>\n","protected":false},"author":2,"featured_media":0,"parent":0,"menu_order":0,"comment_status":"closed","ping_status":"closed","template":"page-legal.php","meta":{"inline_featured_image":false,"footnotes":""},"class_list":["post-584","page","type-page","status-publish","hentry"],"_links":{"self":[{"href":"https:\/\/www.upo.es\/observatoriourbanolarinconada\/wp-json\/wp\/v2\/pages\/584","targetHints":{"allow":["GET"]}}],"collection":[{"href":"https:\/\/www.upo.es\/observatoriourbanolarinconada\/wp-json\/wp\/v2\/pages"}],"about":[{"href":"https:\/\/www.upo.es\/observatoriourbanolarinconada\/wp-json\/wp\/v2\/types\/page"}],"author":[{"embeddable":true,"href":"https:\/\/www.upo.es\/observatoriourbanolarinconada\/wp-json\/wp\/v2\/users\/2"}],"replies":[{"embeddable":true,"href":"https:\/\/www.upo.es\/observatoriourbanolarinconada\/wp-json\/wp\/v2\/comments?post=584"}],"version-history":[{"count":19,"href":"https:\/\/www.upo.es\/observatoriourbanolarinconada\/wp-json\/wp\/v2\/pages\/584\/revisions"}],"predecessor-version":[{"id":1851,"href":"https:\/\/www.upo.es\/observatoriourbanolarinconada\/wp-json\/wp\/v2\/pages\/584\/revisions\/1851"}],"wp:attachment":[{"href":"https:\/\/www.upo.es\/observatoriourbanolarinconada\/wp-json\/wp\/v2\/media?parent=584"}],"curies":[{"name":"wp","href":"https:\/\/api.w.org\/{rel}","templated":true}]}}