{"id":11,"date":"2024-09-06T10:04:47","date_gmt":"2024-09-06T08:04:47","guid":{"rendered":"https:\/\/www.upo.es\/observatoriourbanolucena\/?page_id=11"},"modified":"2024-10-29T17:50:43","modified_gmt":"2024-10-29T16:50:43","slug":"miradas-urbanas","status":"publish","type":"page","link":"https:\/\/www.upo.es\/observatoriourbanolucena\/miradas-urbanas\/","title":{"rendered":"Miradas Urbanas"},"content":{"rendered":"\n<div class=\"wp-block-cover alignfull is-light\" style=\"min-height:100vh;aspect-ratio:unset;\"><span aria-hidden=\"true\" class=\"wp-block-cover__background has-base-background-color has-background-dim-70 has-background-dim\"><\/span><img loading=\"lazy\" decoding=\"async\" width=\"1920\" height=\"1080\" class=\"wp-block-cover__image-background wp-image-1973\" alt=\"\" src=\"https:\/\/www.upo.es\/observatoriourbanolucena\/wp-content\/uploads\/2024\/10\/miradas-urbanas-observatorio-lu-bg.webp\" data-object-fit=\"cover\" srcset=\"https:\/\/www.upo.es\/observatoriourbanolucena\/wp-content\/uploads\/2024\/10\/miradas-urbanas-observatorio-lu-bg.webp 1920w, https:\/\/www.upo.es\/observatoriourbanolucena\/wp-content\/uploads\/2024\/10\/miradas-urbanas-observatorio-lu-bg-300x169.webp 300w, https:\/\/www.upo.es\/observatoriourbanolucena\/wp-content\/uploads\/2024\/10\/miradas-urbanas-observatorio-lu-bg-1024x576.webp 1024w, https:\/\/www.upo.es\/observatoriourbanolucena\/wp-content\/uploads\/2024\/10\/miradas-urbanas-observatorio-lu-bg-768x432.webp 768w, https:\/\/www.upo.es\/observatoriourbanolucena\/wp-content\/uploads\/2024\/10\/miradas-urbanas-observatorio-lu-bg-1536x864.webp 1536w\" sizes=\"auto, (max-width: 1920px) 100vw, 1920px\" \/><div class=\"wp-block-cover__inner-container has-global-padding is-layout-constrained wp-block-cover-is-layout-constrained\">\n<div class=\"wp-block-group alignwide wp-pattern__page-intro is-layout-flow wp-block-group-is-layout-flow\" style=\"margin-top:var(--wp--preset--spacing--56);margin-bottom:var(--wp--preset--spacing--56);padding-top:0;padding-right:var(--wp--preset--spacing--16);padding-bottom:0;padding-left:var(--wp--preset--spacing--16)\">\n<div class=\"wp-block-group alignwide page-intro_col-container is-layout-flow wp-block-group-is-layout-flow\" style=\"padding-top:0;padding-right:0;padding-bottom:0;padding-left:0\">\n<div class=\"wp-block-columns alignfull are-vertically-aligned-center is-layout-flex wp-container-core-columns-is-layout-123045d2 wp-block-columns-is-layout-flex\">\n<div class=\"wp-block-column is-vertically-aligned-center is-layout-flow wp-block-column-is-layout-flow\" style=\"flex-basis:400px\">\n<figure class=\"wp-block-image size-full is-resized\"><img decoding=\"async\" src=\"https:\/\/www.upo.es\/observatoriourbanolucena\/wp-content\/uploads\/2024\/10\/miradas-urbanas-lu-logo.svg\" alt=\"\" class=\"wp-image-1954\" style=\"object-fit:cover;width:400px;height:400px\"\/><\/figure>\n<\/div>\n\n\n\n<div class=\"wp-block-column is-vertically-aligned-center is-layout-flow wp-block-column-is-layout-flow\">\n<p class=\"has-large-font-size\" style=\"font-style:normal;font-weight:600\"><br>Un espacio de encuentro para el intercambio. En este segmento se recogen diferentes aportes que comparten ideas, experiencias y debates en torno al proceso de transformaci\u00f3n de la ciudad. Foros, seminarios, congresos y diferentes eventos y actividades que promueven la participaci\u00f3n y divulgaci\u00f3n sobre el desarrollo local.<\/p>\n<\/div>\n<\/div>\n<\/div>\n<\/div>\n<\/div><\/div>\n\n\n\n<div class=\"wp-block-group alignfull is-layout-flow wp-block-group-is-layout-flow\" style=\"margin-top:var(--wp--preset--spacing--100);margin-bottom:var(--wp--preset--spacing--100)\">\n<div data-wp-context=\"{}\" data-wp-interactive=\"core\/query\" data-wp-key=\"40\" data-wp-router-region=\"query-40\" class=\"wp-block-query alignfull slick-slider is-layout-flow wp-block-query-is-layout-flow\"><ul class=\"wp-section__post-feed-carousel wp-block-post-template is-layout-grid wp-container-core-post-template-is-layout-dc0288d2 wp-block-post-template-is-layout-grid\"><li data-wp-key=\"post-template-item-2028\" class=\"wp-block-post post-2028 post type-post status-publish format-standard has-post-thumbnail hentry category-miradas-urbanas\">\n\n<div class=\"wp-block-group wp-element__single-post-carousel has-global-padding is-layout-constrained wp-container-core-group-is-layout-ecd33e76 wp-block-group-is-layout-constrained\" style=\"margin-top:0;margin-bottom:0;padding-top:var(--wp--preset--spacing--32);padding-right:var(--wp--preset--spacing--40);padding-bottom:var(--wp--preset--spacing--32);padding-left:var(--wp--preset--spacing--40)\"><figure class=\"wp-block-post-featured-image\"><a href=\"https:\/\/www.upo.es\/observatoriourbanolucena\/miradas-urbanas\/jornada-agenda-urbana-de-lucena-realidades-y-principales-retos-de-futuro\/\" target=\"_self\"  ><img loading=\"lazy\" decoding=\"async\" width=\"880\" height=\"550\" src=\"https:\/\/www.upo.es\/observatoriourbanolucena\/wp-content\/uploads\/2024\/10\/follto-lucena.jpg\" class=\"attachment-post-thumbnail size-post-thumbnail wp-post-image\" alt=\"Jornada Agenda Urbana de Lucena: realidades y principales retos de futuro\" style=\"object-fit:cover;\" srcset=\"https:\/\/www.upo.es\/observatoriourbanolucena\/wp-content\/uploads\/2024\/10\/follto-lucena.jpg 880w, https:\/\/www.upo.es\/observatoriourbanolucena\/wp-content\/uploads\/2024\/10\/follto-lucena-300x188.jpg 300w, https:\/\/www.upo.es\/observatoriourbanolucena\/wp-content\/uploads\/2024\/10\/follto-lucena-768x480.jpg 768w\" sizes=\"auto, (max-width: 880px) 100vw, 880px\" \/><\/a><\/figure>\n\n<h3 class=\"has-link-color wp-elements-04fa533156c085ddecbb85ad97247b5b wp-block-post-title has-text-color has-contrast-color has-large-font-size\"><a href=\"https:\/\/www.upo.es\/observatoriourbanolucena\/miradas-urbanas\/jornada-agenda-urbana-de-lucena-realidades-y-principales-retos-de-futuro\/\" target=\"_self\" >Jornada Agenda Urbana de Lucena: realidades y principales retos de futuro<\/a><\/h3>\n\n<div class=\"wp-block-post-excerpt\"><p class=\"wp-block-post-excerpt__excerpt\">El pr\u00f3ximo 11 de junio, se celebrar\u00e1 en el municipio una Jornada en la que se debatir\u00e1n los retos de futuro del municipio y se reflexionar\u00e1 sobre este instrumento que planifica la sostenibilidad de Lucena. <\/p><\/div><\/div>\n\n<\/li><li data-wp-key=\"post-template-item-2056\" class=\"wp-block-post post-2056 post type-post status-publish format-standard has-post-thumbnail hentry category-miradas-urbanas\">\n\n<div class=\"wp-block-group wp-element__single-post-carousel has-global-padding is-layout-constrained wp-container-core-group-is-layout-ecd33e76 wp-block-group-is-layout-constrained\" style=\"margin-top:0;margin-bottom:0;padding-top:var(--wp--preset--spacing--32);padding-right:var(--wp--preset--spacing--40);padding-bottom:var(--wp--preset--spacing--32);padding-left:var(--wp--preset--spacing--40)\"><figure class=\"wp-block-post-featured-image\"><a href=\"https:\/\/www.upo.es\/observatoriourbanolucena\/miradas-urbanas\/cities-forum-2023-participacion-de-la-ciudad-de-lucena-con-el-acompanamiento-de-upometropoli\/\" target=\"_self\"  ><img loading=\"lazy\" decoding=\"async\" width=\"770\" height=\"490\" src=\"https:\/\/www.upo.es\/observatoriourbanolucena\/wp-content\/uploads\/2024\/10\/cities-forum.jpg\" class=\"attachment-post-thumbnail size-post-thumbnail wp-post-image\" alt=\"Cities Forum 2023: participaci\u00f3n de la ciudad de Lucena con el acompa\u00f1amiento de UPOMetropoli\" style=\"object-fit:cover;\" srcset=\"https:\/\/www.upo.es\/observatoriourbanolucena\/wp-content\/uploads\/2024\/10\/cities-forum.jpg 770w, https:\/\/www.upo.es\/observatoriourbanolucena\/wp-content\/uploads\/2024\/10\/cities-forum-300x191.jpg 300w, https:\/\/www.upo.es\/observatoriourbanolucena\/wp-content\/uploads\/2024\/10\/cities-forum-768x489.jpg 768w\" sizes=\"auto, (max-width: 770px) 100vw, 770px\" \/><\/a><\/figure>\n\n<h3 class=\"has-link-color wp-elements-04fa533156c085ddecbb85ad97247b5b wp-block-post-title has-text-color has-contrast-color has-large-font-size\"><a href=\"https:\/\/www.upo.es\/observatoriourbanolucena\/miradas-urbanas\/cities-forum-2023-participacion-de-la-ciudad-de-lucena-con-el-acompanamiento-de-upometropoli\/\" target=\"_self\" >Cities Forum 2023: participaci\u00f3n de la ciudad de Lucena con el acompa\u00f1amiento de UPOMetropoli<\/a><\/h3>\n\n<div class=\"wp-block-post-excerpt\"><p class=\"wp-block-post-excerpt__excerpt\">En el marco la\u00a05ta edici\u00f3n del foro de ciudades\u00a0impulsado por la Comisi\u00f3n Europea, la ciudad de Lucena fue seleccionada para compartir su experiencia como un ejemplo de ciudad intermedia en la aplicaci\u00f3n de fondos europeos, orientada hacia la sostenibilidad y el desarrollo local. <\/p><\/div><\/div>\n\n<\/li><\/ul><\/div>\n<\/div>\n","protected":false},"excerpt":{"rendered":"","protected":false},"author":1,"featured_media":0,"parent":0,"menu_order":0,"comment_status":"closed","ping_status":"closed","template":"","meta":{"inline_featured_image":false,"footnotes":""},"class_list":["post-11","page","type-page","status-publish","hentry"],"yoast_head":"<!-- This site is optimized with the Yoast SEO plugin v24.5 - https:\/\/yoast.com\/wordpress\/plugins\/seo\/ -->\n<title>Miradas Urbanas - Observatorio Urbano de Lucena<\/title>\n<meta name=\"robots\" content=\"index, follow, max-snippet:-1, max-image-preview:large, max-video-preview:-1\" \/>\n<link rel=\"canonical\" href=\"https:\/\/www.upo.es\/observatoriourbanolucena\/miradas-urbanas\/\" \/>\n<meta property=\"og:locale\" content=\"es_ES\" \/>\n<meta property=\"og:type\" content=\"article\" \/>\n<meta property=\"og:title\" content=\"Miradas Urbanas - Observatorio Urbano de Lucena\" \/>\n<meta property=\"og:url\" content=\"https:\/\/www.upo.es\/observatoriourbanolucena\/miradas-urbanas\/\" \/>\n<meta property=\"og:site_name\" content=\"Observatorio Urbano de Lucena\" \/>\n<meta property=\"article:modified_time\" content=\"2024-10-29T16:50:43+00:00\" \/>\n<meta property=\"og:image\" content=\"https:\/\/www.upo.es\/observatoriourbanolucena\/wp-content\/uploads\/2024\/10\/miradas-urbanas-observatorio-lu-bg.webp\" \/>\n<meta name=\"twitter:card\" content=\"summary_large_image\" \/>\n<script type=\"application\/ld+json\" class=\"yoast-schema-graph\">{\"@context\":\"https:\/\/schema.org\",\"@graph\":[{\"@type\":\"WebPage\",\"@id\":\"https:\/\/www.upo.es\/observatoriourbanolucena\/miradas-urbanas\/\",\"url\":\"https:\/\/www.upo.es\/observatoriourbanolucena\/miradas-urbanas\/\",\"name\":\"Miradas Urbanas - Observatorio Urbano de Lucena\",\"isPartOf\":{\"@id\":\"https:\/\/www.upo.es\/observatoriourbanolucena\/#website\"},\"primaryImageOfPage\":{\"@id\":\"https:\/\/www.upo.es\/observatoriourbanolucena\/miradas-urbanas\/#primaryimage\"},\"image\":{\"@id\":\"https:\/\/www.upo.es\/observatoriourbanolucena\/miradas-urbanas\/#primaryimage\"},\"thumbnailUrl\":\"https:\/\/www.upo.es\/observatoriourbanolucena\/wp-content\/uploads\/2024\/10\/miradas-urbanas-observatorio-lu-bg.webp\",\"datePublished\":\"2024-09-06T08:04:47+00:00\",\"dateModified\":\"2024-10-29T16:50:43+00:00\",\"breadcrumb\":{\"@id\":\"https:\/\/www.upo.es\/observatoriourbanolucena\/miradas-urbanas\/#breadcrumb\"},\"inLanguage\":\"es\",\"potentialAction\":[{\"@type\":\"ReadAction\",\"target\":[\"https:\/\/www.upo.es\/observatoriourbanolucena\/miradas-urbanas\/\"]}]},{\"@type\":\"ImageObject\",\"inLanguage\":\"es\",\"@id\":\"https:\/\/www.upo.es\/observatoriourbanolucena\/miradas-urbanas\/#primaryimage\",\"url\":\"https:\/\/www.upo.es\/observatoriourbanolucena\/wp-content\/uploads\/2024\/10\/miradas-urbanas-observatorio-lu-bg.webp\",\"contentUrl\":\"https:\/\/www.upo.es\/observatoriourbanolucena\/wp-content\/uploads\/2024\/10\/miradas-urbanas-observatorio-lu-bg.webp\",\"width\":1920,\"height\":1080},{\"@type\":\"BreadcrumbList\",\"@id\":\"https:\/\/www.upo.es\/observatoriourbanolucena\/miradas-urbanas\/#breadcrumb\",\"itemListElement\":[{\"@type\":\"ListItem\",\"position\":1,\"name\":\"Portada\",\"item\":\"https:\/\/www.upo.es\/observatoriourbanolucena\/\"},{\"@type\":\"ListItem\",\"position\":2,\"name\":\"Miradas Urbanas\"}]},{\"@type\":\"WebSite\",\"@id\":\"https:\/\/www.upo.es\/observatoriourbanolucena\/#website\",\"url\":\"https:\/\/www.upo.es\/observatoriourbanolucena\/\",\"name\":\"Observatorio Urbano de Lucena\",\"description\":\"\",\"publisher\":{\"@id\":\"https:\/\/www.upo.es\/observatoriourbanolucena\/#organization\"},\"potentialAction\":[{\"@type\":\"SearchAction\",\"target\":{\"@type\":\"EntryPoint\",\"urlTemplate\":\"https:\/\/www.upo.es\/observatoriourbanolucena\/?s={search_term_string}\"},\"query-input\":{\"@type\":\"PropertyValueSpecification\",\"valueRequired\":true,\"valueName\":\"search_term_string\"}}],\"inLanguage\":\"es\"},{\"@type\":\"Organization\",\"@id\":\"https:\/\/www.upo.es\/observatoriourbanolucena\/#organization\",\"name\":\"Observatorio Urbano de Lucena\",\"url\":\"https:\/\/www.upo.es\/observatoriourbanolucena\/\",\"logo\":{\"@type\":\"ImageObject\",\"inLanguage\":\"es\",\"@id\":\"https:\/\/www.upo.es\/observatoriourbanolucena\/#\/schema\/logo\/image\/\",\"url\":\"https:\/\/www.upo.es\/observatoriourbanolucena\/wp-content\/uploads\/2024\/11\/observatorio-lu-mainlogo.svg\",\"contentUrl\":\"https:\/\/www.upo.es\/observatoriourbanolucena\/wp-content\/uploads\/2024\/11\/observatorio-lu-mainlogo.svg\",\"width\":434,\"height\":434,\"caption\":\"Observatorio Urbano de Lucena\"},\"image\":{\"@id\":\"https:\/\/www.upo.es\/observatoriourbanolucena\/#\/schema\/logo\/image\/\"}}]}<\/script>\n<!-- \/ Yoast SEO plugin. -->","yoast_head_json":{"title":"Miradas Urbanas - Observatorio Urbano de Lucena","robots":{"index":"index","follow":"follow","max-snippet":"max-snippet:-1","max-image-preview":"max-image-preview:large","max-video-preview":"max-video-preview:-1"},"canonical":"https:\/\/www.upo.es\/observatoriourbanolucena\/miradas-urbanas\/","og_locale":"es_ES","og_type":"article","og_title":"Miradas Urbanas - Observatorio Urbano de Lucena","og_url":"https:\/\/www.upo.es\/observatoriourbanolucena\/miradas-urbanas\/","og_site_name":"Observatorio Urbano de Lucena","article_modified_time":"2024-10-29T16:50:43+00:00","og_image":[{"url":"https:\/\/www.upo.es\/observatoriourbanolucena\/wp-content\/uploads\/2024\/10\/miradas-urbanas-observatorio-lu-bg.webp","type":"","width":"","height":""}],"twitter_card":"summary_large_image","schema":{"@context":"https:\/\/schema.org","@graph":[{"@type":"WebPage","@id":"https:\/\/www.upo.es\/observatoriourbanolucena\/miradas-urbanas\/","url":"https:\/\/www.upo.es\/observatoriourbanolucena\/miradas-urbanas\/","name":"Miradas Urbanas - Observatorio Urbano de Lucena","isPartOf":{"@id":"https:\/\/www.upo.es\/observatoriourbanolucena\/#website"},"primaryImageOfPage":{"@id":"https:\/\/www.upo.es\/observatoriourbanolucena\/miradas-urbanas\/#primaryimage"},"image":{"@id":"https:\/\/www.upo.es\/observatoriourbanolucena\/miradas-urbanas\/#primaryimage"},"thumbnailUrl":"https:\/\/www.upo.es\/observatoriourbanolucena\/wp-content\/uploads\/2024\/10\/miradas-urbanas-observatorio-lu-bg.webp","datePublished":"2024-09-06T08:04:47+00:00","dateModified":"2024-10-29T16:50:43+00:00","breadcrumb":{"@id":"https:\/\/www.upo.es\/observatoriourbanolucena\/miradas-urbanas\/#breadcrumb"},"inLanguage":"es","potentialAction":[{"@type":"ReadAction","target":["https:\/\/www.upo.es\/observatoriourbanolucena\/miradas-urbanas\/"]}]},{"@type":"ImageObject","inLanguage":"es","@id":"https:\/\/www.upo.es\/observatoriourbanolucena\/miradas-urbanas\/#primaryimage","url":"https:\/\/www.upo.es\/observatoriourbanolucena\/wp-content\/uploads\/2024\/10\/miradas-urbanas-observatorio-lu-bg.webp","contentUrl":"https:\/\/www.upo.es\/observatoriourbanolucena\/wp-content\/uploads\/2024\/10\/miradas-urbanas-observatorio-lu-bg.webp","width":1920,"height":1080},{"@type":"BreadcrumbList","@id":"https:\/\/www.upo.es\/observatoriourbanolucena\/miradas-urbanas\/#breadcrumb","itemListElement":[{"@type":"ListItem","position":1,"name":"Portada","item":"https:\/\/www.upo.es\/observatoriourbanolucena\/"},{"@type":"ListItem","position":2,"name":"Miradas Urbanas"}]},{"@type":"WebSite","@id":"https:\/\/www.upo.es\/observatoriourbanolucena\/#website","url":"https:\/\/www.upo.es\/observatoriourbanolucena\/","name":"Observatorio Urbano de Lucena","description":"","publisher":{"@id":"https:\/\/www.upo.es\/observatoriourbanolucena\/#organization"},"potentialAction":[{"@type":"SearchAction","target":{"@type":"EntryPoint","urlTemplate":"https:\/\/www.upo.es\/observatoriourbanolucena\/?s={search_term_string}"},"query-input":{"@type":"PropertyValueSpecification","valueRequired":true,"valueName":"search_term_string"}}],"inLanguage":"es"},{"@type":"Organization","@id":"https:\/\/www.upo.es\/observatoriourbanolucena\/#organization","name":"Observatorio Urbano de Lucena","url":"https:\/\/www.upo.es\/observatoriourbanolucena\/","logo":{"@type":"ImageObject","inLanguage":"es","@id":"https:\/\/www.upo.es\/observatoriourbanolucena\/#\/schema\/logo\/image\/","url":"https:\/\/www.upo.es\/observatoriourbanolucena\/wp-content\/uploads\/2024\/11\/observatorio-lu-mainlogo.svg","contentUrl":"https:\/\/www.upo.es\/observatoriourbanolucena\/wp-content\/uploads\/2024\/11\/observatorio-lu-mainlogo.svg","width":434,"height":434,"caption":"Observatorio Urbano de Lucena"},"image":{"@id":"https:\/\/www.upo.es\/observatoriourbanolucena\/#\/schema\/logo\/image\/"}}]}},"_links":{"self":[{"href":"https:\/\/www.upo.es\/observatoriourbanolucena\/wp-json\/wp\/v2\/pages\/11","targetHints":{"allow":["GET"]}}],"collection":[{"href":"https:\/\/www.upo.es\/observatoriourbanolucena\/wp-json\/wp\/v2\/pages"}],"about":[{"href":"https:\/\/www.upo.es\/observatoriourbanolucena\/wp-json\/wp\/v2\/types\/page"}],"author":[{"embeddable":true,"href":"https:\/\/www.upo.es\/observatoriourbanolucena\/wp-json\/wp\/v2\/users\/1"}],"replies":[{"embeddable":true,"href":"https:\/\/www.upo.es\/observatoriourbanolucena\/wp-json\/wp\/v2\/comments?post=11"}],"version-history":[{"count":37,"href":"https:\/\/www.upo.es\/observatoriourbanolucena\/wp-json\/wp\/v2\/pages\/11\/revisions"}],"predecessor-version":[{"id":2097,"href":"https:\/\/www.upo.es\/observatoriourbanolucena\/wp-json\/wp\/v2\/pages\/11\/revisions\/2097"}],"wp:attachment":[{"href":"https:\/\/www.upo.es\/observatoriourbanolucena\/wp-json\/wp\/v2\/media?parent=11"}],"curies":[{"name":"wp","href":"https:\/\/api.w.org\/{rel}","templated":true}]}}