{"id":13,"date":"2024-09-06T10:05:00","date_gmt":"2024-09-06T08:05:00","guid":{"rendered":"https:\/\/www.upo.es\/observatoriourbanolucena\/?page_id=13"},"modified":"2024-12-05T14:00:11","modified_gmt":"2024-12-05T13:00:11","slug":"the-urban-observer","status":"publish","type":"page","link":"https:\/\/www.upo.es\/observatoriourbanolucena\/the-urban-observer\/","title":{"rendered":"The Urban Observer"},"content":{"rendered":"\n<div class=\"wp-block-cover alignfull is-light\" style=\"min-height:100vh;aspect-ratio:unset;\"><span aria-hidden=\"true\" class=\"wp-block-cover__background has-base-background-color has-background-dim-70 has-background-dim\"><\/span><img loading=\"lazy\" decoding=\"async\" width=\"1920\" height=\"1440\" class=\"wp-block-cover__image-background wp-image-1975\" alt=\"\" src=\"https:\/\/www.upo.es\/observatoriourbanolucena\/wp-content\/uploads\/2024\/10\/urban-observer-observatorio-lu-bg.webp\" data-object-fit=\"cover\" srcset=\"https:\/\/www.upo.es\/observatoriourbanolucena\/wp-content\/uploads\/2024\/10\/urban-observer-observatorio-lu-bg.webp 1920w, https:\/\/www.upo.es\/observatoriourbanolucena\/wp-content\/uploads\/2024\/10\/urban-observer-observatorio-lu-bg-300x225.webp 300w, https:\/\/www.upo.es\/observatoriourbanolucena\/wp-content\/uploads\/2024\/10\/urban-observer-observatorio-lu-bg-1024x768.webp 1024w, https:\/\/www.upo.es\/observatoriourbanolucena\/wp-content\/uploads\/2024\/10\/urban-observer-observatorio-lu-bg-768x576.webp 768w, https:\/\/www.upo.es\/observatoriourbanolucena\/wp-content\/uploads\/2024\/10\/urban-observer-observatorio-lu-bg-1536x1152.webp 1536w\" sizes=\"auto, (max-width: 1920px) 100vw, 1920px\" \/><div class=\"wp-block-cover__inner-container has-global-padding is-layout-constrained wp-block-cover-is-layout-constrained\">\n<div class=\"wp-block-group alignwide wp-pattern__page-intro is-layout-flow wp-block-group-is-layout-flow\" style=\"margin-top:var(--wp--preset--spacing--56);margin-bottom:var(--wp--preset--spacing--56);padding-top:0;padding-right:var(--wp--preset--spacing--16);padding-bottom:0;padding-left:var(--wp--preset--spacing--16)\">\n<div class=\"wp-block-group alignwide page-intro_col-container is-layout-flow wp-block-group-is-layout-flow\" style=\"padding-top:0;padding-right:0;padding-bottom:0;padding-left:0\">\n<div class=\"wp-block-columns alignfull are-vertically-aligned-center is-layout-flex wp-container-core-columns-is-layout-123045d2 wp-block-columns-is-layout-flex\">\n<div class=\"wp-block-column is-vertically-aligned-center is-layout-flow wp-block-column-is-layout-flow\" style=\"flex-basis:400px\">\n<figure class=\"wp-block-image size-full is-resized\"><img decoding=\"async\" src=\"https:\/\/www.upo.es\/observatoriourbanolucena\/wp-content\/uploads\/2024\/10\/the-urban-observer-lu-logo.svg\" alt=\"\" class=\"wp-image-1957\" style=\"width:400px\"\/><\/figure>\n<\/div>\n\n\n\n<div class=\"wp-block-column is-vertically-aligned-center is-layout-flow wp-block-column-is-layout-flow\">\n<p class=\"has-large-font-size\" style=\"font-style:normal;font-weight:600\"><br>Presentaci\u00f3n y desarrollo de trabajos, investigaciones y proyectos que dan cuenta de diferentes aspectos en el an\u00e1lisis urbano de la Ciudad de Lucena. Con caracter\u00edsticas espec\u00edficas y un criterio tem\u00e1tico vinculado a ejes destacados, en este espacio dialogan y confluyen en una idea integral de ciudad diversos estudios propios de Lucena y de su interrelaci\u00f3n con otros territorios.<\/p>\n<\/div>\n<\/div>\n<\/div>\n<\/div>\n<\/div><\/div>\n\n\n\n<div class=\"wp-block-group alignfull is-layout-flow wp-block-group-is-layout-flow\" style=\"margin-top:var(--wp--preset--spacing--100);margin-bottom:var(--wp--preset--spacing--100)\">\n<div data-wp-context=\"{}\" data-wp-interactive=\"core\/query\" data-wp-key=\"40\" data-wp-router-region=\"query-40\" class=\"wp-block-query alignfull slick-slider is-layout-flow wp-block-query-is-layout-flow\"><ul class=\"wp-section__post-feed-carousel wp-block-post-template is-layout-grid wp-container-core-post-template-is-layout-dc0288d2 wp-block-post-template-is-layout-grid\"><li data-wp-key=\"post-template-item-2198\" class=\"wp-block-post post-2198 post type-post status-publish format-standard has-post-thumbnail hentry category-the-urban-observer\">\n\n<div class=\"wp-block-group wp-element__single-post-carousel has-global-padding is-layout-constrained wp-container-core-group-is-layout-ecd33e76 wp-block-group-is-layout-constrained\" style=\"margin-top:0;margin-bottom:0;padding-top:var(--wp--preset--spacing--32);padding-right:var(--wp--preset--spacing--40);padding-bottom:var(--wp--preset--spacing--32);padding-left:var(--wp--preset--spacing--40)\"><figure class=\"wp-block-post-featured-image\"><a href=\"https:\/\/www.upo.es\/observatoriourbanolucena\/the-urban-observer\/informe-de-justificacion-de-la-delimitacion-del-area-urbana-de-actuacion-del-plan-de-actuacion-integrada-lucena-hacia-una-nueva-centralidad\/\" target=\"_self\"  ><img loading=\"lazy\" decoding=\"async\" width=\"400\" height=\"250\" src=\"https:\/\/www.upo.es\/observatoriourbanolucena\/wp-content\/uploads\/2025\/02\/Lucena-hacia-una-nueva-centralidad.png\" class=\"attachment-post-thumbnail size-post-thumbnail wp-post-image\" alt=\"Informe de justificaci\u00f3n de la delimitaci\u00f3n del \u00c1rea Urbana de Actuaci\u00f3n del Plan de Actuaci\u00f3n Integrada \u00abLUCENA HACIA UNA NUEVA CENTRALIDAD\u00bb\" style=\"object-fit:cover;\" srcset=\"https:\/\/www.upo.es\/observatoriourbanolucena\/wp-content\/uploads\/2025\/02\/Lucena-hacia-una-nueva-centralidad.png 400w, https:\/\/www.upo.es\/observatoriourbanolucena\/wp-content\/uploads\/2025\/02\/Lucena-hacia-una-nueva-centralidad-300x188.png 300w\" sizes=\"auto, (max-width: 400px) 100vw, 400px\" \/><\/a><\/figure>\n\n<h3 class=\"has-link-color wp-elements-04fa533156c085ddecbb85ad97247b5b wp-block-post-title has-text-color has-contrast-color has-large-font-size\"><a href=\"https:\/\/www.upo.es\/observatoriourbanolucena\/the-urban-observer\/informe-de-justificacion-de-la-delimitacion-del-area-urbana-de-actuacion-del-plan-de-actuacion-integrada-lucena-hacia-una-nueva-centralidad\/\" target=\"_self\" >Informe de justificaci\u00f3n de la delimitaci\u00f3n del \u00c1rea Urbana de Actuaci\u00f3n del Plan de Actuaci\u00f3n Integrada \u00abLUCENA HACIA UNA NUEVA CENTRALIDAD\u00bb<\/a><\/h3>\n\n<div class=\"wp-block-post-excerpt\"><p class=\"wp-block-post-excerpt__excerpt\">En el marco del Plan de Actuaci\u00f3n Integrada (PAI) de Lucena, desde el Observatorio Urbano se realiz\u00f3 un informe justificativo del \u00c1rea Urbana de Actuaci\u00f3n a partir de una detallada descripci\u00f3n socioecon\u00f3mica y de la geolocalizaci\u00f3n del entorno urbano y sus proyectos <\/p><\/div><\/div>\n\n<\/li><li data-wp-key=\"post-template-item-2140\" class=\"wp-block-post post-2140 post type-post status-publish format-standard has-post-thumbnail hentry category-the-urban-observer\">\n\n<div class=\"wp-block-group wp-element__single-post-carousel has-global-padding is-layout-constrained wp-container-core-group-is-layout-ecd33e76 wp-block-group-is-layout-constrained\" style=\"margin-top:0;margin-bottom:0;padding-top:var(--wp--preset--spacing--32);padding-right:var(--wp--preset--spacing--40);padding-bottom:var(--wp--preset--spacing--32);padding-left:var(--wp--preset--spacing--40)\"><figure class=\"wp-block-post-featured-image\"><a href=\"https:\/\/www.upo.es\/observatoriourbanolucena\/the-urban-observer\/atlas-de-politicas-de-desarrollo-urbano-sostenible-para-areas-urbanas-pequenas-lucena-como-experiencia-de-aplicacion-de-buenas-practicas\/\" target=\"_self\"  ><img loading=\"lazy\" decoding=\"async\" width=\"400\" height=\"250\" src=\"https:\/\/www.upo.es\/observatoriourbanolucena\/wp-content\/uploads\/2024\/12\/atlas-politicas-featured.webp\" class=\"attachment-post-thumbnail size-post-thumbnail wp-post-image\" alt=\"Atlas de Pol\u00edticas de Desarrollo Urbano Sostenible para \u00c1reas Urbanas Peque\u00f1as. Lucena como experiencia de aplicaci\u00f3n de buenas pr\u00e1cticas.\" style=\"object-fit:cover;\" srcset=\"https:\/\/www.upo.es\/observatoriourbanolucena\/wp-content\/uploads\/2024\/12\/atlas-politicas-featured.webp 400w, https:\/\/www.upo.es\/observatoriourbanolucena\/wp-content\/uploads\/2024\/12\/atlas-politicas-featured-300x188.webp 300w\" sizes=\"auto, (max-width: 400px) 100vw, 400px\" \/><\/a><\/figure>\n\n<h3 class=\"has-link-color wp-elements-04fa533156c085ddecbb85ad97247b5b wp-block-post-title has-text-color has-contrast-color has-large-font-size\"><a href=\"https:\/\/www.upo.es\/observatoriourbanolucena\/the-urban-observer\/atlas-de-politicas-de-desarrollo-urbano-sostenible-para-areas-urbanas-pequenas-lucena-como-experiencia-de-aplicacion-de-buenas-practicas\/\" target=\"_self\" >Atlas de Pol\u00edticas de Desarrollo Urbano Sostenible para \u00c1reas Urbanas Peque\u00f1as. Lucena como experiencia de aplicaci\u00f3n de buenas pr\u00e1cticas.<\/a><\/h3>\n\n<div class=\"wp-block-post-excerpt\"><p class=\"wp-block-post-excerpt__excerpt\">El municipio de Lucena ha sido incluido en el Atlas de Pol\u00edticas de Desarrollo Urbano Sostenible para \u00c1reas Urbanas Peque\u00f1as, una publicaci\u00f3n que destaca la importancia de las peque\u00f1as \u00e1reas urbanas (SUA) en la estructura polic\u00e9ntrica de la Uni\u00f3n Europea. <\/p><\/div><\/div>\n\n<\/li><\/ul><\/div>\n<\/div>\n","protected":false},"excerpt":{"rendered":"","protected":false},"author":1,"featured_media":0,"parent":0,"menu_order":0,"comment_status":"closed","ping_status":"closed","template":"","meta":{"inline_featured_image":false,"footnotes":""},"class_list":["post-13","page","type-page","status-publish","hentry"],"yoast_head":"<!-- This site is optimized with the Yoast SEO plugin v24.5 - https:\/\/yoast.com\/wordpress\/plugins\/seo\/ -->\n<title>The Urban Observer - Observatorio Urbano de Lucena<\/title>\n<meta name=\"robots\" content=\"index, follow, max-snippet:-1, max-image-preview:large, max-video-preview:-1\" \/>\n<link rel=\"canonical\" href=\"https:\/\/www.upo.es\/observatoriourbanolucena\/the-urban-observer\/\" \/>\n<meta property=\"og:locale\" content=\"es_ES\" \/>\n<meta property=\"og:type\" content=\"article\" \/>\n<meta property=\"og:title\" content=\"The Urban Observer - Observatorio Urbano de Lucena\" \/>\n<meta property=\"og:url\" content=\"https:\/\/www.upo.es\/observatoriourbanolucena\/the-urban-observer\/\" \/>\n<meta property=\"og:site_name\" content=\"Observatorio Urbano de Lucena\" \/>\n<meta property=\"article:modified_time\" content=\"2024-12-05T13:00:11+00:00\" \/>\n<meta property=\"og:image\" content=\"https:\/\/www.upo.es\/observatoriourbanolucena\/wp-content\/uploads\/2024\/10\/urban-observer-observatorio-lu-bg.webp\" \/>\n<meta name=\"twitter:card\" content=\"summary_large_image\" \/>\n<script type=\"application\/ld+json\" class=\"yoast-schema-graph\">{\"@context\":\"https:\/\/schema.org\",\"@graph\":[{\"@type\":\"WebPage\",\"@id\":\"https:\/\/www.upo.es\/observatoriourbanolucena\/the-urban-observer\/\",\"url\":\"https:\/\/www.upo.es\/observatoriourbanolucena\/the-urban-observer\/\",\"name\":\"The Urban Observer - Observatorio Urbano de Lucena\",\"isPartOf\":{\"@id\":\"https:\/\/www.upo.es\/observatoriourbanolucena\/#website\"},\"primaryImageOfPage\":{\"@id\":\"https:\/\/www.upo.es\/observatoriourbanolucena\/the-urban-observer\/#primaryimage\"},\"image\":{\"@id\":\"https:\/\/www.upo.es\/observatoriourbanolucena\/the-urban-observer\/#primaryimage\"},\"thumbnailUrl\":\"https:\/\/www.upo.es\/observatoriourbanolucena\/wp-content\/uploads\/2024\/10\/urban-observer-observatorio-lu-bg.webp\",\"datePublished\":\"2024-09-06T08:05:00+00:00\",\"dateModified\":\"2024-12-05T13:00:11+00:00\",\"breadcrumb\":{\"@id\":\"https:\/\/www.upo.es\/observatoriourbanolucena\/the-urban-observer\/#breadcrumb\"},\"inLanguage\":\"es\",\"potentialAction\":[{\"@type\":\"ReadAction\",\"target\":[\"https:\/\/www.upo.es\/observatoriourbanolucena\/the-urban-observer\/\"]}]},{\"@type\":\"ImageObject\",\"inLanguage\":\"es\",\"@id\":\"https:\/\/www.upo.es\/observatoriourbanolucena\/the-urban-observer\/#primaryimage\",\"url\":\"https:\/\/www.upo.es\/observatoriourbanolucena\/wp-content\/uploads\/2024\/10\/urban-observer-observatorio-lu-bg.webp\",\"contentUrl\":\"https:\/\/www.upo.es\/observatoriourbanolucena\/wp-content\/uploads\/2024\/10\/urban-observer-observatorio-lu-bg.webp\",\"width\":1920,\"height\":1440},{\"@type\":\"BreadcrumbList\",\"@id\":\"https:\/\/www.upo.es\/observatoriourbanolucena\/the-urban-observer\/#breadcrumb\",\"itemListElement\":[{\"@type\":\"ListItem\",\"position\":1,\"name\":\"Portada\",\"item\":\"https:\/\/www.upo.es\/observatoriourbanolucena\/\"},{\"@type\":\"ListItem\",\"position\":2,\"name\":\"The Urban Observer\"}]},{\"@type\":\"WebSite\",\"@id\":\"https:\/\/www.upo.es\/observatoriourbanolucena\/#website\",\"url\":\"https:\/\/www.upo.es\/observatoriourbanolucena\/\",\"name\":\"Observatorio Urbano de Lucena\",\"description\":\"\",\"publisher\":{\"@id\":\"https:\/\/www.upo.es\/observatoriourbanolucena\/#organization\"},\"potentialAction\":[{\"@type\":\"SearchAction\",\"target\":{\"@type\":\"EntryPoint\",\"urlTemplate\":\"https:\/\/www.upo.es\/observatoriourbanolucena\/?s={search_term_string}\"},\"query-input\":{\"@type\":\"PropertyValueSpecification\",\"valueRequired\":true,\"valueName\":\"search_term_string\"}}],\"inLanguage\":\"es\"},{\"@type\":\"Organization\",\"@id\":\"https:\/\/www.upo.es\/observatoriourbanolucena\/#organization\",\"name\":\"Observatorio Urbano de Lucena\",\"url\":\"https:\/\/www.upo.es\/observatoriourbanolucena\/\",\"logo\":{\"@type\":\"ImageObject\",\"inLanguage\":\"es\",\"@id\":\"https:\/\/www.upo.es\/observatoriourbanolucena\/#\/schema\/logo\/image\/\",\"url\":\"https:\/\/www.upo.es\/observatoriourbanolucena\/wp-content\/uploads\/2024\/11\/observatorio-lu-mainlogo.svg\",\"contentUrl\":\"https:\/\/www.upo.es\/observatoriourbanolucena\/wp-content\/uploads\/2024\/11\/observatorio-lu-mainlogo.svg\",\"width\":434,\"height\":434,\"caption\":\"Observatorio Urbano de Lucena\"},\"image\":{\"@id\":\"https:\/\/www.upo.es\/observatoriourbanolucena\/#\/schema\/logo\/image\/\"}}]}<\/script>\n<!-- \/ Yoast SEO plugin. -->","yoast_head_json":{"title":"The Urban Observer - Observatorio Urbano de Lucena","robots":{"index":"index","follow":"follow","max-snippet":"max-snippet:-1","max-image-preview":"max-image-preview:large","max-video-preview":"max-video-preview:-1"},"canonical":"https:\/\/www.upo.es\/observatoriourbanolucena\/the-urban-observer\/","og_locale":"es_ES","og_type":"article","og_title":"The Urban Observer - Observatorio Urbano de Lucena","og_url":"https:\/\/www.upo.es\/observatoriourbanolucena\/the-urban-observer\/","og_site_name":"Observatorio Urbano de Lucena","article_modified_time":"2024-12-05T13:00:11+00:00","og_image":[{"url":"https:\/\/www.upo.es\/observatoriourbanolucena\/wp-content\/uploads\/2024\/10\/urban-observer-observatorio-lu-bg.webp","type":"","width":"","height":""}],"twitter_card":"summary_large_image","schema":{"@context":"https:\/\/schema.org","@graph":[{"@type":"WebPage","@id":"https:\/\/www.upo.es\/observatoriourbanolucena\/the-urban-observer\/","url":"https:\/\/www.upo.es\/observatoriourbanolucena\/the-urban-observer\/","name":"The Urban Observer - Observatorio Urbano de Lucena","isPartOf":{"@id":"https:\/\/www.upo.es\/observatoriourbanolucena\/#website"},"primaryImageOfPage":{"@id":"https:\/\/www.upo.es\/observatoriourbanolucena\/the-urban-observer\/#primaryimage"},"image":{"@id":"https:\/\/www.upo.es\/observatoriourbanolucena\/the-urban-observer\/#primaryimage"},"thumbnailUrl":"https:\/\/www.upo.es\/observatoriourbanolucena\/wp-content\/uploads\/2024\/10\/urban-observer-observatorio-lu-bg.webp","datePublished":"2024-09-06T08:05:00+00:00","dateModified":"2024-12-05T13:00:11+00:00","breadcrumb":{"@id":"https:\/\/www.upo.es\/observatoriourbanolucena\/the-urban-observer\/#breadcrumb"},"inLanguage":"es","potentialAction":[{"@type":"ReadAction","target":["https:\/\/www.upo.es\/observatoriourbanolucena\/the-urban-observer\/"]}]},{"@type":"ImageObject","inLanguage":"es","@id":"https:\/\/www.upo.es\/observatoriourbanolucena\/the-urban-observer\/#primaryimage","url":"https:\/\/www.upo.es\/observatoriourbanolucena\/wp-content\/uploads\/2024\/10\/urban-observer-observatorio-lu-bg.webp","contentUrl":"https:\/\/www.upo.es\/observatoriourbanolucena\/wp-content\/uploads\/2024\/10\/urban-observer-observatorio-lu-bg.webp","width":1920,"height":1440},{"@type":"BreadcrumbList","@id":"https:\/\/www.upo.es\/observatoriourbanolucena\/the-urban-observer\/#breadcrumb","itemListElement":[{"@type":"ListItem","position":1,"name":"Portada","item":"https:\/\/www.upo.es\/observatoriourbanolucena\/"},{"@type":"ListItem","position":2,"name":"The Urban Observer"}]},{"@type":"WebSite","@id":"https:\/\/www.upo.es\/observatoriourbanolucena\/#website","url":"https:\/\/www.upo.es\/observatoriourbanolucena\/","name":"Observatorio Urbano de Lucena","description":"","publisher":{"@id":"https:\/\/www.upo.es\/observatoriourbanolucena\/#organization"},"potentialAction":[{"@type":"SearchAction","target":{"@type":"EntryPoint","urlTemplate":"https:\/\/www.upo.es\/observatoriourbanolucena\/?s={search_term_string}"},"query-input":{"@type":"PropertyValueSpecification","valueRequired":true,"valueName":"search_term_string"}}],"inLanguage":"es"},{"@type":"Organization","@id":"https:\/\/www.upo.es\/observatoriourbanolucena\/#organization","name":"Observatorio Urbano de Lucena","url":"https:\/\/www.upo.es\/observatoriourbanolucena\/","logo":{"@type":"ImageObject","inLanguage":"es","@id":"https:\/\/www.upo.es\/observatoriourbanolucena\/#\/schema\/logo\/image\/","url":"https:\/\/www.upo.es\/observatoriourbanolucena\/wp-content\/uploads\/2024\/11\/observatorio-lu-mainlogo.svg","contentUrl":"https:\/\/www.upo.es\/observatoriourbanolucena\/wp-content\/uploads\/2024\/11\/observatorio-lu-mainlogo.svg","width":434,"height":434,"caption":"Observatorio Urbano de Lucena"},"image":{"@id":"https:\/\/www.upo.es\/observatoriourbanolucena\/#\/schema\/logo\/image\/"}}]}},"_links":{"self":[{"href":"https:\/\/www.upo.es\/observatoriourbanolucena\/wp-json\/wp\/v2\/pages\/13","targetHints":{"allow":["GET"]}}],"collection":[{"href":"https:\/\/www.upo.es\/observatoriourbanolucena\/wp-json\/wp\/v2\/pages"}],"about":[{"href":"https:\/\/www.upo.es\/observatoriourbanolucena\/wp-json\/wp\/v2\/types\/page"}],"author":[{"embeddable":true,"href":"https:\/\/www.upo.es\/observatoriourbanolucena\/wp-json\/wp\/v2\/users\/1"}],"replies":[{"embeddable":true,"href":"https:\/\/www.upo.es\/observatoriourbanolucena\/wp-json\/wp\/v2\/comments?post=13"}],"version-history":[{"count":22,"href":"https:\/\/www.upo.es\/observatoriourbanolucena\/wp-json\/wp\/v2\/pages\/13\/revisions"}],"predecessor-version":[{"id":2143,"href":"https:\/\/www.upo.es\/observatoriourbanolucena\/wp-json\/wp\/v2\/pages\/13\/revisions\/2143"}],"wp:attachment":[{"href":"https:\/\/www.upo.es\/observatoriourbanolucena\/wp-json\/wp\/v2\/media?parent=13"}],"curies":[{"name":"wp","href":"https:\/\/api.w.org\/{rel}","templated":true}]}}