{"id":580,"date":"2024-09-18T14:46:09","date_gmt":"2024-09-18T12:46:09","guid":{"rendered":"https:\/\/www.upo.es\/observatoriourbanolucena\/?page_id=580"},"modified":"2024-10-18T14:10:22","modified_gmt":"2024-10-18T12:10:22","slug":"aviso-legal","status":"publish","type":"page","link":"https:\/\/www.upo.es\/observatoriourbanolucena\/aviso-legal\/","title":{"rendered":"Aviso Legal"},"content":{"rendered":"\n<p><strong>Titularidad de la web<\/strong><br>La presente p\u00e1gina web, Observatorio Urbano de Lucena, es titularidad de <strong>UPO Metr\u00f3poli<\/strong>, perteneciente al <strong>Grupo de Investigaci\u00f3n Pol\u00edtica, Territorio y Participaci\u00f3n<\/strong> (SEJ-499) de la <strong>Universidad Pablo de Olavide<\/strong>.<br>Direcci\u00f3n: Ctra. de Utrera, km. 1, 41013, Sevilla<br>Edificio 44, 1\u00aa planta, oficina 22<br>Tel\u00e9fono: +34 954 97 81 32<br>Email: <a>ptyp.upo@gmail.com<\/a><br>Twitter: @GrupoPTyP<\/p>\n\n\n\n<p><strong>Condiciones de Uso<\/strong><br>Al acceder a esta web, el usuario acepta las condiciones de uso establecidas. Queda prohibido utilizar el contenido de este sitio web con fines comerciales o de manera il\u00edcita, as\u00ed como la reproducci\u00f3n, distribuci\u00f3n o modificaci\u00f3n de dicho contenido sin la autorizaci\u00f3n expresa de UPO Metr\u00f3poli.<\/p>\n\n\n\n<p><strong>Exenci\u00f3n de Responsabilidad<\/strong><br>UPO Metr\u00f3poli no se responsabiliza por el uso que los usuarios hagan de la informaci\u00f3n proporcionada ni por los da\u00f1os o perjuicios que puedan derivarse del acceso a esta web. Tampoco garantiza la ausencia de virus u otros elementos que puedan causar da\u00f1os en los sistemas inform\u00e1ticos.<\/p>\n\n\n\n<p><strong>Propiedad Intelectual e Industrial<\/strong><br>Los contenidos de esta web (textos, gr\u00e1ficos, im\u00e1genes, software, dise\u00f1o gr\u00e1fico, etc.) son propiedad de UPO Metr\u00f3poli o de sus licenciantes y est\u00e1n protegidos por las leyes de propiedad intelectual. Cualquier uso indebido de estos contenidos ser\u00e1 perseguido conforme a la legislaci\u00f3n vigente.<\/p>\n\n\n\n<p><strong>Enlaces Externos<\/strong><br>Esta web puede contener enlaces a sitios de terceros. UPO Metr\u00f3poli no se hace responsable del contenido ni de los servicios ofrecidos en estos sitios.<\/p>\n\n\n\n<p><strong>Modificaci\u00f3n del Aviso Legal<\/strong><br>UPO Metr\u00f3poli se reserva el derecho a modificar este aviso legal para adaptarse a futuras novedades legislativas o de funcionamiento del sitio. La vigencia de las condiciones de uso ser\u00e1 conforme a su publicaci\u00f3n y estar\u00e1n disponibles permanentemente en esta web.<\/p>\n","protected":false},"excerpt":{"rendered":"<p>Titularidad de la webLa presente p\u00e1gina web, Observatorio Urbano de Lucena, es titularidad de UPO Metr\u00f3poli, perteneciente al Grupo de Investigaci\u00f3n Pol\u00edtica, Territorio y Participaci\u00f3n (SEJ-499) de la Universidad Pablo de Olavide.Direcci\u00f3n: Ctra. de Utrera, km. 1, 41013, SevillaEdificio 44, 1\u00aa planta, oficina 22Tel\u00e9fono: +34 954 97 81 32Email: ptyp.upo@gmail.comTwitter: @GrupoPTyP Condiciones de UsoAl acceder [&hellip;]<\/p>\n","protected":false},"author":2,"featured_media":0,"parent":0,"menu_order":0,"comment_status":"closed","ping_status":"closed","template":"page-legal.php","meta":{"inline_featured_image":false,"footnotes":""},"class_list":["post-580","page","type-page","status-publish","hentry"],"yoast_head":"<!-- This site is optimized with the Yoast SEO plugin v24.5 - https:\/\/yoast.com\/wordpress\/plugins\/seo\/ -->\n<title>Aviso Legal - Observatorio Urbano de Lucena<\/title>\n<meta name=\"robots\" content=\"index, follow, max-snippet:-1, max-image-preview:large, max-video-preview:-1\" \/>\n<link rel=\"canonical\" href=\"https:\/\/www.upo.es\/observatoriourbanolucena\/aviso-legal\/\" \/>\n<meta property=\"og:locale\" content=\"es_ES\" \/>\n<meta property=\"og:type\" content=\"article\" \/>\n<meta property=\"og:title\" content=\"Aviso Legal - Observatorio Urbano de Lucena\" \/>\n<meta property=\"og:description\" content=\"Titularidad de la webLa presente p\u00e1gina web, Observatorio Urbano de Lucena, es titularidad de UPO Metr\u00f3poli, perteneciente al Grupo de Investigaci\u00f3n Pol\u00edtica, Territorio y Participaci\u00f3n (SEJ-499) de la Universidad Pablo de Olavide.Direcci\u00f3n: Ctra. de Utrera, km. 1, 41013, SevillaEdificio 44, 1\u00aa planta, oficina 22Tel\u00e9fono: +34 954 97 81 32Email: ptyp.upo@gmail.comTwitter: @GrupoPTyP Condiciones de UsoAl acceder [&hellip;]\" \/>\n<meta property=\"og:url\" content=\"https:\/\/www.upo.es\/observatoriourbanolucena\/aviso-legal\/\" \/>\n<meta property=\"og:site_name\" content=\"Observatorio Urbano de Lucena\" \/>\n<meta property=\"article:modified_time\" content=\"2024-10-18T12:10:22+00:00\" \/>\n<meta name=\"twitter:card\" content=\"summary_large_image\" \/>\n<meta name=\"twitter:label1\" content=\"Tiempo de lectura\" \/>\n\t<meta name=\"twitter:data1\" content=\"1 minuto\" \/>\n<script type=\"application\/ld+json\" class=\"yoast-schema-graph\">{\"@context\":\"https:\/\/schema.org\",\"@graph\":[{\"@type\":\"WebPage\",\"@id\":\"https:\/\/www.upo.es\/observatoriourbanolucena\/aviso-legal\/\",\"url\":\"https:\/\/www.upo.es\/observatoriourbanolucena\/aviso-legal\/\",\"name\":\"Aviso Legal - Observatorio Urbano de Lucena\",\"isPartOf\":{\"@id\":\"https:\/\/www.upo.es\/observatoriourbanolucena\/#website\"},\"datePublished\":\"2024-09-18T12:46:09+00:00\",\"dateModified\":\"2024-10-18T12:10:22+00:00\",\"breadcrumb\":{\"@id\":\"https:\/\/www.upo.es\/observatoriourbanolucena\/aviso-legal\/#breadcrumb\"},\"inLanguage\":\"es\",\"potentialAction\":[{\"@type\":\"ReadAction\",\"target\":[\"https:\/\/www.upo.es\/observatoriourbanolucena\/aviso-legal\/\"]}]},{\"@type\":\"BreadcrumbList\",\"@id\":\"https:\/\/www.upo.es\/observatoriourbanolucena\/aviso-legal\/#breadcrumb\",\"itemListElement\":[{\"@type\":\"ListItem\",\"position\":1,\"name\":\"Portada\",\"item\":\"https:\/\/www.upo.es\/observatoriourbanolucena\/\"},{\"@type\":\"ListItem\",\"position\":2,\"name\":\"Aviso Legal\"}]},{\"@type\":\"WebSite\",\"@id\":\"https:\/\/www.upo.es\/observatoriourbanolucena\/#website\",\"url\":\"https:\/\/www.upo.es\/observatoriourbanolucena\/\",\"name\":\"Observatorio Urbano de Lucena\",\"description\":\"\",\"publisher\":{\"@id\":\"https:\/\/www.upo.es\/observatoriourbanolucena\/#organization\"},\"potentialAction\":[{\"@type\":\"SearchAction\",\"target\":{\"@type\":\"EntryPoint\",\"urlTemplate\":\"https:\/\/www.upo.es\/observatoriourbanolucena\/?s={search_term_string}\"},\"query-input\":{\"@type\":\"PropertyValueSpecification\",\"valueRequired\":true,\"valueName\":\"search_term_string\"}}],\"inLanguage\":\"es\"},{\"@type\":\"Organization\",\"@id\":\"https:\/\/www.upo.es\/observatoriourbanolucena\/#organization\",\"name\":\"Observatorio Urbano de Lucena\",\"url\":\"https:\/\/www.upo.es\/observatoriourbanolucena\/\",\"logo\":{\"@type\":\"ImageObject\",\"inLanguage\":\"es\",\"@id\":\"https:\/\/www.upo.es\/observatoriourbanolucena\/#\/schema\/logo\/image\/\",\"url\":\"https:\/\/www.upo.es\/observatoriourbanolucena\/wp-content\/uploads\/2024\/11\/observatorio-lu-mainlogo.svg\",\"contentUrl\":\"https:\/\/www.upo.es\/observatoriourbanolucena\/wp-content\/uploads\/2024\/11\/observatorio-lu-mainlogo.svg\",\"width\":434,\"height\":434,\"caption\":\"Observatorio Urbano de Lucena\"},\"image\":{\"@id\":\"https:\/\/www.upo.es\/observatoriourbanolucena\/#\/schema\/logo\/image\/\"}}]}<\/script>\n<!-- \/ Yoast SEO plugin. -->","yoast_head_json":{"title":"Aviso Legal - Observatorio Urbano de Lucena","robots":{"index":"index","follow":"follow","max-snippet":"max-snippet:-1","max-image-preview":"max-image-preview:large","max-video-preview":"max-video-preview:-1"},"canonical":"https:\/\/www.upo.es\/observatoriourbanolucena\/aviso-legal\/","og_locale":"es_ES","og_type":"article","og_title":"Aviso Legal - Observatorio Urbano de Lucena","og_description":"Titularidad de la webLa presente p\u00e1gina web, Observatorio Urbano de Lucena, es titularidad de UPO Metr\u00f3poli, perteneciente al Grupo de Investigaci\u00f3n Pol\u00edtica, Territorio y Participaci\u00f3n (SEJ-499) de la Universidad Pablo de Olavide.Direcci\u00f3n: Ctra. de Utrera, km. 1, 41013, SevillaEdificio 44, 1\u00aa planta, oficina 22Tel\u00e9fono: +34 954 97 81 32Email: ptyp.upo@gmail.comTwitter: @GrupoPTyP Condiciones de UsoAl acceder [&hellip;]","og_url":"https:\/\/www.upo.es\/observatoriourbanolucena\/aviso-legal\/","og_site_name":"Observatorio Urbano de Lucena","article_modified_time":"2024-10-18T12:10:22+00:00","twitter_card":"summary_large_image","twitter_misc":{"Tiempo de lectura":"1 minuto"},"schema":{"@context":"https:\/\/schema.org","@graph":[{"@type":"WebPage","@id":"https:\/\/www.upo.es\/observatoriourbanolucena\/aviso-legal\/","url":"https:\/\/www.upo.es\/observatoriourbanolucena\/aviso-legal\/","name":"Aviso Legal - Observatorio Urbano de Lucena","isPartOf":{"@id":"https:\/\/www.upo.es\/observatoriourbanolucena\/#website"},"datePublished":"2024-09-18T12:46:09+00:00","dateModified":"2024-10-18T12:10:22+00:00","breadcrumb":{"@id":"https:\/\/www.upo.es\/observatoriourbanolucena\/aviso-legal\/#breadcrumb"},"inLanguage":"es","potentialAction":[{"@type":"ReadAction","target":["https:\/\/www.upo.es\/observatoriourbanolucena\/aviso-legal\/"]}]},{"@type":"BreadcrumbList","@id":"https:\/\/www.upo.es\/observatoriourbanolucena\/aviso-legal\/#breadcrumb","itemListElement":[{"@type":"ListItem","position":1,"name":"Portada","item":"https:\/\/www.upo.es\/observatoriourbanolucena\/"},{"@type":"ListItem","position":2,"name":"Aviso Legal"}]},{"@type":"WebSite","@id":"https:\/\/www.upo.es\/observatoriourbanolucena\/#website","url":"https:\/\/www.upo.es\/observatoriourbanolucena\/","name":"Observatorio Urbano de Lucena","description":"","publisher":{"@id":"https:\/\/www.upo.es\/observatoriourbanolucena\/#organization"},"potentialAction":[{"@type":"SearchAction","target":{"@type":"EntryPoint","urlTemplate":"https:\/\/www.upo.es\/observatoriourbanolucena\/?s={search_term_string}"},"query-input":{"@type":"PropertyValueSpecification","valueRequired":true,"valueName":"search_term_string"}}],"inLanguage":"es"},{"@type":"Organization","@id":"https:\/\/www.upo.es\/observatoriourbanolucena\/#organization","name":"Observatorio Urbano de Lucena","url":"https:\/\/www.upo.es\/observatoriourbanolucena\/","logo":{"@type":"ImageObject","inLanguage":"es","@id":"https:\/\/www.upo.es\/observatoriourbanolucena\/#\/schema\/logo\/image\/","url":"https:\/\/www.upo.es\/observatoriourbanolucena\/wp-content\/uploads\/2024\/11\/observatorio-lu-mainlogo.svg","contentUrl":"https:\/\/www.upo.es\/observatoriourbanolucena\/wp-content\/uploads\/2024\/11\/observatorio-lu-mainlogo.svg","width":434,"height":434,"caption":"Observatorio Urbano de Lucena"},"image":{"@id":"https:\/\/www.upo.es\/observatoriourbanolucena\/#\/schema\/logo\/image\/"}}]}},"_links":{"self":[{"href":"https:\/\/www.upo.es\/observatoriourbanolucena\/wp-json\/wp\/v2\/pages\/580","targetHints":{"allow":["GET"]}}],"collection":[{"href":"https:\/\/www.upo.es\/observatoriourbanolucena\/wp-json\/wp\/v2\/pages"}],"about":[{"href":"https:\/\/www.upo.es\/observatoriourbanolucena\/wp-json\/wp\/v2\/types\/page"}],"author":[{"embeddable":true,"href":"https:\/\/www.upo.es\/observatoriourbanolucena\/wp-json\/wp\/v2\/users\/2"}],"replies":[{"embeddable":true,"href":"https:\/\/www.upo.es\/observatoriourbanolucena\/wp-json\/wp\/v2\/comments?post=580"}],"version-history":[{"count":37,"href":"https:\/\/www.upo.es\/observatoriourbanolucena\/wp-json\/wp\/v2\/pages\/580\/revisions"}],"predecessor-version":[{"id":1933,"href":"https:\/\/www.upo.es\/observatoriourbanolucena\/wp-json\/wp\/v2\/pages\/580\/revisions\/1933"}],"wp:attachment":[{"href":"https:\/\/www.upo.es\/observatoriourbanolucena\/wp-json\/wp\/v2\/media?parent=580"}],"curies":[{"name":"wp","href":"https:\/\/api.w.org\/{rel}","templated":true}]}}